{"id":4138,"date":"2025-03-24T07:25:28","date_gmt":"2025-03-24T07:25:28","guid":{"rendered":"https:\/\/www.fanrongcasting.com\/?post_type=product&#038;p=4138"},"modified":"2025-03-24T07:25:28","modified_gmt":"2025-03-24T07:25:28","slug":"anti-slide-rubber-seal","status":"publish","type":"product","link":"https:\/\/www.fanrongcasting.com\/pt\/produto\/anti-slide-rubber-seal\/","title":{"rendered":"Vedante de borracha anti-derrapante"},"content":{"rendered":"<p style=\"text-align: center;\"><strong>Vedante de borracha anti-derrapante<\/strong><\/p>\n<p style=\"text-align: center;\">O anel de borracha antiderrapante \u00e9 basicamente o mesmo que o anel de borracha em forma de T comum em termos de dimens\u00f5es externas.<\/p>\n<p style=\"text-align: center;\">no entanto, de acordo com o tamanho das especifica\u00e7\u00f5es do anel de borracha, \u00e9 adicionado um certo n\u00famero de blocos de dentes met\u00e1licos.<\/p>\n<p style=\"text-align: center;\">Durante o fabrico, os blocos de dentes met\u00e1licos s\u00e3o distribu\u00eddos uniformemente e fixados na borracha.<\/p>\n<p style=\"text-align: center;\">atrav\u00e9s do serrilhado invertido dos blocos de dentes met\u00e1licos e da ranhura c\u00f3nica formada entre o tubo fundido,<\/p>\n<p style=\"text-align: center;\">o tubo \u00e9 impedido de deslizar axialmente e desempenha um papel de veda\u00e7\u00e3o.<\/p>\n<p style=\"text-align: center;\">O material do bloco dent\u00e1rio met\u00e1lico \u00e9 o cr\u00f3mio (2Cr13), que \u00e9 um material met\u00e1lico especial com tratamento especial.<\/p>\n<p style=\"text-align: center;\">A sua dureza e estrutura de forma s\u00e3o concebidas com precis\u00e3o e rigorosamente controladas. O m\u00e9todo de montagem \u00e9 basicamente o mesmo que o do anel de borracha em forma de T comum.<\/p>\n<p><img decoding=\"async\" class=\"aligncenter\" src=\"https:\/\/www.yongtongdipipe.com\/wp-content\/uploads\/2025\/02\/%E7%AE%80%E6%98%93%E5%9B%BE%E6%95%B0%E6%8D%AE%E8%A1%A81.jpg\" \/><\/p>\n<p><img decoding=\"async\" class=\"aligncenter\" src=\"https:\/\/www.yongtongdipipe.com\/wp-content\/uploads\/2025\/02\/%E6%95%B0%E6%8D%AE%E5%9B%BE%E7%89%872.png\" \/><\/p>","protected":false},"excerpt":{"rendered":"<p>Anti-Slide Rubber Seal The anti-skid rubber ring is basically the same as the common t-shaped rubber ring in terms of external dimensions. however, according to the size of the rubber ring specifications, a certain number of metal tooth blocks are added. during manufacturing, the metal tooth blocks are evenly distributed and fixed in rubber. through [&hellip;]<\/p>","protected":false},"featured_media":4139,"comment_status":"open","ping_status":"closed","template":"","meta":{"_uag_custom_page_level_css":"","site-sidebar-layout":"default","site-content-layout":"","ast-site-content-layout":"default","site-content-style":"default","site-sidebar-style":"default","ast-global-header-display":"","ast-banner-title-visibility":"","ast-main-header-display":"","ast-hfb-above-header-display":"","ast-hfb-below-header-display":"","ast-hfb-mobile-header-display":"","site-post-title":"","ast-breadcrumbs-content":"","ast-featured-img":"","footer-sml-layout":"","ast-disable-related-posts":"","theme-transparent-header-meta":"default","adv-header-id-meta":"","stick-header-meta":"","header-above-stick-meta":"","header-main-stick-meta":"","header-below-stick-meta":"","astra-migrate-meta-layouts":"set","ast-page-background-enabled":"default","ast-page-background-meta":{"desktop":{"background-color":"","background-image":"","background-repeat":"repeat","background-position":"center center","background-size":"auto","background-attachment":"scroll","background-type":"","background-media":"","overlay-type":"","overlay-color":"","overlay-opacity":"","overlay-gradient":""},"tablet":{"background-color":"","background-image":"","background-repeat":"repeat","background-position":"center center","background-size":"auto","background-attachment":"scroll","background-type":"","background-media":"","overlay-type":"","overlay-color":"","overlay-opacity":"","overlay-gradient":""},"mobile":{"background-color":"","background-image":"","background-repeat":"repeat","background-position":"center center","background-size":"auto","background-attachment":"scroll","background-type":"","background-media":"","overlay-type":"","overlay-color":"","overlay-opacity":"","overlay-gradient":""}},"ast-content-background-meta":{"desktop":{"background-color":"var(--ast-global-color-5)","background-image":"","background-repeat":"repeat","background-position":"center center","background-size":"auto","background-attachment":"scroll","background-type":"","background-media":"","overlay-type":"","overlay-color":"","overlay-opacity":"","overlay-gradient":""},"tablet":{"background-color":"var(--ast-global-color-5)","background-image":"","background-repeat":"repeat","background-position":"center center","background-size":"auto","background-attachment":"scroll","background-type":"","background-media":"","overlay-type":"","overlay-color":"","overlay-opacity":"","overlay-gradient":""},"mobile":{"background-color":"var(--ast-global-color-5)","background-image":"","background-repeat":"repeat","background-position":"center center","background-size":"auto","background-attachment":"scroll","background-type":"","background-media":"","overlay-type":"","overlay-color":"","overlay-opacity":"","overlay-gradient":""}}},"product_brand":[],"product_cat":[71],"product_tag":[],"class_list":{"0":"post-4138","1":"product","2":"type-product","3":"status-publish","4":"has-post-thumbnail","6":"product_cat-rubber-seals","7":"desktop-align-left","8":"tablet-align-left","9":"mobile-align-left","11":"first","12":"instock","13":"shipping-taxable","14":"product-type-simple"},"uagb_featured_image_src":{"full":["https:\/\/www.fanrongcasting.com\/wp-content\/uploads\/2025\/03\/Anti-Slide-Rubber-300x225-1.png",800,600,false],"thumbnail":["https:\/\/www.fanrongcasting.com\/wp-content\/uploads\/2025\/03\/Anti-Slide-Rubber-300x225-1-150x150.png",150,150,true],"medium":["https:\/\/www.fanrongcasting.com\/wp-content\/uploads\/2025\/03\/Anti-Slide-Rubber-300x225-1-300x225.png",300,225,true],"medium_large":["https:\/\/www.fanrongcasting.com\/wp-content\/uploads\/2025\/03\/Anti-Slide-Rubber-300x225-1-768x576.png",768,576,true],"large":["https:\/\/www.fanrongcasting.com\/wp-content\/uploads\/2025\/03\/Anti-Slide-Rubber-300x225-1.png",800,600,false],"1536x1536":["https:\/\/www.fanrongcasting.com\/wp-content\/uploads\/2025\/03\/Anti-Slide-Rubber-300x225-1.png",800,600,false],"2048x2048":["https:\/\/www.fanrongcasting.com\/wp-content\/uploads\/2025\/03\/Anti-Slide-Rubber-300x225-1.png",800,600,false],"trp-custom-language-flag":["https:\/\/www.fanrongcasting.com\/wp-content\/uploads\/2025\/03\/Anti-Slide-Rubber-300x225-1-16x12.png",16,12,true],"woocommerce_thumbnail":["https:\/\/www.fanrongcasting.com\/wp-content\/uploads\/2025\/03\/Anti-Slide-Rubber-300x225-1-300x300.png",300,300,true],"woocommerce_single":["https:\/\/www.fanrongcasting.com\/wp-content\/uploads\/2025\/03\/Anti-Slide-Rubber-300x225-1-600x450.png",600,450,true],"woocommerce_gallery_thumbnail":["https:\/\/www.fanrongcasting.com\/wp-content\/uploads\/2025\/03\/Anti-Slide-Rubber-300x225-1-100x100.png",100,100,true]},"uagb_author_info":{"display_name":"jinxing6611@gmail.com","author_link":"https:\/\/www.fanrongcasting.com\/pt\/author\/"},"uagb_comment_info":0,"uagb_excerpt":"Anti-Slide Rubber Seal The anti-skid rubber ring is basically the same as the common t-shaped rubber ring in terms of external dimensions. however, according to the size of the rubber ring specifications, a certain number of metal tooth blocks are added. during manufacturing, the metal tooth blocks are evenly distributed and fixed in rubber. through&hellip;","_links":{"self":[{"href":"https:\/\/www.fanrongcasting.com\/pt\/wp-json\/wp\/v2\/product\/4138","targetHints":{"allow":["GET"]}}],"collection":[{"href":"https:\/\/www.fanrongcasting.com\/pt\/wp-json\/wp\/v2\/product"}],"about":[{"href":"https:\/\/www.fanrongcasting.com\/pt\/wp-json\/wp\/v2\/types\/product"}],"replies":[{"embeddable":true,"href":"https:\/\/www.fanrongcasting.com\/pt\/wp-json\/wp\/v2\/comments?post=4138"}],"wp:featuredmedia":[{"embeddable":true,"href":"https:\/\/www.fanrongcasting.com\/pt\/wp-json\/wp\/v2\/media\/4139"}],"wp:attachment":[{"href":"https:\/\/www.fanrongcasting.com\/pt\/wp-json\/wp\/v2\/media?parent=4138"}],"wp:term":[{"taxonomy":"product_brand","embeddable":true,"href":"https:\/\/www.fanrongcasting.com\/pt\/wp-json\/wp\/v2\/product_brand?post=4138"},{"taxonomy":"product_cat","embeddable":true,"href":"https:\/\/www.fanrongcasting.com\/pt\/wp-json\/wp\/v2\/product_cat?post=4138"},{"taxonomy":"product_tag","embeddable":true,"href":"https:\/\/www.fanrongcasting.com\/pt\/wp-json\/wp\/v2\/product_tag?post=4138"}],"curies":[{"name":"wp","href":"https:\/\/api.w.org\/{rel}","templated":true}]}}