{"id":4104,"date":"2025-03-24T06:47:53","date_gmt":"2025-03-24T06:47:53","guid":{"rendered":"https:\/\/www.fanrongcasting.com\/?post_type=product&#038;p=4104"},"modified":"2025-03-24T06:47:54","modified_gmt":"2025-03-24T06:47:54","slug":"double-flanged-ductile-iron-pipe","status":"publish","type":"product","link":"https:\/\/www.fanrongcasting.com\/pt\/produto\/double-flanged-ductile-iron-pipe\/","title":{"rendered":"Tubo de ferro d\u00factil com flange dupla"},"content":{"rendered":"<p style=\"text-align: left;\"><strong>Tubo de ferro d\u00factil com flange dupla<\/strong><\/p>\n<p>Fornecedor Tubos de ferro d\u00factil com flange dupla ISO2531 EN545 EN598<\/p>\n<p>K9, C40, C30, C25, etc<\/p>\n<p>\u00e1gua pot\u00e1vel, esgotos<\/p>\n<p>Standard:ISO2531\/EN545\/EN598<\/p>\n<p style=\"font-style: inherit; font-weight: inherit;\">os produtos cumprem rigorosamente as normas abaixo indicadas:<br \/>\nISO 2531 Tubos, liga\u00e7\u00f5es e acess\u00f3rios de ferro fundido d\u00factil para condutas sob press\u00e3o.<br \/>\nBSEN545 Tubos, liga\u00e7\u00f5es e acess\u00f3rios de ferro d\u00factil e respectivas juntas para condutas de \u00e1gua. Requisitos e m\u00e9todos de ensaio.<br \/>\nBSEN598 Tubos de ferro fundido d\u00factil, acess\u00f3rios e respectivas juntas para aplica\u00e7\u00e3o em esgotos - requisitos e m\u00e9todos de ensaio.<br \/>\nISO7186 Tubos de ferro fundido d\u00factil, acess\u00f3rios e respectivas juntas para a constru\u00e7\u00e3o de esgotos no exterior de edif\u00edcios.<br \/>\nISO4179 Tubos de ferro fundido d\u00factil para condutas sob press\u00e3o e sem press\u00e3o - Revestimento de argamassa de cimento centr\u00edfugo - requisitos gerais.<br \/>\nISO8179 Tubos de ferro fundido d\u00factil - Revestimento externo de zinco.<br \/>\nISO4633 Vedantes de borracha - an\u00e9is de jun\u00e7\u00e3o para condutas de abastecimento de \u00e1gua, drenagem e esgotos - especifica\u00e7\u00f5es para materiais.<br \/>\nISO 8180 Tubos de ferro fundido d\u00factil - manga de polietileno<\/p>\n<table>\n<tbody>\n<tr>\n<td style=\"font-weight: 400;\" colspan=\"1\" rowspan=\"1\"><b><strong data-spm-anchor-id=\"a2700.custom-template.0.i56.797733337ZHkg0\">Item<\/strong><\/b><\/td>\n<td style=\"font-weight: 400;\" colspan=\"1\" rowspan=\"1\"><span data-spm-anchor-id=\"a2700.custom-template.0.i54.797733337ZHkg0\">Tubo de ferro d\u00factil<\/span><\/td>\n<\/tr>\n<tr>\n<td style=\"font-weight: 400;\" colspan=\"1\" rowspan=\"1\"><span data-spm-anchor-id=\"a2700.custom-template.0.i6.79773333yEvL81\"><b><strong>Classe<\/strong><\/b><\/span><\/td>\n<td style=\"font-weight: 400;\" colspan=\"1\" rowspan=\"1\">K9, K10, K11, K12\uff0cK9, K8, C25, C30, C40, etc.<\/td>\n<\/tr>\n<tr>\n<td style=\"font-weight: 400;\" colspan=\"1\" rowspan=\"1\"><b><strong>Junta de tubagem<\/strong><\/b><\/td>\n<td style=\"font-weight: 400;\" colspan=\"1\" rowspan=\"1\">junta de encaixe (junta Tyton), junta tipo K, junta auto-restringida<\/td>\n<\/tr>\n<tr>\n<td style=\"font-weight: 400;\" colspan=\"1\" rowspan=\"1\"><b><strong>Tamanho<\/strong><\/b><\/td>\n<td style=\"font-weight: 400;\" colspan=\"1\" rowspan=\"1\">Di\u00e2metro exterior: 98mm-1255mm<br \/>\nDi\u00e2metro interior: 80mm-1200mm<br \/>\nEspessura da parede: 6mm-153mm<br \/>\nComprimento: 6m, cortado a 5,7m, ou conforme necess\u00e1rio.<\/td>\n<\/tr>\n<tr>\n<td style=\"font-weight: 400;\" colspan=\"1\" rowspan=\"1\"><b><strong>Superf\u00edcie<\/strong><\/b><\/td>\n<td style=\"font-weight: 400;\" colspan=\"1\" rowspan=\"1\">Revestimento externo de betume, ou conforme necess\u00e1rio.<\/td>\n<\/tr>\n<tr>\n<td style=\"font-weight: 400;\" colspan=\"1\" rowspan=\"1\"><b><strong>Aplica\u00e7\u00e3o<\/strong><\/b><\/td>\n<td style=\"font-weight: 400;\" colspan=\"1\" rowspan=\"1\">Projeto de abastecimento de \u00e1gua, drenagem, esgotos, irriga\u00e7\u00e3o, condutas de \u00e1gua, etc.<\/td>\n<\/tr>\n<tr>\n<td style=\"font-weight: 400;\" colspan=\"1\" rowspan=\"1\"><b><strong>Embalagem<\/strong><\/b><\/td>\n<td style=\"font-weight: 400;\" colspan=\"1\" rowspan=\"1\">Embalagem normalizada para exporta\u00e7\u00e3o, ou conforme necess\u00e1rio.<\/td>\n<\/tr>\n<tr>\n<td style=\"font-weight: 400;\" colspan=\"1\" rowspan=\"1\"><b><strong>Pre\u00e7o a prazo<\/strong><\/b><\/td>\n<td style=\"font-weight: 400;\" colspan=\"1\" rowspan=\"1\">FOB, EXW, CIF, CFR, etc.<\/td>\n<\/tr>\n<tr>\n<td style=\"font-weight: 400;\" colspan=\"1\" rowspan=\"1\"><b><strong>Pagamento<\/strong><\/b><\/td>\n<td style=\"font-weight: 400;\" colspan=\"1\" rowspan=\"1\">T\/T, L\/C, Western Union, etc.<\/td>\n<\/tr>\n<tr>\n<td style=\"font-weight: 400;\" colspan=\"1\" rowspan=\"1\"><b><strong>Certificados,O tubo PU est\u00e1 conclu\u00eddo, \u00e0 espera de ser carregado no contentor e enviado<\/strong><\/b><\/td>\n<td style=\"font-weight: 400;\" colspan=\"1\" rowspan=\"1\">ISO, CE, BSI, WRAS<\/td>\n<\/tr>\n<\/tbody>\n<\/table>\n<p style=\"font-style: inherit; font-weight: inherit;\"><b><strong>Especifica\u00e7\u00f5es:<br \/>\n<\/strong><\/b>1) A norma do tubo: ISO 2531, EN545, EN598.<br \/>\n2) Classe de tubo: K9, C40, C30, C25, etc.<br \/>\n3) Junta de tubagem: junta de press\u00e3o (junta Tyton), junta tipo K, junta auto-restrita<br \/>\n4) Comprimento efetivo: em geral, o comprimento do tubo \u00e9 de 6 m para o transporte a granel e de 5,7 m para o transporte em contentor.<br \/>\n5) Revestimento interior: revestimento de argamassa de cimento de acordo com a norma ISO4179<br \/>\n6) Revestimento de zinco: pelo menos 130g\/m2 de acordo com a norma ISO 8179<br \/>\n7) Pintura betuminosa: pelo menos 70um, em conformidade com a norma ISO 8179<br \/>\n8) As juntas s\u00e3o de borracha NBR, borracha natural, borracha SBR ou anel de borracha EPDM, em conformidade com a norma ISO4633<br \/>\n9) DN 80 - 2.600 mm<br \/>\n10) Elevada resist\u00eancia, mais leve do que o ferro cinzento, boa resist\u00eancia \u00e0 corros\u00e3o, sem sulcos, pequena resist\u00eancia ao fluxo, f\u00e1cil fixa\u00e7\u00e3o, longa vida \u00fatil<br \/>\n11) Verificado por equipamento de inspe\u00e7\u00e3o autom\u00e1tica<br \/>\n12) Composi\u00e7\u00e3o qu\u00edmica: (%)<br \/>\n3. a) C: 3,5 - 4,0<br \/>\n4. b) Si: 1,9 - 2,6<br \/>\n5. c) Mn:0,15 - 0,45<br \/>\n6. c) P: &lt;0,06<br \/>\n7. d) S: &lt;0,02<br \/>\n13) Propriedades mec\u00e2nicas<br \/>\n1. a) Resist\u00eancia \u00e0 tra\u00e7\u00e3o: \u2265420MPa<br \/>\n2. b) Resist\u00eancia ao escoamento: \u2265300Mpa<br \/>\n3. c) Dureza: \u2264230HB<br \/>\n4. d) Alongamento%: DN80 - 1000 \u226510 DN1200 - 2200 \u22657<\/p>\n<p>14) Processos e ensaios:<br \/>\n1. a) Forno de indu\u00e7\u00e3o e metal tratado (an\u00e1lise qu\u00edmica da mat\u00e9ria-prima, esferoidiza\u00e7\u00e3o e nodularidade)<br \/>\n2. b) Fundi\u00e7\u00e3o (controlo visual e controlo do peso)<br \/>\n3. c) Tratamento t\u00e9rmico (microestrutura)<br \/>\n4. d) Ensaio hidrost\u00e1tico (ensaio de press\u00e3o)<br \/>\n5. e) Controlos dimensionais (verifica\u00e7\u00e3o do comprimento e da junta do tubo, do di\u00e2metro externo, da espessura da parede, do aspeto)<br \/>\n6. f) Pulveriza\u00e7\u00e3o com zinco (Ensaio de espessura)<br \/>\n7. g) Forro e revestimento (controlo visual 100%, ensaio de espessura aleat\u00f3rio)<br \/>\n8. i) Marca\u00e7\u00e3o e embalagem (controlo visual 100%)<\/p>\n<p>15) O revestimento do tubo pode ser personalizado, por exemplo, liga de zinco-alum\u00ednio, PU, etc.<\/p>\n<p><b><strong>Embalagem: em feixes com cintas de a\u00e7o ou a granel<br \/>\nExpedi\u00e7\u00e3o: a granel ou em contentor<\/strong><\/b><\/p>","protected":false},"excerpt":{"rendered":"<p>Double Flanged Ductile Iron Pipe Supplier ISO2531 EN545 EN598 Double Flanged Ductile Iron Pipes K9, C40, C30, C25, etc drinking water,sewage Standard:ISO2531\/EN545\/EN598 products strictly meet the below standards: ISO 2531 Ductile iron pipes, fittings and accessories for pressure pipelines. BSEN545 Ductile iron pipes, fittings and accessories and their joints for water pipelines. Requirements and test [&hellip;]<\/p>","protected":false},"featured_media":4105,"comment_status":"open","ping_status":"closed","template":"","meta":{"_uag_custom_page_level_css":"","site-sidebar-layout":"default","site-content-layout":"","ast-site-content-layout":"default","site-content-style":"default","site-sidebar-style":"default","ast-global-header-display":"","ast-banner-title-visibility":"","ast-main-header-display":"","ast-hfb-above-header-display":"","ast-hfb-below-header-display":"","ast-hfb-mobile-header-display":"","site-post-title":"","ast-breadcrumbs-content":"","ast-featured-img":"","footer-sml-layout":"","ast-disable-related-posts":"","theme-transparent-header-meta":"default","adv-header-id-meta":"","stick-header-meta":"","header-above-stick-meta":"","header-main-stick-meta":"","header-below-stick-meta":"","astra-migrate-meta-layouts":"set","ast-page-background-enabled":"default","ast-page-background-meta":{"desktop":{"background-color":"","background-image":"","background-repeat":"repeat","background-position":"center center","background-size":"auto","background-attachment":"scroll","background-type":"","background-media":"","overlay-type":"","overlay-color":"","overlay-opacity":"","overlay-gradient":""},"tablet":{"background-color":"","background-image":"","background-repeat":"repeat","background-position":"center center","background-size":"auto","background-attachment":"scroll","background-type":"","background-media":"","overlay-type":"","overlay-color":"","overlay-opacity":"","overlay-gradient":""},"mobile":{"background-color":"","background-image":"","background-repeat":"repeat","background-position":"center center","background-size":"auto","background-attachment":"scroll","background-type":"","background-media":"","overlay-type":"","overlay-color":"","overlay-opacity":"","overlay-gradient":""}},"ast-content-background-meta":{"desktop":{"background-color":"var(--ast-global-color-5)","background-image":"","background-repeat":"repeat","background-position":"center center","background-size":"auto","background-attachment":"scroll","background-type":"","background-media":"","overlay-type":"","overlay-color":"","overlay-opacity":"","overlay-gradient":""},"tablet":{"background-color":"var(--ast-global-color-5)","background-image":"","background-repeat":"repeat","background-position":"center center","background-size":"auto","background-attachment":"scroll","background-type":"","background-media":"","overlay-type":"","overlay-color":"","overlay-opacity":"","overlay-gradient":""},"mobile":{"background-color":"var(--ast-global-color-5)","background-image":"","background-repeat":"repeat","background-position":"center center","background-size":"auto","background-attachment":"scroll","background-type":"","background-media":"","overlay-type":"","overlay-color":"","overlay-opacity":"","overlay-gradient":""}}},"product_brand":[],"product_cat":[77,63],"product_tag":[],"class_list":{"0":"post-4104","1":"product","2":"type-product","3":"status-publish","4":"has-post-thumbnail","6":"product_cat-double-flanged-pipe","7":"product_cat-ductile-iron-pipe","8":"desktop-align-left","9":"tablet-align-left","10":"mobile-align-left","12":"first","13":"instock","14":"shipping-taxable","15":"product-type-simple"},"uagb_featured_image_src":{"full":["https:\/\/www.fanrongcasting.com\/wp-content\/uploads\/2025\/03\/\u672a\u6807\u9898-1-6.png",800,600,false],"thumbnail":["https:\/\/www.fanrongcasting.com\/wp-content\/uploads\/2025\/03\/\u672a\u6807\u9898-1-6-150x150.png",150,150,true],"medium":["https:\/\/www.fanrongcasting.com\/wp-content\/uploads\/2025\/03\/\u672a\u6807\u9898-1-6-300x225.png",300,225,true],"medium_large":["https:\/\/www.fanrongcasting.com\/wp-content\/uploads\/2025\/03\/\u672a\u6807\u9898-1-6-768x576.png",768,576,true],"large":["https:\/\/www.fanrongcasting.com\/wp-content\/uploads\/2025\/03\/\u672a\u6807\u9898-1-6.png",800,600,false],"1536x1536":["https:\/\/www.fanrongcasting.com\/wp-content\/uploads\/2025\/03\/\u672a\u6807\u9898-1-6.png",800,600,false],"2048x2048":["https:\/\/www.fanrongcasting.com\/wp-content\/uploads\/2025\/03\/\u672a\u6807\u9898-1-6.png",800,600,false],"trp-custom-language-flag":["https:\/\/www.fanrongcasting.com\/wp-content\/uploads\/2025\/03\/\u672a\u6807\u9898-1-6-16x12.png",16,12,true],"woocommerce_thumbnail":["https:\/\/www.fanrongcasting.com\/wp-content\/uploads\/2025\/03\/\u672a\u6807\u9898-1-6-300x300.png",300,300,true],"woocommerce_single":["https:\/\/www.fanrongcasting.com\/wp-content\/uploads\/2025\/03\/\u672a\u6807\u9898-1-6-600x450.png",600,450,true],"woocommerce_gallery_thumbnail":["https:\/\/www.fanrongcasting.com\/wp-content\/uploads\/2025\/03\/\u672a\u6807\u9898-1-6-100x100.png",100,100,true]},"uagb_author_info":{"display_name":"jinxing6611@gmail.com","author_link":"https:\/\/www.fanrongcasting.com\/pt\/author\/"},"uagb_comment_info":0,"uagb_excerpt":"Double Flanged Ductile Iron Pipe Supplier ISO2531 EN545 EN598 Double Flanged Ductile Iron Pipes K9, C40, C30, C25, etc drinking water,sewage Standard:ISO2531\/EN545\/EN598 products strictly meet the below standards: ISO 2531 Ductile iron pipes, fittings and accessories for pressure pipelines. BSEN545 Ductile iron pipes, fittings and accessories and their joints for water pipelines. Requirements and test&hellip;","_links":{"self":[{"href":"https:\/\/www.fanrongcasting.com\/pt\/wp-json\/wp\/v2\/product\/4104","targetHints":{"allow":["GET"]}}],"collection":[{"href":"https:\/\/www.fanrongcasting.com\/pt\/wp-json\/wp\/v2\/product"}],"about":[{"href":"https:\/\/www.fanrongcasting.com\/pt\/wp-json\/wp\/v2\/types\/product"}],"replies":[{"embeddable":true,"href":"https:\/\/www.fanrongcasting.com\/pt\/wp-json\/wp\/v2\/comments?post=4104"}],"wp:featuredmedia":[{"embeddable":true,"href":"https:\/\/www.fanrongcasting.com\/pt\/wp-json\/wp\/v2\/media\/4105"}],"wp:attachment":[{"href":"https:\/\/www.fanrongcasting.com\/pt\/wp-json\/wp\/v2\/media?parent=4104"}],"wp:term":[{"taxonomy":"product_brand","embeddable":true,"href":"https:\/\/www.fanrongcasting.com\/pt\/wp-json\/wp\/v2\/product_brand?post=4104"},{"taxonomy":"product_cat","embeddable":true,"href":"https:\/\/www.fanrongcasting.com\/pt\/wp-json\/wp\/v2\/product_cat?post=4104"},{"taxonomy":"product_tag","embeddable":true,"href":"https:\/\/www.fanrongcasting.com\/pt\/wp-json\/wp\/v2\/product_tag?post=4104"}],"curies":[{"name":"wp","href":"https:\/\/api.w.org\/{rel}","templated":true}]}}