{"id":4091,"date":"2025-03-22T09:31:28","date_gmt":"2025-03-22T09:31:28","guid":{"rendered":"https:\/\/www.fanrongcasting.com\/?post_type=product&#038;p=4091"},"modified":"2025-05-14T08:44:47","modified_gmt":"2025-05-14T08:44:47","slug":"yellow-colour-pu-coated-di-pipe","status":"publish","type":"product","link":"https:\/\/www.fanrongcasting.com\/pt\/produto\/yellow-colour-pu-coated-di-pipe\/","title":{"rendered":"Tubo DI revestido a PU de cor amarela"},"content":{"rendered":"<p style=\"text-align: left;\"><strong>Tubo DI revestido a PU de cor amarela<\/strong><\/p>\n<p style=\"text-align: left;\">China fornecedor superior ISO2531 EN545 Poliuretano PU revestimento Tubos de ferro fundido d\u00factil C40 K9 \u00e1gua pot\u00e1vel<\/p>\n<p style=\"text-align: left;\">Standard:ISO2531\/EN545<\/p>\n<p>&nbsp;<\/p>\n<p><img fetchpriority=\"high\" decoding=\"async\" class=\"alignnone wp-image-4092\" src=\"https:\/\/www.fanrongcasting.com\/wp-content\/uploads\/2025\/03\/11-2.jpg\" alt=\"\" width=\"638\" height=\"276\" srcset=\"https:\/\/www.fanrongcasting.com\/wp-content\/uploads\/2025\/03\/11-2.jpg 787w, https:\/\/www.fanrongcasting.com\/wp-content\/uploads\/2025\/03\/11-2-300x130.jpg 300w, https:\/\/www.fanrongcasting.com\/wp-content\/uploads\/2025\/03\/11-2-768x333.jpg 768w, https:\/\/www.fanrongcasting.com\/wp-content\/uploads\/2025\/03\/11-2-18x8.jpg 18w, https:\/\/www.fanrongcasting.com\/wp-content\/uploads\/2025\/03\/11-2-600x260.jpg 600w\" sizes=\"(max-width: 638px) 100vw, 638px\" \/><\/p>\n<p><img decoding=\"async\" class=\"alignnone wp-image-4093\" src=\"https:\/\/www.fanrongcasting.com\/wp-content\/uploads\/2025\/03\/22-1.jpg\" alt=\"\" width=\"611\" height=\"676\" srcset=\"https:\/\/www.fanrongcasting.com\/wp-content\/uploads\/2025\/03\/22-1.jpg 499w, https:\/\/www.fanrongcasting.com\/wp-content\/uploads\/2025\/03\/22-1-271x300.jpg 271w, https:\/\/www.fanrongcasting.com\/wp-content\/uploads\/2025\/03\/22-1-11x12.jpg 11w\" sizes=\"(max-width: 611px) 100vw, 611px\" \/><\/p>\n<p>&nbsp;<\/p>\n<p>&nbsp;<\/p>\n<p><strong><b>Especifica\u00e7\u00f5es:<\/b><\/strong><strong><b><br \/>\n<\/b><\/strong>1) A norma do tubo: ISO 2531, EN545<br \/>\n2) Classe de tubo: K9, C40, C30, C25, etc.<br \/>\n3) Junta de tubagem: junta de press\u00e3o (junta Tyton), junta tipo K, junta auto-restrita<br \/>\n4) Comprimento efetivo: em geral, o comprimento do tubo \u00e9 de 6 m para o transporte a granel e de 5,7 m para o transporte em contentor.<br \/>\n5) As juntas s\u00e3o de borracha NBR, borracha natural, borracha SBR ou anel de borracha EPDM, em conformidade com a norma ISO4633<br \/>\n6) DN 80 - 2.600 mm<br \/>\n7) Elevada resist\u00eancia, mais leve do que o ferro cinzento, boa resist\u00eancia \u00e0 corros\u00e3o, sem sulcos, pequena resist\u00eancia ao fluxo, f\u00e1cil fixa\u00e7\u00e3o, longa vida \u00fatil<br \/>\n8) Verificado por equipamento de inspe\u00e7\u00e3o autom\u00e1tica<br \/>\n9) Composi\u00e7\u00e3o qu\u00edmica: (%)<br \/>\n1. a) C: 3,5 - 4,0<br \/>\n2. b) Si: 1,9 - 2,6<br \/>\n3. c) Mn:0,15 - 0,45<br \/>\n4. c) P: &lt;0,06<br \/>\n5. d) S: &lt;0,02<br \/>\n10) Propriedades mec\u00e2nicas<br \/>\n1. a) Resist\u00eancia \u00e0 tra\u00e7\u00e3o: \u2265420MPa<br \/>\n2. b) Resist\u00eancia ao escoamento: \u2265300Mpa<br \/>\n3. c) Dureza: \u2264230HB<br \/>\n4. d) Alongamento%: DN80 - 1000 \u226510 DN1200 - 2200 \u22657<\/p>\n<p>11) Processos e ensaios:<br \/>\n1. a) Forno de indu\u00e7\u00e3o e metal tratado (an\u00e1lise qu\u00edmica da mat\u00e9ria-prima, esferoidiza\u00e7\u00e3o e nodularidade)<br \/>\n2. b) Fundi\u00e7\u00e3o (controlo visual e controlo do peso)<br \/>\n3. c) Tratamento t\u00e9rmico (microestrutura)<br \/>\n4. d) Ensaio hidrost\u00e1tico (ensaio de press\u00e3o)<br \/>\n5. e) Controlos dimensionais (verifica\u00e7\u00e3o do comprimento e da junta do tubo, do di\u00e2metro externo, da espessura da parede, do aspeto)<br \/>\n6. f) Pulveriza\u00e7\u00e3o com zinco (Ensaio de espessura)<br \/>\n7. g) Forro e revestimento (controlo visual 100%, ensaio de espessura aleat\u00f3rio)<br \/>\n8. i) Marca\u00e7\u00e3o e embalagem (controlo visual 100%)<\/p>\n<p>12) O revestimento do tubo pode ser personalizado, como liga de zinco-alum\u00ednio, PU, etc.<\/p>\n<p><strong><b>Embalagem: em feixes com cintas de a\u00e7o ou a granel<\/b><\/strong><strong><b><br \/>\n<\/b><\/strong><strong><b>Expedi\u00e7\u00e3o: a granel ou em contentor<\/b><\/strong><\/p>","protected":false},"excerpt":{"rendered":"<p>Yellow Colour PU Coated DI Pipe China top supplier ISO2531 EN545 Polyurethane PU coating Ductile Iron Pipes C40 K9 drinking water Standard:ISO2531\/EN545 &nbsp; &nbsp; &nbsp; Specifications: 1) The standard of pipe: ISO 2531, EN545 2) Pipe class: K9, C40, C30, C25, etc. 3) Pipe joint: push-on joint(Tyton joint), K type joint, self-restrained joint 4) Effective [&hellip;]<\/p>","protected":false},"featured_media":4095,"comment_status":"open","ping_status":"closed","template":"","meta":{"_uag_custom_page_level_css":"","site-sidebar-layout":"default","site-content-layout":"","ast-site-content-layout":"default","site-content-style":"default","site-sidebar-style":"default","ast-global-header-display":"","ast-banner-title-visibility":"","ast-main-header-display":"","ast-hfb-above-header-display":"","ast-hfb-below-header-display":"","ast-hfb-mobile-header-display":"","site-post-title":"","ast-breadcrumbs-content":"","ast-featured-img":"","footer-sml-layout":"","ast-disable-related-posts":"","theme-transparent-header-meta":"default","adv-header-id-meta":"","stick-header-meta":"","header-above-stick-meta":"","header-main-stick-meta":"","header-below-stick-meta":"","astra-migrate-meta-layouts":"set","ast-page-background-enabled":"default","ast-page-background-meta":{"desktop":{"background-color":"","background-image":"","background-repeat":"repeat","background-position":"center center","background-size":"auto","background-attachment":"scroll","background-type":"","background-media":"","overlay-type":"","overlay-color":"","overlay-opacity":"","overlay-gradient":""},"tablet":{"background-color":"","background-image":"","background-repeat":"repeat","background-position":"center center","background-size":"auto","background-attachment":"scroll","background-type":"","background-media":"","overlay-type":"","overlay-color":"","overlay-opacity":"","overlay-gradient":""},"mobile":{"background-color":"","background-image":"","background-repeat":"repeat","background-position":"center center","background-size":"auto","background-attachment":"scroll","background-type":"","background-media":"","overlay-type":"","overlay-color":"","overlay-opacity":"","overlay-gradient":""}},"ast-content-background-meta":{"desktop":{"background-color":"var(--ast-global-color-5)","background-image":"","background-repeat":"repeat","background-position":"center center","background-size":"auto","background-attachment":"scroll","background-type":"","background-media":"","overlay-type":"","overlay-color":"","overlay-opacity":"","overlay-gradient":""},"tablet":{"background-color":"var(--ast-global-color-5)","background-image":"","background-repeat":"repeat","background-position":"center center","background-size":"auto","background-attachment":"scroll","background-type":"","background-media":"","overlay-type":"","overlay-color":"","overlay-opacity":"","overlay-gradient":""},"mobile":{"background-color":"var(--ast-global-color-5)","background-image":"","background-repeat":"repeat","background-position":"center center","background-size":"auto","background-attachment":"scroll","background-type":"","background-media":"","overlay-type":"","overlay-color":"","overlay-opacity":"","overlay-gradient":""}}},"product_brand":[],"product_cat":[63,76],"product_tag":[],"class_list":{"0":"post-4091","1":"product","2":"type-product","3":"status-publish","4":"has-post-thumbnail","6":"product_cat-ductile-iron-pipe","7":"product_cat-pu-coated-ductile-iron-pipe","8":"desktop-align-left","9":"tablet-align-left","10":"mobile-align-left","12":"first","13":"instock","14":"shipping-taxable","15":"product-type-simple"},"uagb_featured_image_src":{"full":["https:\/\/www.fanrongcasting.com\/wp-content\/uploads\/2025\/03\/10.png",800,600,false],"thumbnail":["https:\/\/www.fanrongcasting.com\/wp-content\/uploads\/2025\/03\/10-150x150.png",150,150,true],"medium":["https:\/\/www.fanrongcasting.com\/wp-content\/uploads\/2025\/03\/10-300x225.png",300,225,true],"medium_large":["https:\/\/www.fanrongcasting.com\/wp-content\/uploads\/2025\/03\/10-768x576.png",768,576,true],"large":["https:\/\/www.fanrongcasting.com\/wp-content\/uploads\/2025\/03\/10.png",800,600,false],"1536x1536":["https:\/\/www.fanrongcasting.com\/wp-content\/uploads\/2025\/03\/10.png",800,600,false],"2048x2048":["https:\/\/www.fanrongcasting.com\/wp-content\/uploads\/2025\/03\/10.png",800,600,false],"trp-custom-language-flag":["https:\/\/www.fanrongcasting.com\/wp-content\/uploads\/2025\/03\/10-16x12.png",16,12,true],"woocommerce_thumbnail":["https:\/\/www.fanrongcasting.com\/wp-content\/uploads\/2025\/03\/10-300x300.png",300,300,true],"woocommerce_single":["https:\/\/www.fanrongcasting.com\/wp-content\/uploads\/2025\/03\/10-600x450.png",600,450,true],"woocommerce_gallery_thumbnail":["https:\/\/www.fanrongcasting.com\/wp-content\/uploads\/2025\/03\/10-100x100.png",100,100,true]},"uagb_author_info":{"display_name":"jinxing6611@gmail.com","author_link":"https:\/\/www.fanrongcasting.com\/pt\/author\/"},"uagb_comment_info":0,"uagb_excerpt":"Yellow Colour PU Coated DI Pipe China top supplier ISO2531 EN545 Polyurethane PU coating Ductile Iron Pipes C40 K9 drinking water Standard:ISO2531\/EN545 &nbsp; &nbsp; &nbsp; Specifications: 1) The standard of pipe: ISO 2531, EN545 2) Pipe class: K9, C40, C30, C25, etc. 3) Pipe joint: push-on joint(Tyton joint), K type joint, self-restrained joint 4) Effective&hellip;","_links":{"self":[{"href":"https:\/\/www.fanrongcasting.com\/pt\/wp-json\/wp\/v2\/product\/4091","targetHints":{"allow":["GET"]}}],"collection":[{"href":"https:\/\/www.fanrongcasting.com\/pt\/wp-json\/wp\/v2\/product"}],"about":[{"href":"https:\/\/www.fanrongcasting.com\/pt\/wp-json\/wp\/v2\/types\/product"}],"replies":[{"embeddable":true,"href":"https:\/\/www.fanrongcasting.com\/pt\/wp-json\/wp\/v2\/comments?post=4091"}],"wp:featuredmedia":[{"embeddable":true,"href":"https:\/\/www.fanrongcasting.com\/pt\/wp-json\/wp\/v2\/media\/4095"}],"wp:attachment":[{"href":"https:\/\/www.fanrongcasting.com\/pt\/wp-json\/wp\/v2\/media?parent=4091"}],"wp:term":[{"taxonomy":"product_brand","embeddable":true,"href":"https:\/\/www.fanrongcasting.com\/pt\/wp-json\/wp\/v2\/product_brand?post=4091"},{"taxonomy":"product_cat","embeddable":true,"href":"https:\/\/www.fanrongcasting.com\/pt\/wp-json\/wp\/v2\/product_cat?post=4091"},{"taxonomy":"product_tag","embeddable":true,"href":"https:\/\/www.fanrongcasting.com\/pt\/wp-json\/wp\/v2\/product_tag?post=4091"}],"curies":[{"name":"wp","href":"https:\/\/api.w.org\/{rel}","templated":true}]}}