{"id":4068,"date":"2025-03-22T03:42:15","date_gmt":"2025-03-22T03:42:15","guid":{"rendered":"https:\/\/www.fanrongcasting.com\/?post_type=product&#038;p=4068"},"modified":"2025-04-07T01:24:19","modified_gmt":"2025-04-07T01:24:19","slug":"dismantling-joint-type-b","status":"publish","type":"product","link":"https:\/\/www.fanrongcasting.com\/pt\/produto\/dismantling-joint-type-b\/","title":{"rendered":"Junta de desmontagem Tipo B"},"content":{"rendered":"<p style=\"text-align: center;\"><strong>Junta de desmontagem Tipo B<\/strong><\/p>\n<p><img fetchpriority=\"high\" decoding=\"async\" class=\"aligncenter wp-image-4069 size-full\" src=\"https:\/\/www.fanrongcasting.com\/wp-content\/uploads\/2025\/03\/\u7b80\u6613\u56feB.jpg\" alt=\"\" width=\"575\" height=\"567\" srcset=\"https:\/\/www.fanrongcasting.com\/wp-content\/uploads\/2025\/03\/\u7b80\u6613\u56feB.jpg 575w, https:\/\/www.fanrongcasting.com\/wp-content\/uploads\/2025\/03\/\u7b80\u6613\u56feB-300x296.jpg 300w, https:\/\/www.fanrongcasting.com\/wp-content\/uploads\/2025\/03\/\u7b80\u6613\u56feB-12x12.jpg 12w, https:\/\/www.fanrongcasting.com\/wp-content\/uploads\/2025\/03\/\u7b80\u6613\u56feB-100x100.jpg 100w\" sizes=\"(max-width: 575px) 100vw, 575px\" \/><\/p>\n<p><img decoding=\"async\" class=\"aligncenter wp-image-4070 size-large\" src=\"https:\/\/www.fanrongcasting.com\/wp-content\/uploads\/2025\/03\/\u6570\u636e\u8868B_00-1024x724.png\" alt=\"\" width=\"1024\" height=\"724\" srcset=\"https:\/\/www.fanrongcasting.com\/wp-content\/uploads\/2025\/03\/\u6570\u636e\u8868B_00-1024x724.png 1024w, https:\/\/www.fanrongcasting.com\/wp-content\/uploads\/2025\/03\/\u6570\u636e\u8868B_00-300x212.png 300w, https:\/\/www.fanrongcasting.com\/wp-content\/uploads\/2025\/03\/\u6570\u636e\u8868B_00-768x543.png 768w, https:\/\/www.fanrongcasting.com\/wp-content\/uploads\/2025\/03\/\u6570\u636e\u8868B_00-1536x1086.png 1536w, https:\/\/www.fanrongcasting.com\/wp-content\/uploads\/2025\/03\/\u6570\u636e\u8868B_00-2048x1448.png 2048w, https:\/\/www.fanrongcasting.com\/wp-content\/uploads\/2025\/03\/\u6570\u636e\u8868B_00-18x12.png 18w, https:\/\/www.fanrongcasting.com\/wp-content\/uploads\/2025\/03\/\u6570\u636e\u8868B_00-600x424.png 600w\" sizes=\"(max-width: 1024px) 100vw, 1024px\" \/><\/p>\n<p><strong><b>Sobre a 50% Junta de desmontagem de flange dupla com bucim PN10 PN16:<\/b><\/strong><\/p>\n<p>As juntas de desmontagem s\u00e3o acess\u00f3rios de flange dupla que acomodam um ajuste longitudinal de at\u00e9 100 mm (4\u2033) e podem ser bloqueadas no comprimento necess\u00e1rio com as barras de liga\u00e7\u00e3o fornecidas. Este sistema n\u00e3o s\u00f3 permite uma manuten\u00e7\u00e3o r\u00e1pida e f\u00e1cil de v\u00e1lvulas, bombas ou contadores, como tamb\u00e9m simplifica futuras modifica\u00e7\u00f5es na tubagem e reduz o tempo de inatividade quando \u00e9 necess\u00e1rio efetuar altera\u00e7\u00f5es.<\/p>\n<p><strong><b>CARACTER\u00cdSTICAS:<\/b><\/strong><strong><b><br \/>\n<\/b><\/strong>Constru\u00e7\u00e3o totalmente resistente \u00e0 corros\u00e3o<br \/>\nRevestimento interior e exterior em ep\u00f3xi ligado por fus\u00e3o<br \/>\nConstru\u00e7\u00e3o leve em ferro fundido d\u00factil<br \/>\nAmpla gama de articula\u00e7\u00f5es<br \/>\nFixador de a\u00e7o-carbono galvanizado a frio<br \/>\nJuntas de EPDM com aprova\u00e7\u00e3o WRAS<br \/>\n<strong><b>ESPECIFICA\u00c7\u00c3O:<\/b><\/strong><br \/>\nEnsaio de tipo:EN14525\/BS8561<br \/>\nElastom\u00e9rico:EN681-2<br \/>\nFerro fundido d\u00factil:EN1563 EN-GJS-450-10<br \/>\nRevestimento:WIS4-52-01<\/p>\n<p>Especifica\u00e7\u00e3o de perfura\u00e7\u00e3o:EN1092-2<\/p>\n<p>Liga\u00e7\u00e3o para DI, tubo de a\u00e7o ,<\/p>\n<p>Adequado para aplica\u00e7\u00e3o em \u00e1gua e l\u00edquidos neutros (esgotos)<br \/>\nTemperatura de funcionamento at\u00e9 70\u00b0C<\/p>","protected":false},"excerpt":{"rendered":"<p>Dismantling Joint Type B About\u00a0\u00a050% Tie Rods Double Flanged Dismantling Joint With Gland PN10 PN16: The Dismantling Joints are double flanged fittings that accommodate up to 100mm (4&#8243;) longitudinal adjustment and can be locked at the required length with the tie bars supplied. Not only does this system allow for fast, easy maintenance of valves, [&hellip;]<\/p>","protected":false},"featured_media":4071,"comment_status":"open","ping_status":"closed","template":"","meta":{"_uag_custom_page_level_css":"","site-sidebar-layout":"default","site-content-layout":"","ast-site-content-layout":"default","site-content-style":"default","site-sidebar-style":"default","ast-global-header-display":"","ast-banner-title-visibility":"","ast-main-header-display":"","ast-hfb-above-header-display":"","ast-hfb-below-header-display":"","ast-hfb-mobile-header-display":"","site-post-title":"","ast-breadcrumbs-content":"","ast-featured-img":"","footer-sml-layout":"","ast-disable-related-posts":"","theme-transparent-header-meta":"default","adv-header-id-meta":"","stick-header-meta":"","header-above-stick-meta":"","header-main-stick-meta":"","header-below-stick-meta":"","astra-migrate-meta-layouts":"set","ast-page-background-enabled":"default","ast-page-background-meta":{"desktop":{"background-color":"","background-image":"","background-repeat":"repeat","background-position":"center center","background-size":"auto","background-attachment":"scroll","background-type":"","background-media":"","overlay-type":"","overlay-color":"","overlay-opacity":"","overlay-gradient":""},"tablet":{"background-color":"","background-image":"","background-repeat":"repeat","background-position":"center center","background-size":"auto","background-attachment":"scroll","background-type":"","background-media":"","overlay-type":"","overlay-color":"","overlay-opacity":"","overlay-gradient":""},"mobile":{"background-color":"","background-image":"","background-repeat":"repeat","background-position":"center center","background-size":"auto","background-attachment":"scroll","background-type":"","background-media":"","overlay-type":"","overlay-color":"","overlay-opacity":"","overlay-gradient":""}},"ast-content-background-meta":{"desktop":{"background-color":"var(--ast-global-color-5)","background-image":"","background-repeat":"repeat","background-position":"center center","background-size":"auto","background-attachment":"scroll","background-type":"","background-media":"","overlay-type":"","overlay-color":"","overlay-opacity":"","overlay-gradient":""},"tablet":{"background-color":"var(--ast-global-color-5)","background-image":"","background-repeat":"repeat","background-position":"center center","background-size":"auto","background-attachment":"scroll","background-type":"","background-media":"","overlay-type":"","overlay-color":"","overlay-opacity":"","overlay-gradient":""},"mobile":{"background-color":"var(--ast-global-color-5)","background-image":"","background-repeat":"repeat","background-position":"center center","background-size":"auto","background-attachment":"scroll","background-type":"","background-media":"","overlay-type":"","overlay-color":"","overlay-opacity":"","overlay-gradient":""}}},"product_brand":[],"product_cat":[66,102],"product_tag":[],"class_list":{"0":"post-4068","1":"product","2":"type-product","3":"status-publish","4":"has-post-thumbnail","6":"product_cat-dismantling-joint","7":"product_cat-dismantling-joint-type-b","8":"desktop-align-left","9":"tablet-align-left","10":"mobile-align-left","12":"first","13":"instock","14":"shipping-taxable","15":"product-type-simple"},"uagb_featured_image_src":{"full":["https:\/\/www.fanrongcasting.com\/wp-content\/uploads\/2025\/03\/B-\u56fe\u7247-300x225-1.png",800,600,false],"thumbnail":["https:\/\/www.fanrongcasting.com\/wp-content\/uploads\/2025\/03\/B-\u56fe\u7247-300x225-1-150x150.png",150,150,true],"medium":["https:\/\/www.fanrongcasting.com\/wp-content\/uploads\/2025\/03\/B-\u56fe\u7247-300x225-1-300x225.png",300,225,true],"medium_large":["https:\/\/www.fanrongcasting.com\/wp-content\/uploads\/2025\/03\/B-\u56fe\u7247-300x225-1-768x576.png",768,576,true],"large":["https:\/\/www.fanrongcasting.com\/wp-content\/uploads\/2025\/03\/B-\u56fe\u7247-300x225-1.png",800,600,false],"1536x1536":["https:\/\/www.fanrongcasting.com\/wp-content\/uploads\/2025\/03\/B-\u56fe\u7247-300x225-1.png",800,600,false],"2048x2048":["https:\/\/www.fanrongcasting.com\/wp-content\/uploads\/2025\/03\/B-\u56fe\u7247-300x225-1.png",800,600,false],"trp-custom-language-flag":["https:\/\/www.fanrongcasting.com\/wp-content\/uploads\/2025\/03\/B-\u56fe\u7247-300x225-1-16x12.png",16,12,true],"woocommerce_thumbnail":["https:\/\/www.fanrongcasting.com\/wp-content\/uploads\/2025\/03\/B-\u56fe\u7247-300x225-1-300x300.png",300,300,true],"woocommerce_single":["https:\/\/www.fanrongcasting.com\/wp-content\/uploads\/2025\/03\/B-\u56fe\u7247-300x225-1-600x450.png",600,450,true],"woocommerce_gallery_thumbnail":["https:\/\/www.fanrongcasting.com\/wp-content\/uploads\/2025\/03\/B-\u56fe\u7247-300x225-1-100x100.png",100,100,true]},"uagb_author_info":{"display_name":"jinxing6611@gmail.com","author_link":"https:\/\/www.fanrongcasting.com\/pt\/author\/"},"uagb_comment_info":0,"uagb_excerpt":"Dismantling Joint Type B About\u00a0\u00a050% Tie Rods Double Flanged Dismantling Joint With Gland PN10 PN16: The Dismantling Joints are double flanged fittings that accommodate up to 100mm (4&#8243;) longitudinal adjustment and can be locked at the required length with the tie bars supplied. Not only does this system allow for fast, easy maintenance of valves,&hellip;","_links":{"self":[{"href":"https:\/\/www.fanrongcasting.com\/pt\/wp-json\/wp\/v2\/product\/4068","targetHints":{"allow":["GET"]}}],"collection":[{"href":"https:\/\/www.fanrongcasting.com\/pt\/wp-json\/wp\/v2\/product"}],"about":[{"href":"https:\/\/www.fanrongcasting.com\/pt\/wp-json\/wp\/v2\/types\/product"}],"replies":[{"embeddable":true,"href":"https:\/\/www.fanrongcasting.com\/pt\/wp-json\/wp\/v2\/comments?post=4068"}],"wp:featuredmedia":[{"embeddable":true,"href":"https:\/\/www.fanrongcasting.com\/pt\/wp-json\/wp\/v2\/media\/4071"}],"wp:attachment":[{"href":"https:\/\/www.fanrongcasting.com\/pt\/wp-json\/wp\/v2\/media?parent=4068"}],"wp:term":[{"taxonomy":"product_brand","embeddable":true,"href":"https:\/\/www.fanrongcasting.com\/pt\/wp-json\/wp\/v2\/product_brand?post=4068"},{"taxonomy":"product_cat","embeddable":true,"href":"https:\/\/www.fanrongcasting.com\/pt\/wp-json\/wp\/v2\/product_cat?post=4068"},{"taxonomy":"product_tag","embeddable":true,"href":"https:\/\/www.fanrongcasting.com\/pt\/wp-json\/wp\/v2\/product_tag?post=4068"}],"curies":[{"name":"wp","href":"https:\/\/api.w.org\/{rel}","templated":true}]}}