{"id":4056,"date":"2025-03-22T03:04:13","date_gmt":"2025-03-22T03:04:13","guid":{"rendered":"https:\/\/www.fanrongcasting.com\/?post_type=product&#038;p=4056"},"modified":"2025-04-07T01:24:54","modified_gmt":"2025-04-07T01:24:54","slug":"ss-repair-clamp-with-flange-branch","status":"publish","type":"product","link":"https:\/\/www.fanrongcasting.com\/pt\/produto\/ss-repair-clamp-with-flange-branch\/","title":{"rendered":"Bra\u00e7adeira de repara\u00e7\u00e3o em a\u00e7o inoxid\u00e1vel com ramifica\u00e7\u00e3o de flange"},"content":{"rendered":"<h2>Bra\u00e7adeira de repara\u00e7\u00e3o em a\u00e7o inoxid\u00e1vel com ramifica\u00e7\u00e3o de flange<\/h2>\n<p><strong><b>Sobre a bra\u00e7adeira de repara\u00e7\u00e3o de banda de a\u00e7o inoxid\u00e1vel com ramo flangeado de a\u00e7o inoxid\u00e1vel:<\/b><\/strong><\/p>\n<p>A bra\u00e7adeira de repara\u00e7\u00e3o em a\u00e7o inoxid\u00e1vel com ramo de flange veda os furos de corros\u00e3o, os danos por impacto e as fissuras longitudinais;<\/p>\n<p>Este tipo de bra\u00e7adeira de repara\u00e7\u00e3o \u00e9 leve e f\u00e1cil de instalar, pelo que \u00e9 ideal para efetuar liga\u00e7\u00f5es flangeadas simples em tubos pressurizados;<\/p>\n<p>N\u00e3o \u00e9 necess\u00e1rio equipamento especializado, pode ser utilizado equipamento normal de baixa press\u00e3o com o grampo de repara\u00e7\u00e3o SS.<\/p>\n<p>*Liga\u00e7\u00e3o para tubos de a\u00e7o, ferro fundido, fibrocimento, pl\u00e1stico e outros tipos de tubos;<\/p>\n<p>*Adequado para \u00e1gua pot\u00e1vel, l\u00edquidos neutros e esgotos;<br \/>\n*Press\u00e3o de funcionamento PN10\/16;<br \/>\n*Tamanho normal: 2-14 polegadas<br \/>\n*Todo o a\u00e7o inoxid\u00e1vel 304\/316 ou a pedido<br \/>\n*A borracha foi aprovada pela WRAS (Reino Unido)<br \/>\n*Constru\u00e7\u00e3o resistente \u00e0 corros\u00e3o.<br \/>\n<strong><b>ESPECIFICA\u00c7\u00c3O:<\/b><\/strong><br \/>\nEnsaio de tipo:EN14525<br \/>\nElastom\u00e9rico:EN681-2<br \/>\nMaterial:A\u00e7o inoxid\u00e1vel 304 \/ 316<\/p>","protected":false},"excerpt":{"rendered":"<p>SS Repair Clamp with Flange Branch About\u00a0Stainless Steel Band Repair Clamp With Stainless Steel Flanged Branch: SS repair clamp with flange branch\u00a0will seal corrosion holes, impact damage and longitudinal cracks; This kind of repair clamp\u00a0is lightweight &amp; easy to install so it is ideal for making simple flanged connections on pressurised pipes; No specialist equipment [&hellip;]<\/p>","protected":false},"featured_media":4058,"comment_status":"open","ping_status":"closed","template":"","meta":{"_uag_custom_page_level_css":"","site-sidebar-layout":"default","site-content-layout":"","ast-site-content-layout":"default","site-content-style":"default","site-sidebar-style":"default","ast-global-header-display":"","ast-banner-title-visibility":"","ast-main-header-display":"","ast-hfb-above-header-display":"","ast-hfb-below-header-display":"","ast-hfb-mobile-header-display":"","site-post-title":"","ast-breadcrumbs-content":"","ast-featured-img":"","footer-sml-layout":"","ast-disable-related-posts":"","theme-transparent-header-meta":"default","adv-header-id-meta":"","stick-header-meta":"","header-above-stick-meta":"","header-main-stick-meta":"","header-below-stick-meta":"","astra-migrate-meta-layouts":"set","ast-page-background-enabled":"default","ast-page-background-meta":{"desktop":{"background-color":"","background-image":"","background-repeat":"repeat","background-position":"center center","background-size":"auto","background-attachment":"scroll","background-type":"","background-media":"","overlay-type":"","overlay-color":"","overlay-opacity":"","overlay-gradient":""},"tablet":{"background-color":"","background-image":"","background-repeat":"repeat","background-position":"center center","background-size":"auto","background-attachment":"scroll","background-type":"","background-media":"","overlay-type":"","overlay-color":"","overlay-opacity":"","overlay-gradient":""},"mobile":{"background-color":"","background-image":"","background-repeat":"repeat","background-position":"center center","background-size":"auto","background-attachment":"scroll","background-type":"","background-media":"","overlay-type":"","overlay-color":"","overlay-opacity":"","overlay-gradient":""}},"ast-content-background-meta":{"desktop":{"background-color":"var(--ast-global-color-5)","background-image":"","background-repeat":"repeat","background-position":"center center","background-size":"auto","background-attachment":"scroll","background-type":"","background-media":"","overlay-type":"","overlay-color":"","overlay-opacity":"","overlay-gradient":""},"tablet":{"background-color":"var(--ast-global-color-5)","background-image":"","background-repeat":"repeat","background-position":"center center","background-size":"auto","background-attachment":"scroll","background-type":"","background-media":"","overlay-type":"","overlay-color":"","overlay-opacity":"","overlay-gradient":""},"mobile":{"background-color":"var(--ast-global-color-5)","background-image":"","background-repeat":"repeat","background-position":"center center","background-size":"auto","background-attachment":"scroll","background-type":"","background-media":"","overlay-type":"","overlay-color":"","overlay-opacity":"","overlay-gradient":""}}},"product_brand":[],"product_cat":[70,126],"product_tag":[],"class_list":{"0":"post-4056","1":"product","2":"type-product","3":"status-publish","4":"has-post-thumbnail","6":"product_cat-repair-clamp","7":"product_cat-ss-repair-clamp-with-flange-branch","8":"desktop-align-left","9":"tablet-align-left","10":"mobile-align-left","12":"first","13":"instock","14":"shipping-taxable","15":"product-type-simple"},"uagb_featured_image_src":{"full":["https:\/\/www.fanrongcasting.com\/wp-content\/uploads\/2025\/03\/SS-Repair-Clamp-with-Flange-Branch-1-300x225-1.png",800,600,false],"thumbnail":["https:\/\/www.fanrongcasting.com\/wp-content\/uploads\/2025\/03\/SS-Repair-Clamp-with-Flange-Branch-1-300x225-1-150x150.png",150,150,true],"medium":["https:\/\/www.fanrongcasting.com\/wp-content\/uploads\/2025\/03\/SS-Repair-Clamp-with-Flange-Branch-1-300x225-1-300x225.png",300,225,true],"medium_large":["https:\/\/www.fanrongcasting.com\/wp-content\/uploads\/2025\/03\/SS-Repair-Clamp-with-Flange-Branch-1-300x225-1-768x576.png",768,576,true],"large":["https:\/\/www.fanrongcasting.com\/wp-content\/uploads\/2025\/03\/SS-Repair-Clamp-with-Flange-Branch-1-300x225-1.png",800,600,false],"1536x1536":["https:\/\/www.fanrongcasting.com\/wp-content\/uploads\/2025\/03\/SS-Repair-Clamp-with-Flange-Branch-1-300x225-1.png",800,600,false],"2048x2048":["https:\/\/www.fanrongcasting.com\/wp-content\/uploads\/2025\/03\/SS-Repair-Clamp-with-Flange-Branch-1-300x225-1.png",800,600,false],"trp-custom-language-flag":["https:\/\/www.fanrongcasting.com\/wp-content\/uploads\/2025\/03\/SS-Repair-Clamp-with-Flange-Branch-1-300x225-1-16x12.png",16,12,true],"woocommerce_thumbnail":["https:\/\/www.fanrongcasting.com\/wp-content\/uploads\/2025\/03\/SS-Repair-Clamp-with-Flange-Branch-1-300x225-1-300x300.png",300,300,true],"woocommerce_single":["https:\/\/www.fanrongcasting.com\/wp-content\/uploads\/2025\/03\/SS-Repair-Clamp-with-Flange-Branch-1-300x225-1-600x450.png",600,450,true],"woocommerce_gallery_thumbnail":["https:\/\/www.fanrongcasting.com\/wp-content\/uploads\/2025\/03\/SS-Repair-Clamp-with-Flange-Branch-1-300x225-1-100x100.png",100,100,true]},"uagb_author_info":{"display_name":"jinxing6611@gmail.com","author_link":"https:\/\/www.fanrongcasting.com\/pt\/author\/"},"uagb_comment_info":0,"uagb_excerpt":"SS Repair Clamp with Flange Branch About\u00a0Stainless Steel Band Repair Clamp With Stainless Steel Flanged Branch: SS repair clamp with flange branch\u00a0will seal corrosion holes, impact damage and longitudinal cracks; This kind of repair clamp\u00a0is lightweight &amp; easy to install so it is ideal for making simple flanged connections on pressurised pipes; No specialist equipment&hellip;","_links":{"self":[{"href":"https:\/\/www.fanrongcasting.com\/pt\/wp-json\/wp\/v2\/product\/4056","targetHints":{"allow":["GET"]}}],"collection":[{"href":"https:\/\/www.fanrongcasting.com\/pt\/wp-json\/wp\/v2\/product"}],"about":[{"href":"https:\/\/www.fanrongcasting.com\/pt\/wp-json\/wp\/v2\/types\/product"}],"replies":[{"embeddable":true,"href":"https:\/\/www.fanrongcasting.com\/pt\/wp-json\/wp\/v2\/comments?post=4056"}],"wp:featuredmedia":[{"embeddable":true,"href":"https:\/\/www.fanrongcasting.com\/pt\/wp-json\/wp\/v2\/media\/4058"}],"wp:attachment":[{"href":"https:\/\/www.fanrongcasting.com\/pt\/wp-json\/wp\/v2\/media?parent=4056"}],"wp:term":[{"taxonomy":"product_brand","embeddable":true,"href":"https:\/\/www.fanrongcasting.com\/pt\/wp-json\/wp\/v2\/product_brand?post=4056"},{"taxonomy":"product_cat","embeddable":true,"href":"https:\/\/www.fanrongcasting.com\/pt\/wp-json\/wp\/v2\/product_cat?post=4056"},{"taxonomy":"product_tag","embeddable":true,"href":"https:\/\/www.fanrongcasting.com\/pt\/wp-json\/wp\/v2\/product_tag?post=4056"}],"curies":[{"name":"wp","href":"https:\/\/api.w.org\/{rel}","templated":true}]}}