{"id":4048,"date":"2025-03-22T02:50:25","date_gmt":"2025-03-22T02:50:25","guid":{"rendered":"https:\/\/www.fanrongcasting.com\/?post_type=product&#038;p=4048"},"modified":"2025-04-07T01:25:25","modified_gmt":"2025-04-07T01:25:25","slug":"cast-iron-repair-clamp","status":"publish","type":"product","link":"https:\/\/www.fanrongcasting.com\/pt\/produto\/cast-iron-repair-clamp\/","title":{"rendered":"Bra\u00e7adeira de repara\u00e7\u00e3o em ferro fundido"},"content":{"rendered":"<p>&nbsp;<\/p>\n<p style=\"text-align: center;\"><strong>Bra\u00e7adeira de repara\u00e7\u00e3o em ferro fundido<\/strong><\/p>\n<p><img fetchpriority=\"high\" decoding=\"async\" class=\"aligncenter wp-image-4049 size-full\" src=\"https:\/\/www.fanrongcasting.com\/wp-content\/uploads\/2025\/03\/Ductile-Iron-Repair-Clamp.png\" alt=\"\" width=\"700\" height=\"350\" srcset=\"https:\/\/www.fanrongcasting.com\/wp-content\/uploads\/2025\/03\/Ductile-Iron-Repair-Clamp.png 700w, https:\/\/www.fanrongcasting.com\/wp-content\/uploads\/2025\/03\/Ductile-Iron-Repair-Clamp-300x150.png 300w, https:\/\/www.fanrongcasting.com\/wp-content\/uploads\/2025\/03\/Ductile-Iron-Repair-Clamp-18x9.png 18w, https:\/\/www.fanrongcasting.com\/wp-content\/uploads\/2025\/03\/Ductile-Iron-Repair-Clamp-600x300.png 600w\" sizes=\"(max-width: 700px) 100vw, 700px\" \/><\/p>\n<p><strong><b>Materiais<\/b><\/strong><\/p>\n<p><strong><b>1.Corpo de ferro d\u00factil<\/b><\/strong><\/p>\n<p><strong><b>2. veda\u00e7\u00f5es EPDM\/NBR<\/b><\/strong><\/p>\n<p><strong><b>3.Fixadores SS\/Dacromet A\u00e7o carbono\/Galvanizado<\/b><\/strong><strong><b> A\u00e7o carbono\u00a0 \u00a0 \u00a0 \u00a0 \u00a0 \u00a0 \u00a0\u00a0<\/b><\/strong><\/p>\n<p><strong><b>4. revestimento de ep\u00f3xi ligado por fus\u00e3o<\/b><\/strong><\/p>\n<p><strong><b>\u00a0<\/b><\/strong><\/p>\n<p><strong><b>Especifica\u00e7\u00e3o <\/b><\/strong><\/p>\n<ol>\n<li><strong><b>Tipo <\/b><\/strong><strong><b>Teste<\/b><\/strong><strong><b>EN14525\/BS8561<\/b><\/strong><\/li>\n<li><strong><b>Elastom\u00e9rico EN681-2<\/b><\/strong><\/li>\n<li><strong><b>Ferro fundido d\u00factil EN1563<\/b><\/strong><\/li>\n<li><strong><b>Revestimento WIS4-52-01<\/b><\/strong><\/li>\n<\/ol>\n<p><strong><b>Sobre a bra\u00e7adeira de repara\u00e7\u00e3o universal de toler\u00e2ncia ampla EasiRange:<\/b><\/strong><strong><b><br \/>\n<\/b><\/strong><strong><b>Pode ser instalado sob press\u00e3o.<\/b><\/strong><strong><b><br \/>\n<\/b><\/strong><strong><b>Permite uma repara\u00e7\u00e3o f\u00e1cil em condi\u00e7\u00f5es em que outros tubos est\u00e3o muito pr\u00f3ximos.<\/b><\/strong><strong><b><br \/>\n<\/b><\/strong><strong><b>Uma veda\u00e7\u00e3o fi\u00e1vel e permanente contra fissuras circunferenciais ou longitudinais.<\/b><\/strong><strong><b><br \/>\n<\/b><\/strong><strong><b>Dispon\u00edvel de DN50 a DN300.<\/b><\/strong><\/p>\n<p><b><\/b><strong><b>ESPECIFICA\u00c7\u00c3O:<\/b><\/strong><strong><b><br \/>\n<\/b><\/strong><strong><b>Ensaio de tipo:EN14525\/BS8561<\/b><\/strong><strong><b><br \/>\n<\/b><\/strong><strong><b>Elastom\u00e9rico:EN681-2<\/b><\/strong><strong><b><br \/>\n<\/b><\/strong><strong><b>Ferro fundido d\u00factil:EN1563 EN-GJS-450-10<\/b><\/strong><strong><b><br \/>\n<\/b><\/strong><strong><b>Revestimento:WIS4-52-01<\/b><\/strong><strong><b><br \/>\n<\/b><\/strong><strong><b>Liga\u00e7\u00e3o para todos os tubos;<\/b><\/strong><strong><b><br \/>\n<\/b><\/strong><strong><b>Press\u00e3o de funcionamento PN10\/16;<\/b><\/strong><strong><b><br \/>\n<\/b><\/strong><strong><b>Temperatura m\u00e1xima -10 ~ +70;<\/b><\/strong><strong><b><br \/>\n<\/b><\/strong><strong><b>Adequado para \u00e1gua pot\u00e1vel, l\u00edquidos neutros e esgotos;<\/b><\/strong><strong><b><br \/>\n<\/b><\/strong><strong><b>Aprovado pela WRAS.<\/b><\/strong><strong><b><br \/>\n<\/b><\/strong><\/p>\n<p><strong><b>Constru\u00e7\u00e3o resistente \u00e0 corros\u00e3o.<\/b><\/strong><\/p>\n<p>&nbsp;<\/p>\n<p style=\"text-align: center;\">","protected":false},"excerpt":{"rendered":"<p>&nbsp; Cast Iron Repair Clamp Materials 1.Body\u00a0 \u00a0 \u00a0 \u00a0 \u00a0 \u00a0 \u00a0 Ductile Iron 2.Seals\u00a0 \u00a0 \u00a0 \u00a0 \u00a0 \u00a0 \u00a0 EPDM\/NBR 3.Fasteners\u00a0 \u00a0\u00a0SS\/Dacromet Carbon Steel\/Galvanised Carbon Steel\u00a0 \u00a0 \u00a0 \u00a0 \u00a0 \u00a0 \u00a0\u00a0 4.Coating\u00a0 \u00a0 \u00a0 \u00a0Fusion Bonded Epoxy \u00a0 Specification Type TestEN14525\/BS8561 Elastomeric \u00a0\u00a0\u00a0EN681-2 Ductile Iron \u00a0\u00a0EN1563 Coating \u00a0\u00a0\u00a0\u00a0\u00a0\u00a0\u00a0WIS4-52-01 About\u00a0EasiRange Universal Wide [&hellip;]<\/p>","protected":false},"featured_media":4050,"comment_status":"open","ping_status":"closed","template":"","meta":{"_uag_custom_page_level_css":"","site-sidebar-layout":"default","site-content-layout":"","ast-site-content-layout":"default","site-content-style":"default","site-sidebar-style":"default","ast-global-header-display":"","ast-banner-title-visibility":"","ast-main-header-display":"","ast-hfb-above-header-display":"","ast-hfb-below-header-display":"","ast-hfb-mobile-header-display":"","site-post-title":"","ast-breadcrumbs-content":"","ast-featured-img":"","footer-sml-layout":"","ast-disable-related-posts":"","theme-transparent-header-meta":"default","adv-header-id-meta":"","stick-header-meta":"","header-above-stick-meta":"","header-main-stick-meta":"","header-below-stick-meta":"","astra-migrate-meta-layouts":"set","ast-page-background-enabled":"default","ast-page-background-meta":{"desktop":{"background-color":"","background-image":"","background-repeat":"repeat","background-position":"center center","background-size":"auto","background-attachment":"scroll","background-type":"","background-media":"","overlay-type":"","overlay-color":"","overlay-opacity":"","overlay-gradient":""},"tablet":{"background-color":"","background-image":"","background-repeat":"repeat","background-position":"center center","background-size":"auto","background-attachment":"scroll","background-type":"","background-media":"","overlay-type":"","overlay-color":"","overlay-opacity":"","overlay-gradient":""},"mobile":{"background-color":"","background-image":"","background-repeat":"repeat","background-position":"center center","background-size":"auto","background-attachment":"scroll","background-type":"","background-media":"","overlay-type":"","overlay-color":"","overlay-opacity":"","overlay-gradient":""}},"ast-content-background-meta":{"desktop":{"background-color":"var(--ast-global-color-5)","background-image":"","background-repeat":"repeat","background-position":"center center","background-size":"auto","background-attachment":"scroll","background-type":"","background-media":"","overlay-type":"","overlay-color":"","overlay-opacity":"","overlay-gradient":""},"tablet":{"background-color":"var(--ast-global-color-5)","background-image":"","background-repeat":"repeat","background-position":"center center","background-size":"auto","background-attachment":"scroll","background-type":"","background-media":"","overlay-type":"","overlay-color":"","overlay-opacity":"","overlay-gradient":""},"mobile":{"background-color":"var(--ast-global-color-5)","background-image":"","background-repeat":"repeat","background-position":"center center","background-size":"auto","background-attachment":"scroll","background-type":"","background-media":"","overlay-type":"","overlay-color":"","overlay-opacity":"","overlay-gradient":""}}},"product_brand":[],"product_cat":[124,70],"product_tag":[],"class_list":{"0":"post-4048","1":"product","2":"type-product","3":"status-publish","4":"has-post-thumbnail","6":"product_cat-cast-iron-repair-clamp","7":"product_cat-repair-clamp","8":"desktop-align-left","9":"tablet-align-left","10":"mobile-align-left","12":"first","13":"instock","14":"shipping-taxable","15":"product-type-simple"},"uagb_featured_image_src":{"full":["https:\/\/www.fanrongcasting.com\/wp-content\/uploads\/2025\/03\/\u56fe\u72471-300x225-1.png",800,600,false],"thumbnail":["https:\/\/www.fanrongcasting.com\/wp-content\/uploads\/2025\/03\/\u56fe\u72471-300x225-1-150x150.png",150,150,true],"medium":["https:\/\/www.fanrongcasting.com\/wp-content\/uploads\/2025\/03\/\u56fe\u72471-300x225-1-300x225.png",300,225,true],"medium_large":["https:\/\/www.fanrongcasting.com\/wp-content\/uploads\/2025\/03\/\u56fe\u72471-300x225-1-768x576.png",768,576,true],"large":["https:\/\/www.fanrongcasting.com\/wp-content\/uploads\/2025\/03\/\u56fe\u72471-300x225-1.png",800,600,false],"1536x1536":["https:\/\/www.fanrongcasting.com\/wp-content\/uploads\/2025\/03\/\u56fe\u72471-300x225-1.png",800,600,false],"2048x2048":["https:\/\/www.fanrongcasting.com\/wp-content\/uploads\/2025\/03\/\u56fe\u72471-300x225-1.png",800,600,false],"trp-custom-language-flag":["https:\/\/www.fanrongcasting.com\/wp-content\/uploads\/2025\/03\/\u56fe\u72471-300x225-1-16x12.png",16,12,true],"woocommerce_thumbnail":["https:\/\/www.fanrongcasting.com\/wp-content\/uploads\/2025\/03\/\u56fe\u72471-300x225-1-300x300.png",300,300,true],"woocommerce_single":["https:\/\/www.fanrongcasting.com\/wp-content\/uploads\/2025\/03\/\u56fe\u72471-300x225-1-600x450.png",600,450,true],"woocommerce_gallery_thumbnail":["https:\/\/www.fanrongcasting.com\/wp-content\/uploads\/2025\/03\/\u56fe\u72471-300x225-1-100x100.png",100,100,true]},"uagb_author_info":{"display_name":"jinxing6611@gmail.com","author_link":"https:\/\/www.fanrongcasting.com\/pt\/author\/"},"uagb_comment_info":0,"uagb_excerpt":"&nbsp; Cast Iron Repair Clamp Materials 1.Body\u00a0 \u00a0 \u00a0 \u00a0 \u00a0 \u00a0 \u00a0 Ductile Iron 2.Seals\u00a0 \u00a0 \u00a0 \u00a0 \u00a0 \u00a0 \u00a0 EPDM\/NBR 3.Fasteners\u00a0 \u00a0\u00a0SS\/Dacromet Carbon Steel\/Galvanised Carbon Steel\u00a0 \u00a0 \u00a0 \u00a0 \u00a0 \u00a0 \u00a0\u00a0 4.Coating\u00a0 \u00a0 \u00a0 \u00a0Fusion Bonded Epoxy \u00a0 Specification Type TestEN14525\/BS8561 Elastomeric \u00a0\u00a0\u00a0EN681-2 Ductile Iron \u00a0\u00a0EN1563 Coating \u00a0\u00a0\u00a0\u00a0\u00a0\u00a0\u00a0WIS4-52-01 About\u00a0EasiRange Universal Wide&hellip;","_links":{"self":[{"href":"https:\/\/www.fanrongcasting.com\/pt\/wp-json\/wp\/v2\/product\/4048","targetHints":{"allow":["GET"]}}],"collection":[{"href":"https:\/\/www.fanrongcasting.com\/pt\/wp-json\/wp\/v2\/product"}],"about":[{"href":"https:\/\/www.fanrongcasting.com\/pt\/wp-json\/wp\/v2\/types\/product"}],"replies":[{"embeddable":true,"href":"https:\/\/www.fanrongcasting.com\/pt\/wp-json\/wp\/v2\/comments?post=4048"}],"wp:featuredmedia":[{"embeddable":true,"href":"https:\/\/www.fanrongcasting.com\/pt\/wp-json\/wp\/v2\/media\/4050"}],"wp:attachment":[{"href":"https:\/\/www.fanrongcasting.com\/pt\/wp-json\/wp\/v2\/media?parent=4048"}],"wp:term":[{"taxonomy":"product_brand","embeddable":true,"href":"https:\/\/www.fanrongcasting.com\/pt\/wp-json\/wp\/v2\/product_brand?post=4048"},{"taxonomy":"product_cat","embeddable":true,"href":"https:\/\/www.fanrongcasting.com\/pt\/wp-json\/wp\/v2\/product_cat?post=4048"},{"taxonomy":"product_tag","embeddable":true,"href":"https:\/\/www.fanrongcasting.com\/pt\/wp-json\/wp\/v2\/product_tag?post=4048"}],"curies":[{"name":"wp","href":"https:\/\/api.w.org\/{rel}","templated":true}]}}