{"id":4025,"date":"2025-03-21T02:40:46","date_gmt":"2025-03-21T02:40:46","guid":{"rendered":"https:\/\/www.fanrongcasting.com\/?post_type=product&#038;p=4025"},"modified":"2025-05-19T03:36:20","modified_gmt":"2025-05-19T03:36:20","slug":"universal-stepped-coupling","status":"publish","type":"product","link":"https:\/\/www.fanrongcasting.com\/pt\/produto\/universal-stepped-coupling\/","title":{"rendered":"Acoplamento universal escalonado"},"content":{"rendered":"<p style=\"text-align: center;\"><strong>Acoplamento universal escalonado<\/strong><\/p>\n<p>\u00a0 \u00a0 \u00a0 \u00a0 \u00a0 \u00a0 \u00a0 \u00a0 \u00a0 \u00a0 \u00a0 \u00a0 \u00a0 \u00a0 \u00a0 \u00a0 \u00a0 \u00a0 \u00a0 \u00a0 \u00a0 \u00a0 \u00a0 \u00a0 \u00a0 \u00a0 \u00a0 \u00a0 \u00a0 \u00a0 \u00a0 \u00a0 \u00a0 \u00a0 \u00a0 \u00a0 \u00a0 \u00a0 \u00a0 \u00a0 \u00a0 \u00a0 \u00a0 \u00a0<img fetchpriority=\"high\" decoding=\"async\" class=\"size-medium wp-image-4292 aligncenter\" src=\"https:\/\/www.fanrongcasting.com\/wp-content\/uploads\/2025\/03\/11-2-234x300.png\" alt=\"\" width=\"234\" height=\"300\" srcset=\"https:\/\/www.fanrongcasting.com\/wp-content\/uploads\/2025\/03\/11-2-234x300.png 234w, https:\/\/www.fanrongcasting.com\/wp-content\/uploads\/2025\/03\/11-2-9x12.png 9w, https:\/\/www.fanrongcasting.com\/wp-content\/uploads\/2025\/03\/11-2.png 294w\" sizes=\"(max-width: 234px) 100vw, 234px\" \/><\/p>\n<p><img decoding=\"async\" class=\"size-medium wp-image-4293 aligncenter\" src=\"https:\/\/www.fanrongcasting.com\/wp-content\/uploads\/2025\/03\/22-3-300x259.png\" alt=\"\" width=\"300\" height=\"259\" srcset=\"https:\/\/www.fanrongcasting.com\/wp-content\/uploads\/2025\/03\/22-3-300x259.png 300w, https:\/\/www.fanrongcasting.com\/wp-content\/uploads\/2025\/03\/22-3-14x12.png 14w, https:\/\/www.fanrongcasting.com\/wp-content\/uploads\/2025\/03\/22-3.png 515w\" sizes=\"(max-width: 300px) 100vw, 300px\" \/><\/p>\n<p><strong><b>\u25c6<\/b><\/strong><strong><b>Material<\/b><\/strong><strong><b>\u00a0<\/b><\/strong><strong><b>Especifica\u00e7\u00e3o:<\/b><\/strong><\/p>\n<table>\n<tbody>\n<tr>\n<td width=\"42\">N\u00e3o.<\/td>\n<td width=\"113\">Nome das pe\u00e7as<\/td>\n<td width=\"161\">Material<\/td>\n<td width=\"107\"><strong><b>Especifica\u00e7\u00e3o<\/b><\/strong><\/td>\n<\/tr>\n<tr>\n<td width=\"42\">1<\/td>\n<td width=\"113\">Manga central<\/td>\n<td width=\"161\">A\u00e7o carbono<\/td>\n<td width=\"107\">S235JR<\/td>\n<\/tr>\n<tr>\n<td width=\"42\">2<\/td>\n<td width=\"113\">Anel de extremidade<\/td>\n<td width=\"161\">Ferro fundido d\u00factil<\/td>\n<td width=\"107\">GGG50<\/td>\n<\/tr>\n<tr>\n<td width=\"42\">3<\/td>\n<td width=\"113\">Junta de borracha<\/td>\n<td width=\"161\">Borracha<\/td>\n<td width=\"107\">EPDM<\/td>\n<\/tr>\n<tr>\n<td width=\"42\">4<\/td>\n<td width=\"113\">Parafuso<\/td>\n<td width=\"161\">A\u00e7o revestido a Dacromet<\/td>\n<td width=\"107\">ISO898-1:1999<\/td>\n<\/tr>\n<tr>\n<td width=\"42\">5<\/td>\n<td width=\"113\">M\u00e1quina de lavar roupa<\/td>\n<td width=\"161\">A\u00e7o revestido a Dacromet<\/td>\n<td width=\"107\"><\/td>\n<\/tr>\n<tr>\n<td width=\"42\">6<\/td>\n<td width=\"113\">Porca<\/td>\n<td width=\"161\">A\u00e7o revestido a Dacromet<\/td>\n<td width=\"107\">ISO898-2:1992<\/td>\n<\/tr>\n<tr>\n<td width=\"42\">7<\/td>\n<td width=\"113\">Tampa<\/td>\n<td width=\"161\">Pl\u00e1stico<\/td>\n<td width=\"107\"><\/td>\n<\/tr>\n<\/tbody>\n<\/table>\n<p><strong><b>\u25c6<\/b><\/strong>\u00a0<strong><b>Dimens\u00f5es (mm)<\/b><\/strong><\/p>\n<table>\n<tbody>\n<tr>\n<td colspan=\"4\" width=\"265\">Gama de tamanhos<\/td>\n<td colspan=\"2\" rowspan=\"2\" width=\"131\">&nbsp;<\/p>\n<p>Di\u00e2metro<\/td>\n<td colspan=\"2\" rowspan=\"2\" width=\"132\">&nbsp;<\/p>\n<p>Manga<\/td>\n<td rowspan=\"3\" width=\"65\">&nbsp;<\/p>\n<p><strong><b>Defini\u00e7\u00e3o<\/b><\/strong><\/p>\n<p><strong><b>Lacuna<\/b><\/strong><\/td>\n<td rowspan=\"3\" width=\"66\">&nbsp;<\/p>\n<p>M\u00e1ximo<\/p>\n<p><strong><b>Lacuna<\/b><\/strong><\/td>\n<td rowspan=\"3\" width=\"115\">&nbsp;<\/p>\n<p>&nbsp;<\/p>\n<p>MxL1<\/td>\n<\/tr>\n<tr>\n<td colspan=\"2\" width=\"132\">Extremidade pequena<\/td>\n<td colspan=\"2\" width=\"132\">Extremidade grande<\/td>\n<\/tr>\n<tr>\n<td width=\"66\">M\u00ednimo<\/td>\n<td width=\"65\">M\u00e1ximo<\/td>\n<td width=\"66\">M\u00ednimo<\/td>\n<td width=\"65\">M\u00e1ximo<\/td>\n<td width=\"65\">A1<\/td>\n<td width=\"65\">A<\/td>\n<td width=\"67\">L1<\/td>\n<td width=\"65\">T<\/td>\n<\/tr>\n<tr>\n<td width=\"66\">59<\/td>\n<td width=\"65\">72<\/td>\n<td width=\"66\">68<\/td>\n<td width=\"65\">84<\/td>\n<td width=\"65\">165<\/td>\n<td width=\"65\">180<\/td>\n<td width=\"67\">115<\/td>\n<td width=\"65\">4.5<\/td>\n<td width=\"65\">25<\/td>\n<td width=\"66\">50<\/td>\n<td width=\"115\">4-M12x190<\/td>\n<\/tr>\n<tr>\n<td width=\"66\">59<\/td>\n<td width=\"65\">72<\/td>\n<td width=\"66\">88<\/td>\n<td width=\"65\">103<\/td>\n<td width=\"65\">165<\/td>\n<td width=\"65\">185<\/td>\n<td width=\"67\">115<\/td>\n<td width=\"65\">4.5<\/td>\n<td width=\"65\">25<\/td>\n<td width=\"66\">50<\/td>\n<td width=\"115\">4-M12x190<\/td>\n<\/tr>\n<tr>\n<td width=\"66\">68<\/td>\n<td width=\"65\">84<\/td>\n<td width=\"66\">88<\/td>\n<td width=\"65\">103<\/td>\n<td width=\"65\">180<\/td>\n<td width=\"65\">185<\/td>\n<td width=\"67\">115<\/td>\n<td width=\"65\">4.5<\/td>\n<td width=\"65\">25<\/td>\n<td width=\"66\">50<\/td>\n<td width=\"115\">4-M12x190<\/td>\n<\/tr>\n<tr>\n<td width=\"66\">88<\/td>\n<td width=\"65\">103<\/td>\n<td width=\"66\">109<\/td>\n<td width=\"65\">128<\/td>\n<td width=\"65\">185<\/td>\n<td width=\"65\">225<\/td>\n<td width=\"67\">115<\/td>\n<td width=\"65\">4.5<\/td>\n<td width=\"65\">25<\/td>\n<td width=\"66\">50<\/td>\n<td width=\"115\">4-M12x190<\/td>\n<\/tr>\n<tr>\n<td width=\"66\">109<\/td>\n<td width=\"65\">128<\/td>\n<td width=\"66\">132<\/td>\n<td width=\"65\">153<\/td>\n<td width=\"65\">225<\/td>\n<td width=\"65\">250<\/td>\n<td width=\"67\">115<\/td>\n<td width=\"65\">4.5<\/td>\n<td width=\"65\">25<\/td>\n<td width=\"66\">50<\/td>\n<td width=\"115\">4-M12x210<\/td>\n<\/tr>\n<tr>\n<td width=\"66\">132<\/td>\n<td width=\"65\">153<\/td>\n<td width=\"66\">159<\/td>\n<td width=\"65\">182<\/td>\n<td width=\"65\">250<\/td>\n<td width=\"65\">275<\/td>\n<td width=\"67\">125<\/td>\n<td width=\"65\">4.5<\/td>\n<td width=\"65\">25<\/td>\n<td width=\"66\">50<\/td>\n<td width=\"115\">4-M12x220<\/td>\n<\/tr>\n<tr>\n<td width=\"66\">159<\/td>\n<td width=\"65\">182<\/td>\n<td width=\"66\">192<\/td>\n<td width=\"65\">210<\/td>\n<td width=\"65\">272<\/td>\n<td width=\"65\">305<\/td>\n<td width=\"67\">125<\/td>\n<td width=\"65\">5<\/td>\n<td width=\"65\">25<\/td>\n<td width=\"66\">50<\/td>\n<td width=\"115\">4-M12x220<\/td>\n<\/tr>\n<tr>\n<td width=\"66\">192<\/td>\n<td width=\"65\">210<\/td>\n<td width=\"66\">218<\/td>\n<td width=\"65\">235<\/td>\n<td width=\"65\">305<\/td>\n<td width=\"65\">315<\/td>\n<td width=\"67\">135<\/td>\n<td width=\"65\">5<\/td>\n<td width=\"65\">25<\/td>\n<td width=\"66\">50<\/td>\n<td width=\"115\">4-M12x230<\/td>\n<\/tr>\n<tr>\n<td width=\"66\">218<\/td>\n<td width=\"65\">235<\/td>\n<td width=\"66\">242<\/td>\n<td width=\"65\">266<\/td>\n<td width=\"65\">315<\/td>\n<td width=\"65\">350<\/td>\n<td width=\"67\">135<\/td>\n<td width=\"65\">5<\/td>\n<td width=\"65\">25<\/td>\n<td width=\"66\">50<\/td>\n<td width=\"115\">4-M12x230<\/td>\n<\/tr>\n<tr>\n<td width=\"66\">242<\/td>\n<td width=\"65\">266<\/td>\n<td width=\"66\">272<\/td>\n<td width=\"65\">289<\/td>\n<td width=\"65\">350<\/td>\n<td width=\"65\">395<\/td>\n<td width=\"67\">135<\/td>\n<td width=\"65\">5<\/td>\n<td width=\"65\">25<\/td>\n<td width=\"66\">50<\/td>\n<td width=\"115\">6-M12x230<\/td>\n<\/tr>\n<tr>\n<td width=\"66\">272<\/td>\n<td width=\"65\">289<\/td>\n<td width=\"66\">315<\/td>\n<td width=\"65\">332<\/td>\n<td width=\"65\">395<\/td>\n<td width=\"65\">450<\/td>\n<td width=\"67\">135<\/td>\n<td width=\"65\">5<\/td>\n<td width=\"65\">25<\/td>\n<td width=\"66\">50<\/td>\n<td width=\"115\">6-M12x230<\/td>\n<\/tr>\n<\/tbody>\n<\/table>\n<p>\u25c6\u00a0<strong><b>Carater\u00edsticas<\/b><\/strong><\/p>\n<ul>\n<li>Material em ferro fundido d\u00factilGGG50 (a\u00e7o macio S235JR) com revestimento FBE.<\/li>\n<li>Equipado com parafusos e porcas de a\u00e7o revestidos com Dacromet.<\/li>\n<li>Vedantes de borracha EPDM.<\/li>\n<li>Acess\u00f3rios mec\u00e2nicos para tubos de alta toler\u00e2ncia<\/li>\n<\/ul>\n<p>Permite a uni\u00e3o mec\u00e2nica de tubos de diferentes materiais e de v\u00e1rios di\u00e2metros exteriores.<\/p>\n<p>Descri\u00e7\u00e3o<\/p>\n<ul>\n<li>Ampla gama de di\u00e2metros exteriores: uma m\u00e9dia de 21 mm por lado.<\/li>\n<li>Pequeno n\u00famero de modelos para um di\u00e2metro nominal.<\/li>\n<li>Fiabilidade:<\/li>\n<\/ul>\n<p>- Junta estanque permanente ao comprimir a junta<\/p>\n<p>entre a flange de extremidade e a manga na superf\u00edcie do tubo.<\/p>\n<p>- Prote\u00e7\u00e3o anticorrosiva: revestimento em p\u00f3 ep\u00f3xi (150 \u03bcm) e<\/p>\n<p>Dacromet\u00ae 500 Gr.B para os parafusos.<\/p>\n<ul>\n<li>Facilidade e rapidez de instala\u00e7\u00e3o:<\/li>\n<\/ul>\n<p>- Deflex\u00e3o angular \u00b16\u00b0.<\/p>\n<p>- Absorve a expans\u00e3o e a contra\u00e7\u00e3o.<\/p>\n<p>- Acomoda o desalinhamento.<\/p>\n<p>- Lacuna importante na defini\u00e7\u00e3o.<\/p>\n<ul>\n<li>Conformidade com as normas:<\/li>\n<\/ul>\n<p>- NF A 48-830: Produtos de fundi\u00e7\u00e3o - Ferro fundido de grafite esferoidal<\/p>\n<p>acess\u00f3rios para tubagens de PVC para \u00e1gua pot\u00e1vel sob press\u00e3o.<\/p>\n<p>- NF EN 545: Tubos, liga\u00e7\u00f5es, acess\u00f3rios e respectivas juntas de ferro fundido d\u00factil para<\/p>\n<p>condutas de \u00e1gua - requisitos e m\u00e9todos de ensaio.<\/p>\n<p>- ISO 2531: Tubos de ferro fundido d\u00factil, acess\u00f3rios e respectivas juntas para<\/p>\n<p>aplica\u00e7\u00f5es aqu\u00e1ticas.<\/p>\n<ul>\n<li>Aprova\u00e7\u00e3o:<\/li>\n<\/ul>\n<p>- \u00c1gua pot\u00e1vel aprovada.<\/p>\n<ul>\n<li>Nota:<\/li>\n<\/ul>\n<p>Este acoplamento n\u00e3o resiste a for\u00e7as longitudinais, pelo que \u00e9 necess\u00e1rio<\/p>\n<p>\u00e9 fornecida uma conten\u00e7\u00e3o adequada para evitar a desloca\u00e7\u00e3o dos tubos.<\/p>\n<p>Dados t\u00e9cnicos<\/p>\n<ul>\n<li>Gama: DN 40\/50 a 400.<\/li>\n<li>Press\u00e3o m\u00e1xima de funcionamento: PN 16.<\/li>\n<li>Temperaturas: +0\u00b0C a +60\u00b0C.<\/li>\n<li>Bin\u00e1rio: 60 a 70 Nm.<\/li>\n<\/ul>\n<p>Aplica\u00e7\u00f5es<\/p>\n<ul>\n<li>Redes de \u00e1gua pot\u00e1vel.<\/li>\n<li>Bombagem, tratamento, armazenamento de \u00e1gua.<\/li>\n<li>Redes de prote\u00e7\u00e3o contra inc\u00eandios.<\/li>\n<li>Redes de irriga\u00e7\u00e3o.<\/li>\n<li>Redes de esgotos e drenagem de \u00e1guas pluviais<\/li>\n<\/ul>\n<p>(Tipo WC - EN 681-1).<\/p>\n<p>Testes<\/p>\n<ul>\n<li>Ensaio de veda\u00e7\u00e3o de acordo com a norma ISO 2531.<\/li>\n<\/ul>\n<p>&nbsp;<\/p>","protected":false},"excerpt":{"rendered":"<p>Universal Stepped Coupling \u00a0 \u00a0 \u00a0 \u00a0 \u00a0 \u00a0 \u00a0 \u00a0 \u00a0 \u00a0 \u00a0 \u00a0 \u00a0 \u00a0 \u00a0 \u00a0 \u00a0 \u00a0 \u00a0 \u00a0 \u00a0 \u00a0 \u00a0 \u00a0 \u00a0 \u00a0 \u00a0 \u00a0 \u00a0 \u00a0 \u00a0 \u00a0 \u00a0 \u00a0 \u00a0 \u00a0 \u00a0 \u00a0 \u00a0 \u00a0 \u00a0 \u00a0 \u00a0 \u00a0 \u25c6Material\u00a0Specification: No. Parts Name Material Specification 1 Center [&hellip;]<\/p>","protected":false},"featured_media":4027,"comment_status":"open","ping_status":"closed","template":"","meta":{"_uag_custom_page_level_css":"","site-sidebar-layout":"default","site-content-layout":"","ast-site-content-layout":"default","site-content-style":"default","site-sidebar-style":"default","ast-global-header-display":"","ast-banner-title-visibility":"","ast-main-header-display":"","ast-hfb-above-header-display":"","ast-hfb-below-header-display":"","ast-hfb-mobile-header-display":"","site-post-title":"","ast-breadcrumbs-content":"","ast-featured-img":"","footer-sml-layout":"","ast-disable-related-posts":"","theme-transparent-header-meta":"default","adv-header-id-meta":"","stick-header-meta":"","header-above-stick-meta":"","header-main-stick-meta":"","header-below-stick-meta":"","astra-migrate-meta-layouts":"set","ast-page-background-enabled":"default","ast-page-background-meta":{"desktop":{"background-color":"","background-image":"","background-repeat":"repeat","background-position":"center center","background-size":"auto","background-attachment":"scroll","background-type":"","background-media":"","overlay-type":"","overlay-color":"","overlay-opacity":"","overlay-gradient":""},"tablet":{"background-color":"","background-image":"","background-repeat":"repeat","background-position":"center center","background-size":"auto","background-attachment":"scroll","background-type":"","background-media":"","overlay-type":"","overlay-color":"","overlay-opacity":"","overlay-gradient":""},"mobile":{"background-color":"","background-image":"","background-repeat":"repeat","background-position":"center center","background-size":"auto","background-attachment":"scroll","background-type":"","background-media":"","overlay-type":"","overlay-color":"","overlay-opacity":"","overlay-gradient":""}},"ast-content-background-meta":{"desktop":{"background-color":"var(--ast-global-color-5)","background-image":"","background-repeat":"repeat","background-position":"center center","background-size":"auto","background-attachment":"scroll","background-type":"","background-media":"","overlay-type":"","overlay-color":"","overlay-opacity":"","overlay-gradient":""},"tablet":{"background-color":"var(--ast-global-color-5)","background-image":"","background-repeat":"repeat","background-position":"center center","background-size":"auto","background-attachment":"scroll","background-type":"","background-media":"","overlay-type":"","overlay-color":"","overlay-opacity":"","overlay-gradient":""},"mobile":{"background-color":"var(--ast-global-color-5)","background-image":"","background-repeat":"repeat","background-position":"center center","background-size":"auto","background-attachment":"scroll","background-type":"","background-media":"","overlay-type":"","overlay-color":"","overlay-opacity":"","overlay-gradient":""}}},"product_brand":[],"product_cat":[65,131],"product_tag":[],"class_list":{"0":"post-4025","1":"product","2":"type-product","3":"status-publish","4":"has-post-thumbnail","6":"product_cat-pipe-joint","7":"product_cat-universal-stepped-coupling","8":"desktop-align-left","9":"tablet-align-left","10":"mobile-align-left","12":"first","13":"instock","14":"shipping-taxable","15":"product-type-simple"},"uagb_featured_image_src":{"full":["https:\/\/www.fanrongcasting.com\/wp-content\/uploads\/2025\/03\/Universal-Step-Coupling1.png",800,600,false],"thumbnail":["https:\/\/www.fanrongcasting.com\/wp-content\/uploads\/2025\/03\/Universal-Step-Coupling1-150x150.png",150,150,true],"medium":["https:\/\/www.fanrongcasting.com\/wp-content\/uploads\/2025\/03\/Universal-Step-Coupling1-300x225.png",300,225,true],"medium_large":["https:\/\/www.fanrongcasting.com\/wp-content\/uploads\/2025\/03\/Universal-Step-Coupling1-768x576.png",768,576,true],"large":["https:\/\/www.fanrongcasting.com\/wp-content\/uploads\/2025\/03\/Universal-Step-Coupling1.png",800,600,false],"1536x1536":["https:\/\/www.fanrongcasting.com\/wp-content\/uploads\/2025\/03\/Universal-Step-Coupling1.png",800,600,false],"2048x2048":["https:\/\/www.fanrongcasting.com\/wp-content\/uploads\/2025\/03\/Universal-Step-Coupling1.png",800,600,false],"trp-custom-language-flag":["https:\/\/www.fanrongcasting.com\/wp-content\/uploads\/2025\/03\/Universal-Step-Coupling1-16x12.png",16,12,true],"woocommerce_thumbnail":["https:\/\/www.fanrongcasting.com\/wp-content\/uploads\/2025\/03\/Universal-Step-Coupling1-300x300.png",300,300,true],"woocommerce_single":["https:\/\/www.fanrongcasting.com\/wp-content\/uploads\/2025\/03\/Universal-Step-Coupling1-600x450.png",600,450,true],"woocommerce_gallery_thumbnail":["https:\/\/www.fanrongcasting.com\/wp-content\/uploads\/2025\/03\/Universal-Step-Coupling1-100x100.png",100,100,true]},"uagb_author_info":{"display_name":"jinxing6611@gmail.com","author_link":"https:\/\/www.fanrongcasting.com\/pt\/author\/"},"uagb_comment_info":0,"uagb_excerpt":"Universal Stepped Coupling \u00a0 \u00a0 \u00a0 \u00a0 \u00a0 \u00a0 \u00a0 \u00a0 \u00a0 \u00a0 \u00a0 \u00a0 \u00a0 \u00a0 \u00a0 \u00a0 \u00a0 \u00a0 \u00a0 \u00a0 \u00a0 \u00a0 \u00a0 \u00a0 \u00a0 \u00a0 \u00a0 \u00a0 \u00a0 \u00a0 \u00a0 \u00a0 \u00a0 \u00a0 \u00a0 \u00a0 \u00a0 \u00a0 \u00a0 \u00a0 \u00a0 \u00a0 \u00a0 \u00a0 \u25c6Material\u00a0Specification: No. Parts Name Material Specification 1 Center&hellip;","_links":{"self":[{"href":"https:\/\/www.fanrongcasting.com\/pt\/wp-json\/wp\/v2\/product\/4025","targetHints":{"allow":["GET"]}}],"collection":[{"href":"https:\/\/www.fanrongcasting.com\/pt\/wp-json\/wp\/v2\/product"}],"about":[{"href":"https:\/\/www.fanrongcasting.com\/pt\/wp-json\/wp\/v2\/types\/product"}],"replies":[{"embeddable":true,"href":"https:\/\/www.fanrongcasting.com\/pt\/wp-json\/wp\/v2\/comments?post=4025"}],"wp:featuredmedia":[{"embeddable":true,"href":"https:\/\/www.fanrongcasting.com\/pt\/wp-json\/wp\/v2\/media\/4027"}],"wp:attachment":[{"href":"https:\/\/www.fanrongcasting.com\/pt\/wp-json\/wp\/v2\/media?parent=4025"}],"wp:term":[{"taxonomy":"product_brand","embeddable":true,"href":"https:\/\/www.fanrongcasting.com\/pt\/wp-json\/wp\/v2\/product_brand?post=4025"},{"taxonomy":"product_cat","embeddable":true,"href":"https:\/\/www.fanrongcasting.com\/pt\/wp-json\/wp\/v2\/product_cat?post=4025"},{"taxonomy":"product_tag","embeddable":true,"href":"https:\/\/www.fanrongcasting.com\/pt\/wp-json\/wp\/v2\/product_tag?post=4025"}],"curies":[{"name":"wp","href":"https:\/\/api.w.org\/{rel}","templated":true}]}}