{"id":4016,"date":"2025-03-21T01:51:44","date_gmt":"2025-03-21T01:51:44","guid":{"rendered":"https:\/\/www.fanrongcasting.com\/?post_type=product&#038;p=4016"},"modified":"2025-05-19T03:37:14","modified_gmt":"2025-05-19T03:37:14","slug":"universal-range-coupling","status":"publish","type":"product","link":"https:\/\/www.fanrongcasting.com\/pt\/produto\/universal-range-coupling\/","title":{"rendered":"Acoplamento de gama universal"},"content":{"rendered":"<p style=\"text-align: center;\"><strong>Acoplamento de gama universal<\/strong><\/p>\n<p>\u00a0 \u00a0 \u00a0 \u00a0<img fetchpriority=\"high\" decoding=\"async\" class=\"size-medium wp-image-4295 aligncenter\" src=\"https:\/\/www.fanrongcasting.com\/wp-content\/uploads\/2025\/03\/11-3-300x252.png\" alt=\"\" width=\"300\" height=\"252\" srcset=\"https:\/\/www.fanrongcasting.com\/wp-content\/uploads\/2025\/03\/11-3-300x252.png 300w, https:\/\/www.fanrongcasting.com\/wp-content\/uploads\/2025\/03\/11-3-14x12.png 14w, https:\/\/www.fanrongcasting.com\/wp-content\/uploads\/2025\/03\/11-3.png 347w\" sizes=\"(max-width: 300px) 100vw, 300px\" \/>\u00a0 \u00a0 \u00a0<img decoding=\"async\" class=\"size-medium wp-image-4297 aligncenter\" src=\"https:\/\/www.fanrongcasting.com\/wp-content\/uploads\/2025\/03\/22-4-212x300.png\" alt=\"\" width=\"212\" height=\"300\" srcset=\"https:\/\/www.fanrongcasting.com\/wp-content\/uploads\/2025\/03\/22-4-212x300.png 212w, https:\/\/www.fanrongcasting.com\/wp-content\/uploads\/2025\/03\/22-4-8x12.png 8w, https:\/\/www.fanrongcasting.com\/wp-content\/uploads\/2025\/03\/22-4.png 290w\" sizes=\"(max-width: 212px) 100vw, 212px\" \/><\/p>\n<p><strong><b>\u25c6<\/b><\/strong><strong><b>Especifica\u00e7\u00e3o do material:<\/b><\/strong><\/p>\n<table>\n<tbody>\n<tr>\n<td width=\"44\">N\u00e3o.<\/td>\n<td width=\"111\">Nome das pe\u00e7as<\/td>\n<td width=\"160\">Material<\/td>\n<td width=\"108\">Especifica\u00e7\u00e3o<\/td>\n<\/tr>\n<tr>\n<td width=\"44\">1<\/td>\n<td width=\"111\">Manga central<\/td>\n<td width=\"160\">A\u00e7o carbono<\/td>\n<td width=\"108\">S235JR<\/td>\n<\/tr>\n<tr>\n<td width=\"44\">2<\/td>\n<td width=\"111\">Anel de extremidade<\/td>\n<td width=\"160\">Ferro fundido d\u00factil<\/td>\n<td width=\"108\">GGG50<\/td>\n<\/tr>\n<tr>\n<td width=\"44\">3<\/td>\n<td width=\"111\">Junta de borracha<\/td>\n<td width=\"160\">Borracha<\/td>\n<td width=\"108\">EPDM<\/td>\n<\/tr>\n<tr>\n<td width=\"44\">4<\/td>\n<td width=\"111\">Parafuso<\/td>\n<td width=\"160\">A\u00e7o revestido a Dacromet<\/td>\n<td width=\"108\">ISO898-1:1999<\/td>\n<\/tr>\n<tr>\n<td width=\"44\">5<\/td>\n<td width=\"111\">M\u00e1quina de lavar roupa<\/td>\n<td width=\"160\">A\u00e7o revestido a Dacromet<\/td>\n<td width=\"108\"><\/td>\n<\/tr>\n<tr>\n<td width=\"44\">6<\/td>\n<td width=\"111\">Porca<\/td>\n<td width=\"160\">A\u00e7o revestido a Dacromet<\/td>\n<td width=\"108\">ISO898-2:1992<\/td>\n<\/tr>\n<tr>\n<td width=\"44\">7<\/td>\n<td width=\"111\">Tampa<\/td>\n<td width=\"160\">Pl\u00e1stico<\/td>\n<td width=\"108\"><\/td>\n<\/tr>\n<\/tbody>\n<\/table>\n<p><strong><b>\u25c6<\/b><\/strong>\u00a0<strong><b>Dimens\u00f5es (mm)<\/b><\/strong><\/p>\n<table>\n<tbody>\n<tr>\n<td rowspan=\"2\" width=\"104\">Tamanho<\/td>\n<td rowspan=\"2\" width=\"117\">Di\u00e2metro externo do tubo (mm)<\/td>\n<td rowspan=\"2\" width=\"90\">D<\/td>\n<td colspan=\"2\" width=\"191\"><strong><b>L1<\/b><\/strong><\/td>\n<td colspan=\"2\" width=\"273\">Parafuso n.\u00ba -MXL<\/td>\n<\/tr>\n<tr>\n<td width=\"92\">Curto<\/td>\n<td width=\"98\">Longo<\/td>\n<td width=\"123\">Curto<\/td>\n<td width=\"150\">Longo<\/td>\n<\/tr>\n<tr>\n<td width=\"104\">DN40<\/td>\n<td width=\"117\">48-60<\/td>\n<td width=\"90\">155<\/td>\n<td width=\"92\">95<\/td>\n<td width=\"98\">190<\/td>\n<td width=\"123\">2-M12x170<\/td>\n<td width=\"150\">2-M12x260<\/td>\n<\/tr>\n<tr>\n<td width=\"104\">DN50<\/td>\n<td width=\"117\">59-72<\/td>\n<td width=\"90\">165<\/td>\n<td width=\"92\">95<\/td>\n<td width=\"98\">190<\/td>\n<td width=\"123\">2-M12x170<\/td>\n<td width=\"150\">2-M12x260<\/td>\n<\/tr>\n<tr>\n<td width=\"104\">DN65<\/td>\n<td width=\"117\">72-85<\/td>\n<td width=\"90\">180<\/td>\n<td width=\"92\">95<\/td>\n<td width=\"98\">190<\/td>\n<td width=\"123\">2-M12x170<\/td>\n<td width=\"150\">2-M12x260<\/td>\n<\/tr>\n<tr>\n<td width=\"104\">DN80<\/td>\n<td width=\"117\">88-103<\/td>\n<td width=\"90\">185<\/td>\n<td width=\"92\">95<\/td>\n<td width=\"98\">190<\/td>\n<td width=\"123\">4-M12x180<\/td>\n<td width=\"150\">4-M12x280<\/td>\n<\/tr>\n<tr>\n<td width=\"104\">DN100<\/td>\n<td width=\"117\">107-128<\/td>\n<td width=\"90\">225<\/td>\n<td width=\"92\">95<\/td>\n<td width=\"98\">190<\/td>\n<td width=\"123\">4-M12x180<\/td>\n<td width=\"150\">4-M12x280<\/td>\n<\/tr>\n<tr>\n<td width=\"104\">DN125<\/td>\n<td width=\"117\">132-153<\/td>\n<td width=\"90\">250<\/td>\n<td width=\"92\">95<\/td>\n<td width=\"98\">190<\/td>\n<td width=\"123\">4-M12x180<\/td>\n<td width=\"150\">4-M12x280<\/td>\n<\/tr>\n<tr>\n<td width=\"104\">DN150<\/td>\n<td width=\"117\">159-182<\/td>\n<td width=\"90\">275<\/td>\n<td width=\"92\">110<\/td>\n<td width=\"98\">190<\/td>\n<td width=\"123\">4-M12x210<\/td>\n<td width=\"150\">4-M12x280<\/td>\n<\/tr>\n<tr>\n<td width=\"104\">DN175<\/td>\n<td width=\"117\">192-210<\/td>\n<td width=\"90\">305<\/td>\n<td width=\"92\">130<\/td>\n<td width=\"98\">190<\/td>\n<td width=\"123\">4-M12x220<\/td>\n<td width=\"150\">4-M12x280<\/td>\n<\/tr>\n<tr>\n<td width=\"104\">DN200<\/td>\n<td width=\"117\">218-235<\/td>\n<td width=\"90\">315<\/td>\n<td width=\"92\">130<\/td>\n<td width=\"98\">190<\/td>\n<td width=\"123\">4-M12x220<\/td>\n<td width=\"150\">4-M12x280<\/td>\n<\/tr>\n<tr>\n<td width=\"104\">DN225<\/td>\n<td width=\"117\">242-267<\/td>\n<td width=\"90\">350<\/td>\n<td width=\"92\">130<\/td>\n<td width=\"98\">245<\/td>\n<td width=\"123\">4-M12x220<\/td>\n<td width=\"150\">4-M12x350<\/td>\n<\/tr>\n<tr>\n<td width=\"104\">DN250<\/td>\n<td width=\"117\">272-289<\/td>\n<td width=\"90\">395<\/td>\n<td width=\"92\">130<\/td>\n<td width=\"98\">245<\/td>\n<td width=\"123\">6-M12x220<\/td>\n<td width=\"150\">6-M12x350<\/td>\n<\/tr>\n<tr>\n<td width=\"104\">DN300<\/td>\n<td width=\"117\">315-332<\/td>\n<td width=\"90\">450<\/td>\n<td width=\"92\">130<\/td>\n<td width=\"98\">245<\/td>\n<td width=\"123\">6-M12x220<\/td>\n<td width=\"150\">6-M12x350<\/td>\n<\/tr>\n<tr>\n<td width=\"104\">DN300<\/td>\n<td width=\"117\">322-339<\/td>\n<td width=\"90\">460<\/td>\n<td width=\"92\">130<\/td>\n<td width=\"98\">245<\/td>\n<td width=\"123\">6-M12x220<\/td>\n<td width=\"150\">6-M12x350<\/td>\n<\/tr>\n<tr>\n<td width=\"104\">DN350<\/td>\n<td width=\"117\">351-378<\/td>\n<td width=\"90\">510<\/td>\n<td width=\"92\">130<\/td>\n<td width=\"98\">245<\/td>\n<td width=\"123\">8-M14x235<\/td>\n<td width=\"150\">8-M14x350<\/td>\n<\/tr>\n<tr>\n<td width=\"104\">DN350<\/td>\n<td width=\"117\">374-391<\/td>\n<td width=\"90\">520<\/td>\n<td width=\"92\">130<\/td>\n<td width=\"98\">245<\/td>\n<td width=\"123\">8-M14x235<\/td>\n<td width=\"150\">8-M14x350<\/td>\n<\/tr>\n<tr>\n<td width=\"104\">DN400<\/td>\n<td width=\"117\">398-429<\/td>\n<td width=\"90\">550<\/td>\n<td width=\"92\">130<\/td>\n<td width=\"98\">245<\/td>\n<td width=\"123\">8-M14x235<\/td>\n<td width=\"150\">8-M14x350<\/td>\n<\/tr>\n<tr>\n<td width=\"104\">DN400<\/td>\n<td width=\"117\">425-442<\/td>\n<td width=\"90\">565<\/td>\n<td width=\"92\">130<\/td>\n<td width=\"98\">245<\/td>\n<td width=\"123\">8-M14x235<\/td>\n<td width=\"150\">8-M14x350<\/td>\n<\/tr>\n<tr>\n<td width=\"104\">DN450<\/td>\n<td width=\"117\">476-493<\/td>\n<td width=\"90\">615<\/td>\n<td width=\"92\">130<\/td>\n<td width=\"98\">245<\/td>\n<td width=\"123\">10-M14x235<\/td>\n<td width=\"150\">10-M14x350<\/td>\n<\/tr>\n<tr>\n<td width=\"104\">DN500<\/td>\n<td width=\"117\">526-544<\/td>\n<td width=\"90\">665<\/td>\n<td width=\"92\">130<\/td>\n<td width=\"98\">245<\/td>\n<td width=\"123\">10-M14x235<\/td>\n<td width=\"150\">10-M14x350<\/td>\n<\/tr>\n<tr>\n<td width=\"104\">DN550<\/td>\n<td width=\"117\">582-597<\/td>\n<td width=\"90\">710<\/td>\n<td width=\"92\">152<\/td>\n<td width=\"98\">245<\/td>\n<td width=\"123\">10-M16x240<\/td>\n<td width=\"150\">10-M16x360<\/td>\n<\/tr>\n<tr>\n<td width=\"104\">DN600<\/td>\n<td width=\"117\">630-647<\/td>\n<td width=\"90\">770<\/td>\n<td width=\"92\">130<\/td>\n<td width=\"98\">245<\/td>\n<td width=\"123\">10-M14x235<\/td>\n<td width=\"150\">10-M14x350<\/td>\n<\/tr>\n<tr>\n<td width=\"104\">DN700<\/td>\n<td width=\"117\">700-722<\/td>\n<td width=\"90\">835<\/td>\n<td width=\"92\">152<\/td>\n<td width=\"98\">245<\/td>\n<td width=\"123\">12-M16x240<\/td>\n<td width=\"150\">12-M16x360<\/td>\n<\/tr>\n<tr>\n<td width=\"104\">DN700<\/td>\n<td width=\"117\">710-739<\/td>\n<td width=\"90\">850<\/td>\n<td width=\"92\">152<\/td>\n<td width=\"98\">245<\/td>\n<td width=\"123\">12-M16x240<\/td>\n<td width=\"150\">12-M16x360<\/td>\n<\/tr>\n<tr>\n<td width=\"104\">DN750<\/td>\n<td width=\"117\">750-770<\/td>\n<td width=\"90\">880<\/td>\n<td width=\"92\">152<\/td>\n<td width=\"98\">245<\/td>\n<td width=\"123\">12-M16x240<\/td>\n<td width=\"150\">12-M16x360<\/td>\n<\/tr>\n<tr>\n<td width=\"104\">DN800<\/td>\n<td width=\"117\">811-823<\/td>\n<td width=\"90\">935<\/td>\n<td width=\"92\">152<\/td>\n<td width=\"98\">245<\/td>\n<td width=\"123\">12-M16x240<\/td>\n<td width=\"150\">12-M16x360<\/td>\n<\/tr>\n<tr>\n<td width=\"104\">DN800<\/td>\n<td width=\"117\">816-842<\/td>\n<td width=\"90\">955<\/td>\n<td width=\"92\">152<\/td>\n<td width=\"98\">245<\/td>\n<td width=\"123\">12-M16x240<\/td>\n<td width=\"150\">12-M16x360<\/td>\n<\/tr>\n<tr>\n<td width=\"104\">DN900<\/td>\n<td width=\"117\">912-925<\/td>\n<td width=\"90\">1045<\/td>\n<td width=\"92\">152<\/td>\n<td width=\"98\">245<\/td>\n<td width=\"123\">14-M16x240<\/td>\n<td width=\"150\">14-M16x360<\/td>\n<\/tr>\n<tr>\n<td width=\"104\">DN1000<\/td>\n<td width=\"117\">1006-1026<\/td>\n<td width=\"90\">1140<\/td>\n<td width=\"92\">178<\/td>\n<td width=\"98\">245<\/td>\n<td width=\"123\">14-M16x280<\/td>\n<td width=\"150\">14-M16x400<\/td>\n<\/tr>\n<tr>\n<td width=\"104\">DN1200<\/td>\n<td width=\"117\">1211-1232<\/td>\n<td width=\"90\">1350<\/td>\n<td width=\"92\">178<\/td>\n<td width=\"98\">245<\/td>\n<td width=\"123\">16-M16x280<\/td>\n<td width=\"150\">16-M16x400<\/td>\n<\/tr>\n<tr>\n<td width=\"104\">DN1400<\/td>\n<td width=\"117\">1422-1436<\/td>\n<td width=\"90\">1550<\/td>\n<td width=\"92\">178<\/td>\n<td width=\"98\">245<\/td>\n<td width=\"123\">20-M20x280<\/td>\n<td width=\"150\">20-M20x400<\/td>\n<\/tr>\n<\/tbody>\n<\/table>\n<h2><strong><b>Acoplamento de gama universal<\/b><\/strong><\/h2>\n<p><strong><b>Sobre o acoplamento universal de toler\u00e2ncia ampla para servi\u00e7os leves PN10 PN16:<\/b><\/strong><\/p>\n<p>Os acoplamentos universais de toler\u00e2ncia ampla incluem ambos os encaixes flex\u00edveis que permitem a expans\u00e3o,<\/p>\n<p>contra\u00e7\u00e3o e movimento, e vers\u00f5es totalmente restringidas, que eliminam a necessidade de blocos de impulso dispendiosos<\/p>\n<p>para acomodar as for\u00e7as devidas \u00e0 press\u00e3o interna nos tubos.china manufacturer.<\/p>\n<p><strong><b>CARACTER\u00cdSTICAS:<\/b><\/strong><strong><b><br \/>\n<\/b><\/strong>Constru\u00e7\u00e3o totalmente resistente \u00e0 corros\u00e3o<br \/>\nRevestimento interior e exterior em ep\u00f3xi ligado por fus\u00e3o<br \/>\nConstru\u00e7\u00e3o leve em ferro fundido d\u00factil<br \/>\nAmpla gama de articula\u00e7\u00f5es<br \/>\nFixador de a\u00e7o-carbono galvanizado a frio<br \/>\nJuntas de EPDM com aprova\u00e7\u00e3o WRAS<br \/>\n<strong><b>ESPECIFICA\u00c7\u00c3O:<\/b><\/strong><br \/>\nEnsaio de tipo:EN14525\/BS8561<br \/>\nElastom\u00e9rico:EN681-2<br \/>\nFerro fundido d\u00factil:EN1563 EN-GJS-450-10<br \/>\nRevestimento:WIS4-52-01<\/p>\n<p>Especifica\u00e7\u00e3o de perfura\u00e7\u00e3o:EN1092-2<\/p>\n<p>Liga\u00e7\u00e3o para DI, tubo de a\u00e7o ,<\/p>\n<p>Adequado para aplica\u00e7\u00e3o em \u00e1gua e l\u00edquidos neutros (esgotos)<br \/>\nTemperatura de funcionamento at\u00e9 70\u00b0C<\/p>","protected":false},"excerpt":{"rendered":"<p>Universal Range Coupling \u00a0 \u00a0 \u00a0 \u00a0\u00a0 \u00a0 \u00a0 \u25c6Material Specification: No. Parts Name Material Spedfication 1 Center\u00a0Sleeve Carbon\u00a0Steel S235JR 2 End\u00a0Ring Ductile\u00a0Iron GGG50 3 Rubber\u00a0Gasket Rubber EPDM 4 Bolt Dacromet Coated Steel ISO898-1:1999 5 Washer Dacromet Coated Steel 6 Nut Dacromet Coated Steel ISO898-2:1992 7 Cap Plastic \u25c6\u00a0Dimensions(mm) Size Pipe\u00a0OD(mm) D L1 Bolt No.-MXL [&hellip;]<\/p>","protected":false},"featured_media":4023,"comment_status":"open","ping_status":"closed","template":"","meta":{"_uag_custom_page_level_css":"","site-sidebar-layout":"default","site-content-layout":"","ast-site-content-layout":"default","site-content-style":"default","site-sidebar-style":"default","ast-global-header-display":"","ast-banner-title-visibility":"","ast-main-header-display":"","ast-hfb-above-header-display":"","ast-hfb-below-header-display":"","ast-hfb-mobile-header-display":"","site-post-title":"","ast-breadcrumbs-content":"","ast-featured-img":"","footer-sml-layout":"","ast-disable-related-posts":"","theme-transparent-header-meta":"default","adv-header-id-meta":"","stick-header-meta":"","header-above-stick-meta":"","header-main-stick-meta":"","header-below-stick-meta":"","astra-migrate-meta-layouts":"set","ast-page-background-enabled":"default","ast-page-background-meta":{"desktop":{"background-color":"","background-image":"","background-repeat":"repeat","background-position":"center center","background-size":"auto","background-attachment":"scroll","background-type":"","background-media":"","overlay-type":"","overlay-color":"","overlay-opacity":"","overlay-gradient":""},"tablet":{"background-color":"","background-image":"","background-repeat":"repeat","background-position":"center center","background-size":"auto","background-attachment":"scroll","background-type":"","background-media":"","overlay-type":"","overlay-color":"","overlay-opacity":"","overlay-gradient":""},"mobile":{"background-color":"","background-image":"","background-repeat":"repeat","background-position":"center center","background-size":"auto","background-attachment":"scroll","background-type":"","background-media":"","overlay-type":"","overlay-color":"","overlay-opacity":"","overlay-gradient":""}},"ast-content-background-meta":{"desktop":{"background-color":"var(--ast-global-color-5)","background-image":"","background-repeat":"repeat","background-position":"center center","background-size":"auto","background-attachment":"scroll","background-type":"","background-media":"","overlay-type":"","overlay-color":"","overlay-opacity":"","overlay-gradient":""},"tablet":{"background-color":"var(--ast-global-color-5)","background-image":"","background-repeat":"repeat","background-position":"center center","background-size":"auto","background-attachment":"scroll","background-type":"","background-media":"","overlay-type":"","overlay-color":"","overlay-opacity":"","overlay-gradient":""},"mobile":{"background-color":"var(--ast-global-color-5)","background-image":"","background-repeat":"repeat","background-position":"center center","background-size":"auto","background-attachment":"scroll","background-type":"","background-media":"","overlay-type":"","overlay-color":"","overlay-opacity":"","overlay-gradient":""}}},"product_brand":[],"product_cat":[65,99],"product_tag":[],"class_list":{"0":"post-4016","1":"product","2":"type-product","3":"status-publish","4":"has-post-thumbnail","6":"product_cat-pipe-joint","7":"product_cat-universal-flange-adaptor-and-coupling","8":"desktop-align-left","9":"tablet-align-left","10":"mobile-align-left","12":"first","13":"instock","14":"shipping-taxable","15":"product-type-simple"},"uagb_featured_image_src":{"full":["https:\/\/www.fanrongcasting.com\/wp-content\/uploads\/2025\/03\/universal-Coupling.png",800,600,false],"thumbnail":["https:\/\/www.fanrongcasting.com\/wp-content\/uploads\/2025\/03\/universal-Coupling-150x150.png",150,150,true],"medium":["https:\/\/www.fanrongcasting.com\/wp-content\/uploads\/2025\/03\/universal-Coupling-300x225.png",300,225,true],"medium_large":["https:\/\/www.fanrongcasting.com\/wp-content\/uploads\/2025\/03\/universal-Coupling-768x576.png",768,576,true],"large":["https:\/\/www.fanrongcasting.com\/wp-content\/uploads\/2025\/03\/universal-Coupling.png",800,600,false],"1536x1536":["https:\/\/www.fanrongcasting.com\/wp-content\/uploads\/2025\/03\/universal-Coupling.png",800,600,false],"2048x2048":["https:\/\/www.fanrongcasting.com\/wp-content\/uploads\/2025\/03\/universal-Coupling.png",800,600,false],"trp-custom-language-flag":["https:\/\/www.fanrongcasting.com\/wp-content\/uploads\/2025\/03\/universal-Coupling-16x12.png",16,12,true],"woocommerce_thumbnail":["https:\/\/www.fanrongcasting.com\/wp-content\/uploads\/2025\/03\/universal-Coupling-300x300.png",300,300,true],"woocommerce_single":["https:\/\/www.fanrongcasting.com\/wp-content\/uploads\/2025\/03\/universal-Coupling-600x450.png",600,450,true],"woocommerce_gallery_thumbnail":["https:\/\/www.fanrongcasting.com\/wp-content\/uploads\/2025\/03\/universal-Coupling-100x100.png",100,100,true]},"uagb_author_info":{"display_name":"jinxing6611@gmail.com","author_link":"https:\/\/www.fanrongcasting.com\/pt\/author\/"},"uagb_comment_info":0,"uagb_excerpt":"Universal Range Coupling \u00a0 \u00a0 \u00a0 \u00a0\u00a0 \u00a0 \u00a0 \u25c6Material Specification: No. Parts Name Material Spedfication 1 Center\u00a0Sleeve Carbon\u00a0Steel S235JR 2 End\u00a0Ring Ductile\u00a0Iron GGG50 3 Rubber\u00a0Gasket Rubber EPDM 4 Bolt Dacromet Coated Steel ISO898-1:1999 5 Washer Dacromet Coated Steel 6 Nut Dacromet Coated Steel ISO898-2:1992 7 Cap Plastic \u25c6\u00a0Dimensions(mm) Size Pipe\u00a0OD(mm) D L1 Bolt No.-MXL&hellip;","_links":{"self":[{"href":"https:\/\/www.fanrongcasting.com\/pt\/wp-json\/wp\/v2\/product\/4016","targetHints":{"allow":["GET"]}}],"collection":[{"href":"https:\/\/www.fanrongcasting.com\/pt\/wp-json\/wp\/v2\/product"}],"about":[{"href":"https:\/\/www.fanrongcasting.com\/pt\/wp-json\/wp\/v2\/types\/product"}],"replies":[{"embeddable":true,"href":"https:\/\/www.fanrongcasting.com\/pt\/wp-json\/wp\/v2\/comments?post=4016"}],"wp:featuredmedia":[{"embeddable":true,"href":"https:\/\/www.fanrongcasting.com\/pt\/wp-json\/wp\/v2\/media\/4023"}],"wp:attachment":[{"href":"https:\/\/www.fanrongcasting.com\/pt\/wp-json\/wp\/v2\/media?parent=4016"}],"wp:term":[{"taxonomy":"product_brand","embeddable":true,"href":"https:\/\/www.fanrongcasting.com\/pt\/wp-json\/wp\/v2\/product_brand?post=4016"},{"taxonomy":"product_cat","embeddable":true,"href":"https:\/\/www.fanrongcasting.com\/pt\/wp-json\/wp\/v2\/product_cat?post=4016"},{"taxonomy":"product_tag","embeddable":true,"href":"https:\/\/www.fanrongcasting.com\/pt\/wp-json\/wp\/v2\/product_tag?post=4016"}],"curies":[{"name":"wp","href":"https:\/\/api.w.org\/{rel}","templated":true}]}}