{"id":4011,"date":"2025-03-21T01:42:15","date_gmt":"2025-03-21T01:42:15","guid":{"rendered":"https:\/\/www.fanrongcasting.com\/?post_type=product&#038;p=4011"},"modified":"2025-04-01T08:06:43","modified_gmt":"2025-04-01T08:06:43","slug":"universal-flange-adaptor","status":"publish","type":"product","link":"https:\/\/www.fanrongcasting.com\/pt\/produto\/universal-flange-adaptor\/","title":{"rendered":"Adaptador de flange universal"},"content":{"rendered":"<div style=\"width: 960px;\" class=\"wp-video\"><video class=\"wp-video-shortcode\" id=\"video-4011-1\" width=\"960\" height=\"720\" preload=\"metadata\" controls=\"controls\"><source type=\"video\/mp4\" src=\"https:\/\/www.fanrongcasting.com\/wp-content\/uploads\/2025\/03\/19-\u5e7f\u8303\u56f4\u63a5\u5934\u89c6\u9891.mp4?_=1\" \/><a href=\"https:\/\/www.fanrongcasting.com\/wp-content\/uploads\/2025\/03\/19-\u5e7f\u8303\u56f4\u63a5\u5934\u89c6\u9891.mp4\">https:\/\/www.fanrongcasting.com\/wp-content\/uploads\/2025\/03\/19-\u5e7f\u8303\u56f4\u63a5\u5934\u89c6\u9891.mp4<\/a><\/video><\/div>\n<p style=\"text-align: center;\"><strong>Adaptador de flange universal<\/strong><\/p>\n<p><img fetchpriority=\"high\" decoding=\"async\" class=\"size-medium wp-image-4298 aligncenter\" src=\"https:\/\/www.fanrongcasting.com\/wp-content\/uploads\/2025\/03\/11-4-285x300.png\" alt=\"\" width=\"285\" height=\"300\" srcset=\"https:\/\/www.fanrongcasting.com\/wp-content\/uploads\/2025\/03\/11-4-285x300.png 285w, https:\/\/www.fanrongcasting.com\/wp-content\/uploads\/2025\/03\/11-4-11x12.png 11w, https:\/\/www.fanrongcasting.com\/wp-content\/uploads\/2025\/03\/11-4.png 314w\" sizes=\"(max-width: 285px) 100vw, 285px\" \/><\/p>\n<p>&nbsp;<\/p>\n<p><strong><b>\u25c6<\/b><\/strong><strong><b>Especifica\u00e7\u00e3o do material:<\/b><\/strong><\/p>\n<table>\n<tbody>\n<tr>\n<td width=\"46\"><strong><b>N\u00e3o.<\/b><\/strong><\/td>\n<td width=\"100\"><strong><b>Pe\u00e7as<\/b><\/strong>\u00a0<strong><b>Nome<\/b><\/strong><\/td>\n<td width=\"168\"><strong><b>Material<\/b><\/strong><\/td>\n<td width=\"118\"><strong><b>Especifica\u00e7\u00e3o<\/b><\/strong><\/td>\n<\/tr>\n<tr>\n<td width=\"46\">1<\/td>\n<td width=\"100\">Corpo<\/td>\n<td width=\"168\">Ferro fundido d\u00factil<\/td>\n<td width=\"118\">GGG50<\/td>\n<\/tr>\n<tr>\n<td width=\"46\">2<\/td>\n<td width=\"100\">Anel de extremidade<\/td>\n<td width=\"168\">Ferro fundido d\u00factil<\/td>\n<td width=\"118\">GGG50<\/td>\n<\/tr>\n<tr>\n<td width=\"46\">3<\/td>\n<td width=\"100\">Veda\u00e7\u00e3o de borracha<\/td>\n<td width=\"168\">Borracha<\/td>\n<td width=\"118\">EPDM<\/td>\n<\/tr>\n<tr>\n<td width=\"46\">4<\/td>\n<td width=\"100\">Parafuso<\/td>\n<td width=\"168\">A\u00e7o revestido a Dacromet<\/td>\n<td width=\"118\">ISO898-1:1999<\/td>\n<\/tr>\n<tr>\n<td width=\"46\">5<\/td>\n<td width=\"100\">M\u00e1quina de lavar roupa<\/td>\n<td width=\"168\">A\u00e7o revestido com Dacromet<\/td>\n<td width=\"118\">&nbsp;<\/td>\n<\/tr>\n<tr>\n<td width=\"46\">6<\/td>\n<td width=\"100\">Porca<\/td>\n<td width=\"168\">A\u00e7o revestido a Dacromet<\/td>\n<td width=\"118\">ISO898-2:1992<\/td>\n<\/tr>\n<tr>\n<td width=\"46\">7<\/td>\n<td width=\"100\">Tampa<\/td>\n<td width=\"168\">Pl\u00e1stico<\/td>\n<td width=\"118\"><\/td>\n<\/tr>\n<\/tbody>\n<\/table>\n<p><img decoding=\"async\" class=\"aligncenter wp-image-4300 size-full\" src=\"https:\/\/www.fanrongcasting.com\/wp-content\/uploads\/2025\/03\/33-1.png\" alt=\"\" width=\"1210\" height=\"842\" srcset=\"https:\/\/www.fanrongcasting.com\/wp-content\/uploads\/2025\/03\/33-1.png 1210w, https:\/\/www.fanrongcasting.com\/wp-content\/uploads\/2025\/03\/33-1-300x209.png 300w, https:\/\/www.fanrongcasting.com\/wp-content\/uploads\/2025\/03\/33-1-1024x713.png 1024w, https:\/\/www.fanrongcasting.com\/wp-content\/uploads\/2025\/03\/33-1-768x534.png 768w, https:\/\/www.fanrongcasting.com\/wp-content\/uploads\/2025\/03\/33-1-18x12.png 18w, https:\/\/www.fanrongcasting.com\/wp-content\/uploads\/2025\/03\/33-1-600x418.png 600w\" sizes=\"(max-width: 1210px) 100vw, 1210px\" \/><\/p>\n<p>\u25c6<strong><b>Carater\u00edsticas<\/b><\/strong><\/p>\n<ul>\n<li>Material de ferro fundido d\u00factilGGG50 com revestimento FBE.<\/li>\n<li>PN10,PN16 press\u00e3o de trabalho.<\/li>\n<li>Equipado com parafusos e porcas em a\u00e7o revestido a Dacromet.<\/li>\n<li>Vedantes de borracha EPDMouNBR.<\/li>\n<li>Acess\u00f3rios mec\u00e2nicos para tubos de alta toler\u00e2ncia<\/li>\n<\/ul>\n<h2><strong><b>Adaptador de flange universal<\/b><\/strong><\/h2>\n<p>Uma gama de adaptadores de flange, incluindo de grande di\u00e2metro, concebidos para acomodar tubos de extremidade lisa com diferentes di\u00e2metros exteriores. Estes adaptadores de flange de toler\u00e2ncia ampla de tamanho \u00fanico cobrem uma s\u00e9rie de materiais de tubos diferentes, tornando-os ideais para trabalhos de repara\u00e7\u00e3o e manuten\u00e7\u00e3o, reduzindo a necessidade de um grande stock.<\/p>\n<p><strong><b>CARACTER\u00cdSTICAS:<\/b><\/strong><br \/>\nConstru\u00e7\u00e3o totalmente resistente \u00e0 corros\u00e3o<br \/>\nRevestimento interior e exterior em ep\u00f3xi ligado por fus\u00e3o<br \/>\nConstru\u00e7\u00e3o leve em ferro fundido d\u00factil<br \/>\nAmpla gama de articula\u00e7\u00f5es<br \/>\nFixador de a\u00e7o-carbono galvanizado a frio<br \/>\nJuntas de EPDM com aprova\u00e7\u00e3o WRAS<br \/>\n<strong><b>ESPECIFICA\u00c7\u00c3O:<\/b><\/strong><br \/>\nEnsaio de tipo:EN14525\/BS8561<br \/>\nElastom\u00e9rico:EN681-2<br \/>\nFerro fundido d\u00factil:EN1563 EN-GJS-450-10<br \/>\nRevestimento:WIS4-52-01<\/p>\n<p>Especifica\u00e7\u00e3o de perfura\u00e7\u00e3o:EN1092-2<\/p>\n<p>PN10\/16<\/p>\n<p>Conex\u00e3o para DI, tubo de a\u00e7o, PVC, AC e outros<br \/>\nAdequado para aplica\u00e7\u00e3o em \u00e1gua e l\u00edquidos neutros (esgotos)<br \/>\nTemperatura de funcionamento at\u00e9 70\u00b0C<\/p>\n<p>&nbsp;<\/p>","protected":false},"excerpt":{"rendered":"<p>Universal Flange Adaptor &nbsp; \u25c6Material Specification: No. Parts\u00a0Name Material Specification 1 Body Ductile\u00a0Iron GGG50 2 End\u00a0Ring Ductile\u00a0Iron GGG50 3 Rubber\u00a0Seal Rubber EPDM 4 Bolt Dacromet\u00a0Coated\u00a0Steel ISO898-1:1999 5 Washer Dacromet Coated Stee &nbsp; 6 Nut Dacromet\u00a0Coated\u00a0Steel ISO898-2:1992 7 Cap Plastic \u25c6Features DuctileIronGGG50\u00a0material\u00a0with\u00a0FBE\u00a0coated. PN10,PN16working \u00a0pressure. Equippedwith \u00a0DacrometCoated\u00a0Steel \u00a0bolts,nuts. EPDMorNBR\u00a0rubber\u00a0seals. HighToleranceMechanical\u00a0Pipe\u00a0Fittings Universal Flange Adaptor A range of flange [&hellip;]<\/p>","protected":false},"featured_media":4012,"comment_status":"open","ping_status":"closed","template":"","meta":{"_uag_custom_page_level_css":"","site-sidebar-layout":"default","site-content-layout":"","ast-site-content-layout":"default","site-content-style":"default","site-sidebar-style":"default","ast-global-header-display":"","ast-banner-title-visibility":"","ast-main-header-display":"","ast-hfb-above-header-display":"","ast-hfb-below-header-display":"","ast-hfb-mobile-header-display":"","site-post-title":"","ast-breadcrumbs-content":"","ast-featured-img":"","footer-sml-layout":"","ast-disable-related-posts":"","theme-transparent-header-meta":"default","adv-header-id-meta":"","stick-header-meta":"","header-above-stick-meta":"","header-main-stick-meta":"","header-below-stick-meta":"","astra-migrate-meta-layouts":"set","ast-page-background-enabled":"default","ast-page-background-meta":{"desktop":{"background-color":"","background-image":"","background-repeat":"repeat","background-position":"center center","background-size":"auto","background-attachment":"scroll","background-type":"","background-media":"","overlay-type":"","overlay-color":"","overlay-opacity":"","overlay-gradient":""},"tablet":{"background-color":"","background-image":"","background-repeat":"repeat","background-position":"center center","background-size":"auto","background-attachment":"scroll","background-type":"","background-media":"","overlay-type":"","overlay-color":"","overlay-opacity":"","overlay-gradient":""},"mobile":{"background-color":"","background-image":"","background-repeat":"repeat","background-position":"center center","background-size":"auto","background-attachment":"scroll","background-type":"","background-media":"","overlay-type":"","overlay-color":"","overlay-opacity":"","overlay-gradient":""}},"ast-content-background-meta":{"desktop":{"background-color":"var(--ast-global-color-5)","background-image":"","background-repeat":"repeat","background-position":"center center","background-size":"auto","background-attachment":"scroll","background-type":"","background-media":"","overlay-type":"","overlay-color":"","overlay-opacity":"","overlay-gradient":""},"tablet":{"background-color":"var(--ast-global-color-5)","background-image":"","background-repeat":"repeat","background-position":"center center","background-size":"auto","background-attachment":"scroll","background-type":"","background-media":"","overlay-type":"","overlay-color":"","overlay-opacity":"","overlay-gradient":""},"mobile":{"background-color":"var(--ast-global-color-5)","background-image":"","background-repeat":"repeat","background-position":"center center","background-size":"auto","background-attachment":"scroll","background-type":"","background-media":"","overlay-type":"","overlay-color":"","overlay-opacity":"","overlay-gradient":""}}},"product_brand":[],"product_cat":[65,99],"product_tag":[],"class_list":{"0":"post-4011","1":"product","2":"type-product","3":"status-publish","4":"has-post-thumbnail","6":"product_cat-pipe-joint","7":"product_cat-universal-flange-adaptor-and-coupling","8":"desktop-align-left","9":"tablet-align-left","10":"mobile-align-left","12":"first","13":"instock","14":"shipping-taxable","15":"product-type-simple"},"uagb_featured_image_src":{"full":["https:\/\/www.fanrongcasting.com\/wp-content\/uploads\/2025\/03\/\u672a\u6807\u9898-1-4.png",800,600,false],"thumbnail":["https:\/\/www.fanrongcasting.com\/wp-content\/uploads\/2025\/03\/\u672a\u6807\u9898-1-4-150x150.png",150,150,true],"medium":["https:\/\/www.fanrongcasting.com\/wp-content\/uploads\/2025\/03\/\u672a\u6807\u9898-1-4-300x225.png",300,225,true],"medium_large":["https:\/\/www.fanrongcasting.com\/wp-content\/uploads\/2025\/03\/\u672a\u6807\u9898-1-4-768x576.png",768,576,true],"large":["https:\/\/www.fanrongcasting.com\/wp-content\/uploads\/2025\/03\/\u672a\u6807\u9898-1-4.png",800,600,false],"1536x1536":["https:\/\/www.fanrongcasting.com\/wp-content\/uploads\/2025\/03\/\u672a\u6807\u9898-1-4.png",800,600,false],"2048x2048":["https:\/\/www.fanrongcasting.com\/wp-content\/uploads\/2025\/03\/\u672a\u6807\u9898-1-4.png",800,600,false],"trp-custom-language-flag":["https:\/\/www.fanrongcasting.com\/wp-content\/uploads\/2025\/03\/\u672a\u6807\u9898-1-4-16x12.png",16,12,true],"woocommerce_thumbnail":["https:\/\/www.fanrongcasting.com\/wp-content\/uploads\/2025\/03\/\u672a\u6807\u9898-1-4-300x300.png",300,300,true],"woocommerce_single":["https:\/\/www.fanrongcasting.com\/wp-content\/uploads\/2025\/03\/\u672a\u6807\u9898-1-4-600x450.png",600,450,true],"woocommerce_gallery_thumbnail":["https:\/\/www.fanrongcasting.com\/wp-content\/uploads\/2025\/03\/\u672a\u6807\u9898-1-4-100x100.png",100,100,true]},"uagb_author_info":{"display_name":"jinxing6611@gmail.com","author_link":"https:\/\/www.fanrongcasting.com\/pt\/author\/"},"uagb_comment_info":0,"uagb_excerpt":"Universal Flange Adaptor &nbsp; \u25c6Material Specification: No. Parts\u00a0Name Material Specification 1 Body Ductile\u00a0Iron GGG50 2 End\u00a0Ring Ductile\u00a0Iron GGG50 3 Rubber\u00a0Seal Rubber EPDM 4 Bolt Dacromet\u00a0Coated\u00a0Steel ISO898-1:1999 5 Washer Dacromet Coated Stee &nbsp; 6 Nut Dacromet\u00a0Coated\u00a0Steel ISO898-2:1992 7 Cap Plastic \u25c6Features DuctileIronGGG50\u00a0material\u00a0with\u00a0FBE\u00a0coated. PN10,PN16working \u00a0pressure. Equippedwith \u00a0DacrometCoated\u00a0Steel \u00a0bolts,nuts. EPDMorNBR\u00a0rubber\u00a0seals. HighToleranceMechanical\u00a0Pipe\u00a0Fittings Universal Flange Adaptor A range of flange&hellip;","_links":{"self":[{"href":"https:\/\/www.fanrongcasting.com\/pt\/wp-json\/wp\/v2\/product\/4011","targetHints":{"allow":["GET"]}}],"collection":[{"href":"https:\/\/www.fanrongcasting.com\/pt\/wp-json\/wp\/v2\/product"}],"about":[{"href":"https:\/\/www.fanrongcasting.com\/pt\/wp-json\/wp\/v2\/types\/product"}],"replies":[{"embeddable":true,"href":"https:\/\/www.fanrongcasting.com\/pt\/wp-json\/wp\/v2\/comments?post=4011"}],"wp:featuredmedia":[{"embeddable":true,"href":"https:\/\/www.fanrongcasting.com\/pt\/wp-json\/wp\/v2\/media\/4012"}],"wp:attachment":[{"href":"https:\/\/www.fanrongcasting.com\/pt\/wp-json\/wp\/v2\/media?parent=4011"}],"wp:term":[{"taxonomy":"product_brand","embeddable":true,"href":"https:\/\/www.fanrongcasting.com\/pt\/wp-json\/wp\/v2\/product_brand?post=4011"},{"taxonomy":"product_cat","embeddable":true,"href":"https:\/\/www.fanrongcasting.com\/pt\/wp-json\/wp\/v2\/product_cat?post=4011"},{"taxonomy":"product_tag","embeddable":true,"href":"https:\/\/www.fanrongcasting.com\/pt\/wp-json\/wp\/v2\/product_tag?post=4011"}],"curies":[{"name":"wp","href":"https:\/\/api.w.org\/{rel}","templated":true}]}}