{"id":4008,"date":"2025-03-20T10:35:34","date_gmt":"2025-03-20T10:35:34","guid":{"rendered":"https:\/\/www.fanrongcasting.com\/?post_type=product&#038;p=4008"},"modified":"2025-04-01T08:08:41","modified_gmt":"2025-04-01T08:08:41","slug":"pe-restraint-coupling","status":"publish","type":"product","link":"https:\/\/www.fanrongcasting.com\/pt\/produto\/pe-restraint-coupling\/","title":{"rendered":"Acoplamento de reten\u00e7\u00e3o PE"},"content":{"rendered":"<p style=\"text-align: center;\"><strong>Acoplamento de reten\u00e7\u00e3o PE<\/strong><\/p>\n<p>\u00a0 \u00a0 \u00a0 \u00a0 \u00a0 \u00a0 \u00a0 \u00a0 \u00a0 \u00a0 \u00a0 \u00a0 \u00a0 \u00a0 \u00a0 \u00a0 \u00a0 \u00a0 \u00a0 \u00a0 \u00a0 \u00a0 \u00a0 \u00a0 \u00a0 \u00a0 \u00a0 \u00a0 \u00a0 \u00a0 \u00a0 \u00a0 \u00a0 \u00a0 \u00a0 \u00a0 \u00a0 \u00a0 \u00a0 \u00a0 \u00a0 <img fetchpriority=\"high\" decoding=\"async\" class=\"size-medium wp-image-4281 aligncenter\" src=\"https:\/\/www.fanrongcasting.com\/wp-content\/uploads\/2025\/03\/11-300x223.png\" alt=\"\" width=\"300\" height=\"223\" srcset=\"https:\/\/www.fanrongcasting.com\/wp-content\/uploads\/2025\/03\/11-300x223.png 300w, https:\/\/www.fanrongcasting.com\/wp-content\/uploads\/2025\/03\/11-16x12.png 16w, https:\/\/www.fanrongcasting.com\/wp-content\/uploads\/2025\/03\/11.png 430w\" sizes=\"(max-width: 300px) 100vw, 300px\" \/><\/p>\n<p><img decoding=\"async\" class=\"size-medium wp-image-4282 aligncenter\" src=\"https:\/\/www.fanrongcasting.com\/wp-content\/uploads\/2025\/03\/22-267x300.png\" alt=\"\" width=\"267\" height=\"300\" srcset=\"https:\/\/www.fanrongcasting.com\/wp-content\/uploads\/2025\/03\/22-267x300.png 267w, https:\/\/www.fanrongcasting.com\/wp-content\/uploads\/2025\/03\/22-11x12.png 11w, https:\/\/www.fanrongcasting.com\/wp-content\/uploads\/2025\/03\/22.png 389w\" sizes=\"(max-width: 267px) 100vw, 267px\" \/><\/p>\n<p><strong><b>\u25c6<\/b><\/strong>\u00a0<strong><b>Especifica\u00e7\u00e3o do material:<\/b><\/strong><\/p>\n<table>\n<tbody>\n<tr>\n<td width=\"46\"><strong><b>N\u00e3o.<\/b><\/strong><\/td>\n<td width=\"102\">Nome das pe\u00e7as<\/td>\n<td width=\"169\">Material<\/td>\n<td width=\"105\">Especifica\u00e7\u00e3o<\/td>\n<\/tr>\n<tr>\n<td width=\"46\">1<\/td>\n<td width=\"102\">Corpo<\/td>\n<td width=\"169\">Ferro fundido d\u00factil<\/td>\n<td width=\"105\">GGG50<\/td>\n<\/tr>\n<tr>\n<td width=\"46\">2<\/td>\n<td width=\"102\">Anel de veda\u00e7\u00e3o<\/td>\n<td width=\"169\">Borracha+Lat\u00e3o<\/td>\n<td width=\"105\">EPDM+Lat\u00e3o<\/td>\n<\/tr>\n<tr>\n<td width=\"46\">3<\/td>\n<td width=\"102\">Anel de extremidade<\/td>\n<td width=\"169\">Ferro fundido d\u00factil<\/td>\n<td width=\"105\">GGG50<\/td>\n<\/tr>\n<tr>\n<td width=\"46\">4<\/td>\n<td width=\"102\">Parafusos<\/td>\n<td width=\"169\">A\u00e7o revestido a Dacromet<\/td>\n<td width=\"105\"><\/td>\n<\/tr>\n<tr>\n<td width=\"46\">5<\/td>\n<td width=\"102\">M\u00e1quina de lavar roupa<\/td>\n<td width=\"169\">A\u00e7o revestido a Dacromet<\/td>\n<td width=\"105\"><\/td>\n<\/tr>\n<tr>\n<td width=\"46\">6<\/td>\n<td width=\"102\">Porca<\/td>\n<td width=\"169\">A\u00e7o revestido a Dacromet<\/td>\n<td width=\"105\"><\/td>\n<\/tr>\n<tr>\n<td width=\"46\">7<\/td>\n<td width=\"102\">Tampa<\/td>\n<td width=\"169\">Pl\u00e1stico<\/td>\n<td width=\"105\"><\/td>\n<\/tr>\n<\/tbody>\n<\/table>\n<p>\u25c6\u00a0<strong><b>Carater\u00edsticas<\/b><\/strong><\/p>\n<ul>\n<li>Material em ferro fundido d\u00factil GGG50 com revestimento FBE.<\/li>\n<li>PN10.PN 16 press\u00e3o de funcionamento.<\/li>\n<li>Equipado com parafusos e porcas de a\u00e7o revestidos com Dacromet.<\/li>\n<li>Vedantes de borracha EPDM ou NBR.<\/li>\n<li>Acess\u00f3rios mec\u00e2nicos para tubos de alta toler\u00e2ncia<\/li>\n<\/ul>\n<p>\u25c6 <strong style=\"font-size: 16px;\"><b>Dimens\u00f5es (mm)<\/b><\/strong><\/p>\n<table>\n<tbody>\n<tr>\n<td width=\"135\">Tamanho do tubo<\/td>\n<td width=\"119\">C<\/td>\n<td width=\"111\">A<\/td>\n<td width=\"130\">L1<\/td>\n<td width=\"129\"><strong><b>Parafusos<\/b><\/strong>\u00a0<strong><b>N\u00e3o.<\/b><\/strong><\/td>\n<td width=\"147\">MxL<\/td>\n<\/tr>\n<tr>\n<td width=\"135\">OD63<\/td>\n<td width=\"119\">66<\/td>\n<td width=\"111\">160<\/td>\n<td width=\"130\">95<\/td>\n<td width=\"129\">4<\/td>\n<td width=\"147\">M12x190<\/td>\n<\/tr>\n<tr>\n<td width=\"135\">OD75<\/td>\n<td width=\"119\">78<\/td>\n<td width=\"111\">165<\/td>\n<td width=\"130\">95<\/td>\n<td width=\"129\">2<\/td>\n<td width=\"147\">M12x190<\/td>\n<\/tr>\n<tr>\n<td width=\"135\">OD90<\/td>\n<td width=\"119\">93<\/td>\n<td width=\"111\">180<\/td>\n<td width=\"130\">95<\/td>\n<td width=\"129\">4<\/td>\n<td width=\"147\">M12x190<\/td>\n<\/tr>\n<tr>\n<td width=\"135\">OD110<\/td>\n<td width=\"119\">113<\/td>\n<td width=\"111\">205<\/td>\n<td width=\"130\">95<\/td>\n<td width=\"129\">4<\/td>\n<td width=\"147\">M12x190<\/td>\n<\/tr>\n<tr>\n<td width=\"135\">OD125<\/td>\n<td width=\"119\">128<\/td>\n<td width=\"111\">215<\/td>\n<td width=\"130\">95<\/td>\n<td width=\"129\">4<\/td>\n<td width=\"147\">M12x190<\/td>\n<\/tr>\n<tr>\n<td width=\"135\">OD140<\/td>\n<td width=\"119\">143<\/td>\n<td width=\"111\">240<\/td>\n<td width=\"130\">95<\/td>\n<td width=\"129\">4<\/td>\n<td width=\"147\">M12x190<\/td>\n<\/tr>\n<tr>\n<td width=\"135\">OD160<\/td>\n<td width=\"119\">163<\/td>\n<td width=\"111\">270<\/td>\n<td width=\"130\">95<\/td>\n<td width=\"129\">4<\/td>\n<td width=\"147\">M14x190<\/td>\n<\/tr>\n<tr>\n<td width=\"135\">OD180<\/td>\n<td width=\"119\">183<\/td>\n<td width=\"111\">275<\/td>\n<td width=\"130\">95<\/td>\n<td width=\"129\">4<\/td>\n<td width=\"147\">M14x190<\/td>\n<\/tr>\n<tr>\n<td width=\"135\">OD200<\/td>\n<td width=\"119\">204<\/td>\n<td width=\"111\">325<\/td>\n<td width=\"130\">105<\/td>\n<td width=\"129\">4<\/td>\n<td width=\"147\">M14x210<\/td>\n<\/tr>\n<tr>\n<td width=\"135\">OD225<\/td>\n<td width=\"119\">229<\/td>\n<td width=\"111\">330<\/td>\n<td width=\"130\">135<\/td>\n<td width=\"129\">4<\/td>\n<td width=\"147\">M16x300<\/td>\n<\/tr>\n<tr>\n<td width=\"135\">OD250<\/td>\n<td width=\"119\">254<\/td>\n<td width=\"111\">370<\/td>\n<td width=\"130\">135<\/td>\n<td width=\"129\">6<\/td>\n<td width=\"147\">M16x310<\/td>\n<\/tr>\n<tr>\n<td width=\"135\">OD280<\/td>\n<td width=\"119\">284<\/td>\n<td width=\"111\">380<\/td>\n<td width=\"130\">135<\/td>\n<td width=\"129\">6<\/td>\n<td width=\"147\">M16x310<\/td>\n<\/tr>\n<tr>\n<td width=\"135\">OD315<\/td>\n<td width=\"119\">319<\/td>\n<td width=\"111\">425<\/td>\n<td width=\"130\">180<\/td>\n<td width=\"129\">6<\/td>\n<td width=\"147\">M16x340<\/td>\n<\/tr>\n<\/tbody>\n<\/table>\n<p>&nbsp;<\/p>\n<p><strong>Acoplamentos de reten\u00e7\u00e3o PE<\/strong><\/p>\n<p>Os acoplamentos de reten\u00e7\u00e3o PE s\u00e3o concebidos para proporcionar uma liga\u00e7\u00e3o de reten\u00e7\u00e3o total para tubos de press\u00e3o de polietileno e s\u00e3o adequados para utiliza\u00e7\u00e3o em tubagens de \u00e1gua pot\u00e1vel, \u00e1gua n\u00e3o pot\u00e1vel e \u00e1guas residuais.<\/p>\n<p>Os acoplamentos t\u00eam um anel de aperto que, quando totalmente apertado, fixa a junta do tubo para proporcionar uma liga\u00e7\u00e3o de reten\u00e7\u00e3o total.<\/p>\n<p>Sistema de reten\u00e7\u00e3o completo para tubos de press\u00e3o PE.<\/p>\n<p>Materiais resistentes \u00e0 corros\u00e3o adequados para aplica\u00e7\u00f5es de \u00e1gua pot\u00e1vel e \u00e1guas residuais.<\/p>\n<p>Liga\u00e7\u00e3o de encaixe para facilitar a instala\u00e7\u00e3o.<\/p>\n<p>Pode ser instalado sem desmontar, tornando a instala\u00e7\u00e3o mais r\u00e1pida e f\u00e1cil.<\/p>\n<p>F\u00e1cil de desmontar.<\/p>\n<p>&nbsp;<\/p>\n<p>EN 12842<\/p>\n<p>DN 63 - DN 315<\/p>\n<p>PN16 (\u00c1gua)<\/p>\n<p>M\u00e1ximo 60 graus C (\u00c1gua)<\/p>\n<p>Restri\u00e7\u00e3o mec\u00e2nica<\/p>\n<p>1,5 graus no m\u00e1ximo<\/p>\n<p>Dimens\u00f5es EN 1092-2<\/p>\n<p>AS 4087 Fig B5 padr\u00e3o de perfura\u00e7\u00e3o<\/p>\n<p>&nbsp;<\/p>","protected":false},"excerpt":{"rendered":"<p>PE Restraint Coupling \u00a0 \u00a0 \u00a0 \u00a0 \u00a0 \u00a0 \u00a0 \u00a0 \u00a0 \u00a0 \u00a0 \u00a0 \u00a0 \u00a0 \u00a0 \u00a0 \u00a0 \u00a0 \u00a0 \u00a0 \u00a0 \u00a0 \u00a0 \u00a0 \u00a0 \u00a0 \u00a0 \u00a0 \u00a0 \u00a0 \u00a0 \u00a0 \u00a0 \u00a0 \u00a0 \u00a0 \u00a0 \u00a0 \u00a0 \u00a0 \u00a0 \u25c6\u00a0Material \u00a0Specification: No. Parts Name Material Specification 1 Body Ductile\u00a0Iron GGG50 [&hellip;]<\/p>","protected":false},"featured_media":4010,"comment_status":"open","ping_status":"closed","template":"","meta":{"_uag_custom_page_level_css":"","site-sidebar-layout":"default","site-content-layout":"","ast-site-content-layout":"default","site-content-style":"default","site-sidebar-style":"default","ast-global-header-display":"","ast-banner-title-visibility":"","ast-main-header-display":"","ast-hfb-above-header-display":"","ast-hfb-below-header-display":"","ast-hfb-mobile-header-display":"","site-post-title":"","ast-breadcrumbs-content":"","ast-featured-img":"","footer-sml-layout":"","ast-disable-related-posts":"","theme-transparent-header-meta":"default","adv-header-id-meta":"","stick-header-meta":"","header-above-stick-meta":"","header-main-stick-meta":"","header-below-stick-meta":"","astra-migrate-meta-layouts":"set","ast-page-background-enabled":"default","ast-page-background-meta":{"desktop":{"background-color":"","background-image":"","background-repeat":"repeat","background-position":"center center","background-size":"auto","background-attachment":"scroll","background-type":"","background-media":"","overlay-type":"","overlay-color":"","overlay-opacity":"","overlay-gradient":""},"tablet":{"background-color":"","background-image":"","background-repeat":"repeat","background-position":"center center","background-size":"auto","background-attachment":"scroll","background-type":"","background-media":"","overlay-type":"","overlay-color":"","overlay-opacity":"","overlay-gradient":""},"mobile":{"background-color":"","background-image":"","background-repeat":"repeat","background-position":"center center","background-size":"auto","background-attachment":"scroll","background-type":"","background-media":"","overlay-type":"","overlay-color":"","overlay-opacity":"","overlay-gradient":""}},"ast-content-background-meta":{"desktop":{"background-color":"var(--ast-global-color-5)","background-image":"","background-repeat":"repeat","background-position":"center center","background-size":"auto","background-attachment":"scroll","background-type":"","background-media":"","overlay-type":"","overlay-color":"","overlay-opacity":"","overlay-gradient":""},"tablet":{"background-color":"var(--ast-global-color-5)","background-image":"","background-repeat":"repeat","background-position":"center center","background-size":"auto","background-attachment":"scroll","background-type":"","background-media":"","overlay-type":"","overlay-color":"","overlay-opacity":"","overlay-gradient":""},"mobile":{"background-color":"var(--ast-global-color-5)","background-image":"","background-repeat":"repeat","background-position":"center center","background-size":"auto","background-attachment":"scroll","background-type":"","background-media":"","overlay-type":"","overlay-color":"","overlay-opacity":"","overlay-gradient":""}}},"product_brand":[],"product_cat":[100,65],"product_tag":[],"class_list":{"0":"post-4008","1":"product","2":"type-product","3":"status-publish","4":"has-post-thumbnail","6":"product_cat-pe-flange-adaptor-and-coupling","7":"product_cat-pipe-joint","8":"desktop-align-left","9":"tablet-align-left","10":"mobile-align-left","12":"first","13":"instock","14":"shipping-taxable","15":"product-type-simple"},"uagb_featured_image_src":{"full":["https:\/\/www.fanrongcasting.com\/wp-content\/uploads\/2025\/03\/222-10.jpg",800,600,false],"thumbnail":["https:\/\/www.fanrongcasting.com\/wp-content\/uploads\/2025\/03\/222-10-150x150.jpg",150,150,true],"medium":["https:\/\/www.fanrongcasting.com\/wp-content\/uploads\/2025\/03\/222-10-300x225.jpg",300,225,true],"medium_large":["https:\/\/www.fanrongcasting.com\/wp-content\/uploads\/2025\/03\/222-10-768x576.jpg",768,576,true],"large":["https:\/\/www.fanrongcasting.com\/wp-content\/uploads\/2025\/03\/222-10.jpg",800,600,false],"1536x1536":["https:\/\/www.fanrongcasting.com\/wp-content\/uploads\/2025\/03\/222-10.jpg",800,600,false],"2048x2048":["https:\/\/www.fanrongcasting.com\/wp-content\/uploads\/2025\/03\/222-10.jpg",800,600,false],"trp-custom-language-flag":["https:\/\/www.fanrongcasting.com\/wp-content\/uploads\/2025\/03\/222-10-16x12.jpg",16,12,true],"woocommerce_thumbnail":["https:\/\/www.fanrongcasting.com\/wp-content\/uploads\/2025\/03\/222-10-300x300.jpg",300,300,true],"woocommerce_single":["https:\/\/www.fanrongcasting.com\/wp-content\/uploads\/2025\/03\/222-10-600x450.jpg",600,450,true],"woocommerce_gallery_thumbnail":["https:\/\/www.fanrongcasting.com\/wp-content\/uploads\/2025\/03\/222-10-100x100.jpg",100,100,true]},"uagb_author_info":{"display_name":"jinxing6611@gmail.com","author_link":"https:\/\/www.fanrongcasting.com\/pt\/author\/"},"uagb_comment_info":0,"uagb_excerpt":"PE Restraint Coupling \u00a0 \u00a0 \u00a0 \u00a0 \u00a0 \u00a0 \u00a0 \u00a0 \u00a0 \u00a0 \u00a0 \u00a0 \u00a0 \u00a0 \u00a0 \u00a0 \u00a0 \u00a0 \u00a0 \u00a0 \u00a0 \u00a0 \u00a0 \u00a0 \u00a0 \u00a0 \u00a0 \u00a0 \u00a0 \u00a0 \u00a0 \u00a0 \u00a0 \u00a0 \u00a0 \u00a0 \u00a0 \u00a0 \u00a0 \u00a0 \u00a0 \u25c6\u00a0Material \u00a0Specification: No. Parts Name Material Specification 1 Body Ductile\u00a0Iron GGG50&hellip;","_links":{"self":[{"href":"https:\/\/www.fanrongcasting.com\/pt\/wp-json\/wp\/v2\/product\/4008","targetHints":{"allow":["GET"]}}],"collection":[{"href":"https:\/\/www.fanrongcasting.com\/pt\/wp-json\/wp\/v2\/product"}],"about":[{"href":"https:\/\/www.fanrongcasting.com\/pt\/wp-json\/wp\/v2\/types\/product"}],"replies":[{"embeddable":true,"href":"https:\/\/www.fanrongcasting.com\/pt\/wp-json\/wp\/v2\/comments?post=4008"}],"wp:featuredmedia":[{"embeddable":true,"href":"https:\/\/www.fanrongcasting.com\/pt\/wp-json\/wp\/v2\/media\/4010"}],"wp:attachment":[{"href":"https:\/\/www.fanrongcasting.com\/pt\/wp-json\/wp\/v2\/media?parent=4008"}],"wp:term":[{"taxonomy":"product_brand","embeddable":true,"href":"https:\/\/www.fanrongcasting.com\/pt\/wp-json\/wp\/v2\/product_brand?post=4008"},{"taxonomy":"product_cat","embeddable":true,"href":"https:\/\/www.fanrongcasting.com\/pt\/wp-json\/wp\/v2\/product_cat?post=4008"},{"taxonomy":"product_tag","embeddable":true,"href":"https:\/\/www.fanrongcasting.com\/pt\/wp-json\/wp\/v2\/product_tag?post=4008"}],"curies":[{"name":"wp","href":"https:\/\/api.w.org\/{rel}","templated":true}]}}