{"id":4003,"date":"2025-03-20T10:12:38","date_gmt":"2025-03-20T10:12:38","guid":{"rendered":"https:\/\/www.fanrongcasting.com\/?post_type=product&#038;p=4003"},"modified":"2025-04-02T02:02:39","modified_gmt":"2025-04-02T02:02:39","slug":"pe-restraint-flange-adaptor","status":"publish","type":"product","link":"https:\/\/www.fanrongcasting.com\/pt\/produto\/pe-restraint-flange-adaptor\/","title":{"rendered":"Adaptador de flange de reten\u00e7\u00e3o PE"},"content":{"rendered":"<p style=\"text-align: center;\"><strong>Adaptador de flange de reten\u00e7\u00e3o PE<\/strong><\/p>\n<p>\u00a0 \u00a0 \u00a0 \u00a0 \u00a0 \u00a0 \u00a0 \u00a0 \u00a0 \u00a0 \u00a0 \u00a0 \u00a0 \u00a0 \u00a0 \u00a0 \u00a0 \u00a0 \u00a0 \u00a0 \u00a0 \u00a0 \u00a0 \u00a0 \u00a0 \u00a0 \u00a0 \u00a0 \u00a0 \u00a0 \u00a0 \u00a0<img fetchpriority=\"high\" decoding=\"async\" class=\"size-full wp-image-4284 aligncenter\" src=\"https:\/\/www.fanrongcasting.com\/wp-content\/uploads\/2025\/03\/11-1.png\" alt=\"\" width=\"255\" height=\"233\" srcset=\"https:\/\/www.fanrongcasting.com\/wp-content\/uploads\/2025\/03\/11-1.png 255w, https:\/\/www.fanrongcasting.com\/wp-content\/uploads\/2025\/03\/11-1-13x12.png 13w\" sizes=\"(max-width: 255px) 100vw, 255px\" \/><\/p>\n<p><img decoding=\"async\" class=\"size-full wp-image-4288 aligncenter\" src=\"https:\/\/www.fanrongcasting.com\/wp-content\/uploads\/2025\/03\/22-2.png\" alt=\"\" width=\"230\" height=\"290\" srcset=\"https:\/\/www.fanrongcasting.com\/wp-content\/uploads\/2025\/03\/22-2.png 230w, https:\/\/www.fanrongcasting.com\/wp-content\/uploads\/2025\/03\/22-2-10x12.png 10w\" sizes=\"(max-width: 230px) 100vw, 230px\" \/><\/p>\n<p><img decoding=\"async\" class=\"size-medium wp-image-4287 aligncenter\" src=\"https:\/\/www.fanrongcasting.com\/wp-content\/uploads\/2025\/03\/33-174x300.png\" alt=\"\" width=\"174\" height=\"300\" srcset=\"https:\/\/www.fanrongcasting.com\/wp-content\/uploads\/2025\/03\/33-174x300.png 174w, https:\/\/www.fanrongcasting.com\/wp-content\/uploads\/2025\/03\/33-7x12.png 7w, https:\/\/www.fanrongcasting.com\/wp-content\/uploads\/2025\/03\/33.png 181w\" sizes=\"(max-width: 174px) 100vw, 174px\" \/><\/p>\n<p>&nbsp;<\/p>\n<p><img loading=\"lazy\" decoding=\"async\" class=\"aligncenter wp-image-4005 size-full\" src=\"https:\/\/www.fanrongcasting.com\/wp-content\/uploads\/2025\/03\/PE-FA-\u6570\u636e\u88682.jpg\" alt=\"\" width=\"831\" height=\"522\" srcset=\"https:\/\/www.fanrongcasting.com\/wp-content\/uploads\/2025\/03\/PE-FA-\u6570\u636e\u88682.jpg 831w, https:\/\/www.fanrongcasting.com\/wp-content\/uploads\/2025\/03\/PE-FA-\u6570\u636e\u88682-300x188.jpg 300w, https:\/\/www.fanrongcasting.com\/wp-content\/uploads\/2025\/03\/PE-FA-\u6570\u636e\u88682-768x482.jpg 768w, https:\/\/www.fanrongcasting.com\/wp-content\/uploads\/2025\/03\/PE-FA-\u6570\u636e\u88682-18x12.jpg 18w, https:\/\/www.fanrongcasting.com\/wp-content\/uploads\/2025\/03\/PE-FA-\u6570\u636e\u88682-600x377.jpg 600w\" sizes=\"(max-width: 831px) 100vw, 831px\" \/><\/p>\n<p>&nbsp;<\/p>\n<p>Adaptador de flange PN10\/16 para PE de DN50\/OD63 a DN400\/OD400. A fixa\u00e7\u00e3o mec\u00e2nica \u00e9 efectuada com um anel e o aperto dos parafusos. O adaptador de flange para PE pode ser instalado nas redes de PE com um PFA de 16 bar. T<\/p>\n<p><strong>Dom\u00ednio de utiliza\u00e7\u00e3o<\/strong><\/p>\n<p>Adaptador de flange PN10 e PN16 para tubos de pl\u00e1stico:<\/p>\n<p>Polietileno: PE80 PN16 e PN12,5<\/p>\n<p>Polietileno: PE100 PN16 e PN10<\/p>\n<p>Dispon\u00edvel para redes de adu\u00e7\u00e3o e de abastecimento de \u00e1gua.<\/p>\n<p><strong>Valores acrescentados<\/strong><\/p>\n<p>Instala\u00e7\u00e3o f\u00e1cil: - Comprimento de encaixe importante (L). - A pr\u00e9-montagem na rede \u00e9 poss\u00edvel gra\u00e7as \u00e0 flange e \u00e0 contra-flange. - Paragem final do bloco para garantir a posi\u00e7\u00e3o do tubo<\/p>\n<p>Separa\u00e7\u00e3o da fun\u00e7\u00e3o de veda\u00e7\u00e3o (junta em elast\u00f3mero) e da fun\u00e7\u00e3o de ancoragem (anel met\u00e1lico)<\/p>\n<p>Bloqueio mec\u00e2nico por parafusos para evitar qualquer desloca\u00e7\u00e3o axial do tubo de pl\u00e1stico<\/p>\n<p>Flanges multiperfurantes em conformidade com a norma EN 1092-2 para PN10 e PN16<\/p>\n<p><strong>Conformidade com a norma e alimenta\u00e7\u00e3o<\/strong><\/p>\n<p>Os ensaios de veda\u00e7\u00e3o hidr\u00e1ulica e de resist\u00eancia mec\u00e2nica s\u00e3o efectuados em conformidade com a norma EN 12842.<\/p>\n<p>&nbsp;<\/p>\n<p>&nbsp;<\/p>","protected":false},"excerpt":{"rendered":"<p>PE Restraint Flange Adaptor \u00a0 \u00a0 \u00a0 \u00a0 \u00a0 \u00a0 \u00a0 \u00a0 \u00a0 \u00a0 \u00a0 \u00a0 \u00a0 \u00a0 \u00a0 \u00a0 \u00a0 \u00a0 \u00a0 \u00a0 \u00a0 \u00a0 \u00a0 \u00a0 \u00a0 \u00a0 \u00a0 \u00a0 \u00a0 \u00a0 \u00a0 \u00a0 &nbsp; &nbsp; Flange adapter PN10\/16 for PE from DN50\/OD63 to DN400\/OD400. Mechanical anchoring is made with a ring and [&hellip;]<\/p>","protected":false},"featured_media":4007,"comment_status":"open","ping_status":"closed","template":"","meta":{"_uag_custom_page_level_css":"","site-sidebar-layout":"default","site-content-layout":"","ast-site-content-layout":"default","site-content-style":"default","site-sidebar-style":"default","ast-global-header-display":"","ast-banner-title-visibility":"","ast-main-header-display":"","ast-hfb-above-header-display":"","ast-hfb-below-header-display":"","ast-hfb-mobile-header-display":"","site-post-title":"","ast-breadcrumbs-content":"","ast-featured-img":"","footer-sml-layout":"","ast-disable-related-posts":"","theme-transparent-header-meta":"default","adv-header-id-meta":"","stick-header-meta":"","header-above-stick-meta":"","header-main-stick-meta":"","header-below-stick-meta":"","astra-migrate-meta-layouts":"set","ast-page-background-enabled":"default","ast-page-background-meta":{"desktop":{"background-color":"","background-image":"","background-repeat":"repeat","background-position":"center center","background-size":"auto","background-attachment":"scroll","background-type":"","background-media":"","overlay-type":"","overlay-color":"","overlay-opacity":"","overlay-gradient":""},"tablet":{"background-color":"","background-image":"","background-repeat":"repeat","background-position":"center center","background-size":"auto","background-attachment":"scroll","background-type":"","background-media":"","overlay-type":"","overlay-color":"","overlay-opacity":"","overlay-gradient":""},"mobile":{"background-color":"","background-image":"","background-repeat":"repeat","background-position":"center center","background-size":"auto","background-attachment":"scroll","background-type":"","background-media":"","overlay-type":"","overlay-color":"","overlay-opacity":"","overlay-gradient":""}},"ast-content-background-meta":{"desktop":{"background-color":"var(--ast-global-color-5)","background-image":"","background-repeat":"repeat","background-position":"center center","background-size":"auto","background-attachment":"scroll","background-type":"","background-media":"","overlay-type":"","overlay-color":"","overlay-opacity":"","overlay-gradient":""},"tablet":{"background-color":"var(--ast-global-color-5)","background-image":"","background-repeat":"repeat","background-position":"center center","background-size":"auto","background-attachment":"scroll","background-type":"","background-media":"","overlay-type":"","overlay-color":"","overlay-opacity":"","overlay-gradient":""},"mobile":{"background-color":"var(--ast-global-color-5)","background-image":"","background-repeat":"repeat","background-position":"center center","background-size":"auto","background-attachment":"scroll","background-type":"","background-media":"","overlay-type":"","overlay-color":"","overlay-opacity":"","overlay-gradient":""}}},"product_brand":[],"product_cat":[100,65],"product_tag":[],"class_list":{"0":"post-4003","1":"product","2":"type-product","3":"status-publish","4":"has-post-thumbnail","6":"product_cat-pe-flange-adaptor-and-coupling","7":"product_cat-pipe-joint","8":"desktop-align-left","9":"tablet-align-left","10":"mobile-align-left","12":"first","13":"instock","14":"shipping-taxable","15":"product-type-simple"},"uagb_featured_image_src":{"full":["https:\/\/www.fanrongcasting.com\/wp-content\/uploads\/2025\/03\/PE-FA-\u672a\u6807\u9898-1.png",800,600,false],"thumbnail":["https:\/\/www.fanrongcasting.com\/wp-content\/uploads\/2025\/03\/PE-FA-\u672a\u6807\u9898-1-150x150.png",150,150,true],"medium":["https:\/\/www.fanrongcasting.com\/wp-content\/uploads\/2025\/03\/PE-FA-\u672a\u6807\u9898-1-300x225.png",300,225,true],"medium_large":["https:\/\/www.fanrongcasting.com\/wp-content\/uploads\/2025\/03\/PE-FA-\u672a\u6807\u9898-1-768x576.png",768,576,true],"large":["https:\/\/www.fanrongcasting.com\/wp-content\/uploads\/2025\/03\/PE-FA-\u672a\u6807\u9898-1.png",800,600,false],"1536x1536":["https:\/\/www.fanrongcasting.com\/wp-content\/uploads\/2025\/03\/PE-FA-\u672a\u6807\u9898-1.png",800,600,false],"2048x2048":["https:\/\/www.fanrongcasting.com\/wp-content\/uploads\/2025\/03\/PE-FA-\u672a\u6807\u9898-1.png",800,600,false],"trp-custom-language-flag":["https:\/\/www.fanrongcasting.com\/wp-content\/uploads\/2025\/03\/PE-FA-\u672a\u6807\u9898-1-16x12.png",16,12,true],"woocommerce_thumbnail":["https:\/\/www.fanrongcasting.com\/wp-content\/uploads\/2025\/03\/PE-FA-\u672a\u6807\u9898-1-300x300.png",300,300,true],"woocommerce_single":["https:\/\/www.fanrongcasting.com\/wp-content\/uploads\/2025\/03\/PE-FA-\u672a\u6807\u9898-1-600x450.png",600,450,true],"woocommerce_gallery_thumbnail":["https:\/\/www.fanrongcasting.com\/wp-content\/uploads\/2025\/03\/PE-FA-\u672a\u6807\u9898-1-100x100.png",100,100,true]},"uagb_author_info":{"display_name":"jinxing6611@gmail.com","author_link":"https:\/\/www.fanrongcasting.com\/pt\/author\/"},"uagb_comment_info":0,"uagb_excerpt":"PE Restraint Flange Adaptor \u00a0 \u00a0 \u00a0 \u00a0 \u00a0 \u00a0 \u00a0 \u00a0 \u00a0 \u00a0 \u00a0 \u00a0 \u00a0 \u00a0 \u00a0 \u00a0 \u00a0 \u00a0 \u00a0 \u00a0 \u00a0 \u00a0 \u00a0 \u00a0 \u00a0 \u00a0 \u00a0 \u00a0 \u00a0 \u00a0 \u00a0 \u00a0 &nbsp; &nbsp; Flange adapter PN10\/16 for PE from DN50\/OD63 to DN400\/OD400. Mechanical anchoring is made with a ring and&hellip;","_links":{"self":[{"href":"https:\/\/www.fanrongcasting.com\/pt\/wp-json\/wp\/v2\/product\/4003","targetHints":{"allow":["GET"]}}],"collection":[{"href":"https:\/\/www.fanrongcasting.com\/pt\/wp-json\/wp\/v2\/product"}],"about":[{"href":"https:\/\/www.fanrongcasting.com\/pt\/wp-json\/wp\/v2\/types\/product"}],"replies":[{"embeddable":true,"href":"https:\/\/www.fanrongcasting.com\/pt\/wp-json\/wp\/v2\/comments?post=4003"}],"wp:featuredmedia":[{"embeddable":true,"href":"https:\/\/www.fanrongcasting.com\/pt\/wp-json\/wp\/v2\/media\/4007"}],"wp:attachment":[{"href":"https:\/\/www.fanrongcasting.com\/pt\/wp-json\/wp\/v2\/media?parent=4003"}],"wp:term":[{"taxonomy":"product_brand","embeddable":true,"href":"https:\/\/www.fanrongcasting.com\/pt\/wp-json\/wp\/v2\/product_brand?post=4003"},{"taxonomy":"product_cat","embeddable":true,"href":"https:\/\/www.fanrongcasting.com\/pt\/wp-json\/wp\/v2\/product_cat?post=4003"},{"taxonomy":"product_tag","embeddable":true,"href":"https:\/\/www.fanrongcasting.com\/pt\/wp-json\/wp\/v2\/product_tag?post=4003"}],"curies":[{"name":"wp","href":"https:\/\/api.w.org\/{rel}","templated":true}]}}