{"id":3997,"date":"2025-03-20T03:49:39","date_gmt":"2025-03-20T03:49:39","guid":{"rendered":"https:\/\/www.fanrongcasting.com\/?post_type=product&#038;p=3997"},"modified":"2025-04-01T08:10:06","modified_gmt":"2025-04-01T08:10:06","slug":"dedicated-coupling-for-di-pipe","status":"publish","type":"product","link":"https:\/\/www.fanrongcasting.com\/pt\/produto\/dedicated-coupling-for-di-pipe\/","title":{"rendered":"Acoplamento dedicado para tubo DI"},"content":{"rendered":"<p style=\"text-align: center;\"><strong>Acoplamento dedicado para tubo DI<\/strong><\/p>\n<p>\u00a0 \u00a0 \u00a0 \u00a0 \u00a0 \u00a0 \u00a0 \u00a0 \u00a0 \u00a0 \u00a0 \u00a0 \u00a0 \u00a0 \u00a0 \u00a0 \u00a0 \u00a0 \u00a0 \u00a0 \u00a0 \u00a0 \u00a0 \u00a0 \u00a0 \u00a0 \u00a0 \u00a0 \u00a0 \u00a0 \u00a0 \u00a0 \u00a0 \u00a0 \u00a0 \u00a0 \u00a0<img fetchpriority=\"high\" decoding=\"async\" class=\"size-full wp-image-4232 aligncenter\" src=\"https:\/\/www.fanrongcasting.com\/wp-content\/uploads\/2025\/03\/\u56fe\u72471.png\" alt=\"\" width=\"255\" height=\"294\" srcset=\"https:\/\/www.fanrongcasting.com\/wp-content\/uploads\/2025\/03\/\u56fe\u72471.png 255w, https:\/\/www.fanrongcasting.com\/wp-content\/uploads\/2025\/03\/\u56fe\u72471-10x12.png 10w\" sizes=\"(max-width: 255px) 100vw, 255px\" \/>\u00a0 \u00a0 \u00a0 \u00a0 \u00a0 \u00a0 \u00a0 \u00a0 \u00a0 \u00a0 \u00a0 \u00a0 \u00a0 \u00a0 \u00a0 \u00a0 \u00a0\u00a0 \u00a0 \u00a0 <img decoding=\"async\" class=\"size-medium wp-image-4233 aligncenter\" src=\"https:\/\/www.fanrongcasting.com\/wp-content\/uploads\/2025\/03\/1-1-161x300.png\" alt=\"\" width=\"161\" height=\"300\" srcset=\"https:\/\/www.fanrongcasting.com\/wp-content\/uploads\/2025\/03\/1-1-161x300.png 161w, https:\/\/www.fanrongcasting.com\/wp-content\/uploads\/2025\/03\/1-1-6x12.png 6w, https:\/\/www.fanrongcasting.com\/wp-content\/uploads\/2025\/03\/1-1.png 259w\" sizes=\"(max-width: 161px) 100vw, 161px\" \/><\/p>\n<p>&nbsp;<\/p>\n<p><strong><b>\u25c6<\/b><\/strong><strong><b>Material<\/b><\/strong><strong><b>\u00a0<\/b><\/strong><strong><b>Especifica\u00e7\u00e3o:<\/b><\/strong><\/p>\n<table style=\"height: 383px;\" width=\"933\">\n<tbody>\n<tr>\n<td width=\"44\"><strong><b>N\u00e3o.<\/b><\/strong><\/td>\n<td width=\"98\">Nome das pe\u00e7as<\/td>\n<td width=\"167\">Material<\/td>\n<td width=\"114\">Especifica\u00e7\u00e3o<\/td>\n<\/tr>\n<tr>\n<td width=\"44\">1<\/td>\n<td width=\"98\">Manga central<\/td>\n<td width=\"167\">Ferro fundido d\u00factil\/A\u00e7o carbono<\/td>\n<td width=\"114\">GGG50\/S235JR<\/td>\n<\/tr>\n<tr>\n<td width=\"44\">2<\/td>\n<td width=\"98\">Anel de extremidade<\/td>\n<td width=\"167\">Ferro fundido d\u00factil<\/td>\n<td width=\"114\">GGG50<\/td>\n<\/tr>\n<tr>\n<td width=\"44\">3<\/td>\n<td width=\"98\">Veda\u00e7\u00e3o de borracha<\/td>\n<td width=\"167\">Borracha<\/td>\n<td width=\"114\">EPDM<\/td>\n<\/tr>\n<tr>\n<td width=\"44\">4<\/td>\n<td width=\"98\">Parafuso<\/td>\n<td width=\"167\">A\u00e7o revestido a Dacromet<\/td>\n<td width=\"114\"><\/td>\n<\/tr>\n<tr>\n<td width=\"44\">5<\/td>\n<td width=\"98\">M\u00e1quina de lavar roupa<\/td>\n<td width=\"167\">A\u00e7o revestido a Dacromet<\/td>\n<td width=\"114\"><\/td>\n<\/tr>\n<tr>\n<td width=\"44\">6<\/td>\n<td width=\"98\">Porca<\/td>\n<td width=\"167\">A\u00e7o revestido a Dacromet<\/td>\n<td width=\"114\"><\/td>\n<\/tr>\n<tr>\n<td width=\"44\">7<\/td>\n<td width=\"98\">Tampa de pl\u00e1stico<\/td>\n<td width=\"167\"><\/td>\n<td width=\"114\"><\/td>\n<\/tr>\n<\/tbody>\n<\/table>\n<p><strong><b>\u25c6<\/b><\/strong>\u00a0<strong><b>Dimens\u00f5es (mm)<\/b><\/strong><\/p>\n<table>\n<tbody>\n<tr>\n<td width=\"101\">Tamanho<\/td>\n<td width=\"101\">D.O. do tubo<\/td>\n<td width=\"99\">A<\/td>\n<td width=\"97\">L<\/td>\n<td width=\"117\">L1<\/td>\n<td width=\"118\">Parafusos n.\u00ba.<\/td>\n<td width=\"138\">M\u00d7L2<\/td>\n<\/tr>\n<tr>\n<td width=\"101\">DN40<\/td>\n<td width=\"101\">56<\/td>\n<td width=\"99\">120<\/td>\n<td width=\"97\">102<\/td>\n<td width=\"117\">125<\/td>\n<td width=\"118\">2<\/td>\n<td width=\"138\">M12x158<\/td>\n<\/tr>\n<tr>\n<td width=\"101\">DN50<\/td>\n<td width=\"101\">66<\/td>\n<td width=\"99\">126<\/td>\n<td width=\"97\">102<\/td>\n<td width=\"117\">125<\/td>\n<td width=\"118\">2<\/td>\n<td width=\"138\">M12x158<\/td>\n<\/tr>\n<tr>\n<td width=\"101\">DN60<\/td>\n<td width=\"101\">77<\/td>\n<td width=\"99\">135<\/td>\n<td width=\"97\">102<\/td>\n<td width=\"117\">125<\/td>\n<td width=\"118\">2<\/td>\n<td width=\"138\">M12x158<\/td>\n<\/tr>\n<tr>\n<td width=\"101\">DN65<\/td>\n<td width=\"101\">82<\/td>\n<td width=\"99\">156<\/td>\n<td width=\"97\">102<\/td>\n<td width=\"117\">125<\/td>\n<td width=\"118\">2<\/td>\n<td width=\"138\">M12x158<\/td>\n<\/tr>\n<tr>\n<td width=\"101\">DN80<\/td>\n<td width=\"101\">98<\/td>\n<td width=\"99\">184<\/td>\n<td width=\"97\">102<\/td>\n<td width=\"117\">130<\/td>\n<td width=\"118\">4<\/td>\n<td width=\"138\">M12x158<\/td>\n<\/tr>\n<tr>\n<td width=\"101\">DN100<\/td>\n<td width=\"101\">118<\/td>\n<td width=\"99\">205<\/td>\n<td width=\"97\">102<\/td>\n<td width=\"117\">130<\/td>\n<td width=\"118\">4<\/td>\n<td width=\"138\">M12x158<\/td>\n<\/tr>\n<tr>\n<td width=\"101\">DN125<\/td>\n<td width=\"101\">144<\/td>\n<td width=\"99\">232<\/td>\n<td width=\"97\">102<\/td>\n<td width=\"117\">130<\/td>\n<td width=\"118\">4<\/td>\n<td width=\"138\">M12x158<\/td>\n<\/tr>\n<tr>\n<td width=\"101\">DN150<\/td>\n<td width=\"101\">170<\/td>\n<td width=\"99\">264<\/td>\n<td width=\"97\">102<\/td>\n<td width=\"117\">133<\/td>\n<td width=\"118\">4<\/td>\n<td width=\"138\">M12x165<\/td>\n<\/tr>\n<tr>\n<td width=\"101\">DN200<\/td>\n<td width=\"101\">222<\/td>\n<td width=\"99\">315<\/td>\n<td width=\"97\">102<\/td>\n<td width=\"117\">133<\/td>\n<td width=\"118\">6<\/td>\n<td width=\"138\">M12x165<\/td>\n<\/tr>\n<tr>\n<td width=\"101\">DN250<\/td>\n<td width=\"101\">274<\/td>\n<td width=\"99\">374<\/td>\n<td width=\"97\">102<\/td>\n<td width=\"117\">136<\/td>\n<td width=\"118\">6<\/td>\n<td width=\"138\">M12x165<\/td>\n<\/tr>\n<tr>\n<td width=\"101\">DN300<\/td>\n<td width=\"101\">326<\/td>\n<td width=\"99\">426<\/td>\n<td width=\"97\">102<\/td>\n<td width=\"117\">136<\/td>\n<td width=\"118\">6<\/td>\n<td width=\"138\">M12x165<\/td>\n<\/tr>\n<tr>\n<td width=\"101\">DN350<\/td>\n<td width=\"101\">378<\/td>\n<td width=\"99\">494<\/td>\n<td width=\"97\">152<\/td>\n<td width=\"117\">200<\/td>\n<td width=\"118\">8<\/td>\n<td width=\"138\">M16x240<\/td>\n<\/tr>\n<tr>\n<td width=\"101\">DN400<\/td>\n<td width=\"101\">429<\/td>\n<td width=\"99\">544<\/td>\n<td width=\"97\">152<\/td>\n<td width=\"117\">200<\/td>\n<td width=\"118\">8<\/td>\n<td width=\"138\">M16x240<\/td>\n<\/tr>\n<tr>\n<td width=\"101\">DN450<\/td>\n<td width=\"101\">480<\/td>\n<td width=\"99\">595<\/td>\n<td width=\"97\">152<\/td>\n<td width=\"117\">200<\/td>\n<td width=\"118\">10<\/td>\n<td width=\"138\">M16x240<\/td>\n<\/tr>\n<tr>\n<td width=\"101\">DN500<\/td>\n<td width=\"101\">532<\/td>\n<td width=\"99\">650<\/td>\n<td width=\"97\">152<\/td>\n<td width=\"117\">210<\/td>\n<td width=\"118\">10<\/td>\n<td width=\"138\">M16x240<\/td>\n<\/tr>\n<tr>\n<td width=\"101\">DN600<\/td>\n<td width=\"101\">635<\/td>\n<td width=\"99\">753<\/td>\n<td width=\"97\">152<\/td>\n<td width=\"117\">210<\/td>\n<td width=\"118\">12<\/td>\n<td width=\"138\">M16x240<\/td>\n<\/tr>\n<tr>\n<td width=\"101\">DN700<\/td>\n<td width=\"101\">738<\/td>\n<td width=\"99\">858<\/td>\n<td width=\"97\">152<\/td>\n<td width=\"117\">210<\/td>\n<td width=\"118\">12<\/td>\n<td width=\"138\">M16x240<\/td>\n<\/tr>\n<tr>\n<td width=\"101\">DN800<\/td>\n<td width=\"101\">842<\/td>\n<td width=\"99\">962<\/td>\n<td width=\"97\">152<\/td>\n<td width=\"117\">210<\/td>\n<td width=\"118\">12<\/td>\n<td width=\"138\">M16x240<\/td>\n<\/tr>\n<tr>\n<td width=\"101\">DN900<\/td>\n<td width=\"101\">945<\/td>\n<td width=\"99\">1070<\/td>\n<td width=\"97\">178<\/td>\n<td width=\"117\">238<\/td>\n<td width=\"118\">14<\/td>\n<td width=\"138\">M16x280<\/td>\n<\/tr>\n<tr>\n<td width=\"101\">DN1000<\/td>\n<td width=\"101\">1048<\/td>\n<td width=\"99\">1173<\/td>\n<td width=\"97\">178<\/td>\n<td width=\"117\">238<\/td>\n<td width=\"118\">14<\/td>\n<td width=\"138\">M16x280<\/td>\n<\/tr>\n<tr>\n<td width=\"101\">DN1100<\/td>\n<td width=\"101\">1152<\/td>\n<td width=\"99\">1282<\/td>\n<td width=\"97\">178<\/td>\n<td width=\"117\">240<\/td>\n<td width=\"118\">16<\/td>\n<td width=\"138\">M16x280<\/td>\n<\/tr>\n<tr>\n<td width=\"101\">DN1200<\/td>\n<td width=\"101\">1255<\/td>\n<td width=\"99\">1385<\/td>\n<td width=\"97\">178<\/td>\n<td width=\"117\">240<\/td>\n<td width=\"118\">18<\/td>\n<td width=\"138\">M16x280<\/td>\n<\/tr>\n<tr>\n<td width=\"101\">DN1400<\/td>\n<td width=\"101\">1462<\/td>\n<td width=\"99\">1592<\/td>\n<td width=\"97\">178<\/td>\n<td width=\"117\">250<\/td>\n<td width=\"118\">20<\/td>\n<td width=\"138\">M20x280<\/td>\n<\/tr>\n<tr>\n<td width=\"101\">DN1600<\/td>\n<td width=\"101\">1668<\/td>\n<td width=\"99\">1798<\/td>\n<td width=\"97\">178<\/td>\n<td width=\"117\">250<\/td>\n<td width=\"118\">24<\/td>\n<td width=\"138\">M20x280<\/td>\n<\/tr>\n<tr>\n<td width=\"101\">DN1800<\/td>\n<td width=\"101\">1875<\/td>\n<td width=\"99\">2015<\/td>\n<td width=\"97\">254<\/td>\n<td width=\"117\">320<\/td>\n<td width=\"118\">32<\/td>\n<td width=\"138\">M20x360<\/td>\n<\/tr>\n<tr>\n<td width=\"101\">DN2000<\/td>\n<td width=\"101\">2082<\/td>\n<td width=\"99\">2222<\/td>\n<td width=\"97\">254<\/td>\n<td width=\"117\">320<\/td>\n<td width=\"118\">36<\/td>\n<td width=\"138\">M20x360<\/td>\n<\/tr>\n<\/tbody>\n<\/table>\n<p>&nbsp;<\/p>\n<p>Os adaptadores de flange dedicados, que abrangem uma gama semelhante \u00e0 do acoplamento reto, s\u00e3o fabricados para unir tubos de extremidade lisa a v\u00e1lvulas, acess\u00f3rios, flux\u00f3metros e tubos flangeados. As perfura\u00e7\u00f5es de flange est\u00e3o dispon\u00edveis de acordo com todas as normas internacionais ou de acordo com as especifica\u00e7\u00f5es do cliente. Os acoplamentos dedicados unem tubos com o mesmo di\u00e2metro exterior, podendo ser fabricados para se adaptarem \u00e0s dimens\u00f5es m\u00e9tricas e imperiais para tubos de a\u00e7o, ferro d\u00factil, etc.<\/p>\n<p>&nbsp;<\/p>\n<p><strong><b>Carater\u00edsticas de design<\/b><\/strong><\/p>\n<p>Veda\u00e7\u00e3o de longa dura\u00e7\u00e3o<\/p>\n<ul>\n<li>A junta de veda\u00e7\u00e3o elastom\u00e9rica pode fornecer mais de 25 anos de vida \u00fatil.<\/li>\n<\/ul>\n<p>F\u00e1cil de adaptar<\/p>\n<ul>\n<li>Dispon\u00edvel para muitas condi\u00e7\u00f5es de instala\u00e7\u00e3o, como debaixo de \u00e1gua, tipos de valas em qualquer clima.<\/li>\n<\/ul>\n<p>Excelente prote\u00e7\u00e3o do revestimento<\/p>\n<ul>\n<li>A pintura normal para universal<\/li>\n<\/ul>\n<p>os acess\u00f3rios s\u00e3o de fus\u00e3o RAL5017<\/p>\n<p>p\u00f3 revestido a ep\u00f3xi que com<\/p>\n<p>boas carater\u00edsticas anticorrosivas,<\/p>\n<p>e os parafusos e porcas s\u00e3o revestidos com Dacromet, que possui boas carater\u00edsticas de anticorros\u00e3o e termoestabilidade.<\/p>\n<p>&nbsp;<\/p>\n<p><strong><b>Material e normas relevantes:<\/b><\/strong><\/p>\n<p><strong><b>Acoplamento<\/b><\/strong><\/p>\n<p>Manga central e an\u00e9is de extremidade<\/p>\n<ul>\n<li>Ferro fundido d\u00factil de acordo com a norma BS EN-GJS-500-7<\/li>\n<li>\u00a0A\u00e7o macio de acordo com a norma EN10025 S235JR.<\/li>\n<\/ul>\n<p>\u25c6 JuntasPadr\u00e3o<\/p>\n<ul>\n<li>EPDM PARA BS EN681-1<\/li>\n<li>NBR DE ACORDO COM BS EN682<\/li>\n<\/ul>\n<p>Parafusos\/Parafusos em T<\/p>\n<ul>\n<li>Norma:A\u00e7o segundo a norma BS EN ISO898-1 Classe4.8<\/li>\n<li>Outros materiais dispon\u00edveis mediante pedido.<\/li>\n<\/ul>\n<p>Porcas\/anilhas<\/p>\n<ul>\n<li>Porcas: A\u00e7o de acordo com a norma BS EN ISO 898-2.<\/li>\n<li>Outros materiais dispon\u00edveis mediante pedido.<\/li>\n<\/ul>\n<p>\u25c6 Anilhas<\/p>\n<ul>\n<li>A\u00e7o revestido com Decromet<\/li>\n<\/ul>\n<p>\u25c6 Revestimentos<\/p>\n<ul>\n<li>Revestimento FBE azul segundo RAL5017<\/li>\n<li>Op\u00e7\u00e3o:Nylon Rilsan 11.<\/li>\n<\/ul>\n<p><strong><b>Adaptador de flange<\/b><\/strong><\/p>\n<p>Corpo e anel final<\/p>\n<ul>\n<li>Ferro fundido d\u00factil de acordo com a norma BS EN-GJS-500-7<\/li>\n<li>A\u00e7o macio de acordo com a norma EN10025 S235JR.<\/li>\n<\/ul>\n<p>\u25c6 Juntas standard<\/p>\n<ul>\n<li>EPDM PARA BS EN681-1<\/li>\n<li>NBR DE ACORDO COM BS EN682<\/li>\n<\/ul>\n<p>Parafusos\/Parafusos em T<\/p>\n<ul>\n<li>Norma:A\u00e7o segundo a norma BS EN SO 898-1 Classe4.8<\/li>\n<li>Outros materiais dispon\u00edveis mediante pedido.<\/li>\n<\/ul>\n<p>Porcas\/anilhas<\/p>\n<ul>\n<li>Porcas: A\u00e7o de acordo com a norma BS EN ISO898-2.<\/li>\n<li>Outros materiais dispon\u00edveis mediante pedido.<\/li>\n<\/ul>\n<p>\u25c6 Anilhas<\/p>\n<ul>\n<li>A\u00e7o revestido com Decromet<\/li>\n<\/ul>\n<p>\u25c6 Revestimentos<\/p>\n<ul>\n<li>Revestimento FBE azul segundo RAL5017<\/li>\n<li>Op\u00e7\u00e3o:Nylon Rilsan 11.<\/li>\n<\/ul>\n<p>&nbsp;<\/p>\n<p>&nbsp;<\/p>","protected":false},"excerpt":{"rendered":"<p>Dedicated Coupling for DI Pipe \u00a0 \u00a0 \u00a0 \u00a0 \u00a0 \u00a0 \u00a0 \u00a0 \u00a0 \u00a0 \u00a0 \u00a0 \u00a0 \u00a0 \u00a0 \u00a0 \u00a0 \u00a0 \u00a0 \u00a0 \u00a0 \u00a0 \u00a0 \u00a0 \u00a0 \u00a0 \u00a0 \u00a0 \u00a0 \u00a0 \u00a0 \u00a0 \u00a0 \u00a0 \u00a0 \u00a0 \u00a0\u00a0 \u00a0 \u00a0 \u00a0 \u00a0 \u00a0 \u00a0 \u00a0 \u00a0 \u00a0 \u00a0 \u00a0 \u00a0 \u00a0 [&hellip;]<\/p>","protected":false},"featured_media":3998,"comment_status":"open","ping_status":"closed","template":"","meta":{"_uag_custom_page_level_css":"","site-sidebar-layout":"default","site-content-layout":"","ast-site-content-layout":"default","site-content-style":"default","site-sidebar-style":"default","ast-global-header-display":"","ast-banner-title-visibility":"","ast-main-header-display":"","ast-hfb-above-header-display":"","ast-hfb-below-header-display":"","ast-hfb-mobile-header-display":"","site-post-title":"","ast-breadcrumbs-content":"","ast-featured-img":"","footer-sml-layout":"","ast-disable-related-posts":"","theme-transparent-header-meta":"default","adv-header-id-meta":"","stick-header-meta":"","header-above-stick-meta":"","header-main-stick-meta":"","header-below-stick-meta":"","astra-migrate-meta-layouts":"set","ast-page-background-enabled":"default","ast-page-background-meta":{"desktop":{"background-color":"","background-image":"","background-repeat":"repeat","background-position":"center center","background-size":"auto","background-attachment":"scroll","background-type":"","background-media":"","overlay-type":"","overlay-color":"","overlay-opacity":"","overlay-gradient":""},"tablet":{"background-color":"","background-image":"","background-repeat":"repeat","background-position":"center center","background-size":"auto","background-attachment":"scroll","background-type":"","background-media":"","overlay-type":"","overlay-color":"","overlay-opacity":"","overlay-gradient":""},"mobile":{"background-color":"","background-image":"","background-repeat":"repeat","background-position":"center center","background-size":"auto","background-attachment":"scroll","background-type":"","background-media":"","overlay-type":"","overlay-color":"","overlay-opacity":"","overlay-gradient":""}},"ast-content-background-meta":{"desktop":{"background-color":"var(--ast-global-color-5)","background-image":"","background-repeat":"repeat","background-position":"center center","background-size":"auto","background-attachment":"scroll","background-type":"","background-media":"","overlay-type":"","overlay-color":"","overlay-opacity":"","overlay-gradient":""},"tablet":{"background-color":"var(--ast-global-color-5)","background-image":"","background-repeat":"repeat","background-position":"center center","background-size":"auto","background-attachment":"scroll","background-type":"","background-media":"","overlay-type":"","overlay-color":"","overlay-opacity":"","overlay-gradient":""},"mobile":{"background-color":"var(--ast-global-color-5)","background-image":"","background-repeat":"repeat","background-position":"center center","background-size":"auto","background-attachment":"scroll","background-type":"","background-media":"","overlay-type":"","overlay-color":"","overlay-opacity":"","overlay-gradient":""}}},"product_brand":[],"product_cat":[98,65],"product_tag":[],"class_list":{"0":"post-3997","1":"product","2":"type-product","3":"status-publish","4":"has-post-thumbnail","6":"product_cat-dedicated-flange-adaptor-and-coupling","7":"product_cat-pipe-joint","8":"desktop-align-left","9":"tablet-align-left","10":"mobile-align-left","12":"first","13":"instock","14":"shipping-taxable","15":"product-type-simple"},"uagb_featured_image_src":{"full":["https:\/\/www.fanrongcasting.com\/wp-content\/uploads\/2025\/03\/Dedicated-Coupling-for-DI-Pipe321.png",800,600,false],"thumbnail":["https:\/\/www.fanrongcasting.com\/wp-content\/uploads\/2025\/03\/Dedicated-Coupling-for-DI-Pipe321-150x150.png",150,150,true],"medium":["https:\/\/www.fanrongcasting.com\/wp-content\/uploads\/2025\/03\/Dedicated-Coupling-for-DI-Pipe321-300x225.png",300,225,true],"medium_large":["https:\/\/www.fanrongcasting.com\/wp-content\/uploads\/2025\/03\/Dedicated-Coupling-for-DI-Pipe321-768x576.png",768,576,true],"large":["https:\/\/www.fanrongcasting.com\/wp-content\/uploads\/2025\/03\/Dedicated-Coupling-for-DI-Pipe321.png",800,600,false],"1536x1536":["https:\/\/www.fanrongcasting.com\/wp-content\/uploads\/2025\/03\/Dedicated-Coupling-for-DI-Pipe321.png",800,600,false],"2048x2048":["https:\/\/www.fanrongcasting.com\/wp-content\/uploads\/2025\/03\/Dedicated-Coupling-for-DI-Pipe321.png",800,600,false],"trp-custom-language-flag":["https:\/\/www.fanrongcasting.com\/wp-content\/uploads\/2025\/03\/Dedicated-Coupling-for-DI-Pipe321-16x12.png",16,12,true],"woocommerce_thumbnail":["https:\/\/www.fanrongcasting.com\/wp-content\/uploads\/2025\/03\/Dedicated-Coupling-for-DI-Pipe321-300x300.png",300,300,true],"woocommerce_single":["https:\/\/www.fanrongcasting.com\/wp-content\/uploads\/2025\/03\/Dedicated-Coupling-for-DI-Pipe321-600x450.png",600,450,true],"woocommerce_gallery_thumbnail":["https:\/\/www.fanrongcasting.com\/wp-content\/uploads\/2025\/03\/Dedicated-Coupling-for-DI-Pipe321-100x100.png",100,100,true]},"uagb_author_info":{"display_name":"jinxing6611@gmail.com","author_link":"https:\/\/www.fanrongcasting.com\/pt\/author\/"},"uagb_comment_info":0,"uagb_excerpt":"Dedicated Coupling for DI Pipe \u00a0 \u00a0 \u00a0 \u00a0 \u00a0 \u00a0 \u00a0 \u00a0 \u00a0 \u00a0 \u00a0 \u00a0 \u00a0 \u00a0 \u00a0 \u00a0 \u00a0 \u00a0 \u00a0 \u00a0 \u00a0 \u00a0 \u00a0 \u00a0 \u00a0 \u00a0 \u00a0 \u00a0 \u00a0 \u00a0 \u00a0 \u00a0 \u00a0 \u00a0 \u00a0 \u00a0 \u00a0\u00a0 \u00a0 \u00a0 \u00a0 \u00a0 \u00a0 \u00a0 \u00a0 \u00a0 \u00a0 \u00a0 \u00a0 \u00a0 \u00a0&hellip;","_links":{"self":[{"href":"https:\/\/www.fanrongcasting.com\/pt\/wp-json\/wp\/v2\/product\/3997","targetHints":{"allow":["GET"]}}],"collection":[{"href":"https:\/\/www.fanrongcasting.com\/pt\/wp-json\/wp\/v2\/product"}],"about":[{"href":"https:\/\/www.fanrongcasting.com\/pt\/wp-json\/wp\/v2\/types\/product"}],"replies":[{"embeddable":true,"href":"https:\/\/www.fanrongcasting.com\/pt\/wp-json\/wp\/v2\/comments?post=3997"}],"wp:featuredmedia":[{"embeddable":true,"href":"https:\/\/www.fanrongcasting.com\/pt\/wp-json\/wp\/v2\/media\/3998"}],"wp:attachment":[{"href":"https:\/\/www.fanrongcasting.com\/pt\/wp-json\/wp\/v2\/media?parent=3997"}],"wp:term":[{"taxonomy":"product_brand","embeddable":true,"href":"https:\/\/www.fanrongcasting.com\/pt\/wp-json\/wp\/v2\/product_brand?post=3997"},{"taxonomy":"product_cat","embeddable":true,"href":"https:\/\/www.fanrongcasting.com\/pt\/wp-json\/wp\/v2\/product_cat?post=3997"},{"taxonomy":"product_tag","embeddable":true,"href":"https:\/\/www.fanrongcasting.com\/pt\/wp-json\/wp\/v2\/product_tag?post=3997"}],"curies":[{"name":"wp","href":"https:\/\/api.w.org\/{rel}","templated":true}]}}