{"id":3990,"date":"2025-03-20T03:30:02","date_gmt":"2025-03-20T03:30:02","guid":{"rendered":"https:\/\/www.fanrongcasting.com\/?post_type=product&#038;p=3990"},"modified":"2025-04-01T08:11:03","modified_gmt":"2025-04-01T08:11:03","slug":"dedicated-flange-adaptor-for-di-pipe","status":"publish","type":"product","link":"https:\/\/www.fanrongcasting.com\/pt\/produto\/dedicated-flange-adaptor-for-di-pipe\/","title":{"rendered":"Adaptador de flange dedicado para tubo DI"},"content":{"rendered":"<p style=\"text-align: center;\"><strong>Adaptador de flange dedicado para tubo DI<\/strong><\/p>\n<p>\u00a0 \u00a0 \u00a0 \u00a0 \u00a0 \u00a0 \u00a0 \u00a0 \u00a0 \u00a0 \u00a0 \u00a0 \u00a0 \u00a0 \u00a0 \u00a0 \u00a0 \u00a0 \u00a0 \u00a0 \u00a0 \u00a0 \u00a0 \u00a0 \u00a0 \u00a0 \u00a0 \u00a0 \u00a0 \u00a0 \u00a0 \u00a0 \u00a0 \u00a0 \u00a0 \u00a0 \u00a0 \u00a0 \u00a0 \u00a0 \u00a0 \u00a0 \u00a0 \u00a0 <img fetchpriority=\"high\" decoding=\"async\" class=\"size-full wp-image-4238 aligncenter\" src=\"https:\/\/www.fanrongcasting.com\/wp-content\/uploads\/2025\/03\/1-1-1.png\" alt=\"\" width=\"298\" height=\"291\" srcset=\"https:\/\/www.fanrongcasting.com\/wp-content\/uploads\/2025\/03\/1-1-1.png 298w, https:\/\/www.fanrongcasting.com\/wp-content\/uploads\/2025\/03\/1-1-1-12x12.png 12w\" sizes=\"(max-width: 298px) 100vw, 298px\" \/>\u00a0 \u00a0 \u00a0 \u00a0 \u00a0 \u00a0 \u00a0 \u00a0 \u00a0 \u00a0 \u00a0 \u00a0 \u00a0 \u00a0 \u00a0 \u00a0 \u00a0 \u00a0 \u00a0 \u00a0 \u00a0 \u00a0 \u00a0 <img decoding=\"async\" class=\"size-medium wp-image-4239 aligncenter\" src=\"https:\/\/www.fanrongcasting.com\/wp-content\/uploads\/2025\/03\/1-2-159x300.png\" alt=\"\" width=\"159\" height=\"300\" srcset=\"https:\/\/www.fanrongcasting.com\/wp-content\/uploads\/2025\/03\/1-2-159x300.png 159w, https:\/\/www.fanrongcasting.com\/wp-content\/uploads\/2025\/03\/1-2-6x12.png 6w, https:\/\/www.fanrongcasting.com\/wp-content\/uploads\/2025\/03\/1-2.png 252w\" sizes=\"(max-width: 159px) 100vw, 159px\" \/><\/p>\n<p><strong><b>\u25c6<\/b><\/strong><strong><b>Material<\/b><\/strong><strong><b>\u00a0<\/b><\/strong><strong><b>Especifica\u00e7\u00e3o:<\/b><\/strong><\/p>\n<table>\n<tbody>\n<tr>\n<td width=\"44\"><strong><b>N\u00e3o.<\/b><\/strong><\/td>\n<td width=\"96\">Nome das pe\u00e7as<\/td>\n<td width=\"168\">Material<\/td>\n<td width=\"114\">Especifica\u00e7\u00e3o<\/td>\n<\/tr>\n<tr>\n<td width=\"44\">1<\/td>\n<td width=\"96\">Corpo<\/td>\n<td width=\"168\">Ferro fundido d\u00factil<\/td>\n<td width=\"114\">GGG50<\/td>\n<\/tr>\n<tr>\n<td width=\"44\">2<\/td>\n<td width=\"96\">Anel de extremidade<\/td>\n<td width=\"168\">Ferro fundido d\u00factil<\/td>\n<td width=\"114\">GGG50<\/td>\n<\/tr>\n<tr>\n<td width=\"44\">3<\/td>\n<td width=\"96\">Veda\u00e7\u00e3o de borracha<\/td>\n<td width=\"168\">Borracha<\/td>\n<td width=\"114\">EPDM<\/td>\n<\/tr>\n<tr>\n<td width=\"44\">4<\/td>\n<td width=\"96\">Parafuso<\/td>\n<td width=\"168\">A\u00e7o revestido a Dacromet<\/td>\n<td width=\"114\">ISO898-1:1999<\/td>\n<\/tr>\n<tr>\n<td width=\"44\">5<\/td>\n<td width=\"96\">M\u00e1quina de lavar roupa<\/td>\n<td width=\"168\">A\u00e7o revestido a Dacromet<\/td>\n<td width=\"114\"><\/td>\n<\/tr>\n<tr>\n<td width=\"44\">6<\/td>\n<td width=\"96\">Porca<\/td>\n<td width=\"168\">A\u00e7o revestido a Dacromet<\/td>\n<td width=\"114\">ISO898-2:1992<\/td>\n<\/tr>\n<tr>\n<td width=\"44\">7<\/td>\n<td width=\"96\">Tampa<\/td>\n<td width=\"168\">Pl\u00e1stico<\/td>\n<td width=\"114\"><\/td>\n<\/tr>\n<\/tbody>\n<\/table>\n<p><img decoding=\"async\" class=\"wp-image-4241 size-full aligncenter\" src=\"https:\/\/www.fanrongcasting.com\/wp-content\/uploads\/2025\/03\/666.png\" alt=\"\" width=\"1035\" height=\"683\" srcset=\"https:\/\/www.fanrongcasting.com\/wp-content\/uploads\/2025\/03\/666.png 1035w, https:\/\/www.fanrongcasting.com\/wp-content\/uploads\/2025\/03\/666-300x198.png 300w, https:\/\/www.fanrongcasting.com\/wp-content\/uploads\/2025\/03\/666-1024x676.png 1024w, https:\/\/www.fanrongcasting.com\/wp-content\/uploads\/2025\/03\/666-768x507.png 768w, https:\/\/www.fanrongcasting.com\/wp-content\/uploads\/2025\/03\/666-18x12.png 18w, https:\/\/www.fanrongcasting.com\/wp-content\/uploads\/2025\/03\/666-600x396.png 600w\" sizes=\"(max-width: 1035px) 100vw, 1035px\" \/><\/p>\n<p>&nbsp;<\/p>\n<p>&nbsp;<\/p>\n<p>Os adaptadores de flange dedicados, que abrangem uma gama semelhante \u00e0 do acoplamento reto, s\u00e3o fabricados para unir tubos de extremidade lisa a v\u00e1lvulas, acess\u00f3rios, flux\u00f3metros e tubos flangeados. As perfura\u00e7\u00f5es de flange est\u00e3o dispon\u00edveis de acordo com todas as normas internacionais ou de acordo com as especifica\u00e7\u00f5es do cliente. Os acoplamentos dedicados unem tubos com o mesmo di\u00e2metro exterior, podendo ser fabricados para se adaptarem \u00e0s dimens\u00f5es m\u00e9tricas e imperiais para tubos de a\u00e7o, ferro d\u00factil, etc.<\/p>\n<p>&nbsp;<\/p>\n<p><strong><b>Carater\u00edsticas de design<\/b><\/strong><\/p>\n<p>Veda\u00e7\u00e3o de longa dura\u00e7\u00e3o<\/p>\n<ul>\n<li>A junta de veda\u00e7\u00e3o elastom\u00e9rica pode fornecer mais de 25 anos de vida \u00fatil.<\/li>\n<\/ul>\n<p>F\u00e1cil de adaptar<\/p>\n<ul>\n<li>Dispon\u00edvel para muitas condi\u00e7\u00f5es de instala\u00e7\u00e3o, como debaixo de \u00e1gua, tipos de valas em qualquer clima.<\/li>\n<\/ul>\n<p>Excelente prote\u00e7\u00e3o do revestimento<\/p>\n<ul>\n<li>A pintura normal para universal<\/li>\n<\/ul>\n<p>os acess\u00f3rios s\u00e3o de fus\u00e3o RAL5017<\/p>\n<p>p\u00f3 revestido a ep\u00f3xi que com<\/p>\n<p>boas carater\u00edsticas anticorrosivas,<\/p>\n<p>e os parafusos e porcas s\u00e3o revestidos com Dacromet, que possui boas carater\u00edsticas de anticorros\u00e3o e termoestabilidade.<\/p>\n<p>&nbsp;<\/p>\n<p><strong><b>Material e normas relevantes:<\/b><\/strong><\/p>\n<p><strong><b>Acoplamento<\/b><\/strong><\/p>\n<p>Manga central e an\u00e9is de extremidade<\/p>\n<ul>\n<li>Ferro fundido d\u00factil de acordo com a norma BS EN-GJS-500-7<\/li>\n<li>\u00a0A\u00e7o macio de acordo com a norma EN10025 S235JR.<\/li>\n<\/ul>\n<p>\u25c6 JuntasPadr\u00e3o<\/p>\n<ul>\n<li>EPDM PARA BS EN681-1<\/li>\n<li>NBR DE ACORDO COM BS EN682<\/li>\n<\/ul>\n<p>Parafusos\/Parafusos em T<\/p>\n<ul>\n<li>Norma:A\u00e7o segundo a norma BS EN ISO898-1 Classe4.8<\/li>\n<li>Outros materiais dispon\u00edveis mediante pedido.<\/li>\n<\/ul>\n<p>Porcas\/anilhas<\/p>\n<ul>\n<li>Porcas: A\u00e7o de acordo com a norma BS EN ISO 898-2.<\/li>\n<li>Outros materiais dispon\u00edveis mediante pedido.<\/li>\n<\/ul>\n<p>\u25c6 Anilhas<\/p>\n<ul>\n<li>A\u00e7o revestido com Decromet<\/li>\n<\/ul>\n<p>\u25c6 Revestimentos<\/p>\n<ul>\n<li>Revestimento FBE azul segundo RAL5017<\/li>\n<li>Op\u00e7\u00e3o:Nylon Rilsan 11.<\/li>\n<\/ul>\n<p><strong><b>Adaptador de flange<\/b><\/strong><\/p>\n<p>Corpo e anel final<\/p>\n<ul>\n<li>Ferro fundido d\u00factil de acordo com a norma BS EN-GJS-500-7<\/li>\n<li>A\u00e7o macio de acordo com a norma EN10025 S235JR.<\/li>\n<\/ul>\n<p>\u25c6 Juntas standard<\/p>\n<ul>\n<li>EPDM PARA BS EN681-1<\/li>\n<li>NBR DE ACORDO COM BS EN682<\/li>\n<\/ul>\n<p>Parafusos\/Parafusos em T<\/p>\n<ul>\n<li>Norma:A\u00e7o segundo a norma BS EN SO 898-1 Classe4.8<\/li>\n<li>Outros materiais dispon\u00edveis mediante pedido.<\/li>\n<\/ul>\n<p>Porcas\/anilhas<\/p>\n<ul>\n<li>Porcas: A\u00e7o de acordo com a norma BS EN ISO898-2.<\/li>\n<li>Outros materiais dispon\u00edveis mediante pedido.<\/li>\n<\/ul>\n<p>\u25c6 Anilhas<\/p>\n<ul>\n<li>A\u00e7o revestido com Decromet<\/li>\n<\/ul>\n<p>\u25c6 Revestimentos<\/p>\n<ul>\n<li>Revestimento FBE azul segundo RAL5017<\/li>\n<li>Op\u00e7\u00e3o:Nylon Rilsan 11.<\/li>\n<\/ul>\n<p>&nbsp;<\/p>","protected":false},"excerpt":{"rendered":"<p>Dedicated Flange Adaptor for DI Pipe \u00a0 \u00a0 \u00a0 \u00a0 \u00a0 \u00a0 \u00a0 \u00a0 \u00a0 \u00a0 \u00a0 \u00a0 \u00a0 \u00a0 \u00a0 \u00a0 \u00a0 \u00a0 \u00a0 \u00a0 \u00a0 \u00a0 \u00a0 \u00a0 \u00a0 \u00a0 \u00a0 \u00a0 \u00a0 \u00a0 \u00a0 \u00a0 \u00a0 \u00a0 \u00a0 \u00a0 \u00a0 \u00a0 \u00a0 \u00a0 \u00a0 \u00a0 \u00a0 \u00a0 \u00a0 \u00a0 \u00a0 \u00a0 \u00a0 [&hellip;]<\/p>","protected":false},"featured_media":3993,"comment_status":"open","ping_status":"closed","template":"","meta":{"_uag_custom_page_level_css":"","site-sidebar-layout":"default","site-content-layout":"","ast-site-content-layout":"default","site-content-style":"default","site-sidebar-style":"default","ast-global-header-display":"","ast-banner-title-visibility":"","ast-main-header-display":"","ast-hfb-above-header-display":"","ast-hfb-below-header-display":"","ast-hfb-mobile-header-display":"","site-post-title":"","ast-breadcrumbs-content":"","ast-featured-img":"","footer-sml-layout":"","ast-disable-related-posts":"","theme-transparent-header-meta":"default","adv-header-id-meta":"","stick-header-meta":"","header-above-stick-meta":"","header-main-stick-meta":"","header-below-stick-meta":"","astra-migrate-meta-layouts":"set","ast-page-background-enabled":"default","ast-page-background-meta":{"desktop":{"background-color":"","background-image":"","background-repeat":"repeat","background-position":"center center","background-size":"auto","background-attachment":"scroll","background-type":"","background-media":"","overlay-type":"","overlay-color":"","overlay-opacity":"","overlay-gradient":""},"tablet":{"background-color":"","background-image":"","background-repeat":"repeat","background-position":"center center","background-size":"auto","background-attachment":"scroll","background-type":"","background-media":"","overlay-type":"","overlay-color":"","overlay-opacity":"","overlay-gradient":""},"mobile":{"background-color":"","background-image":"","background-repeat":"repeat","background-position":"center center","background-size":"auto","background-attachment":"scroll","background-type":"","background-media":"","overlay-type":"","overlay-color":"","overlay-opacity":"","overlay-gradient":""}},"ast-content-background-meta":{"desktop":{"background-color":"var(--ast-global-color-5)","background-image":"","background-repeat":"repeat","background-position":"center center","background-size":"auto","background-attachment":"scroll","background-type":"","background-media":"","overlay-type":"","overlay-color":"","overlay-opacity":"","overlay-gradient":""},"tablet":{"background-color":"var(--ast-global-color-5)","background-image":"","background-repeat":"repeat","background-position":"center center","background-size":"auto","background-attachment":"scroll","background-type":"","background-media":"","overlay-type":"","overlay-color":"","overlay-opacity":"","overlay-gradient":""},"mobile":{"background-color":"var(--ast-global-color-5)","background-image":"","background-repeat":"repeat","background-position":"center center","background-size":"auto","background-attachment":"scroll","background-type":"","background-media":"","overlay-type":"","overlay-color":"","overlay-opacity":"","overlay-gradient":""}}},"product_brand":[],"product_cat":[98,65],"product_tag":[],"class_list":{"0":"post-3990","1":"product","2":"type-product","3":"status-publish","4":"has-post-thumbnail","6":"product_cat-dedicated-flange-adaptor-and-coupling","7":"product_cat-pipe-joint","8":"desktop-align-left","9":"tablet-align-left","10":"mobile-align-left","12":"first","13":"instock","14":"shipping-taxable","15":"product-type-simple"},"uagb_featured_image_src":{"full":["https:\/\/www.fanrongcasting.com\/wp-content\/uploads\/2025\/03\/Dedicated-Flange-Adaptor.png",800,600,false],"thumbnail":["https:\/\/www.fanrongcasting.com\/wp-content\/uploads\/2025\/03\/Dedicated-Flange-Adaptor-150x150.png",150,150,true],"medium":["https:\/\/www.fanrongcasting.com\/wp-content\/uploads\/2025\/03\/Dedicated-Flange-Adaptor-300x225.png",300,225,true],"medium_large":["https:\/\/www.fanrongcasting.com\/wp-content\/uploads\/2025\/03\/Dedicated-Flange-Adaptor-768x576.png",768,576,true],"large":["https:\/\/www.fanrongcasting.com\/wp-content\/uploads\/2025\/03\/Dedicated-Flange-Adaptor.png",800,600,false],"1536x1536":["https:\/\/www.fanrongcasting.com\/wp-content\/uploads\/2025\/03\/Dedicated-Flange-Adaptor.png",800,600,false],"2048x2048":["https:\/\/www.fanrongcasting.com\/wp-content\/uploads\/2025\/03\/Dedicated-Flange-Adaptor.png",800,600,false],"trp-custom-language-flag":["https:\/\/www.fanrongcasting.com\/wp-content\/uploads\/2025\/03\/Dedicated-Flange-Adaptor-16x12.png",16,12,true],"woocommerce_thumbnail":["https:\/\/www.fanrongcasting.com\/wp-content\/uploads\/2025\/03\/Dedicated-Flange-Adaptor-300x300.png",300,300,true],"woocommerce_single":["https:\/\/www.fanrongcasting.com\/wp-content\/uploads\/2025\/03\/Dedicated-Flange-Adaptor-600x450.png",600,450,true],"woocommerce_gallery_thumbnail":["https:\/\/www.fanrongcasting.com\/wp-content\/uploads\/2025\/03\/Dedicated-Flange-Adaptor-100x100.png",100,100,true]},"uagb_author_info":{"display_name":"jinxing6611@gmail.com","author_link":"https:\/\/www.fanrongcasting.com\/pt\/author\/"},"uagb_comment_info":0,"uagb_excerpt":"Dedicated Flange Adaptor for DI Pipe \u00a0 \u00a0 \u00a0 \u00a0 \u00a0 \u00a0 \u00a0 \u00a0 \u00a0 \u00a0 \u00a0 \u00a0 \u00a0 \u00a0 \u00a0 \u00a0 \u00a0 \u00a0 \u00a0 \u00a0 \u00a0 \u00a0 \u00a0 \u00a0 \u00a0 \u00a0 \u00a0 \u00a0 \u00a0 \u00a0 \u00a0 \u00a0 \u00a0 \u00a0 \u00a0 \u00a0 \u00a0 \u00a0 \u00a0 \u00a0 \u00a0 \u00a0 \u00a0 \u00a0 \u00a0 \u00a0 \u00a0 \u00a0 \u00a0&hellip;","_links":{"self":[{"href":"https:\/\/www.fanrongcasting.com\/pt\/wp-json\/wp\/v2\/product\/3990","targetHints":{"allow":["GET"]}}],"collection":[{"href":"https:\/\/www.fanrongcasting.com\/pt\/wp-json\/wp\/v2\/product"}],"about":[{"href":"https:\/\/www.fanrongcasting.com\/pt\/wp-json\/wp\/v2\/types\/product"}],"replies":[{"embeddable":true,"href":"https:\/\/www.fanrongcasting.com\/pt\/wp-json\/wp\/v2\/comments?post=3990"}],"wp:featuredmedia":[{"embeddable":true,"href":"https:\/\/www.fanrongcasting.com\/pt\/wp-json\/wp\/v2\/media\/3993"}],"wp:attachment":[{"href":"https:\/\/www.fanrongcasting.com\/pt\/wp-json\/wp\/v2\/media?parent=3990"}],"wp:term":[{"taxonomy":"product_brand","embeddable":true,"href":"https:\/\/www.fanrongcasting.com\/pt\/wp-json\/wp\/v2\/product_brand?post=3990"},{"taxonomy":"product_cat","embeddable":true,"href":"https:\/\/www.fanrongcasting.com\/pt\/wp-json\/wp\/v2\/product_cat?post=3990"},{"taxonomy":"product_tag","embeddable":true,"href":"https:\/\/www.fanrongcasting.com\/pt\/wp-json\/wp\/v2\/product_tag?post=3990"}],"curies":[{"name":"wp","href":"https:\/\/api.w.org\/{rel}","templated":true}]}}