{"id":3978,"date":"2025-03-20T01:21:56","date_gmt":"2025-03-20T01:21:56","guid":{"rendered":"https:\/\/www.fanrongcasting.com\/?post_type=product&#038;p=3978"},"modified":"2025-06-26T09:08:20","modified_gmt":"2025-06-26T09:08:20","slug":"resilient-seated-gate-valve-din3352f4-f5","status":"publish","type":"product","link":"https:\/\/www.fanrongcasting.com\/pt\/produto\/resilient-seated-gate-valve-din3352f4-f5\/","title":{"rendered":"V\u00e1lvula de gaveta com veda\u00e7\u00e3o resiliente DIN3352F4\/F5"},"content":{"rendered":"<h2>V\u00e1lvula de gaveta com veda\u00e7\u00e3o resiliente DIN3352F4\/F5<\/h2>\n<p><img fetchpriority=\"high\" decoding=\"async\" class=\"alignnone wp-image-1248 size-full\" src=\"https:\/\/www.yongtongdipipe.com\/wp-content\/uploads\/2024\/11\/\u5fb7\u6807\u9600\u95e8F4F5-\u6570\u636e\u56fe.png\" alt=\"\" width=\"700\" height=\"210\" \/><\/p>\n<p>Materiais<\/p>\n<p>Item Pe\u00e7as Material<\/p>\n<ol>\n<li>\u00a0 \u00a0 \u00a0 \u00a0 Corpo BSEN1563 EN-GJS-450-10<\/li>\n<li>\u00a0 \u00a0 \u00a0 \u00a0 Disco BSEN1563 EN-GJS-450-10<\/li>\n<li>\u00a0 \u00a0 \u00a0 \u00a0 Haste SS420<\/li>\n<li>\u00a0 \u00a0 \u00a0 \u00a0 Porca de disco em lat\u00e3o<\/li>\n<li>\u00a0 \u00a0 \u00a0 \u00a0 Junta da tampa do compartimento EPDM<\/li>\n<li>\u00a0 \u00a0 \u00a0 \u00a0 Castelo BSEN1563 EN-GJS-450-10<\/li>\n<li>\u00a0 \u00a0 \u00a0 \u00a0 Parafuso de a\u00e7o galvanizado<\/li>\n<li>\u00a0 \u00a0 \u00a0 \u00a0 O-ring EPDM<\/li>\n<li>\u00a0 \u00a0 \u00a0 \u00a0 Anel de press\u00e3o Lat\u00e3o<\/li>\n<li>\u00a0 \u00a0 \u00a0 \u00a0O-ring EPDM<\/li>\n<li>\u00a0 \u00a0 \u00a0 \u00a0O-ring EPDM<\/li>\n<li>\u00a0 \u00a0 \u00a0 \u00a0Casquilho de lat\u00e3o<\/li>\n<li>\u00a0 \u00a0 \u00a0 \u00a0Anel de prote\u00e7\u00e3o contra poeiras EPDM<\/li>\n<li>\u00a0 \u00a0 \u00a0 \u00a0Arruela de a\u00e7o galvanizado<\/li>\n<li>\u00a0 \u00a0 \u00a0 \u00a0Parafuso de a\u00e7o galvanizado<\/li>\n<\/ol>\n<p>16 Volante BSEN 1563 PT-GJS-450-10<\/p>\n<ol start=\"17\">\n<li>\u00a0 \u00a0 \u00a0Tampa da haste BSEN 1563 EN-GJS-450-10<strong><b>\u00a0Sobre a V\u00e1lvula de gaveta de cunha com sede resiliente de haste n\u00e3o ascendente:<\/b><\/strong>As v\u00e1lvulas de gaveta DIN3352 F4\/F5 s\u00e3o concebidas com seguran\u00e7a incorporada em todos os pormenores. A cunha \u00e9 totalmente vulcanizada com borracha EPDM. Apresenta uma durabilidade excecional devido \u00e0 capacidade da borracha para recuperar a sua forma original, ao processo de vulcaniza\u00e7\u00e3o de liga\u00e7\u00e3o dupla e ao design robusto da cunha. O sistema de veda\u00e7\u00e3o tripla da haste de seguran\u00e7a, a haste de elevada resist\u00eancia e a prote\u00e7\u00e3o completa contra a corros\u00e3o garantem uma fiabilidade inigual\u00e1vel.<strong><b>\u00a0V\u00e1lvula de gaveta de cunha com sede resiliente de haste n\u00e3o ascendente DIN3352<\/b><\/strong>* As v\u00e1lvulas de gaveta s\u00e3o fabricadas em ferro d\u00factil e cumprem os requisitos da norma DIN3352. As hastes em a\u00e7o inoxid\u00e1vel s\u00e3o fornecidas de s\u00e9rie para eliminar as hastes dobradas ou partidas.\n<p>*Cunha em EPDM totalmente encapsulada para evitar a deteriora\u00e7\u00e3o provocada pelos desinfectantes.<\/p>\n<p>*Certificado pela WRAS.<\/p>\n<p>*Fabricado na China<\/li>\n<\/ol>","protected":false},"excerpt":{"rendered":"<p>Resilient Seated Gate Valve DIN3352F4\/F5 Materials Item\u00a0 \u00a0 \u00a0 \u00a0 \u00a0 \u00a0 Parts\u00a0 \u00a0 \u00a0 \u00a0 \u00a0 \u00a0 \u00a0 \u00a0 \u00a0 \u00a0 \u00a0 \u00a0Material \u00a0 \u00a0 \u00a0 \u00a0 Body\u00a0 \u00a0 \u00a0 \u00a0 \u00a0 \u00a0 \u00a0 \u00a0 \u00a0 \u00a0 \u00a0BSEN1563 EN-GJS-450-10 \u00a0 \u00a0 \u00a0 \u00a0 Disc\u00a0 \u00a0 \u00a0 \u00a0 \u00a0 \u00a0 \u00a0 \u00a0 \u00a0 \u00a0 \u00a0 [&hellip;]<\/p>","protected":false},"featured_media":3980,"comment_status":"open","ping_status":"closed","template":"","meta":{"_uag_custom_page_level_css":"","site-sidebar-layout":"default","site-content-layout":"","ast-site-content-layout":"default","site-content-style":"default","site-sidebar-style":"default","ast-global-header-display":"","ast-banner-title-visibility":"","ast-main-header-display":"","ast-hfb-above-header-display":"","ast-hfb-below-header-display":"","ast-hfb-mobile-header-display":"","site-post-title":"","ast-breadcrumbs-content":"","ast-featured-img":"","footer-sml-layout":"","ast-disable-related-posts":"","theme-transparent-header-meta":"default","adv-header-id-meta":"","stick-header-meta":"","header-above-stick-meta":"","header-main-stick-meta":"","header-below-stick-meta":"","astra-migrate-meta-layouts":"set","ast-page-background-enabled":"default","ast-page-background-meta":{"desktop":{"background-color":"","background-image":"","background-repeat":"repeat","background-position":"center center","background-size":"auto","background-attachment":"scroll","background-type":"","background-media":"","overlay-type":"","overlay-color":"","overlay-opacity":"","overlay-gradient":""},"tablet":{"background-color":"","background-image":"","background-repeat":"repeat","background-position":"center center","background-size":"auto","background-attachment":"scroll","background-type":"","background-media":"","overlay-type":"","overlay-color":"","overlay-opacity":"","overlay-gradient":""},"mobile":{"background-color":"","background-image":"","background-repeat":"repeat","background-position":"center center","background-size":"auto","background-attachment":"scroll","background-type":"","background-media":"","overlay-type":"","overlay-color":"","overlay-opacity":"","overlay-gradient":""}},"ast-content-background-meta":{"desktop":{"background-color":"var(--ast-global-color-5)","background-image":"","background-repeat":"repeat","background-position":"center center","background-size":"auto","background-attachment":"scroll","background-type":"","background-media":"","overlay-type":"","overlay-color":"","overlay-opacity":"","overlay-gradient":""},"tablet":{"background-color":"var(--ast-global-color-5)","background-image":"","background-repeat":"repeat","background-position":"center center","background-size":"auto","background-attachment":"scroll","background-type":"","background-media":"","overlay-type":"","overlay-color":"","overlay-opacity":"","overlay-gradient":""},"mobile":{"background-color":"var(--ast-global-color-5)","background-image":"","background-repeat":"repeat","background-position":"center center","background-size":"auto","background-attachment":"scroll","background-type":"","background-media":"","overlay-type":"","overlay-color":"","overlay-opacity":"","overlay-gradient":""}}},"product_brand":[],"product_cat":[106,67],"product_tag":[],"class_list":{"0":"post-3978","1":"product","2":"type-product","3":"status-publish","4":"has-post-thumbnail","6":"product_cat-resilient-seated-gate-valve-din3352f4-f5","7":"product_cat-valve","8":"desktop-align-left","9":"tablet-align-left","10":"mobile-align-left","12":"first","13":"instock","14":"shipping-taxable","15":"product-type-simple"},"uagb_featured_image_src":{"full":["https:\/\/www.fanrongcasting.com\/wp-content\/uploads\/2025\/03\/111-7.jpg",800,600,false],"thumbnail":["https:\/\/www.fanrongcasting.com\/wp-content\/uploads\/2025\/03\/111-7-150x150.jpg",150,150,true],"medium":["https:\/\/www.fanrongcasting.com\/wp-content\/uploads\/2025\/03\/111-7-300x225.jpg",300,225,true],"medium_large":["https:\/\/www.fanrongcasting.com\/wp-content\/uploads\/2025\/03\/111-7-768x576.jpg",768,576,true],"large":["https:\/\/www.fanrongcasting.com\/wp-content\/uploads\/2025\/03\/111-7.jpg",800,600,false],"1536x1536":["https:\/\/www.fanrongcasting.com\/wp-content\/uploads\/2025\/03\/111-7.jpg",800,600,false],"2048x2048":["https:\/\/www.fanrongcasting.com\/wp-content\/uploads\/2025\/03\/111-7.jpg",800,600,false],"trp-custom-language-flag":["https:\/\/www.fanrongcasting.com\/wp-content\/uploads\/2025\/03\/111-7-16x12.jpg",16,12,true],"woocommerce_thumbnail":["https:\/\/www.fanrongcasting.com\/wp-content\/uploads\/2025\/03\/111-7-300x300.jpg",300,300,true],"woocommerce_single":["https:\/\/www.fanrongcasting.com\/wp-content\/uploads\/2025\/03\/111-7-600x450.jpg",600,450,true],"woocommerce_gallery_thumbnail":["https:\/\/www.fanrongcasting.com\/wp-content\/uploads\/2025\/03\/111-7-100x100.jpg",100,100,true]},"uagb_author_info":{"display_name":"jinxing6611@gmail.com","author_link":"https:\/\/www.fanrongcasting.com\/pt\/author\/"},"uagb_comment_info":0,"uagb_excerpt":"Resilient Seated Gate Valve DIN3352F4\/F5 Materials Item\u00a0 \u00a0 \u00a0 \u00a0 \u00a0 \u00a0 Parts\u00a0 \u00a0 \u00a0 \u00a0 \u00a0 \u00a0 \u00a0 \u00a0 \u00a0 \u00a0 \u00a0 \u00a0Material \u00a0 \u00a0 \u00a0 \u00a0 Body\u00a0 \u00a0 \u00a0 \u00a0 \u00a0 \u00a0 \u00a0 \u00a0 \u00a0 \u00a0 \u00a0BSEN1563 EN-GJS-450-10 \u00a0 \u00a0 \u00a0 \u00a0 Disc\u00a0 \u00a0 \u00a0 \u00a0 \u00a0 \u00a0 \u00a0 \u00a0 \u00a0 \u00a0 \u00a0&hellip;","_links":{"self":[{"href":"https:\/\/www.fanrongcasting.com\/pt\/wp-json\/wp\/v2\/product\/3978","targetHints":{"allow":["GET"]}}],"collection":[{"href":"https:\/\/www.fanrongcasting.com\/pt\/wp-json\/wp\/v2\/product"}],"about":[{"href":"https:\/\/www.fanrongcasting.com\/pt\/wp-json\/wp\/v2\/types\/product"}],"replies":[{"embeddable":true,"href":"https:\/\/www.fanrongcasting.com\/pt\/wp-json\/wp\/v2\/comments?post=3978"}],"wp:featuredmedia":[{"embeddable":true,"href":"https:\/\/www.fanrongcasting.com\/pt\/wp-json\/wp\/v2\/media\/3980"}],"wp:attachment":[{"href":"https:\/\/www.fanrongcasting.com\/pt\/wp-json\/wp\/v2\/media?parent=3978"}],"wp:term":[{"taxonomy":"product_brand","embeddable":true,"href":"https:\/\/www.fanrongcasting.com\/pt\/wp-json\/wp\/v2\/product_brand?post=3978"},{"taxonomy":"product_cat","embeddable":true,"href":"https:\/\/www.fanrongcasting.com\/pt\/wp-json\/wp\/v2\/product_cat?post=3978"},{"taxonomy":"product_tag","embeddable":true,"href":"https:\/\/www.fanrongcasting.com\/pt\/wp-json\/wp\/v2\/product_tag?post=3978"}],"curies":[{"name":"wp","href":"https:\/\/api.w.org\/{rel}","templated":true}]}}