{"id":3962,"date":"2025-03-20T00:57:19","date_gmt":"2025-03-20T00:57:19","guid":{"rendered":"https:\/\/www.fanrongcasting.com\/?post_type=product&#038;p=3962"},"modified":"2025-04-07T02:30:19","modified_gmt":"2025-04-07T02:30:19","slug":"resilient-seated-gate-valve-bs5163","status":"publish","type":"product","link":"https:\/\/www.fanrongcasting.com\/pt\/produto\/resilient-seated-gate-valve-bs5163\/","title":{"rendered":"V\u00e1lvula de gaveta com veda\u00e7\u00e3o resiliente BS5163"},"content":{"rendered":"<p style=\"text-align: center;\"><strong>V\u00e1lvula de gaveta com veda\u00e7\u00e3o resiliente BS5163<\/strong><\/p>\n<p><img fetchpriority=\"high\" decoding=\"async\" class=\"aligncenter wp-image-3964 size-full\" src=\"https:\/\/www.fanrongcasting.com\/wp-content\/uploads\/2025\/03\/222-7.jpg\" alt=\"\" width=\"652\" height=\"821\" srcset=\"https:\/\/www.fanrongcasting.com\/wp-content\/uploads\/2025\/03\/222-7.jpg 652w, https:\/\/www.fanrongcasting.com\/wp-content\/uploads\/2025\/03\/222-7-238x300.jpg 238w, https:\/\/www.fanrongcasting.com\/wp-content\/uploads\/2025\/03\/222-7-10x12.jpg 10w, https:\/\/www.fanrongcasting.com\/wp-content\/uploads\/2025\/03\/222-7-600x756.jpg 600w\" sizes=\"(max-width: 652px) 100vw, 652px\" \/><\/p>\n<h2 style=\"text-align: left;\"><strong><b>Descri\u00e7\u00e3o do produto<\/b><\/strong><\/h2>\n<p style=\"text-align: left;\"><strong><b>Sobre a haste n\u00e3o ascendente BS5163 com sede resiliente\u00a0<\/b><\/strong><a href=\"http:\/\/www.sinopipesol.com\/gate-valve\/\"><strong><u><b>V\u00e1lvula de gaveta em cunha<\/b><\/u><\/strong><\/a><strong><b>:<\/b><\/strong><\/p>\n<p style=\"text-align: left;\"><a href=\"http:\/\/www.sinopipesol.com\/\"><u>v\u00e1lvula de gaveta<\/u><\/a>\u00a0s\u00e3o amplamente utilizados para todos os tipos de aplica\u00e7\u00f5es e s\u00e3o adequados tanto para instala\u00e7\u00f5es acima do solo como subterr\u00e2neas.\u00a0<a href=\"http:\/\/www.sinopipesol.com\/valve\/\"><u>V\u00e1lvula<\/u><\/a>\u00a0para evitar custos de substitui\u00e7\u00e3o elevados.<\/p>\n<p style=\"text-align: left;\">As v\u00e1lvulas de gaveta s\u00e3o concebidas para servi\u00e7o totalmente aberto ou totalmente fechado. S\u00e3o instaladas em condutas como v\u00e1lvulas de isolamento e n\u00e3o devem ser utilizadas como v\u00e1lvulas de controlo ou regula\u00e7\u00e3o.\u00a0<a href=\"http:\/\/www.sinopipesol.com\/gate-valve\/\"><u>V\u00e1lvula de gaveta<\/u><\/a>\u00a0Ao acionar a haste da v\u00e1lvula, a comporta desloca-se para cima ou para baixo na parte roscada da haste.<\/p>\n<p style=\"text-align: left;\">As v\u00e1lvulas de gaveta s\u00e3o frequentemente utilizadas quando \u00e9 necess\u00e1ria uma perda de press\u00e3o m\u00ednima e um orif\u00edcio livre. Quando totalmente aberta, uma v\u00e1lvula de gaveta t\u00edpica n\u00e3o tem qualquer obstru\u00e7\u00e3o no percurso do fluxo, o que resulta numa perda de press\u00e3o muito baixa, e esta conce\u00e7\u00e3o torna poss\u00edvel a utiliza\u00e7\u00e3o de um pig de limpeza de tubos.<\/p>\n<p style=\"text-align: left;\">As v\u00e1lvulas de gaveta podem ser utilizadas para um grande n\u00famero de fluidos. As v\u00e1lvulas de gaveta s\u00e3o adequadas nas seguintes condi\u00e7\u00f5es de trabalho: \u00c1gua pot\u00e1vel, \u00e1guas residuais e l\u00edquidos neutros: temperatura entre -20 e +80 \u2103, velocidade m\u00e1xima de fluxo de 5m \/ s e press\u00e3o diferencial de at\u00e9 16 bar.<\/p>\n<p style=\"text-align: left;\"><strong><b>V\u00e1lvula de gaveta de cunha com sede resiliente de haste n\u00e3o ascendente BS5163<\/b><\/strong><\/p>\n<p style=\"text-align: left;\">*As v\u00e1lvulas de porta s\u00e3o fabricadas em ferro d\u00factil e cumprem os requisitos da norma BS5163.<\/p>\n<p style=\"text-align: left;\">*Hastes de a\u00e7o inoxid\u00e1vel fornecidas de s\u00e9rie para eliminar hastes dobradas ou partidas.<\/p>\n<p style=\"text-align: left;\">*Cunha em EPDM totalmente encapsulada para evitar a deteriora\u00e7\u00e3o provocada pelos desinfectantes.<\/p>\n<p style=\"text-align: left;\">*Certificado pela WRAS.<\/p>\n<p style=\"text-align: left;\">*Fabricado na China<\/p>\n<table class=\"alignleft\">\n<tbody>\n<tr>\n<td width=\"553\"><strong><b>ESPECIFICA\u00c7\u00c3O:<\/b><\/strong><\/td>\n<\/tr>\n<tr>\n<td width=\"553\">1.DN:DN50-DN600<\/td>\n<\/tr>\n<tr>\n<td width=\"553\">2.PN:PN10\/PN16<\/td>\n<\/tr>\n<tr>\n<td width=\"553\">3. norma de projeto:BS5163<\/td>\n<\/tr>\n<tr>\n<td width=\"553\">4. comprimento face a face: BS5163\/BS EN 558-1<\/td>\n<\/tr>\n<tr>\n<td width=\"553\">5.End Flange:BS4504\/BSEN1092-2\u00b7GB\/17241.6.ISO7005.2<\/td>\n<\/tr>\n<tr>\n<td width=\"553\">5.Test:BSEN1074-1-2\u00b7GB\/T13927<\/td>\n<\/tr>\n<tr>\n<td width=\"553\">6. meio aplic\u00e1vel: \u00e1gua<\/td>\n<\/tr>\n<tr>\n<td width=\"553\">7. faixa de temperatura:\u226480\u00b0<\/td>\n<\/tr>\n<\/tbody>\n<\/table>\n<p style=\"text-align: left;\">","protected":false},"excerpt":{"rendered":"<p>Resilient Seated Gate Valve BS5163 Product Description About\u00a0BS5163 Non Rising Stem Resilient Seated\u00a0Wedge Gate Valve: gate valve\u00a0are widely used for all types of applications and are suitable for both above ground and underground installation.Not least for underground installations it is paramount to choose the right type of\u00a0Valve\u00a0to avoid high replacement costs. Gate valves are designed [&hellip;]<\/p>","protected":false},"featured_media":4148,"comment_status":"open","ping_status":"closed","template":"","meta":{"_uag_custom_page_level_css":"","site-sidebar-layout":"default","site-content-layout":"","ast-site-content-layout":"default","site-content-style":"default","site-sidebar-style":"default","ast-global-header-display":"","ast-banner-title-visibility":"","ast-main-header-display":"","ast-hfb-above-header-display":"","ast-hfb-below-header-display":"","ast-hfb-mobile-header-display":"","site-post-title":"","ast-breadcrumbs-content":"","ast-featured-img":"","footer-sml-layout":"","ast-disable-related-posts":"","theme-transparent-header-meta":"default","adv-header-id-meta":"","stick-header-meta":"","header-above-stick-meta":"","header-main-stick-meta":"","header-below-stick-meta":"","astra-migrate-meta-layouts":"set","ast-page-background-enabled":"default","ast-page-background-meta":{"desktop":{"background-color":"","background-image":"","background-repeat":"repeat","background-position":"center center","background-size":"auto","background-attachment":"scroll","background-type":"","background-media":"","overlay-type":"","overlay-color":"","overlay-opacity":"","overlay-gradient":""},"tablet":{"background-color":"","background-image":"","background-repeat":"repeat","background-position":"center center","background-size":"auto","background-attachment":"scroll","background-type":"","background-media":"","overlay-type":"","overlay-color":"","overlay-opacity":"","overlay-gradient":""},"mobile":{"background-color":"","background-image":"","background-repeat":"repeat","background-position":"center center","background-size":"auto","background-attachment":"scroll","background-type":"","background-media":"","overlay-type":"","overlay-color":"","overlay-opacity":"","overlay-gradient":""}},"ast-content-background-meta":{"desktop":{"background-color":"var(--ast-global-color-5)","background-image":"","background-repeat":"repeat","background-position":"center center","background-size":"auto","background-attachment":"scroll","background-type":"","background-media":"","overlay-type":"","overlay-color":"","overlay-opacity":"","overlay-gradient":""},"tablet":{"background-color":"var(--ast-global-color-5)","background-image":"","background-repeat":"repeat","background-position":"center center","background-size":"auto","background-attachment":"scroll","background-type":"","background-media":"","overlay-type":"","overlay-color":"","overlay-opacity":"","overlay-gradient":""},"mobile":{"background-color":"var(--ast-global-color-5)","background-image":"","background-repeat":"repeat","background-position":"center center","background-size":"auto","background-attachment":"scroll","background-type":"","background-media":"","overlay-type":"","overlay-color":"","overlay-opacity":"","overlay-gradient":""}}},"product_brand":[],"product_cat":[107,67],"product_tag":[],"class_list":{"0":"post-3962","1":"product","2":"type-product","3":"status-publish","4":"has-post-thumbnail","6":"product_cat-resilient-seated-gate-valve-bs5163","7":"product_cat-valve","8":"desktop-align-left","9":"tablet-align-left","10":"mobile-align-left","12":"first","13":"instock","14":"shipping-taxable","15":"product-type-simple"},"uagb_featured_image_src":{"full":["https:\/\/www.fanrongcasting.com\/wp-content\/uploads\/2025\/03\/\u8f6f\u5bc6\u5c01\u95f8\u96001-1.jpg",300,300,false],"thumbnail":["https:\/\/www.fanrongcasting.com\/wp-content\/uploads\/2025\/03\/\u8f6f\u5bc6\u5c01\u95f8\u96001-1-150x150.jpg",150,150,true],"medium":["https:\/\/www.fanrongcasting.com\/wp-content\/uploads\/2025\/03\/\u8f6f\u5bc6\u5c01\u95f8\u96001-1.jpg",300,300,false],"medium_large":["https:\/\/www.fanrongcasting.com\/wp-content\/uploads\/2025\/03\/\u8f6f\u5bc6\u5c01\u95f8\u96001-1.jpg",300,300,false],"large":["https:\/\/www.fanrongcasting.com\/wp-content\/uploads\/2025\/03\/\u8f6f\u5bc6\u5c01\u95f8\u96001-1.jpg",300,300,false],"1536x1536":["https:\/\/www.fanrongcasting.com\/wp-content\/uploads\/2025\/03\/\u8f6f\u5bc6\u5c01\u95f8\u96001-1.jpg",300,300,false],"2048x2048":["https:\/\/www.fanrongcasting.com\/wp-content\/uploads\/2025\/03\/\u8f6f\u5bc6\u5c01\u95f8\u96001-1.jpg",300,300,false],"trp-custom-language-flag":["https:\/\/www.fanrongcasting.com\/wp-content\/uploads\/2025\/03\/\u8f6f\u5bc6\u5c01\u95f8\u96001-1-12x12.jpg",12,12,true],"woocommerce_thumbnail":["https:\/\/www.fanrongcasting.com\/wp-content\/uploads\/2025\/03\/\u8f6f\u5bc6\u5c01\u95f8\u96001-1.jpg",300,300,false],"woocommerce_single":["https:\/\/www.fanrongcasting.com\/wp-content\/uploads\/2025\/03\/\u8f6f\u5bc6\u5c01\u95f8\u96001-1.jpg",300,300,false],"woocommerce_gallery_thumbnail":["https:\/\/www.fanrongcasting.com\/wp-content\/uploads\/2025\/03\/\u8f6f\u5bc6\u5c01\u95f8\u96001-1-100x100.jpg",100,100,true]},"uagb_author_info":{"display_name":"jinxing6611@gmail.com","author_link":"https:\/\/www.fanrongcasting.com\/pt\/author\/"},"uagb_comment_info":0,"uagb_excerpt":"Resilient Seated Gate Valve BS5163 Product Description About\u00a0BS5163 Non Rising Stem Resilient Seated\u00a0Wedge Gate Valve: gate valve\u00a0are widely used for all types of applications and are suitable for both above ground and underground installation.Not least for underground installations it is paramount to choose the right type of\u00a0Valve\u00a0to avoid high replacement costs. Gate valves are designed&hellip;","_links":{"self":[{"href":"https:\/\/www.fanrongcasting.com\/pt\/wp-json\/wp\/v2\/product\/3962","targetHints":{"allow":["GET"]}}],"collection":[{"href":"https:\/\/www.fanrongcasting.com\/pt\/wp-json\/wp\/v2\/product"}],"about":[{"href":"https:\/\/www.fanrongcasting.com\/pt\/wp-json\/wp\/v2\/types\/product"}],"replies":[{"embeddable":true,"href":"https:\/\/www.fanrongcasting.com\/pt\/wp-json\/wp\/v2\/comments?post=3962"}],"wp:featuredmedia":[{"embeddable":true,"href":"https:\/\/www.fanrongcasting.com\/pt\/wp-json\/wp\/v2\/media\/4148"}],"wp:attachment":[{"href":"https:\/\/www.fanrongcasting.com\/pt\/wp-json\/wp\/v2\/media?parent=3962"}],"wp:term":[{"taxonomy":"product_brand","embeddable":true,"href":"https:\/\/www.fanrongcasting.com\/pt\/wp-json\/wp\/v2\/product_brand?post=3962"},{"taxonomy":"product_cat","embeddable":true,"href":"https:\/\/www.fanrongcasting.com\/pt\/wp-json\/wp\/v2\/product_cat?post=3962"},{"taxonomy":"product_tag","embeddable":true,"href":"https:\/\/www.fanrongcasting.com\/pt\/wp-json\/wp\/v2\/product_tag?post=3962"}],"curies":[{"name":"wp","href":"https:\/\/api.w.org\/{rel}","templated":true}]}}