{"id":3955,"date":"2025-03-19T07:59:49","date_gmt":"2025-03-19T07:59:49","guid":{"rendered":"https:\/\/www.fanrongcasting.com\/?post_type=product&#038;p=3955"},"modified":"2025-04-17T02:51:42","modified_gmt":"2025-04-17T02:51:42","slug":"double-orifice-air-release-valve","status":"publish","type":"product","link":"https:\/\/www.fanrongcasting.com\/pt\/produto\/double-orifice-air-release-valve\/","title":{"rendered":"V\u00e1lvula de liberta\u00e7\u00e3o de ar de orif\u00edcio duplo"},"content":{"rendered":"<p style=\"text-align: center;\"><strong>V\u00e1lvula de liberta\u00e7\u00e3o de ar de orif\u00edcio duplo<\/strong><\/p>\n<p><img fetchpriority=\"high\" decoding=\"async\" class=\"wp-image-3960 size-full aligncenter\" src=\"https:\/\/www.fanrongcasting.com\/wp-content\/uploads\/2025\/03\/111-5.jpg\" alt=\"\" width=\"594\" height=\"791\" srcset=\"https:\/\/www.fanrongcasting.com\/wp-content\/uploads\/2025\/03\/111-5.jpg 594w, https:\/\/www.fanrongcasting.com\/wp-content\/uploads\/2025\/03\/111-5-225x300.jpg 225w, https:\/\/www.fanrongcasting.com\/wp-content\/uploads\/2025\/03\/111-5-9x12.jpg 9w\" sizes=\"(max-width: 594px) 100vw, 594px\" \/><\/p>\n<p style=\"text-align: center;\"><strong><u>Materiais\uff1a<\/u><\/strong><\/p>\n<p><img data-dominant-color=\"dbdbdb\" data-has-transparency=\"false\" style=\"--dominant-color: #dbdbdb;\" decoding=\"async\" class=\"aligncenter wp-image-4435 size-full not-transparent\" src=\"https:\/\/www.fanrongcasting.com\/wp-content\/uploads\/2025\/03\/666-1.png\" alt=\"\" width=\"622\" height=\"368\" srcset=\"https:\/\/www.fanrongcasting.com\/wp-content\/uploads\/2025\/03\/666-1.png 622w, https:\/\/www.fanrongcasting.com\/wp-content\/uploads\/2025\/03\/666-1-300x177.webp 300w, https:\/\/www.fanrongcasting.com\/wp-content\/uploads\/2025\/03\/666-1-18x12.webp 18w, https:\/\/www.fanrongcasting.com\/wp-content\/uploads\/2025\/03\/666-1-600x355.webp 600w\" sizes=\"(max-width: 622px) 100vw, 622px\" \/><\/p>\n<p>&nbsp;<\/p>\n<p>&nbsp;<\/p>\n<p style=\"text-align: center;\"><strong>ESPECIFICA\u00c7\u00c3O<\/strong><\/p>\n<p>\u00a0 V\u00e1lvula de v\u00e1cuo e liberta\u00e7\u00e3o de ar de orif\u00edcio duplo Hivent que combina as fun\u00e7\u00f5es de orif\u00edcio grande e pequeno numa s\u00f3 unidade, o orif\u00edcio grande permite que o ar seja expulso do sistema durante o enchimento de uma tubagem e admite ar de volta ao sistema quando ocorre press\u00e3o subatmosf\u00e9rica.<\/p>\n<p>Em caso de press\u00e3o subatmosf\u00e9rica no sistema, o n\u00edvel da \u00e1gua desce, fazendo com que o flutuador caia do seu assento e permita a entrada de ar.<\/p>\n<p>Durante o funcionamento normal do coletor, o pequeno orif\u00edcio liberta o ar que se acumula sob press\u00e3o. Com o coletor em funcionamento, o flutuador est\u00e1 normalmente encostado ao seu assento. \u00c0 medida que o ar entra no corpo da c\u00e2mara, o n\u00edvel da \u00e1gua vai baixando at\u00e9 se atingir um n\u00edvel em que o flutuador desce do seu assento, o que permite a sa\u00edda do ar.<\/p>\n<p>&nbsp;<\/p>\n<p>Flutuador e guia de flutuador em ABS, parafusos A4, revestimento 300 \u00b5, DN50-200<\/p>\n<p>&nbsp;<\/p>\n<p>V\u00e1lvula de al\u00edvio de ar para \u00e1gua pot\u00e1vel (n\u00e3o para \u00e1guas residuais) e l\u00edquidos neutros m\u00e1x. 70\u00b0 C<\/p>\n<p>&nbsp;<\/p>\n<p>As v\u00e1lvulas de ar de duplo orif\u00edcio e tripla a\u00e7\u00e3o foram concebidas para o enchimento r\u00e1pido e autom\u00e1tico de tubagens e para a drenagem de tubagens, bem como para a descarga autom\u00e1tica do ar acumulado em condi\u00e7\u00f5es normais de trabalho. O design \u00fanico \"Aerocin\u00e9tico\", em que o ar que sai do sistema n\u00e3o pode for\u00e7ar o flutuador para cima e fech\u00e1-lo prematuramente, garante que a v\u00e1lvula s\u00f3 se fecha depois de todo o ar ter sa\u00eddo do sistema e a \u00e1gua ter entrado na c\u00e2mara. Todos os componentes de ferro d\u00factil s\u00e3o revestidos com ep\u00f3xi ligado por fus\u00e3o aprovado pela GSK para garantir uma elevada durabilidade. Todos os outros componentes s\u00e3o fabricados com um material polim\u00e9rico aprovado pela WRAS ou com a\u00e7o inoxid\u00e1vel para minimizar o risco de corros\u00e3o. Todos os vedantes s\u00e3o feitos de borracha EPDM aprovada pela WRAS, com um excelente conjunto de compress\u00e3o e capacidade de recuperar a sua forma original.<\/p>\n<p>&nbsp;<\/p>\n<p>Carater\u00edsticas<\/p>\n<p>Um design inteligente do flutuador impede que o ar que sai do sistema feche prematuramente a v\u00e1lvula<\/p>\n<p>Grande capacidade de caudal de ar<\/p>\n<p>Todas as pe\u00e7as de ferro em contacto com a \u00e1gua s\u00e3o revestidas com ep\u00f3xi de fus\u00e3o aprovado para \u00e1gua pot\u00e1vel<\/p>\n<p>Os vedantes resilientes s\u00e3o feitos de borracha EPDM e o assento \u00e9 em ABS, todos aprovados para \u00e1gua pot\u00e1vel<\/p>\n<p>Todas as outras pe\u00e7as internas s\u00e3o de a\u00e7o inoxid\u00e1vel AISI 316 altamente resistente \u00e0 corros\u00e3o ou ABS<\/p>\n<p>Nenhuma pe\u00e7a m\u00f3vel est\u00e1 em contacto com o revestimento interno<\/p>\n<p>O produto completo \u00e9 aprovado para \u00e1gua pot\u00e1vel<\/p>","protected":false},"excerpt":{"rendered":"<p>Double Orifice Air Release Valve Materials\uff1a &nbsp; &nbsp; SPECIFICATION \u00a0 Hivent double orifice air Release&amp;Vacuum valve that combines both large orifice&amp;small orifice functions within one unit,the large orifice allows air to be expelled from the system during filling of a pipeline and admit air back into the system wheneversub-atmospheric pressure occurs.Air is vented from \u00a0the [&hellip;]<\/p>","protected":false},"featured_media":3959,"comment_status":"open","ping_status":"closed","template":"","meta":{"_uag_custom_page_level_css":"","site-sidebar-layout":"default","site-content-layout":"","ast-site-content-layout":"default","site-content-style":"default","site-sidebar-style":"default","ast-global-header-display":"","ast-banner-title-visibility":"","ast-main-header-display":"","ast-hfb-above-header-display":"","ast-hfb-below-header-display":"","ast-hfb-mobile-header-display":"","site-post-title":"","ast-breadcrumbs-content":"","ast-featured-img":"","footer-sml-layout":"","ast-disable-related-posts":"","theme-transparent-header-meta":"default","adv-header-id-meta":"","stick-header-meta":"","header-above-stick-meta":"","header-main-stick-meta":"","header-below-stick-meta":"","astra-migrate-meta-layouts":"set","ast-page-background-enabled":"default","ast-page-background-meta":{"desktop":{"background-color":"","background-image":"","background-repeat":"repeat","background-position":"center center","background-size":"auto","background-attachment":"scroll","background-type":"","background-media":"","overlay-type":"","overlay-color":"","overlay-opacity":"","overlay-gradient":""},"tablet":{"background-color":"","background-image":"","background-repeat":"repeat","background-position":"center center","background-size":"auto","background-attachment":"scroll","background-type":"","background-media":"","overlay-type":"","overlay-color":"","overlay-opacity":"","overlay-gradient":""},"mobile":{"background-color":"","background-image":"","background-repeat":"repeat","background-position":"center center","background-size":"auto","background-attachment":"scroll","background-type":"","background-media":"","overlay-type":"","overlay-color":"","overlay-opacity":"","overlay-gradient":""}},"ast-content-background-meta":{"desktop":{"background-color":"var(--ast-global-color-5)","background-image":"","background-repeat":"repeat","background-position":"center center","background-size":"auto","background-attachment":"scroll","background-type":"","background-media":"","overlay-type":"","overlay-color":"","overlay-opacity":"","overlay-gradient":""},"tablet":{"background-color":"var(--ast-global-color-5)","background-image":"","background-repeat":"repeat","background-position":"center center","background-size":"auto","background-attachment":"scroll","background-type":"","background-media":"","overlay-type":"","overlay-color":"","overlay-opacity":"","overlay-gradient":""},"mobile":{"background-color":"var(--ast-global-color-5)","background-image":"","background-repeat":"repeat","background-position":"center center","background-size":"auto","background-attachment":"scroll","background-type":"","background-media":"","overlay-type":"","overlay-color":"","overlay-opacity":"","overlay-gradient":""}}},"product_brand":[],"product_cat":[105,67],"product_tag":[],"class_list":{"0":"post-3955","1":"product","2":"type-product","3":"status-publish","4":"has-post-thumbnail","6":"product_cat-double-orifice-air-release-valve","7":"product_cat-valve","8":"desktop-align-left","9":"tablet-align-left","10":"mobile-align-left","12":"first","13":"instock","14":"shipping-taxable","15":"product-type-simple"},"uagb_featured_image_src":{"full":["https:\/\/www.fanrongcasting.com\/wp-content\/uploads\/2025\/03\/Double-Orifice-Air-Release-Valve.png",800,600,false],"thumbnail":["https:\/\/www.fanrongcasting.com\/wp-content\/uploads\/2025\/03\/Double-Orifice-Air-Release-Valve-150x150.png",150,150,true],"medium":["https:\/\/www.fanrongcasting.com\/wp-content\/uploads\/2025\/03\/Double-Orifice-Air-Release-Valve-300x225.png",300,225,true],"medium_large":["https:\/\/www.fanrongcasting.com\/wp-content\/uploads\/2025\/03\/Double-Orifice-Air-Release-Valve-768x576.png",768,576,true],"large":["https:\/\/www.fanrongcasting.com\/wp-content\/uploads\/2025\/03\/Double-Orifice-Air-Release-Valve.png",800,600,false],"1536x1536":["https:\/\/www.fanrongcasting.com\/wp-content\/uploads\/2025\/03\/Double-Orifice-Air-Release-Valve.png",800,600,false],"2048x2048":["https:\/\/www.fanrongcasting.com\/wp-content\/uploads\/2025\/03\/Double-Orifice-Air-Release-Valve.png",800,600,false],"trp-custom-language-flag":["https:\/\/www.fanrongcasting.com\/wp-content\/uploads\/2025\/03\/Double-Orifice-Air-Release-Valve-16x12.png",16,12,true],"woocommerce_thumbnail":["https:\/\/www.fanrongcasting.com\/wp-content\/uploads\/2025\/03\/Double-Orifice-Air-Release-Valve-300x300.png",300,300,true],"woocommerce_single":["https:\/\/www.fanrongcasting.com\/wp-content\/uploads\/2025\/03\/Double-Orifice-Air-Release-Valve-600x450.png",600,450,true],"woocommerce_gallery_thumbnail":["https:\/\/www.fanrongcasting.com\/wp-content\/uploads\/2025\/03\/Double-Orifice-Air-Release-Valve-100x100.png",100,100,true]},"uagb_author_info":{"display_name":"jinxing6611@gmail.com","author_link":"https:\/\/www.fanrongcasting.com\/pt\/author\/"},"uagb_comment_info":0,"uagb_excerpt":"Double Orifice Air Release Valve Materials\uff1a &nbsp; &nbsp; SPECIFICATION \u00a0 Hivent double orifice air Release&amp;Vacuum valve that combines both large orifice&amp;small orifice functions within one unit,the large orifice allows air to be expelled from the system during filling of a pipeline and admit air back into the system wheneversub-atmospheric pressure occurs.Air is vented from \u00a0the&hellip;","_links":{"self":[{"href":"https:\/\/www.fanrongcasting.com\/pt\/wp-json\/wp\/v2\/product\/3955","targetHints":{"allow":["GET"]}}],"collection":[{"href":"https:\/\/www.fanrongcasting.com\/pt\/wp-json\/wp\/v2\/product"}],"about":[{"href":"https:\/\/www.fanrongcasting.com\/pt\/wp-json\/wp\/v2\/types\/product"}],"replies":[{"embeddable":true,"href":"https:\/\/www.fanrongcasting.com\/pt\/wp-json\/wp\/v2\/comments?post=3955"}],"wp:featuredmedia":[{"embeddable":true,"href":"https:\/\/www.fanrongcasting.com\/pt\/wp-json\/wp\/v2\/media\/3959"}],"wp:attachment":[{"href":"https:\/\/www.fanrongcasting.com\/pt\/wp-json\/wp\/v2\/media?parent=3955"}],"wp:term":[{"taxonomy":"product_brand","embeddable":true,"href":"https:\/\/www.fanrongcasting.com\/pt\/wp-json\/wp\/v2\/product_brand?post=3955"},{"taxonomy":"product_cat","embeddable":true,"href":"https:\/\/www.fanrongcasting.com\/pt\/wp-json\/wp\/v2\/product_cat?post=3955"},{"taxonomy":"product_tag","embeddable":true,"href":"https:\/\/www.fanrongcasting.com\/pt\/wp-json\/wp\/v2\/product_tag?post=3955"}],"curies":[{"name":"wp","href":"https:\/\/api.w.org\/{rel}","templated":true}]}}