{"id":3891,"date":"2025-03-18T07:09:40","date_gmt":"2025-03-18T07:09:40","guid":{"rendered":"https:\/\/www.fanrongcasting.com\/?post_type=product&#038;p=3891"},"modified":"2025-03-26T03:19:53","modified_gmt":"2025-03-26T03:19:53","slug":"mopvc-double-socket-tee-with-flanged-branch","status":"publish","type":"product","link":"https:\/\/www.fanrongcasting.com\/pt\/produto\/mopvc-double-socket-tee-with-flanged-branch\/","title":{"rendered":"T de tomada dupla em Upvc com ramal flangeado"},"content":{"rendered":"<p style=\"text-align: center;\"><strong>T de casquilho duplo em upvc com ramal flangeado<\/strong><\/p>\n<p><img fetchpriority=\"high\" decoding=\"async\" class=\"aligncenter wp-image-3893\" src=\"https:\/\/www.fanrongcasting.com\/wp-content\/uploads\/2025\/03\/222-1.jpg\" alt=\"\" width=\"629\" height=\"478\" srcset=\"https:\/\/www.fanrongcasting.com\/wp-content\/uploads\/2025\/03\/222-1.jpg 551w, https:\/\/www.fanrongcasting.com\/wp-content\/uploads\/2025\/03\/222-1-300x228.jpg 300w, https:\/\/www.fanrongcasting.com\/wp-content\/uploads\/2025\/03\/222-1-16x12.jpg 16w\" sizes=\"(max-width: 629px) 100vw, 629px\" \/><\/p>\n<p><img decoding=\"async\" class=\"aligncenter wp-image-3894\" src=\"https:\/\/www.fanrongcasting.com\/wp-content\/uploads\/2025\/03\/333-1.jpg\" alt=\"\" width=\"654\" height=\"1010\" srcset=\"https:\/\/www.fanrongcasting.com\/wp-content\/uploads\/2025\/03\/333-1.jpg 501w, https:\/\/www.fanrongcasting.com\/wp-content\/uploads\/2025\/03\/333-1-194x300.jpg 194w, https:\/\/www.fanrongcasting.com\/wp-content\/uploads\/2025\/03\/333-1-8x12.jpg 8w\" sizes=\"(max-width: 654px) 100vw, 654px\" \/><\/p>\n<p><strong>Materiais<\/strong><\/p>\n<p>1. corpo\uff1a ferro ductil<\/p>\n<p>2. veda\u00e7\u00f5es: EPDM\/NBR<\/p>\n<p>3.Fixadores: A\u00e7o carbono SS\/Dacromet\/A\u00e7o carbono galvanizado<\/p>\n<p>4. revestimento\uff1a Ep\u00f3xi ligado por fus\u00e3o<\/p>\n<p>&nbsp;<\/p>\n<p><strong>Especifica\u00e7\u00e3o<\/strong><\/p>\n<p>1. teste de tipo\uff1a EN14525\/BS8561<\/p>\n<p>2. elastom\u00e9rico\uff1a EN681-2<\/p>\n<p>3. ferro d\u00factil\uff1a EN1563 EN-GJS-450-10<\/p>\n<p>4. revestimento\uff1a WIS4-52-01<\/p>\n<p>5.Norma\uff1a EN12842<\/p>\n<p>6. especifica\u00e7\u00e3o de perfura\u00e7\u00e3o\uff1a EN1092-2<\/p>\n<p>&nbsp;<\/p>\n<p>&nbsp;<\/p>","protected":false},"excerpt":{"rendered":"<p>upvc Double Socket Tee With Flanged Branch Materials 1.Body\uff1a\u00a0 \u00a0 \u00a0 \u00a0 \u00a0 \u00a0 \u00a0 Ducitle Iron 2.Seals\uff1a\u00a0 \u00a0 \u00a0 \u00a0 \u00a0 \u00a0 \u00a0EPDM\/NBR 3.Fasteners\uff1a \u00a0\u00a0\u00a0\u00a0SS\/Dacromet Carbon Steel\/Galvanised Carbon Steel 4.Coating\uff1a\u00a0 \u00a0 \u00a0Fusion Bonded Epoxy &nbsp; Specification 1.Type Test\uff1a\u00a0 \u00a0 \u00a0 \u00a0 \u00a0EN14525\/BS8561 2.Elastomeric\uff1a \u00a0\u00a0\u00a0\u00a0EN681-2 3.Ductile Iron\uff1a \u00a0\u00a0\u00a0EN1563 EN-GJS-450-10 4.Coating\uff1a\u00a0 \u00a0 \u00a0 \u00a0 \u00a0 \u00a0WIS4-52-01 [&hellip;]<\/p>","protected":false},"featured_media":3892,"comment_status":"open","ping_status":"closed","template":"","meta":{"_uag_custom_page_level_css":"","site-sidebar-layout":"default","site-content-layout":"","ast-site-content-layout":"default","site-content-style":"default","site-sidebar-style":"default","ast-global-header-display":"","ast-banner-title-visibility":"","ast-main-header-display":"","ast-hfb-above-header-display":"","ast-hfb-below-header-display":"","ast-hfb-mobile-header-display":"","site-post-title":"","ast-breadcrumbs-content":"","ast-featured-img":"","footer-sml-layout":"","ast-disable-related-posts":"","theme-transparent-header-meta":"default","adv-header-id-meta":"","stick-header-meta":"","header-above-stick-meta":"","header-main-stick-meta":"","header-below-stick-meta":"","astra-migrate-meta-layouts":"set","ast-page-background-enabled":"default","ast-page-background-meta":{"desktop":{"background-color":"","background-image":"","background-repeat":"repeat","background-position":"center center","background-size":"auto","background-attachment":"scroll","background-type":"","background-media":"","overlay-type":"","overlay-color":"","overlay-opacity":"","overlay-gradient":""},"tablet":{"background-color":"","background-image":"","background-repeat":"repeat","background-position":"center center","background-size":"auto","background-attachment":"scroll","background-type":"","background-media":"","overlay-type":"","overlay-color":"","overlay-opacity":"","overlay-gradient":""},"mobile":{"background-color":"","background-image":"","background-repeat":"repeat","background-position":"center center","background-size":"auto","background-attachment":"scroll","background-type":"","background-media":"","overlay-type":"","overlay-color":"","overlay-opacity":"","overlay-gradient":""}},"ast-content-background-meta":{"desktop":{"background-color":"var(--ast-global-color-5)","background-image":"","background-repeat":"repeat","background-position":"center center","background-size":"auto","background-attachment":"scroll","background-type":"","background-media":"","overlay-type":"","overlay-color":"","overlay-opacity":"","overlay-gradient":""},"tablet":{"background-color":"var(--ast-global-color-5)","background-image":"","background-repeat":"repeat","background-position":"center center","background-size":"auto","background-attachment":"scroll","background-type":"","background-media":"","overlay-type":"","overlay-color":"","overlay-opacity":"","overlay-gradient":""},"mobile":{"background-color":"var(--ast-global-color-5)","background-image":"","background-repeat":"repeat","background-position":"center center","background-size":"auto","background-attachment":"scroll","background-type":"","background-media":"","overlay-type":"","overlay-color":"","overlay-opacity":"","overlay-gradient":""}}},"product_brand":[],"product_cat":[116,69],"product_tag":[],"class_list":{"0":"post-3891","1":"product","2":"type-product","3":"status-publish","4":"has-post-thumbnail","6":"product_cat-upvc-double-socket-tee-with-flanged-branch","7":"product_cat-upvc-pipe-fitting","8":"desktop-align-left","9":"tablet-align-left","10":"mobile-align-left","12":"first","13":"instock","14":"shipping-taxable","15":"product-type-simple"},"uagb_featured_image_src":{"full":["https:\/\/www.fanrongcasting.com\/wp-content\/uploads\/2025\/03\/111-1.png",800,600,false],"thumbnail":["https:\/\/www.fanrongcasting.com\/wp-content\/uploads\/2025\/03\/111-1-150x150.png",150,150,true],"medium":["https:\/\/www.fanrongcasting.com\/wp-content\/uploads\/2025\/03\/111-1-300x225.png",300,225,true],"medium_large":["https:\/\/www.fanrongcasting.com\/wp-content\/uploads\/2025\/03\/111-1-768x576.png",768,576,true],"large":["https:\/\/www.fanrongcasting.com\/wp-content\/uploads\/2025\/03\/111-1.png",800,600,false],"1536x1536":["https:\/\/www.fanrongcasting.com\/wp-content\/uploads\/2025\/03\/111-1.png",800,600,false],"2048x2048":["https:\/\/www.fanrongcasting.com\/wp-content\/uploads\/2025\/03\/111-1.png",800,600,false],"trp-custom-language-flag":["https:\/\/www.fanrongcasting.com\/wp-content\/uploads\/2025\/03\/111-1-16x12.png",16,12,true],"woocommerce_thumbnail":["https:\/\/www.fanrongcasting.com\/wp-content\/uploads\/2025\/03\/111-1-300x300.png",300,300,true],"woocommerce_single":["https:\/\/www.fanrongcasting.com\/wp-content\/uploads\/2025\/03\/111-1-600x450.png",600,450,true],"woocommerce_gallery_thumbnail":["https:\/\/www.fanrongcasting.com\/wp-content\/uploads\/2025\/03\/111-1-100x100.png",100,100,true]},"uagb_author_info":{"display_name":"jinxing6611@gmail.com","author_link":"https:\/\/www.fanrongcasting.com\/pt\/author\/"},"uagb_comment_info":0,"uagb_excerpt":"upvc Double Socket Tee With Flanged Branch Materials 1.Body\uff1a\u00a0 \u00a0 \u00a0 \u00a0 \u00a0 \u00a0 \u00a0 Ducitle Iron 2.Seals\uff1a\u00a0 \u00a0 \u00a0 \u00a0 \u00a0 \u00a0 \u00a0EPDM\/NBR 3.Fasteners\uff1a \u00a0\u00a0\u00a0\u00a0SS\/Dacromet Carbon Steel\/Galvanised Carbon Steel 4.Coating\uff1a\u00a0 \u00a0 \u00a0Fusion Bonded Epoxy &nbsp; Specification 1.Type Test\uff1a\u00a0 \u00a0 \u00a0 \u00a0 \u00a0EN14525\/BS8561 2.Elastomeric\uff1a \u00a0\u00a0\u00a0\u00a0EN681-2 3.Ductile Iron\uff1a \u00a0\u00a0\u00a0EN1563 EN-GJS-450-10 4.Coating\uff1a\u00a0 \u00a0 \u00a0 \u00a0 \u00a0 \u00a0WIS4-52-01&hellip;","_links":{"self":[{"href":"https:\/\/www.fanrongcasting.com\/pt\/wp-json\/wp\/v2\/product\/3891","targetHints":{"allow":["GET"]}}],"collection":[{"href":"https:\/\/www.fanrongcasting.com\/pt\/wp-json\/wp\/v2\/product"}],"about":[{"href":"https:\/\/www.fanrongcasting.com\/pt\/wp-json\/wp\/v2\/types\/product"}],"replies":[{"embeddable":true,"href":"https:\/\/www.fanrongcasting.com\/pt\/wp-json\/wp\/v2\/comments?post=3891"}],"wp:featuredmedia":[{"embeddable":true,"href":"https:\/\/www.fanrongcasting.com\/pt\/wp-json\/wp\/v2\/media\/3892"}],"wp:attachment":[{"href":"https:\/\/www.fanrongcasting.com\/pt\/wp-json\/wp\/v2\/media?parent=3891"}],"wp:term":[{"taxonomy":"product_brand","embeddable":true,"href":"https:\/\/www.fanrongcasting.com\/pt\/wp-json\/wp\/v2\/product_brand?post=3891"},{"taxonomy":"product_cat","embeddable":true,"href":"https:\/\/www.fanrongcasting.com\/pt\/wp-json\/wp\/v2\/product_cat?post=3891"},{"taxonomy":"product_tag","embeddable":true,"href":"https:\/\/www.fanrongcasting.com\/pt\/wp-json\/wp\/v2\/product_tag?post=3891"}],"curies":[{"name":"wp","href":"https:\/\/api.w.org\/{rel}","templated":true}]}}