{"id":3858,"date":"2025-03-17T11:09:46","date_gmt":"2025-03-17T11:09:46","guid":{"rendered":"https:\/\/www.fanrongcasting.com\/?post_type=product&#038;p=3858"},"modified":"2025-03-26T03:36:09","modified_gmt":"2025-03-26T03:36:09","slug":"flanged-bell-mouth","status":"publish","type":"product","link":"https:\/\/www.fanrongcasting.com\/pt\/produto\/flanged-bell-mouth\/","title":{"rendered":"Boca de sino com flange"},"content":{"rendered":"<p style=\"text-align: center;\"><strong>Boca de sino com flange<\/strong><\/p>\n<p><img fetchpriority=\"high\" decoding=\"async\" class=\"aligncenter wp-image-3859 size-full\" src=\"https:\/\/www.fanrongcasting.com\/wp-content\/uploads\/2025\/03\/\u5587\u53ed\u53e31.jpg\" alt=\"\" width=\"893\" height=\"300\" srcset=\"https:\/\/www.fanrongcasting.com\/wp-content\/uploads\/2025\/03\/\u5587\u53ed\u53e31.jpg 893w, https:\/\/www.fanrongcasting.com\/wp-content\/uploads\/2025\/03\/\u5587\u53ed\u53e31-300x101.jpg 300w, https:\/\/www.fanrongcasting.com\/wp-content\/uploads\/2025\/03\/\u5587\u53ed\u53e31-768x258.jpg 768w, https:\/\/www.fanrongcasting.com\/wp-content\/uploads\/2025\/03\/\u5587\u53ed\u53e31-18x6.jpg 18w, https:\/\/www.fanrongcasting.com\/wp-content\/uploads\/2025\/03\/\u5587\u53ed\u53e31-600x202.jpg 600w\" sizes=\"(max-width: 893px) 100vw, 893px\" \/><\/p>\n<p><img decoding=\"async\" class=\"wp-image-3860 aligncenter\" src=\"https:\/\/www.fanrongcasting.com\/wp-content\/uploads\/2025\/03\/80-2000.jpg\" alt=\"\" width=\"758\" height=\"724\" srcset=\"https:\/\/www.fanrongcasting.com\/wp-content\/uploads\/2025\/03\/80-2000.jpg 647w, https:\/\/www.fanrongcasting.com\/wp-content\/uploads\/2025\/03\/80-2000-300x287.jpg 300w, https:\/\/www.fanrongcasting.com\/wp-content\/uploads\/2025\/03\/80-2000-13x12.jpg 13w, https:\/\/www.fanrongcasting.com\/wp-content\/uploads\/2025\/03\/80-2000-600x573.jpg 600w\" sizes=\"(max-width: 758px) 100vw, 758px\" \/><\/p>\n<p><strong>Materiais<\/strong><\/p>\n<p>1. corpo\uff1a ferro ductil<\/p>\n<p>2. veda\u00e7\u00f5es: EPDM\/NBR<\/p>\n<p>&nbsp;<\/p>\n<p><strong>Especifica\u00e7\u00e3o<\/strong><\/p>\n<p>1. teste de tipo\uff1a EN14525\/BS8561<\/p>\n<p>2. elastom\u00e9rico\uff1a EN681-2<\/p>\n<p>3. ferro d\u00factil\uff1a EN1563 EN-GJS-450-10<\/p>\n<p>4. revestimento\uff1a WIS4-52-01<\/p>\n<p>5.Norma\uff1a EN545\/ISO2531<\/p>\n<p>6. especifica\u00e7\u00e3o de perfura\u00e7\u00e3o\uff1a EN1092-2<\/p>\n<p>&nbsp;<\/p>","protected":false},"excerpt":{"rendered":"<p>Flanged Bell mouth Materials 1.Body\uff1a\u00a0 \u00a0 \u00a0 \u00a0Ducitle Iron 2.Seals\uff1a \u00a0\u00a0\u00a0\u00a0EPDM\/NBR &nbsp; Specification 1.Type Test\uff1a\u00a0 \u00a0 \u00a0 \u00a0 \u00a0 \u00a0 \u00a0 EN14525\/BS8561 2.Elastomeric\uff1a \u00a0\u00a0\u00a0\u00a0\u00a0\u00a0\u00a0\u00a0EN681-2 3.Ductile Iron\uff1a \u00a0\u00a0\u00a0\u00a0\u00a0\u00a0\u00a0EN1563 EN-GJS-450-10 4.Coating\uff1a\u00a0 \u00a0 \u00a0 \u00a0 \u00a0 \u00a0 \u00a0 \u00a0WIS4-52-01 5.Standard\uff1a\u00a0 \u00a0 \u00a0 \u00a0 \u00a0 \u00a0 \u00a0EN545\/ISO2531 6.Drilling Spec\uff1a \u00a0\u00a0\u00a0\u00a0\u00a0\u00a0EN1092-2 &nbsp;<\/p>","protected":false},"featured_media":3861,"comment_status":"open","ping_status":"closed","template":"","meta":{"_uag_custom_page_level_css":"","site-sidebar-layout":"default","site-content-layout":"","ast-site-content-layout":"default","site-content-style":"default","site-sidebar-style":"default","ast-global-header-display":"","ast-banner-title-visibility":"","ast-main-header-display":"","ast-hfb-above-header-display":"","ast-hfb-below-header-display":"","ast-hfb-mobile-header-display":"","site-post-title":"","ast-breadcrumbs-content":"","ast-featured-img":"","footer-sml-layout":"","ast-disable-related-posts":"","theme-transparent-header-meta":"default","adv-header-id-meta":"","stick-header-meta":"","header-above-stick-meta":"","header-main-stick-meta":"","header-below-stick-meta":"","astra-migrate-meta-layouts":"set","ast-page-background-enabled":"default","ast-page-background-meta":{"desktop":{"background-color":"","background-image":"","background-repeat":"repeat","background-position":"center center","background-size":"auto","background-attachment":"scroll","background-type":"","background-media":"","overlay-type":"","overlay-color":"","overlay-opacity":"","overlay-gradient":""},"tablet":{"background-color":"","background-image":"","background-repeat":"repeat","background-position":"center center","background-size":"auto","background-attachment":"scroll","background-type":"","background-media":"","overlay-type":"","overlay-color":"","overlay-opacity":"","overlay-gradient":""},"mobile":{"background-color":"","background-image":"","background-repeat":"repeat","background-position":"center center","background-size":"auto","background-attachment":"scroll","background-type":"","background-media":"","overlay-type":"","overlay-color":"","overlay-opacity":"","overlay-gradient":""}},"ast-content-background-meta":{"desktop":{"background-color":"var(--ast-global-color-5)","background-image":"","background-repeat":"repeat","background-position":"center center","background-size":"auto","background-attachment":"scroll","background-type":"","background-media":"","overlay-type":"","overlay-color":"","overlay-opacity":"","overlay-gradient":""},"tablet":{"background-color":"var(--ast-global-color-5)","background-image":"","background-repeat":"repeat","background-position":"center center","background-size":"auto","background-attachment":"scroll","background-type":"","background-media":"","overlay-type":"","overlay-color":"","overlay-opacity":"","overlay-gradient":""},"mobile":{"background-color":"var(--ast-global-color-5)","background-image":"","background-repeat":"repeat","background-position":"center center","background-size":"auto","background-attachment":"scroll","background-type":"","background-media":"","overlay-type":"","overlay-color":"","overlay-opacity":"","overlay-gradient":""}}},"product_brand":[],"product_cat":[64,92],"product_tag":[],"class_list":{"0":"post-3858","1":"product","2":"type-product","3":"status-publish","4":"has-post-thumbnail","6":"product_cat-ductile-iron-pipe-fitting","7":"product_cat-flanged-bell-mouth","8":"desktop-align-left","9":"tablet-align-left","10":"mobile-align-left","12":"first","13":"instock","14":"shipping-taxable","15":"product-type-simple"},"uagb_featured_image_src":{"full":["https:\/\/www.fanrongcasting.com\/wp-content\/uploads\/2025\/03\/\u5587\u53ed\u53e3.jpg",800,600,false],"thumbnail":["https:\/\/www.fanrongcasting.com\/wp-content\/uploads\/2025\/03\/\u5587\u53ed\u53e3-150x150.jpg",150,150,true],"medium":["https:\/\/www.fanrongcasting.com\/wp-content\/uploads\/2025\/03\/\u5587\u53ed\u53e3-300x225.jpg",300,225,true],"medium_large":["https:\/\/www.fanrongcasting.com\/wp-content\/uploads\/2025\/03\/\u5587\u53ed\u53e3-768x576.jpg",768,576,true],"large":["https:\/\/www.fanrongcasting.com\/wp-content\/uploads\/2025\/03\/\u5587\u53ed\u53e3.jpg",800,600,false],"1536x1536":["https:\/\/www.fanrongcasting.com\/wp-content\/uploads\/2025\/03\/\u5587\u53ed\u53e3.jpg",800,600,false],"2048x2048":["https:\/\/www.fanrongcasting.com\/wp-content\/uploads\/2025\/03\/\u5587\u53ed\u53e3.jpg",800,600,false],"trp-custom-language-flag":["https:\/\/www.fanrongcasting.com\/wp-content\/uploads\/2025\/03\/\u5587\u53ed\u53e3-16x12.jpg",16,12,true],"woocommerce_thumbnail":["https:\/\/www.fanrongcasting.com\/wp-content\/uploads\/2025\/03\/\u5587\u53ed\u53e3-300x300.jpg",300,300,true],"woocommerce_single":["https:\/\/www.fanrongcasting.com\/wp-content\/uploads\/2025\/03\/\u5587\u53ed\u53e3-600x450.jpg",600,450,true],"woocommerce_gallery_thumbnail":["https:\/\/www.fanrongcasting.com\/wp-content\/uploads\/2025\/03\/\u5587\u53ed\u53e3-100x100.jpg",100,100,true]},"uagb_author_info":{"display_name":"jinxing6611@gmail.com","author_link":"https:\/\/www.fanrongcasting.com\/pt\/author\/"},"uagb_comment_info":0,"uagb_excerpt":"Flanged Bell mouth Materials 1.Body\uff1a\u00a0 \u00a0 \u00a0 \u00a0Ducitle Iron 2.Seals\uff1a \u00a0\u00a0\u00a0\u00a0EPDM\/NBR &nbsp; Specification 1.Type Test\uff1a\u00a0 \u00a0 \u00a0 \u00a0 \u00a0 \u00a0 \u00a0 EN14525\/BS8561 2.Elastomeric\uff1a \u00a0\u00a0\u00a0\u00a0\u00a0\u00a0\u00a0\u00a0EN681-2 3.Ductile Iron\uff1a \u00a0\u00a0\u00a0\u00a0\u00a0\u00a0\u00a0EN1563 EN-GJS-450-10 4.Coating\uff1a\u00a0 \u00a0 \u00a0 \u00a0 \u00a0 \u00a0 \u00a0 \u00a0WIS4-52-01 5.Standard\uff1a\u00a0 \u00a0 \u00a0 \u00a0 \u00a0 \u00a0 \u00a0EN545\/ISO2531 6.Drilling Spec\uff1a \u00a0\u00a0\u00a0\u00a0\u00a0\u00a0EN1092-2 &nbsp;","_links":{"self":[{"href":"https:\/\/www.fanrongcasting.com\/pt\/wp-json\/wp\/v2\/product\/3858","targetHints":{"allow":["GET"]}}],"collection":[{"href":"https:\/\/www.fanrongcasting.com\/pt\/wp-json\/wp\/v2\/product"}],"about":[{"href":"https:\/\/www.fanrongcasting.com\/pt\/wp-json\/wp\/v2\/types\/product"}],"replies":[{"embeddable":true,"href":"https:\/\/www.fanrongcasting.com\/pt\/wp-json\/wp\/v2\/comments?post=3858"}],"wp:featuredmedia":[{"embeddable":true,"href":"https:\/\/www.fanrongcasting.com\/pt\/wp-json\/wp\/v2\/media\/3861"}],"wp:attachment":[{"href":"https:\/\/www.fanrongcasting.com\/pt\/wp-json\/wp\/v2\/media?parent=3858"}],"wp:term":[{"taxonomy":"product_brand","embeddable":true,"href":"https:\/\/www.fanrongcasting.com\/pt\/wp-json\/wp\/v2\/product_brand?post=3858"},{"taxonomy":"product_cat","embeddable":true,"href":"https:\/\/www.fanrongcasting.com\/pt\/wp-json\/wp\/v2\/product_cat?post=3858"},{"taxonomy":"product_tag","embeddable":true,"href":"https:\/\/www.fanrongcasting.com\/pt\/wp-json\/wp\/v2\/product_tag?post=3858"}],"curies":[{"name":"wp","href":"https:\/\/api.w.org\/{rel}","templated":true}]}}