{"id":3801,"date":"2025-03-13T10:23:27","date_gmt":"2025-03-13T10:23:27","guid":{"rendered":"https:\/\/www.fanrongcasting.com\/?post_type=product&#038;p=3801"},"modified":"2025-03-26T03:33:10","modified_gmt":"2025-03-26T03:33:10","slug":"ductile-iron-all-socket-tee","status":"publish","type":"product","link":"https:\/\/www.fanrongcasting.com\/pt\/produto\/ductile-iron-all-socket-tee\/","title":{"rendered":"T de ferro d\u00factil com todas as tomadas"},"content":{"rendered":"<p style=\"text-align: center;\"><strong>T de ferro d\u00factil com todas as tomadas<\/strong><\/p>\n<p><img fetchpriority=\"high\" decoding=\"async\" class=\"aligncenter wp-image-3806\" src=\"https:\/\/www.fanrongcasting.com\/wp-content\/uploads\/2025\/03\/allsockettee.png\" alt=\"\" width=\"670\" height=\"193\" srcset=\"https:\/\/www.fanrongcasting.com\/wp-content\/uploads\/2025\/03\/allsockettee.png 989w, https:\/\/www.fanrongcasting.com\/wp-content\/uploads\/2025\/03\/allsockettee-300x86.png 300w, https:\/\/www.fanrongcasting.com\/wp-content\/uploads\/2025\/03\/allsockettee-768x221.png 768w, https:\/\/www.fanrongcasting.com\/wp-content\/uploads\/2025\/03\/allsockettee-18x5.png 18w, https:\/\/www.fanrongcasting.com\/wp-content\/uploads\/2025\/03\/allsockettee-600x173.png 600w\" sizes=\"(max-width: 670px) 100vw, 670px\" \/><\/p>\n<p><img decoding=\"async\" class=\"aligncenter wp-image-3807\" src=\"https:\/\/www.fanrongcasting.com\/wp-content\/uploads\/2025\/03\/1-80-400.jpg\" alt=\"\" width=\"660\" height=\"968\" srcset=\"https:\/\/www.fanrongcasting.com\/wp-content\/uploads\/2025\/03\/1-80-400.jpg 550w, https:\/\/www.fanrongcasting.com\/wp-content\/uploads\/2025\/03\/1-80-400-204x300.jpg 204w, https:\/\/www.fanrongcasting.com\/wp-content\/uploads\/2025\/03\/1-80-400-8x12.jpg 8w\" sizes=\"(max-width: 660px) 100vw, 660px\" \/><\/p>\n<p><img decoding=\"async\" class=\"aligncenter wp-image-3808\" src=\"https:\/\/www.fanrongcasting.com\/wp-content\/uploads\/2025\/03\/2-450-700.jpg\" alt=\"\" width=\"659\" height=\"899\" srcset=\"https:\/\/www.fanrongcasting.com\/wp-content\/uploads\/2025\/03\/2-450-700.jpg 551w, https:\/\/www.fanrongcasting.com\/wp-content\/uploads\/2025\/03\/2-450-700-220x300.jpg 220w, https:\/\/www.fanrongcasting.com\/wp-content\/uploads\/2025\/03\/2-450-700-9x12.jpg 9w\" sizes=\"(max-width: 659px) 100vw, 659px\" \/><\/p>\n<p><img loading=\"lazy\" decoding=\"async\" class=\"aligncenter wp-image-3809\" src=\"https:\/\/www.fanrongcasting.com\/wp-content\/uploads\/2025\/03\/3-800-1000.jpg\" alt=\"\" width=\"648\" height=\"960\" srcset=\"https:\/\/www.fanrongcasting.com\/wp-content\/uploads\/2025\/03\/3-800-1000.jpg 552w, https:\/\/www.fanrongcasting.com\/wp-content\/uploads\/2025\/03\/3-800-1000-202x300.jpg 202w, https:\/\/www.fanrongcasting.com\/wp-content\/uploads\/2025\/03\/3-800-1000-8x12.jpg 8w\" sizes=\"(max-width: 648px) 100vw, 648px\" \/><\/p>\n<p><img loading=\"lazy\" decoding=\"async\" class=\"aligncenter wp-image-3810\" src=\"https:\/\/www.fanrongcasting.com\/wp-content\/uploads\/2025\/03\/4-1100-1400.jpg\" alt=\"\" width=\"667\" height=\"1001\" srcset=\"https:\/\/www.fanrongcasting.com\/wp-content\/uploads\/2025\/03\/4-1100-1400.jpg 546w, https:\/\/www.fanrongcasting.com\/wp-content\/uploads\/2025\/03\/4-1100-1400-200x300.jpg 200w, https:\/\/www.fanrongcasting.com\/wp-content\/uploads\/2025\/03\/4-1100-1400-8x12.jpg 8w\" sizes=\"(max-width: 667px) 100vw, 667px\" \/><\/p>\n<p><img loading=\"lazy\" decoding=\"async\" class=\"aligncenter wp-image-3811\" src=\"https:\/\/www.fanrongcasting.com\/wp-content\/uploads\/2025\/03\/1600-2200-1.jpg\" alt=\"\" width=\"673\" height=\"972\" srcset=\"https:\/\/www.fanrongcasting.com\/wp-content\/uploads\/2025\/03\/1600-2200-1.jpg 550w, https:\/\/www.fanrongcasting.com\/wp-content\/uploads\/2025\/03\/1600-2200-1-208x300.jpg 208w, https:\/\/www.fanrongcasting.com\/wp-content\/uploads\/2025\/03\/1600-2200-1-8x12.jpg 8w\" sizes=\"(max-width: 673px) 100vw, 673px\" \/><\/p>\n<p><img loading=\"lazy\" decoding=\"async\" class=\"wp-image-3812 aligncenter\" src=\"https:\/\/www.fanrongcasting.com\/wp-content\/uploads\/2025\/03\/2200-2600-1.jpg\" alt=\"\" width=\"668\" height=\"1027\" srcset=\"https:\/\/www.fanrongcasting.com\/wp-content\/uploads\/2025\/03\/2200-2600-1.jpg 545w, https:\/\/www.fanrongcasting.com\/wp-content\/uploads\/2025\/03\/2200-2600-1-195x300.jpg 195w, https:\/\/www.fanrongcasting.com\/wp-content\/uploads\/2025\/03\/2200-2600-1-8x12.jpg 8w\" sizes=\"(max-width: 668px) 100vw, 668px\" \/><\/p>\n<p><strong>Materiais<\/strong><\/p>\n<p>1. corpo\uff1a ferro ductil<\/p>\n<p>2. veda\u00e7\u00f5es: EPDM\/NBR<\/p>\n<p>&nbsp;<\/p>\n<p><strong>Especifica\u00e7\u00e3o<\/strong><\/p>\n<p>1. teste de tipo\uff1a EN14525\/BS8561<\/p>\n<p>2. elastom\u00e9rico\uff1a EN681-2<\/p>\n<p>3. ferro d\u00factil\uff1a EN1563 EN-GJS-450-10<\/p>\n<p>4. revestimento\uff1a WIS4-52-01<\/p>\n<p>5.Norma\uff1a EN545\/ISO2531<\/p>\n<p>6. especifica\u00e7\u00e3o de perfura\u00e7\u00e3o\uff1a EN1092-2<\/p>\n<p>&nbsp;<\/p>\n<p>&nbsp;<\/p>","protected":false},"excerpt":{"rendered":"<p>Ductile Iron All Socket Tee Materials 1.Body\uff1a\u00a0 \u00a0 \u00a0 \u00a0Ducitle Iron 2.Seals\uff1a \u00a0\u00a0\u00a0\u00a0EPDM\/NBR &nbsp; Specification 1.Type Test\uff1a\u00a0 \u00a0 \u00a0 \u00a0 \u00a0 \u00a0 \u00a0 EN14525\/BS8561 2.Elastomeric\uff1a \u00a0\u00a0\u00a0\u00a0\u00a0\u00a0\u00a0\u00a0EN681-2 3.Ductile Iron\uff1a \u00a0\u00a0\u00a0\u00a0\u00a0\u00a0\u00a0EN1563 EN-GJS-450-10 4.Coating\uff1a\u00a0 \u00a0 \u00a0 \u00a0 \u00a0 \u00a0 \u00a0 \u00a0WIS4-52-01 5.Standard\uff1a\u00a0 \u00a0 \u00a0 \u00a0 \u00a0 \u00a0 \u00a0EN545\/ISO2531 6.Drilling Spec\uff1a \u00a0\u00a0\u00a0\u00a0\u00a0\u00a0EN1092-2 &nbsp; &nbsp;<\/p>","protected":false},"featured_media":3802,"comment_status":"open","ping_status":"closed","template":"","meta":{"_uag_custom_page_level_css":"","site-sidebar-layout":"default","site-content-layout":"","ast-site-content-layout":"default","site-content-style":"default","site-sidebar-style":"default","ast-global-header-display":"","ast-banner-title-visibility":"","ast-main-header-display":"","ast-hfb-above-header-display":"","ast-hfb-below-header-display":"","ast-hfb-mobile-header-display":"","site-post-title":"","ast-breadcrumbs-content":"","ast-featured-img":"","footer-sml-layout":"","ast-disable-related-posts":"","theme-transparent-header-meta":"default","adv-header-id-meta":"","stick-header-meta":"","header-above-stick-meta":"","header-main-stick-meta":"","header-below-stick-meta":"","astra-migrate-meta-layouts":"set","ast-page-background-enabled":"default","ast-page-background-meta":{"desktop":{"background-color":"","background-image":"","background-repeat":"repeat","background-position":"center center","background-size":"auto","background-attachment":"scroll","background-type":"","background-media":"","overlay-type":"","overlay-color":"","overlay-opacity":"","overlay-gradient":""},"tablet":{"background-color":"","background-image":"","background-repeat":"repeat","background-position":"center center","background-size":"auto","background-attachment":"scroll","background-type":"","background-media":"","overlay-type":"","overlay-color":"","overlay-opacity":"","overlay-gradient":""},"mobile":{"background-color":"","background-image":"","background-repeat":"repeat","background-position":"center center","background-size":"auto","background-attachment":"scroll","background-type":"","background-media":"","overlay-type":"","overlay-color":"","overlay-opacity":"","overlay-gradient":""}},"ast-content-background-meta":{"desktop":{"background-color":"var(--ast-global-color-5)","background-image":"","background-repeat":"repeat","background-position":"center center","background-size":"auto","background-attachment":"scroll","background-type":"","background-media":"","overlay-type":"","overlay-color":"","overlay-opacity":"","overlay-gradient":""},"tablet":{"background-color":"var(--ast-global-color-5)","background-image":"","background-repeat":"repeat","background-position":"center center","background-size":"auto","background-attachment":"scroll","background-type":"","background-media":"","overlay-type":"","overlay-color":"","overlay-opacity":"","overlay-gradient":""},"mobile":{"background-color":"var(--ast-global-color-5)","background-image":"","background-repeat":"repeat","background-position":"center center","background-size":"auto","background-attachment":"scroll","background-type":"","background-media":"","overlay-type":"","overlay-color":"","overlay-opacity":"","overlay-gradient":""}}},"product_brand":[],"product_cat":[89,64],"product_tag":[],"class_list":{"0":"post-3801","1":"product","2":"type-product","3":"status-publish","4":"has-post-thumbnail","6":"product_cat-ductile-iron-all-socket-tee","7":"product_cat-ductile-iron-pipe-fitting","8":"desktop-align-left","9":"tablet-align-left","10":"mobile-align-left","12":"first","13":"instock","14":"shipping-taxable","15":"product-type-simple"},"uagb_featured_image_src":{"full":["https:\/\/www.fanrongcasting.com\/wp-content\/uploads\/2025\/03\/ALL-SOCKET-TEE11.jpg",794,600,false],"thumbnail":["https:\/\/www.fanrongcasting.com\/wp-content\/uploads\/2025\/03\/ALL-SOCKET-TEE11-150x150.jpg",150,150,true],"medium":["https:\/\/www.fanrongcasting.com\/wp-content\/uploads\/2025\/03\/ALL-SOCKET-TEE11-300x227.jpg",300,227,true],"medium_large":["https:\/\/www.fanrongcasting.com\/wp-content\/uploads\/2025\/03\/ALL-SOCKET-TEE11-768x580.jpg",768,580,true],"large":["https:\/\/www.fanrongcasting.com\/wp-content\/uploads\/2025\/03\/ALL-SOCKET-TEE11.jpg",794,600,false],"1536x1536":["https:\/\/www.fanrongcasting.com\/wp-content\/uploads\/2025\/03\/ALL-SOCKET-TEE11.jpg",794,600,false],"2048x2048":["https:\/\/www.fanrongcasting.com\/wp-content\/uploads\/2025\/03\/ALL-SOCKET-TEE11.jpg",794,600,false],"trp-custom-language-flag":["https:\/\/www.fanrongcasting.com\/wp-content\/uploads\/2025\/03\/ALL-SOCKET-TEE11-16x12.jpg",16,12,true],"woocommerce_thumbnail":["https:\/\/www.fanrongcasting.com\/wp-content\/uploads\/2025\/03\/ALL-SOCKET-TEE11-300x300.jpg",300,300,true],"woocommerce_single":["https:\/\/www.fanrongcasting.com\/wp-content\/uploads\/2025\/03\/ALL-SOCKET-TEE11-600x453.jpg",600,453,true],"woocommerce_gallery_thumbnail":["https:\/\/www.fanrongcasting.com\/wp-content\/uploads\/2025\/03\/ALL-SOCKET-TEE11-100x100.jpg",100,100,true]},"uagb_author_info":{"display_name":"jinxing6611@gmail.com","author_link":"https:\/\/www.fanrongcasting.com\/pt\/author\/"},"uagb_comment_info":0,"uagb_excerpt":"Ductile Iron All Socket Tee Materials 1.Body\uff1a\u00a0 \u00a0 \u00a0 \u00a0Ducitle Iron 2.Seals\uff1a \u00a0\u00a0\u00a0\u00a0EPDM\/NBR &nbsp; Specification 1.Type Test\uff1a\u00a0 \u00a0 \u00a0 \u00a0 \u00a0 \u00a0 \u00a0 EN14525\/BS8561 2.Elastomeric\uff1a \u00a0\u00a0\u00a0\u00a0\u00a0\u00a0\u00a0\u00a0EN681-2 3.Ductile Iron\uff1a \u00a0\u00a0\u00a0\u00a0\u00a0\u00a0\u00a0EN1563 EN-GJS-450-10 4.Coating\uff1a\u00a0 \u00a0 \u00a0 \u00a0 \u00a0 \u00a0 \u00a0 \u00a0WIS4-52-01 5.Standard\uff1a\u00a0 \u00a0 \u00a0 \u00a0 \u00a0 \u00a0 \u00a0EN545\/ISO2531 6.Drilling Spec\uff1a \u00a0\u00a0\u00a0\u00a0\u00a0\u00a0EN1092-2 &nbsp; &nbsp;","_links":{"self":[{"href":"https:\/\/www.fanrongcasting.com\/pt\/wp-json\/wp\/v2\/product\/3801","targetHints":{"allow":["GET"]}}],"collection":[{"href":"https:\/\/www.fanrongcasting.com\/pt\/wp-json\/wp\/v2\/product"}],"about":[{"href":"https:\/\/www.fanrongcasting.com\/pt\/wp-json\/wp\/v2\/types\/product"}],"replies":[{"embeddable":true,"href":"https:\/\/www.fanrongcasting.com\/pt\/wp-json\/wp\/v2\/comments?post=3801"}],"wp:featuredmedia":[{"embeddable":true,"href":"https:\/\/www.fanrongcasting.com\/pt\/wp-json\/wp\/v2\/media\/3802"}],"wp:attachment":[{"href":"https:\/\/www.fanrongcasting.com\/pt\/wp-json\/wp\/v2\/media?parent=3801"}],"wp:term":[{"taxonomy":"product_brand","embeddable":true,"href":"https:\/\/www.fanrongcasting.com\/pt\/wp-json\/wp\/v2\/product_brand?post=3801"},{"taxonomy":"product_cat","embeddable":true,"href":"https:\/\/www.fanrongcasting.com\/pt\/wp-json\/wp\/v2\/product_cat?post=3801"},{"taxonomy":"product_tag","embeddable":true,"href":"https:\/\/www.fanrongcasting.com\/pt\/wp-json\/wp\/v2\/product_tag?post=3801"}],"curies":[{"name":"wp","href":"https:\/\/api.w.org\/{rel}","templated":true}]}}