{"id":3204,"date":"2025-03-03T07:33:22","date_gmt":"2025-03-03T07:33:22","guid":{"rendered":"https:\/\/www.fanrongcasting.com\/?page_id=3204"},"modified":"2025-03-28T08:50:14","modified_gmt":"2025-03-28T08:50:14","slug":"news","status":"publish","type":"page","link":"https:\/\/www.fanrongcasting.com\/pt\/news\/","title":{"rendered":"Not\u00edcias"},"content":{"rendered":"<style>.elementor-3204 .elementor-element.elementor-element-e3f4fa7{--display:flex;--flex-direction:row;--container-widget-width:initial;--container-widget-height:100%;--container-widget-flex-grow:1;--container-widget-align-self:stretch;--flex-wrap-mobile:wrap;--justify-content:flex-start;--gap:0px 0px;--row-gap:0px;--column-gap:0px;--flex-wrap:wrap;--overlay-opacity:1;--padding-top:5em;--padding-bottom:5em;--padding-left:0em;--padding-right:0em;}.elementor-3204 .elementor-element.elementor-element-e3f4fa7:not(.elementor-motion-effects-element-type-background), .elementor-3204 .elementor-element.elementor-element-e3f4fa7 > .elementor-motion-effects-container > .elementor-motion-effects-layer{background-image:url(\"https:\/\/www.fanrongcasting.com\/wp-content\/uploads\/2025\/03\/\u5fae\u4fe1\u56fe\u7247_20250303095413.jpg\");background-position:center center;background-repeat:no-repeat;background-size:cover;}.elementor-3204 .elementor-element.elementor-element-e3f4fa7::before, .elementor-3204 .elementor-element.elementor-element-e3f4fa7 > .elementor-background-video-container::before, .elementor-3204 .elementor-element.elementor-element-e3f4fa7 > .e-con-inner > .elementor-background-video-container::before, .elementor-3204 .elementor-element.elementor-element-e3f4fa7 > .elementor-background-slideshow::before, .elementor-3204 .elementor-element.elementor-element-e3f4fa7 > .e-con-inner > .elementor-background-slideshow::before, .elementor-3204 .elementor-element.elementor-element-e3f4fa7 > .elementor-motion-effects-container > .elementor-motion-effects-layer::before{--background-overlay:'';background-color:transparent;background-image:linear-gradient(90deg, var( --e-global-color-638d055 ) 30%, #399B4800 100%);}.elementor-3204 .elementor-element.elementor-element-4111aa60{--display:flex;--padding-top:2em;--padding-bottom:2em;--padding-left:1em;--padding-right:2em;}.elementor-3204 .elementor-element.elementor-element-8208bb7 .elementor-heading-title{font-family:var( --e-global-typography-a435f28-font-family ), Sans-serif;font-size:var( --e-global-typography-a435f28-font-size );line-height:var( --e-global-typography-a435f28-line-height );letter-spacing:var( --e-global-typography-a435f28-letter-spacing );word-spacing:var( --e-global-typography-a435f28-word-spacing );color:var( --e-global-color-text );}.elementor-3204 .elementor-element.elementor-element-401ec067 .elementor-heading-title{color:var( --e-global-color-text );}.elementor-3204 .elementor-element.elementor-element-675fd5a6{--display:flex;--flex-direction:column;--container-widget-width:100%;--container-widget-height:initial;--container-widget-flex-grow:0;--container-widget-align-self:initial;--flex-wrap-mobile:wrap;--padding-top:5em;--padding-bottom:7em;--padding-left:0em;--padding-right:0em;}.elementor-3204 .elementor-element.elementor-element-c3998cc .elementor-posts-container .elementor-post__thumbnail{padding-bottom:calc( 0.66 * 100% );}.elementor-3204 .elementor-element.elementor-element-c3998cc:after{content:\"0.66\";}.elementor-3204 .elementor-element.elementor-element-c3998cc .elementor-post__meta-data span + span:before{content:\"\u2022\";}.elementor-3204 .elementor-element.elementor-element-c3998cc{--grid-column-gap:30px;--grid-row-gap:35px;}.elementor-3204 .elementor-element.elementor-element-c3998cc .elementor-post__text{margin-top:20px;}.elementor-3204 .elementor-element.elementor-element-c3998cc .elementor-post__badge{right:0;}.elementor-3204 .elementor-element.elementor-element-c3998cc .elementor-post__card .elementor-post__badge{margin:20px;}@media(max-width:1024px){.elementor-3204 .elementor-element.elementor-element-e3f4fa7{--padding-top:3em;--padding-bottom:3em;--padding-left:0em;--padding-right:0em;}.elementor-3204 .elementor-element.elementor-element-4111aa60{--padding-top:2em;--padding-bottom:2em;--padding-left:2em;--padding-right:2em;}.elementor-3204 .elementor-element.elementor-element-8208bb7 .elementor-heading-title{font-size:var( --e-global-typography-a435f28-font-size );line-height:var( --e-global-typography-a435f28-line-height );letter-spacing:var( --e-global-typography-a435f28-letter-spacing );word-spacing:var( --e-global-typography-a435f28-word-spacing );}.elementor-3204 .elementor-element.elementor-element-675fd5a6{--padding-top:3em;--padding-bottom:3em;--padding-left:1em;--padding-right:1em;}}@media(max-width:767px){.elementor-3204 .elementor-element.elementor-element-e3f4fa7{--padding-top:2em;--padding-bottom:2em;--padding-left:0em;--padding-right:0em;}.elementor-3204 .elementor-element.elementor-element-4111aa60{--gap:14px 14px;--row-gap:14px;--column-gap:14px;--padding-top:1em;--padding-bottom:1em;--padding-left:1em;--padding-right:1em;}.elementor-3204 .elementor-element.elementor-element-8208bb7 .elementor-heading-title{font-size:var( --e-global-typography-a435f28-font-size );line-height:var( --e-global-typography-a435f28-line-height );letter-spacing:var( --e-global-typography-a435f28-letter-spacing );word-spacing:var( --e-global-typography-a435f28-word-spacing );}.elementor-3204 .elementor-element.elementor-element-675fd5a6{--padding-top:1em;--padding-bottom:1em;--padding-left:1em;--padding-right:1em;}.elementor-3204 .elementor-element.elementor-element-c3998cc .elementor-posts-container .elementor-post__thumbnail{padding-bottom:calc( 0.5 * 100% );}.elementor-3204 .elementor-element.elementor-element-c3998cc:after{content:\"0.5\";}}@media(min-width:768px){.elementor-3204 .elementor-element.elementor-element-4111aa60{--width:40%;}}@media(max-width:1024px) and (min-width:768px){.elementor-3204 .elementor-element.elementor-element-4111aa60{--width:50%;}}<\/style>\t\t<div data-elementor-type=\"wp-page\" data-elementor-id=\"3204\" class=\"elementor elementor-3204\" data-elementor-post-type=\"page\">\n\t\t\t\t<div class=\"elementor-element elementor-element-e3f4fa7 e-flex e-con-boxed e-con e-parent\" data-id=\"e3f4fa7\" data-element_type=\"container\" data-e-type=\"container\" data-settings=\"{&quot;background_background&quot;:&quot;classic&quot;}\">\n\t\t\t\t\t<div class=\"e-con-inner\">\n\t\t<div class=\"elementor-element elementor-element-4111aa60 e-con-full e-flex e-con e-child\" data-id=\"4111aa60\" data-element_type=\"container\" data-e-type=\"container\">\n\t\t\t\t<div class=\"elementor-element elementor-element-8208bb7 elementor-invisible elementor-widget elementor-widget-heading\" data-id=\"8208bb7\" data-element_type=\"widget\" data-e-type=\"widget\" data-settings=\"{&quot;_animation&quot;:&quot;fadeInUp&quot;,&quot;_animation_delay&quot;:200}\" data-widget_type=\"heading.default\">\n\t\t\t\t<div class=\"elementor-widget-container\">\n\t\t\t\t\t<h1 class=\"elementor-heading-title elementor-size-default\">Artigos e not\u00edcias<\/h1>\t\t\t\t<\/div>\n\t\t\t\t<\/div>\n\t\t\t\t<\/div>\n\t\t\t\t\t<\/div>\n\t\t\t\t<\/div>\n\t\t<div class=\"elementor-element elementor-element-675fd5a6 e-flex e-con-boxed e-con e-parent\" data-id=\"675fd5a6\" data-element_type=\"container\" data-e-type=\"container\">\n\t\t\t\t\t<div class=\"e-con-inner\">\n\t\t\t\t<div class=\"elementor-element elementor-element-c3998cc elementor-grid-3 elementor-grid-tablet-2 elementor-grid-mobile-1 elementor-posts--thumbnail-top elementor-posts--show-avatar elementor-card-shadow-yes elementor-posts__hover-gradient elementor-widget elementor-widget-posts\" data-id=\"c3998cc\" data-element_type=\"widget\" data-e-type=\"widget\" data-settings=\"{&quot;cards_columns&quot;:&quot;3&quot;,&quot;cards_columns_tablet&quot;:&quot;2&quot;,&quot;cards_columns_mobile&quot;:&quot;1&quot;,&quot;cards_row_gap&quot;:{&quot;unit&quot;:&quot;px&quot;,&quot;size&quot;:35,&quot;sizes&quot;:[]},&quot;cards_row_gap_tablet&quot;:{&quot;unit&quot;:&quot;px&quot;,&quot;size&quot;:&quot;&quot;,&quot;sizes&quot;:[]},&quot;cards_row_gap_mobile&quot;:{&quot;unit&quot;:&quot;px&quot;,&quot;size&quot;:&quot;&quot;,&quot;sizes&quot;:[]}}\" data-widget_type=\"posts.cards\">\n\t\t\t\t<div class=\"elementor-widget-container\">\n\t\t\t\t\t\t\t<div class=\"elementor-posts-container elementor-posts elementor-posts--skin-cards elementor-grid\" role=\"list\">\n\t\t\t\t<article class=\"elementor-post elementor-grid-item post-4391 post type-post status-publish format-standard has-post-thumbnail hentry category-news\" role=\"listitem\">\n\t\t\t<div class=\"elementor-post__card\">\n\t\t\t\t<a class=\"elementor-post__thumbnail__link\" href=\"https:\/\/www.fanrongcasting.com\/pt\/ductile-iron-pipe-fittings-and-valves-installation\/\" tabindex=\"-1\" ><div class=\"elementor-post__thumbnail\"><img fetchpriority=\"high\" decoding=\"async\" width=\"800\" height=\"600\" src=\"https:\/\/www.fanrongcasting.com\/wp-content\/uploads\/2025\/04\/5-png.webp\" class=\"attachment-full size-full wp-image-4395 not-transparent\" alt=\"\" srcset=\"https:\/\/www.fanrongcasting.com\/wp-content\/uploads\/2025\/04\/5-png.webp 800w, https:\/\/www.fanrongcasting.com\/wp-content\/uploads\/2025\/04\/5-300x225.webp 300w, https:\/\/www.fanrongcasting.com\/wp-content\/uploads\/2025\/04\/5-768x576.webp 768w, https:\/\/www.fanrongcasting.com\/wp-content\/uploads\/2025\/04\/5-16x12.webp 16w, https:\/\/www.fanrongcasting.com\/wp-content\/uploads\/2025\/04\/5-600x450.webp 600w\" sizes=\"(max-width: 800px) 100vw, 800px\" data-has-transparency=\"false\" data-dominant-color=\"7d7d79\" style=\"--dominant-color: #7d7d79;\" \/><\/div><\/a>\n\t\t\t\t<div class=\"elementor-post__badge\">Not\u00edcias<\/div>\n\t\t\t\t<div class=\"elementor-post__avatar\">\n\t\t\t<img alt='jinxing6611@gmail.com' src='https:\/\/secure.gravatar.com\/avatar\/3e402e2873bc6bbb4fd312757aef3f820eace40f44660b49a40b976e2893c594?s=128&#038;d=mm&#038;r=g' srcset='https:\/\/secure.gravatar.com\/avatar\/3e402e2873bc6bbb4fd312757aef3f820eace40f44660b49a40b976e2893c594?s=256&#038;d=mm&#038;r=g 2x' class='avatar avatar-128 photo' height='128' width='128' \/>\t\t<\/div>\n\t\t\t\t<div class=\"elementor-post__text\">\n\t\t\t\t<h3 class=\"elementor-post__title\">\n\t\t\t<a href=\"https:\/\/www.fanrongcasting.com\/pt\/ductile-iron-pipe-fittings-and-valves-installation\/\" >\n\t\t\t\tInstala\u00e7\u00e3o de acess\u00f3rios e v\u00e1lvulas para tubos de ferro fundido d\u00factil\t\t\t<\/a>\n\t\t<\/h3>\n\t\t\t\t<div class=\"elementor-post__excerpt\">\n\t\t\t\t\t<\/div>\n\t\t\n\t\t<a class=\"elementor-post__read-more\" href=\"https:\/\/www.fanrongcasting.com\/pt\/ductile-iron-pipe-fittings-and-valves-installation\/\" aria-label=\"Read more about Ductile iron pipe fittings and valves installation\" tabindex=\"-1\" >\n\t\t\tLer mais \"\t\t<\/a>\n\n\t\t\t\t<\/div>\n\t\t\t\t<div class=\"elementor-post__meta-data\">\n\t\t\t\t\t<span class=\"elementor-post-date\">\n\t\t\tabril 11, 2025\t\t<\/span>\n\t\t\t\t<span class=\"elementor-post-avatar\">\n\t\t\tSem coment\u00e1rios\t\t<\/span>\n\t\t\t\t<\/div>\n\t\t\t\t\t<\/div>\n\t\t<\/article>\n\t\t\t\t<article class=\"elementor-post elementor-grid-item post-3940 post type-post status-publish format-standard has-post-thumbnail hentry category-news\" role=\"listitem\">\n\t\t\t<div class=\"elementor-post__card\">\n\t\t\t\t<a class=\"elementor-post__thumbnail__link\" href=\"https:\/\/www.fanrongcasting.com\/pt\/the-pu-pipe-is-completed-waiting-to-be-loaded-on-the-container-and-shipped\/\" tabindex=\"-1\" ><div class=\"elementor-post__thumbnail\"><img decoding=\"async\" width=\"1440\" height=\"1080\" src=\"https:\/\/www.fanrongcasting.com\/wp-content\/uploads\/2025\/03\/\u672a\u6807\u9898-1-1.png\" class=\"attachment-full size-full wp-image-3953\" alt=\"\" srcset=\"https:\/\/www.fanrongcasting.com\/wp-content\/uploads\/2025\/03\/\u672a\u6807\u9898-1-1.png 1440w, https:\/\/www.fanrongcasting.com\/wp-content\/uploads\/2025\/03\/\u672a\u6807\u9898-1-1-300x225.png 300w, https:\/\/www.fanrongcasting.com\/wp-content\/uploads\/2025\/03\/\u672a\u6807\u9898-1-1-1024x768.png 1024w, https:\/\/www.fanrongcasting.com\/wp-content\/uploads\/2025\/03\/\u672a\u6807\u9898-1-1-768x576.png 768w, https:\/\/www.fanrongcasting.com\/wp-content\/uploads\/2025\/03\/\u672a\u6807\u9898-1-1-16x12.png 16w, https:\/\/www.fanrongcasting.com\/wp-content\/uploads\/2025\/03\/\u672a\u6807\u9898-1-1-600x450.png 600w\" sizes=\"(max-width: 1440px) 100vw, 1440px\" \/><\/div><\/a>\n\t\t\t\t<div class=\"elementor-post__badge\">Not\u00edcias<\/div>\n\t\t\t\t<div class=\"elementor-post__avatar\">\n\t\t\t<img alt='jinxing6611@gmail.com' src='https:\/\/secure.gravatar.com\/avatar\/3e402e2873bc6bbb4fd312757aef3f820eace40f44660b49a40b976e2893c594?s=128&#038;d=mm&#038;r=g' srcset='https:\/\/secure.gravatar.com\/avatar\/3e402e2873bc6bbb4fd312757aef3f820eace40f44660b49a40b976e2893c594?s=256&#038;d=mm&#038;r=g 2x' class='avatar avatar-128 photo' height='128' width='128' \/>\t\t<\/div>\n\t\t\t\t<div class=\"elementor-post__text\">\n\t\t\t\t<h3 class=\"elementor-post__title\">\n\t\t\t<a href=\"https:\/\/www.fanrongcasting.com\/pt\/the-pu-pipe-is-completed-waiting-to-be-loaded-on-the-container-and-shipped\/\" >\n\t\t\t\tThe PU pipe is completed, waiting to be loaded on the container and shipped\t\t\t<\/a>\n\t\t<\/h3>\n\t\t\t\t<div class=\"elementor-post__excerpt\">\n\t\t\t\t\t<\/div>\n\t\t\n\t\t<a class=\"elementor-post__read-more\" href=\"https:\/\/www.fanrongcasting.com\/pt\/the-pu-pipe-is-completed-waiting-to-be-loaded-on-the-container-and-shipped\/\" aria-label=\"Read more about The PU pipe is completed, waiting to be loaded on the container and shipped\" tabindex=\"-1\" >\n\t\t\tLer mais \"\t\t<\/a>\n\n\t\t\t\t<\/div>\n\t\t\t\t<div class=\"elementor-post__meta-data\">\n\t\t\t\t\t<span class=\"elementor-post-date\">\n\t\t\tmar\u00e7o 19, 2025\t\t<\/span>\n\t\t\t\t<span class=\"elementor-post-avatar\">\n\t\t\tSem coment\u00e1rios\t\t<\/span>\n\t\t\t\t<\/div>\n\t\t\t\t\t<\/div>\n\t\t<\/article>\n\t\t\t\t<article class=\"elementor-post elementor-grid-item post-3439 post type-post status-publish format-standard has-post-thumbnail hentry category-news\" role=\"listitem\">\n\t\t\t<div class=\"elementor-post__card\">\n\t\t\t\t<a class=\"elementor-post__thumbnail__link\" href=\"https:\/\/www.fanrongcasting.com\/pt\/after-years-of-exploration-and-hard-work\/\" tabindex=\"-1\" ><div class=\"elementor-post__thumbnail\"><img decoding=\"async\" width=\"1706\" height=\"1279\" src=\"https:\/\/www.fanrongcasting.com\/wp-content\/uploads\/2025\/03\/69.jpg\" class=\"attachment-full size-full wp-image-4331\" alt=\"\" srcset=\"https:\/\/www.fanrongcasting.com\/wp-content\/uploads\/2025\/03\/69.jpg 1706w, https:\/\/www.fanrongcasting.com\/wp-content\/uploads\/2025\/03\/69-300x225.jpg 300w, https:\/\/www.fanrongcasting.com\/wp-content\/uploads\/2025\/03\/69-1024x768.jpg 1024w, https:\/\/www.fanrongcasting.com\/wp-content\/uploads\/2025\/03\/69-768x576.jpg 768w, https:\/\/www.fanrongcasting.com\/wp-content\/uploads\/2025\/03\/69-1536x1152.jpg 1536w, https:\/\/www.fanrongcasting.com\/wp-content\/uploads\/2025\/03\/69-16x12.jpg 16w, https:\/\/www.fanrongcasting.com\/wp-content\/uploads\/2025\/03\/69-600x450.jpg 600w\" sizes=\"(max-width: 1706px) 100vw, 1706px\" \/><\/div><\/a>\n\t\t\t\t<div class=\"elementor-post__badge\">Not\u00edcias<\/div>\n\t\t\t\t<div class=\"elementor-post__avatar\">\n\t\t\t<img alt='jinxing6611@gmail.com' src='https:\/\/secure.gravatar.com\/avatar\/3e402e2873bc6bbb4fd312757aef3f820eace40f44660b49a40b976e2893c594?s=128&#038;d=mm&#038;r=g' srcset='https:\/\/secure.gravatar.com\/avatar\/3e402e2873bc6bbb4fd312757aef3f820eace40f44660b49a40b976e2893c594?s=256&#038;d=mm&#038;r=g 2x' class='avatar avatar-128 photo' height='128' width='128' \/>\t\t<\/div>\n\t\t\t\t<div class=\"elementor-post__text\">\n\t\t\t\t<h3 class=\"elementor-post__title\">\n\t\t\t<a href=\"https:\/\/www.fanrongcasting.com\/pt\/after-years-of-exploration-and-hard-work\/\" >\n\t\t\t\tAp\u00f3s anos de explora\u00e7\u00e3o e trabalho \u00e1rduo\t\t\t<\/a>\n\t\t<\/h3>\n\t\t\t\t<div class=\"elementor-post__excerpt\">\n\t\t\t<p>a empresa ganhou o reconhecimento do mercado em Pequim, Tianjin, Xnjiang, Lhasa, Mong\u00f3lia Interior e outros locais com excelentes produtos<\/p>\n\t\t<\/div>\n\t\t\n\t\t<a class=\"elementor-post__read-more\" href=\"https:\/\/www.fanrongcasting.com\/pt\/after-years-of-exploration-and-hard-work\/\" aria-label=\"Read more about After years of exploration and hard work\" tabindex=\"-1\" >\n\t\t\tLer mais \"\t\t<\/a>\n\n\t\t\t\t<\/div>\n\t\t\t\t<div class=\"elementor-post__meta-data\">\n\t\t\t\t\t<span class=\"elementor-post-date\">\n\t\t\tmar\u00e7o 5, 2025\t\t<\/span>\n\t\t\t\t<span class=\"elementor-post-avatar\">\n\t\t\tSem coment\u00e1rios\t\t<\/span>\n\t\t\t\t<\/div>\n\t\t\t\t\t<\/div>\n\t\t<\/article>\n\t\t\t\t<article class=\"elementor-post elementor-grid-item post-3334 post type-post status-publish format-standard has-post-thumbnail hentry category-news\" role=\"listitem\">\n\t\t\t<div class=\"elementor-post__card\">\n\t\t\t\t<a class=\"elementor-post__thumbnail__link\" href=\"https:\/\/www.fanrongcasting.com\/pt\/the-company-has-alwaysadhered-to-the-concept-of-creatingprosperity-in-china\/\" tabindex=\"-1\" ><div class=\"elementor-post__thumbnail\"><img loading=\"lazy\" decoding=\"async\" width=\"1706\" height=\"1279\" src=\"https:\/\/www.fanrongcasting.com\/wp-content\/uploads\/2025\/03\/67.jpg\" class=\"attachment-full size-full wp-image-4330\" alt=\"\" srcset=\"https:\/\/www.fanrongcasting.com\/wp-content\/uploads\/2025\/03\/67.jpg 1706w, https:\/\/www.fanrongcasting.com\/wp-content\/uploads\/2025\/03\/67-300x225.jpg 300w, https:\/\/www.fanrongcasting.com\/wp-content\/uploads\/2025\/03\/67-1024x768.jpg 1024w, https:\/\/www.fanrongcasting.com\/wp-content\/uploads\/2025\/03\/67-768x576.jpg 768w, https:\/\/www.fanrongcasting.com\/wp-content\/uploads\/2025\/03\/67-1536x1152.jpg 1536w, https:\/\/www.fanrongcasting.com\/wp-content\/uploads\/2025\/03\/67-16x12.jpg 16w, https:\/\/www.fanrongcasting.com\/wp-content\/uploads\/2025\/03\/67-600x450.jpg 600w\" sizes=\"(max-width: 1706px) 100vw, 1706px\" \/><\/div><\/a>\n\t\t\t\t<div class=\"elementor-post__badge\">Not\u00edcias<\/div>\n\t\t\t\t<div class=\"elementor-post__avatar\">\n\t\t\t<img alt='jinxing6611@gmail.com' src='https:\/\/secure.gravatar.com\/avatar\/3e402e2873bc6bbb4fd312757aef3f820eace40f44660b49a40b976e2893c594?s=128&#038;d=mm&#038;r=g' srcset='https:\/\/secure.gravatar.com\/avatar\/3e402e2873bc6bbb4fd312757aef3f820eace40f44660b49a40b976e2893c594?s=256&#038;d=mm&#038;r=g 2x' class='avatar avatar-128 photo' height='128' width='128' \/>\t\t<\/div>\n\t\t\t\t<div class=\"elementor-post__text\">\n\t\t\t\t<h3 class=\"elementor-post__title\">\n\t\t\t<a href=\"https:\/\/www.fanrongcasting.com\/pt\/the-company-has-alwaysadhered-to-the-concept-of-creatingprosperity-in-china\/\" >\n\t\t\t\tA empresa sempre aderiu ao conceito de criar \"prosperidade na China\t\t\t<\/a>\n\t\t<\/h3>\n\t\t\t\t<div class=\"elementor-post__excerpt\">\n\t\t\t<p>A empresa sempre aderiu ao conceito de criar \"prosperidade na China e prosperidade no mundo\".<\/p>\n\t\t<\/div>\n\t\t\n\t\t<a class=\"elementor-post__read-more\" href=\"https:\/\/www.fanrongcasting.com\/pt\/the-company-has-alwaysadhered-to-the-concept-of-creatingprosperity-in-china\/\" aria-label=\"Read more about The company has alwaysadhered to the concept of creating\u201dprosperity in China\" tabindex=\"-1\" >\n\t\t\tLer mais \"\t\t<\/a>\n\n\t\t\t\t<\/div>\n\t\t\t\t<div class=\"elementor-post__meta-data\">\n\t\t\t\t\t<span class=\"elementor-post-date\">\n\t\t\tmar\u00e7o 3, 2025\t\t<\/span>\n\t\t\t\t<span class=\"elementor-post-avatar\">\n\t\t\tSem coment\u00e1rios\t\t<\/span>\n\t\t\t\t<\/div>\n\t\t\t\t\t<\/div>\n\t\t<\/article>\n\t\t\t\t<\/div>\n\t\t\n\t\t\t\t\t\t<\/div>\n\t\t\t\t<\/div>\n\t\t\t\t\t<\/div>\n\t\t\t\t<\/div>\n\t\t\t\t<\/div>","protected":false},"excerpt":{"rendered":"<p>Artigos e not\u00edcias<\/p>","protected":false},"author":1,"featured_media":0,"parent":0,"menu_order":0,"comment_status":"closed","ping_status":"closed","template":"","meta":{"_uag_custom_page_level_css":"","site-sidebar-layout":"no-sidebar","site-content-layout":"page-builder","ast-site-content-layout":"full-width-container","site-content-style":"default","site-sidebar-style":"default","ast-global-header-display":"","ast-banner-title-visibility":"","ast-main-header-display":"","ast-hfb-above-header-display":"","ast-hfb-below-header-display":"","ast-hfb-mobile-header-display":"","site-post-title":"disabled","ast-breadcrumbs-content":"","ast-featured-img":"disabled","footer-sml-layout":"","ast-disable-related-posts":"","theme-transparent-header-meta":"","adv-header-id-meta":"","stick-header-meta":"","header-above-stick-meta":"","header-main-stick-meta":"","header-below-stick-meta":"","astra-migrate-meta-layouts":"set","ast-page-background-enabled":"default","ast-page-background-meta":{"desktop":{"background-color":"","background-image":"","background-repeat":"repeat","background-position":"center center","background-size":"auto","background-attachment":"scroll","background-type":"","background-media":"","overlay-type":"","overlay-color":"","overlay-opacity":"","overlay-gradient":""},"tablet":{"background-color":"","background-image":"","background-repeat":"repeat","background-position":"center center","background-size":"auto","background-attachment":"scroll","background-type":"","background-media":"","overlay-type":"","overlay-color":"","overlay-opacity":"","overlay-gradient":""},"mobile":{"background-color":"","background-image":"","background-repeat":"repeat","background-position":"center center","background-size":"auto","background-attachment":"scroll","background-type":"","background-media":"","overlay-type":"","overlay-color":"","overlay-opacity":"","overlay-gradient":""}},"ast-content-background-meta":{"desktop":{"background-color":"var(--ast-global-color-5)","background-image":"","background-repeat":"repeat","background-position":"center center","background-size":"auto","background-attachment":"scroll","background-type":"","background-media":"","overlay-type":"","overlay-color":"","overlay-opacity":"","overlay-gradient":""},"tablet":{"background-color":"var(--ast-global-color-5)","background-image":"","background-repeat":"repeat","background-position":"center center","background-size":"auto","background-attachment":"scroll","background-type":"","background-media":"","overlay-type":"","overlay-color":"","overlay-opacity":"","overlay-gradient":""},"mobile":{"background-color":"var(--ast-global-color-5)","background-image":"","background-repeat":"repeat","background-position":"center center","background-size":"auto","background-attachment":"scroll","background-type":"","background-media":"","overlay-type":"","overlay-color":"","overlay-opacity":"","overlay-gradient":""}},"footnotes":""},"class_list":["post-3204","page","type-page","status-publish","hentry"],"uagb_featured_image_src":{"full":false,"thumbnail":false,"medium":false,"medium_large":false,"large":false,"1536x1536":false,"2048x2048":false,"trp-custom-language-flag":false,"woocommerce_thumbnail":false,"woocommerce_single":false,"woocommerce_gallery_thumbnail":false},"uagb_author_info":{"display_name":"jinxing6611@gmail.com","author_link":"https:\/\/www.fanrongcasting.com\/pt\/author\/jinxing6611gmail-com\/"},"uagb_comment_info":0,"uagb_excerpt":"Article &amp; News","_links":{"self":[{"href":"https:\/\/www.fanrongcasting.com\/pt\/wp-json\/wp\/v2\/pages\/3204","targetHints":{"allow":["GET"]}}],"collection":[{"href":"https:\/\/www.fanrongcasting.com\/pt\/wp-json\/wp\/v2\/pages"}],"about":[{"href":"https:\/\/www.fanrongcasting.com\/pt\/wp-json\/wp\/v2\/types\/page"}],"author":[{"embeddable":true,"href":"https:\/\/www.fanrongcasting.com\/pt\/wp-json\/wp\/v2\/users\/1"}],"replies":[{"embeddable":true,"href":"https:\/\/www.fanrongcasting.com\/pt\/wp-json\/wp\/v2\/comments?post=3204"}],"version-history":[{"count":16,"href":"https:\/\/www.fanrongcasting.com\/pt\/wp-json\/wp\/v2\/pages\/3204\/revisions"}],"predecessor-version":[{"id":4199,"href":"https:\/\/www.fanrongcasting.com\/pt\/wp-json\/wp\/v2\/pages\/3204\/revisions\/4199"}],"wp:attachment":[{"href":"https:\/\/www.fanrongcasting.com\/pt\/wp-json\/wp\/v2\/media?parent=3204"}],"curies":[{"name":"wp","href":"https:\/\/api.w.org\/{rel}","templated":true}]}}