{"id":4333,"date":"2025-04-07T07:40:35","date_gmt":"2025-04-07T07:40:35","guid":{"rendered":"https:\/\/www.fanrongcasting.com\/?post_type=product&#038;p=4333"},"modified":"2025-04-07T08:07:09","modified_gmt":"2025-04-07T08:07:09","slug":"bolted-gland-concentric-tapers-class-k-12","status":"publish","type":"product","link":"https:\/\/www.fanrongcasting.com\/es\/producto\/bolted-gland-concentric-tapers-class-k-12\/","title":{"rendered":"Racores conc\u00e9ntricos para prensaestopas Clase K 12"},"content":{"rendered":"<p style=\"text-align: center;\"><strong>Racores conc\u00e9ntricos para prensaestopas Clase K 12<\/strong><\/p>\n<p><img fetchpriority=\"high\" decoding=\"async\" class=\"wp-image-4334 aligncenter\" src=\"https:\/\/www.fanrongcasting.com\/wp-content\/uploads\/2025\/04\/111111-300x225.png\" alt=\"\" width=\"560\" height=\"420\" srcset=\"https:\/\/www.fanrongcasting.com\/wp-content\/uploads\/2025\/04\/111111-300x225.png 300w, https:\/\/www.fanrongcasting.com\/wp-content\/uploads\/2025\/04\/111111-768x576.png 768w, https:\/\/www.fanrongcasting.com\/wp-content\/uploads\/2025\/04\/111111-16x12.png 16w, https:\/\/www.fanrongcasting.com\/wp-content\/uploads\/2025\/04\/111111-600x450.png 600w, https:\/\/www.fanrongcasting.com\/wp-content\/uploads\/2025\/04\/111111.png 800w\" sizes=\"(max-width: 560px) 100vw, 560px\" \/><\/p>\n<table>\n<tbody>\n<tr>\n<td width=\"130\">\n<p style=\"text-align: center;\">Di\u00e1metro nominal<\/p>\n<p style=\"text-align: center;\">DN(mm)<\/p>\n<\/td>\n<td style=\"text-align: center;\" width=\"60\">e<\/td>\n<td style=\"text-align: center;\" width=\"60\">e1<\/td>\n<td style=\"text-align: center;\" width=\"60\">L<\/td>\n<td style=\"text-align: center;\" width=\"60\">Masa<\/p>\n<p>(kg)<\/td>\n<\/tr>\n<tr>\n<td width=\"130\">\n<p style=\"text-align: center;\">150\u00d7100<\/p>\n<\/td>\n<td style=\"text-align: center;\" width=\"60\">7.8<\/td>\n<td style=\"text-align: center;\" width=\"60\">7.2<\/td>\n<td style=\"text-align: center;\" width=\"60\">150<\/td>\n<td width=\"60\">\n<p style=\"text-align: center;\">16.8<\/p>\n<\/td>\n<\/tr>\n<tr>\n<td style=\"text-align: center;\" width=\"130\">200\u00d7100<\/td>\n<td style=\"text-align: center;\" width=\"60\">8.4<\/td>\n<td style=\"text-align: center;\" width=\"60\">7.2<\/td>\n<td style=\"text-align: center;\" width=\"60\">250<\/td>\n<td width=\"60\">\n<p style=\"text-align: center;\">23.5<\/p>\n<\/td>\n<\/tr>\n<tr>\n<td width=\"130\">\n<p style=\"text-align: center;\">200\u00d7150<\/p>\n<\/td>\n<td style=\"text-align: center;\" width=\"60\">8.4<\/td>\n<td style=\"text-align: center;\" width=\"60\">7.8<\/td>\n<td style=\"text-align: center;\" width=\"60\">150<\/td>\n<td style=\"text-align: center;\" width=\"60\">24.5<\/td>\n<\/tr>\n<tr>\n<td width=\"130\">\n<p style=\"text-align: center;\">250\u00d7150<\/p>\n<\/td>\n<td style=\"text-align: center;\" width=\"60\">9.0<\/td>\n<td style=\"text-align: center;\" width=\"60\">7.8<\/td>\n<td style=\"text-align: center;\" width=\"60\">250<\/td>\n<td width=\"60\">\n<p style=\"text-align: center;\">33.0<\/p>\n<\/td>\n<\/tr>\n<tr>\n<td style=\"text-align: center;\" width=\"130\">250\u00d7200<\/td>\n<td style=\"text-align: center;\" width=\"60\">9.0<\/td>\n<td style=\"text-align: center;\" width=\"60\">8.4<\/td>\n<td style=\"text-align: center;\" width=\"60\">150<\/td>\n<td width=\"60\">\n<p style=\"text-align: center;\">33.0<\/p>\n<\/td>\n<\/tr>\n<tr>\n<td width=\"130\">\n<p style=\"text-align: center;\">300\u00d7150<\/p>\n<\/td>\n<td style=\"text-align: center;\" width=\"60\">9.6<\/td>\n<td style=\"text-align: center;\" width=\"60\">7.8<\/td>\n<td style=\"text-align: center;\" width=\"60\">350<\/td>\n<td style=\"text-align: center;\" width=\"60\">45.5<\/td>\n<\/tr>\n<tr>\n<td width=\"130\">\n<p style=\"text-align: center;\">300\u00d7200<\/p>\n<\/td>\n<td style=\"text-align: center;\" width=\"60\">9.6<\/td>\n<td style=\"text-align: center;\" width=\"60\">8.4<\/td>\n<td style=\"text-align: center;\" width=\"60\">250<\/td>\n<td style=\"text-align: center;\" width=\"60\">45.0<\/td>\n<\/tr>\n<tr>\n<td style=\"text-align: center;\" width=\"130\">300\u00d7250<\/td>\n<td style=\"text-align: center;\" width=\"60\">9.6<\/td>\n<td style=\"text-align: center;\" width=\"60\">9.0<\/td>\n<td style=\"text-align: center;\" width=\"60\">150<\/td>\n<td width=\"60\">\n<p style=\"text-align: center;\">44.0<\/p>\n<\/td>\n<\/tr>\n<tr>\n<td style=\"text-align: center;\" width=\"130\">400\u00d7200<\/td>\n<td style=\"text-align: center;\" width=\"60\">10.8<\/td>\n<td style=\"text-align: center;\" width=\"60\">8.4<\/td>\n<td style=\"text-align: center;\" width=\"60\">460<\/td>\n<td width=\"60\">\n<p style=\"text-align: center;\">76.5<\/p>\n<\/td>\n<\/tr>\n<tr>\n<td width=\"130\">\n<p style=\"text-align: center;\">400\u00d7250<\/p>\n<\/td>\n<td style=\"text-align: center;\" width=\"60\">10.8<\/td>\n<td style=\"text-align: center;\" width=\"60\">9.0<\/td>\n<td style=\"text-align: center;\" width=\"60\">360<\/td>\n<td style=\"text-align: center;\" width=\"60\">75.5<\/td>\n<\/tr>\n<tr>\n<td width=\"130\">\n<p style=\"text-align: center;\">400\u00d7300<\/p>\n<\/td>\n<td style=\"text-align: center;\" width=\"60\">10.8<\/td>\n<td style=\"text-align: center;\" width=\"60\">9.6<\/td>\n<td style=\"text-align: center;\" width=\"60\">260<\/td>\n<td width=\"60\">\n<p style=\"text-align: center;\">75.0<\/p>\n<\/td>\n<\/tr>\n<tr>\n<td style=\"text-align: center;\" width=\"130\">450\u00d7250<\/td>\n<td style=\"text-align: center;\" width=\"60\">11.4<\/td>\n<td style=\"text-align: center;\" width=\"60\">9.0<\/td>\n<td style=\"text-align: center;\" width=\"60\">460<\/td>\n<td width=\"60\">\n<p style=\"text-align: center;\">94.0<\/p>\n<\/td>\n<\/tr>\n<tr>\n<td width=\"130\">\n<p style=\"text-align: center;\">450\u00d7300<\/p>\n<\/td>\n<td style=\"text-align: center;\" width=\"60\">11.4<\/td>\n<td style=\"text-align: center;\" width=\"60\">9.6<\/td>\n<td style=\"text-align: center;\" width=\"60\">360<\/td>\n<td style=\"text-align: center;\" width=\"60\">93.5<\/td>\n<\/tr>\n<tr>\n<td style=\"text-align: center;\" width=\"130\">450\u00d7400<\/td>\n<td style=\"text-align: center;\" width=\"60\">11.4<\/td>\n<td style=\"text-align: center;\" width=\"60\">10.8<\/td>\n<td style=\"text-align: center;\" width=\"60\">160<\/td>\n<td width=\"60\">\n<p style=\"text-align: center;\">89.5<\/p>\n<\/td>\n<\/tr>\n<tr>\n<td width=\"130\">\n<p style=\"text-align: center;\">600\u00d7300<\/p>\n<\/td>\n<td style=\"text-align: center;\" width=\"60\">13.2<\/td>\n<td style=\"text-align: center;\" width=\"60\">9.6<\/td>\n<td style=\"text-align: center;\" width=\"60\">660<\/td>\n<td style=\"text-align: center;\" width=\"60\">153.0<\/td>\n<\/tr>\n<tr>\n<td width=\"130\">\n<p style=\"text-align: center;\">600\u00d7400<\/p>\n<\/td>\n<td style=\"text-align: center;\" width=\"60\">13.2<\/td>\n<td style=\"text-align: center;\" width=\"60\">10.8<\/td>\n<td style=\"text-align: center;\" width=\"60\">460<\/td>\n<td width=\"60\">\n<p style=\"text-align: center;\">147.0<\/p>\n<\/td>\n<\/tr>\n<tr>\n<td style=\"text-align: center;\" width=\"130\">600\u00d7450<\/td>\n<td style=\"text-align: center;\" width=\"60\">13.2<\/td>\n<td style=\"text-align: center;\" width=\"60\">11.4<\/td>\n<td style=\"text-align: center;\" width=\"60\">360<\/td>\n<td width=\"60\">\n<p style=\"text-align: center;\">142.0<\/p>\n<\/td>\n<\/tr>\n<\/tbody>\n<\/table>","protected":false},"excerpt":{"rendered":"<p>Bolted Gland Concentric Tapers Class\u00a0K\u00a012 Nominal Diameter DN(mm) e e1 L Mass (kg) 150\u00d7100 7.8 7.2 150 16.8 200\u00d7100 8.4 7.2 250 23.5 200\u00d7150 8.4 7.8 150 24.5 250\u00d7150 9.0 7.8 250 33.0 250\u00d7200 9.0 8.4 150 33.0 300\u00d7150 9.6 7.8 350 45.5 300\u00d7200 9.6 8.4 250 45.0 300\u00d7250 9.6 9.0 150 44.0 400\u00d7200 10.8 [&hellip;]<\/p>","protected":false},"featured_media":4334,"comment_status":"open","ping_status":"closed","template":"","meta":{"_uag_custom_page_level_css":"","site-sidebar-layout":"default","site-content-layout":"","ast-site-content-layout":"default","site-content-style":"default","site-sidebar-style":"default","ast-global-header-display":"","ast-banner-title-visibility":"","ast-main-header-display":"","ast-hfb-above-header-display":"","ast-hfb-below-header-display":"","ast-hfb-mobile-header-display":"","site-post-title":"","ast-breadcrumbs-content":"","ast-featured-img":"","footer-sml-layout":"","ast-disable-related-posts":"","theme-transparent-header-meta":"default","adv-header-id-meta":"","stick-header-meta":"","header-above-stick-meta":"","header-main-stick-meta":"","header-below-stick-meta":"","astra-migrate-meta-layouts":"set","ast-page-background-enabled":"default","ast-page-background-meta":{"desktop":{"background-color":"","background-image":"","background-repeat":"repeat","background-position":"center center","background-size":"auto","background-attachment":"scroll","background-type":"","background-media":"","overlay-type":"","overlay-color":"","overlay-opacity":"","overlay-gradient":""},"tablet":{"background-color":"","background-image":"","background-repeat":"repeat","background-position":"center center","background-size":"auto","background-attachment":"scroll","background-type":"","background-media":"","overlay-type":"","overlay-color":"","overlay-opacity":"","overlay-gradient":""},"mobile":{"background-color":"","background-image":"","background-repeat":"repeat","background-position":"center center","background-size":"auto","background-attachment":"scroll","background-type":"","background-media":"","overlay-type":"","overlay-color":"","overlay-opacity":"","overlay-gradient":""}},"ast-content-background-meta":{"desktop":{"background-color":"var(--ast-global-color-5)","background-image":"","background-repeat":"repeat","background-position":"center center","background-size":"auto","background-attachment":"scroll","background-type":"","background-media":"","overlay-type":"","overlay-color":"","overlay-opacity":"","overlay-gradient":""},"tablet":{"background-color":"var(--ast-global-color-5)","background-image":"","background-repeat":"repeat","background-position":"center center","background-size":"auto","background-attachment":"scroll","background-type":"","background-media":"","overlay-type":"","overlay-color":"","overlay-opacity":"","overlay-gradient":""},"mobile":{"background-color":"var(--ast-global-color-5)","background-image":"","background-repeat":"repeat","background-position":"center center","background-size":"auto","background-attachment":"scroll","background-type":"","background-media":"","overlay-type":"","overlay-color":"","overlay-opacity":"","overlay-gradient":""}}},"product_brand":[],"product_cat":[90,64],"product_tag":[],"class_list":{"0":"post-4333","1":"product","2":"type-product","3":"status-publish","4":"has-post-thumbnail","6":"product_cat-bolted-gland-pipe-fittings","7":"product_cat-ductile-iron-pipe-fitting","8":"desktop-align-left","9":"tablet-align-left","10":"mobile-align-left","12":"first","13":"instock","14":"shipping-taxable","15":"product-type-simple"},"uagb_featured_image_src":{"full":["https:\/\/www.fanrongcasting.com\/wp-content\/uploads\/2025\/04\/111111.png",800,600,false],"thumbnail":["https:\/\/www.fanrongcasting.com\/wp-content\/uploads\/2025\/04\/111111-150x150.png",150,150,true],"medium":["https:\/\/www.fanrongcasting.com\/wp-content\/uploads\/2025\/04\/111111-300x225.png",300,225,true],"medium_large":["https:\/\/www.fanrongcasting.com\/wp-content\/uploads\/2025\/04\/111111-768x576.png",768,576,true],"large":["https:\/\/www.fanrongcasting.com\/wp-content\/uploads\/2025\/04\/111111.png",800,600,false],"1536x1536":["https:\/\/www.fanrongcasting.com\/wp-content\/uploads\/2025\/04\/111111.png",800,600,false],"2048x2048":["https:\/\/www.fanrongcasting.com\/wp-content\/uploads\/2025\/04\/111111.png",800,600,false],"trp-custom-language-flag":["https:\/\/www.fanrongcasting.com\/wp-content\/uploads\/2025\/04\/111111-16x12.png",16,12,true],"woocommerce_thumbnail":["https:\/\/www.fanrongcasting.com\/wp-content\/uploads\/2025\/04\/111111-300x300.png",300,300,true],"woocommerce_single":["https:\/\/www.fanrongcasting.com\/wp-content\/uploads\/2025\/04\/111111-600x450.png",600,450,true],"woocommerce_gallery_thumbnail":["https:\/\/www.fanrongcasting.com\/wp-content\/uploads\/2025\/04\/111111-100x100.png",100,100,true]},"uagb_author_info":{"display_name":"jinxing6611@gmail.com","author_link":"https:\/\/www.fanrongcasting.com\/es\/author\/"},"uagb_comment_info":0,"uagb_excerpt":"Bolted Gland Concentric Tapers Class\u00a0K\u00a012 Nominal Diameter DN(mm) e e1 L Mass (kg) 150\u00d7100 7.8 7.2 150 16.8 200\u00d7100 8.4 7.2 250 23.5 200\u00d7150 8.4 7.8 150 24.5 250\u00d7150 9.0 7.8 250 33.0 250\u00d7200 9.0 8.4 150 33.0 300\u00d7150 9.6 7.8 350 45.5 300\u00d7200 9.6 8.4 250 45.0 300\u00d7250 9.6 9.0 150 44.0 400\u00d7200 10.8&hellip;","_links":{"self":[{"href":"https:\/\/www.fanrongcasting.com\/es\/wp-json\/wp\/v2\/product\/4333","targetHints":{"allow":["GET"]}}],"collection":[{"href":"https:\/\/www.fanrongcasting.com\/es\/wp-json\/wp\/v2\/product"}],"about":[{"href":"https:\/\/www.fanrongcasting.com\/es\/wp-json\/wp\/v2\/types\/product"}],"replies":[{"embeddable":true,"href":"https:\/\/www.fanrongcasting.com\/es\/wp-json\/wp\/v2\/comments?post=4333"}],"wp:featuredmedia":[{"embeddable":true,"href":"https:\/\/www.fanrongcasting.com\/es\/wp-json\/wp\/v2\/media\/4334"}],"wp:attachment":[{"href":"https:\/\/www.fanrongcasting.com\/es\/wp-json\/wp\/v2\/media?parent=4333"}],"wp:term":[{"taxonomy":"product_brand","embeddable":true,"href":"https:\/\/www.fanrongcasting.com\/es\/wp-json\/wp\/v2\/product_brand?post=4333"},{"taxonomy":"product_cat","embeddable":true,"href":"https:\/\/www.fanrongcasting.com\/es\/wp-json\/wp\/v2\/product_cat?post=4333"},{"taxonomy":"product_tag","embeddable":true,"href":"https:\/\/www.fanrongcasting.com\/es\/wp-json\/wp\/v2\/product_tag?post=4333"}],"curies":[{"name":"wp","href":"https:\/\/api.w.org\/{rel}","templated":true}]}}