{"id":4118,"date":"2025-03-24T07:03:02","date_gmt":"2025-03-24T07:03:02","guid":{"rendered":"https:\/\/www.fanrongcasting.com\/?post_type=product&#038;p=4118"},"modified":"2025-04-08T03:14:18","modified_gmt":"2025-04-08T03:14:18","slug":"4118","status":"publish","type":"product","link":"https:\/\/www.fanrongcasting.com\/es\/producto\/4118\/","title":{"rendered":"Tubos de hierro d\u00factil con revestimiento FBE"},"content":{"rendered":"<p>China proveedor superior ISO2531 EN545 pintura epoxi Tubos de hierro d\u00factil C30,C40,C50,C100, K9,K12 agua potable<\/p>\n<p>Standard:ISO2531\/EN545<\/p>\n<p>Los productos cumplen estrictamente las normas siguientes:<br \/>\nISO 2531 Tubos, racores y accesorios de fundici\u00f3n d\u00factil para tuber\u00edas a presi\u00f3n.<br \/>\nBSEN545 Tubos de fundici\u00f3n d\u00factil, accesorios y sus uniones para conducciones de agua. Requisitos y m\u00e9todos de ensayo.<br \/>\nBSEN598 Tubos de fundici\u00f3n d\u00factil, accesorios y sus uniones para aplicaciones de alcantarillado-requisitos y m\u00e9todos de ensayo.<br \/>\nISO7186 Tubos de fundici\u00f3n d\u00factil, accesorios y sus uniones para la construcci\u00f3n de desag\u00fces y alcantarillas en el exterior de los edificios.<br \/>\nISO4179 Tubos de fundici\u00f3n d\u00factil para canalizaciones a presi\u00f3n y sin presi\u00f3n-Revestimiento de mortero de cemento centrifugado-Requisitos generales.<br \/>\nISO8179 Tubos de fundici\u00f3n d\u00factil-Recubrimiento externo de zinc.<br \/>\nISO4633 Juntas de caucho - anillos de uni\u00f3n para tuber\u00edas de suministro de agua, drenaje y alcantarillado - especificaciones de materiales.<br \/>\nISO 8180 Tubos de fundici\u00f3n d\u00factil - Manguito de polietileno<\/p>\n<table>\n<tbody>\n<tr>\n<td><strong>Art\u00edculo<\/strong><\/td>\n<td>Tuber\u00eda de hierro d\u00factil<\/td>\n<\/tr>\n<tr>\n<td><strong>Clase<\/strong><\/td>\n<td>K9, K10, K11, K12\uff0cK9, K8, C25, C30, C40, etc.<\/td>\n<\/tr>\n<tr>\n<td><strong>Junta de tuber\u00eda<\/strong><\/td>\n<td>junta de empuje (junta Tyton), junta tipo K, junta autorretr\u00e1ctil<\/td>\n<\/tr>\n<tr>\n<td><strong>Talla<\/strong><\/td>\n<td>Di\u00e1metro exterior: 98 mm-1255 mm<br \/>\nDi\u00e1metro interior: 80 mm-1200 mm<br \/>\nEspesor de pared: 6 mm-153 mm<br \/>\nLongitud: 6 m, cortado a 5,7 m, o seg\u00fan las necesidades.<\/td>\n<\/tr>\n<tr>\n<td><strong>Superficie<\/strong><\/td>\n<td>Revestimiento bituminoso exterior, o seg\u00fan se requiera.<\/td>\n<\/tr>\n<tr>\n<td><strong>Aplicaci\u00f3n<\/strong><\/td>\n<td>Proyecto de abastecimiento de agua, drenaje, alcantarillado, riego, conducci\u00f3n de agua, etc.<\/td>\n<\/tr>\n<tr>\n<td><strong>Paquete<\/strong><\/td>\n<td>Paquete de exportaci\u00f3n est\u00e1ndar, o seg\u00fan se requiera.<\/td>\n<\/tr>\n<tr>\n<td><strong>Precio<\/strong><\/td>\n<td>FOB, EXW, CIF, CFR, etc.<\/td>\n<\/tr>\n<tr>\n<td><strong>Pago<\/strong><\/td>\n<td>T\/T, L\/C, Western Union, etc.<\/td>\n<\/tr>\n<tr>\n<td><strong>Certificados<\/strong><\/td>\n<td>ISO, CE, BSI, WRAS<\/td>\n<\/tr>\n<\/tbody>\n<\/table>\n<p><strong>Especificaciones:<\/strong><strong><br \/>\n<\/strong>1) La norma de la tuber\u00eda: ISO 2531, EN545 , EN598.<br \/>\n2) Clase de tubo: K9, C40, C30, C25, etc.<br \/>\n3) Uni\u00f3n de tuber\u00edas: uni\u00f3n por empuje (uni\u00f3n Tyton), uni\u00f3n tipo K, uni\u00f3n autorretenida<br \/>\n4) Longitud efectiva: en general, la longitud de la tuber\u00eda es de 6 m para el transporte a granel y de 5,7 m para el transporte en contenedor.<br \/>\n5) Revestimiento interior: revestimiento de mortero de cemento seg\u00fan ISO4179<br \/>\n6) Revestimiento de zinc: al menos 130 g\/m2 seg\u00fan ISO 8179<br \/>\n7) Pintura bituminosa: al menos 70um seg\u00fan ISO 8179<br \/>\n8) Las juntas son de caucho NBR, caucho natural, caucho SBR o anillo de caucho EPDM seg\u00fan ISO4633<br \/>\n9) DN 80 - 2.600 mm<br \/>\n10) Alta resistencia, m\u00e1s ligero que el hierro gris, buena resistencia a la corrosi\u00f3n, sin enrasado, peque\u00f1a resistencia al flujo, f\u00e1cil fijaci\u00f3n, larga vida \u00fatil.<br \/>\n11) Comprobado por un equipo de inspecci\u00f3n autom\u00e1tico<br \/>\n12) Composici\u00f3n qu\u00edmica: (%)<br \/>\n3. a) C: 3,5 - 4,0<br \/>\n4. b) Si: 1,9 - 2,6<br \/>\n5. c) Mn:0,15 - 0,45<br \/>\n6. c) P: &lt;0,06<br \/>\n7. d) S: &lt;0,02<br \/>\n13) Propiedades mec\u00e1nicas<br \/>\n1. a) Resistencia a la tracci\u00f3n: \u2265420MPa<br \/>\n2. b) L\u00edmite el\u00e1stico: \u2265300Mpa<br \/>\n3. c) Dureza: \u2264230HB<br \/>\n4. d) Alargamiento%: DN80 - 1000 \u226510 DN1200 - 2200 \u22657<\/p>\n<p>14) Proceso y pruebas:<br \/>\n1. a) Horno de inducci\u00f3n y metal tratado (An\u00e1lisis qu\u00edmico de la materia prima, esferoidizaci\u00f3n y nodularidad)<br \/>\n2. b) Colada (Comprobaci\u00f3n visual y comprobaci\u00f3n del peso)<br \/>\n3. c) Tratamiento t\u00e9rmico (microestructura)<br \/>\n4. d) Prueba hidrost\u00e1tica (prueba de presi\u00f3n)<br \/>\n5. e) Comprobaciones dimensionales (Comprobaci\u00f3n de la longitud y uni\u00f3n de los tubos, di\u00e1metro exterior, grosor de las paredes, aspecto)<br \/>\n6. f) Pulverizaci\u00f3n de cinc (ensayo de espesor)<br \/>\n7. g) Revestimiento y recubrimiento (100% control visual, prueba de espesor aleatoria)<br \/>\n8. i) Marcado y embalaje (control visual 100%)<\/p>\n<p>15) El revestimiento del tubo puede ser personalizado, como, aleaci\u00f3n de zinc-aluminio, PU, etc.<\/p>\n<p><strong>Embalaje: atado con cintas de acero o a granel<\/strong><strong><br \/>\n<\/strong><strong>Env\u00edo: a granel o en contenedor<\/strong><\/p>","protected":false},"excerpt":{"rendered":"<p>China top supplier ISO2531 EN545 Epoxy paint Ductile Iron Pipes C30,C40,C50,C100, K9,K12 drinking water Standard:ISO2531\/EN545 products strictly meet the below standards: ISO 2531 Ductile iron pipes, fittings and accessories for pressure pipelines. BSEN545 Ductile iron pipes, fittings and accessories and their joints for water pipelines. Requirements and test methods. BSEN598 Ductile iron pipes, fittings, accessories [&hellip;]<\/p>","protected":false},"featured_media":4366,"comment_status":"open","ping_status":"closed","template":"","meta":{"_uag_custom_page_level_css":"","site-sidebar-layout":"default","site-content-layout":"","ast-site-content-layout":"default","site-content-style":"default","site-sidebar-style":"default","ast-global-header-display":"","ast-banner-title-visibility":"","ast-main-header-display":"","ast-hfb-above-header-display":"","ast-hfb-below-header-display":"","ast-hfb-mobile-header-display":"","site-post-title":"","ast-breadcrumbs-content":"","ast-featured-img":"","footer-sml-layout":"","ast-disable-related-posts":"","theme-transparent-header-meta":"default","adv-header-id-meta":"","stick-header-meta":"","header-above-stick-meta":"","header-main-stick-meta":"","header-below-stick-meta":"","astra-migrate-meta-layouts":"set","ast-page-background-enabled":"default","ast-page-background-meta":{"desktop":{"background-color":"","background-image":"","background-repeat":"repeat","background-position":"center center","background-size":"auto","background-attachment":"scroll","background-type":"","background-media":"","overlay-type":"","overlay-color":"","overlay-opacity":"","overlay-gradient":""},"tablet":{"background-color":"","background-image":"","background-repeat":"repeat","background-position":"center center","background-size":"auto","background-attachment":"scroll","background-type":"","background-media":"","overlay-type":"","overlay-color":"","overlay-opacity":"","overlay-gradient":""},"mobile":{"background-color":"","background-image":"","background-repeat":"repeat","background-position":"center center","background-size":"auto","background-attachment":"scroll","background-type":"","background-media":"","overlay-type":"","overlay-color":"","overlay-opacity":"","overlay-gradient":""}},"ast-content-background-meta":{"desktop":{"background-color":"var(--ast-global-color-5)","background-image":"","background-repeat":"repeat","background-position":"center center","background-size":"auto","background-attachment":"scroll","background-type":"","background-media":"","overlay-type":"","overlay-color":"","overlay-opacity":"","overlay-gradient":""},"tablet":{"background-color":"var(--ast-global-color-5)","background-image":"","background-repeat":"repeat","background-position":"center center","background-size":"auto","background-attachment":"scroll","background-type":"","background-media":"","overlay-type":"","overlay-color":"","overlay-opacity":"","overlay-gradient":""},"mobile":{"background-color":"var(--ast-global-color-5)","background-image":"","background-repeat":"repeat","background-position":"center center","background-size":"auto","background-attachment":"scroll","background-type":"","background-media":"","overlay-type":"","overlay-color":"","overlay-opacity":"","overlay-gradient":""}}},"product_brand":[],"product_cat":[63,73],"product_tag":[],"class_list":{"0":"post-4118","1":"product","2":"type-product","3":"status-publish","4":"has-post-thumbnail","6":"product_cat-ductile-iron-pipe","7":"product_cat-fbe-coated-ductile-iron-pipe","8":"desktop-align-left","9":"tablet-align-left","10":"mobile-align-left","12":"first","13":"instock","14":"shipping-taxable","15":"product-type-simple"},"uagb_featured_image_src":{"full":["https:\/\/www.fanrongcasting.com\/wp-content\/uploads\/2025\/03\/\u672a\u6807\u9898-1-8-1-png.webp",800,600,false],"thumbnail":["https:\/\/www.fanrongcasting.com\/wp-content\/uploads\/2025\/03\/\u672a\u6807\u9898-1-8-1-300x300.webp",300,300,true],"medium":["https:\/\/www.fanrongcasting.com\/wp-content\/uploads\/2025\/03\/\u672a\u6807\u9898-1-8-1-300x225.webp",300,225,true],"medium_large":["https:\/\/www.fanrongcasting.com\/wp-content\/uploads\/2025\/03\/\u672a\u6807\u9898-1-8-1-768x576.webp",768,576,true],"large":["https:\/\/www.fanrongcasting.com\/wp-content\/uploads\/2025\/03\/\u672a\u6807\u9898-1-8-1-png.webp",800,600,false],"1536x1536":["https:\/\/www.fanrongcasting.com\/wp-content\/uploads\/2025\/03\/\u672a\u6807\u9898-1-8-1-png.webp",800,600,false],"2048x2048":["https:\/\/www.fanrongcasting.com\/wp-content\/uploads\/2025\/03\/\u672a\u6807\u9898-1-8-1-png.webp",800,600,false],"trp-custom-language-flag":["https:\/\/www.fanrongcasting.com\/wp-content\/uploads\/2025\/03\/\u672a\u6807\u9898-1-8-1-16x12.webp",16,12,true],"woocommerce_thumbnail":["https:\/\/www.fanrongcasting.com\/wp-content\/uploads\/2025\/03\/\u672a\u6807\u9898-1-8-1-300x300.webp",300,300,true],"woocommerce_single":["https:\/\/www.fanrongcasting.com\/wp-content\/uploads\/2025\/03\/\u672a\u6807\u9898-1-8-1-600x450.webp",600,450,true],"woocommerce_gallery_thumbnail":["https:\/\/www.fanrongcasting.com\/wp-content\/uploads\/2025\/03\/\u672a\u6807\u9898-1-8-1-100x100.webp",100,100,true]},"uagb_author_info":{"display_name":"jinxing6611@gmail.com","author_link":"https:\/\/www.fanrongcasting.com\/es\/author\/"},"uagb_comment_info":0,"uagb_excerpt":"China top supplier ISO2531 EN545 Epoxy paint Ductile Iron Pipes C30,C40,C50,C100, K9,K12 drinking water Standard:ISO2531\/EN545 products strictly meet the below standards: ISO 2531 Ductile iron pipes, fittings and accessories for pressure pipelines. BSEN545 Ductile iron pipes, fittings and accessories and their joints for water pipelines. Requirements and test methods. BSEN598 Ductile iron pipes, fittings, accessories&hellip;","_links":{"self":[{"href":"https:\/\/www.fanrongcasting.com\/es\/wp-json\/wp\/v2\/product\/4118","targetHints":{"allow":["GET"]}}],"collection":[{"href":"https:\/\/www.fanrongcasting.com\/es\/wp-json\/wp\/v2\/product"}],"about":[{"href":"https:\/\/www.fanrongcasting.com\/es\/wp-json\/wp\/v2\/types\/product"}],"replies":[{"embeddable":true,"href":"https:\/\/www.fanrongcasting.com\/es\/wp-json\/wp\/v2\/comments?post=4118"}],"wp:featuredmedia":[{"embeddable":true,"href":"https:\/\/www.fanrongcasting.com\/es\/wp-json\/wp\/v2\/media\/4366"}],"wp:attachment":[{"href":"https:\/\/www.fanrongcasting.com\/es\/wp-json\/wp\/v2\/media?parent=4118"}],"wp:term":[{"taxonomy":"product_brand","embeddable":true,"href":"https:\/\/www.fanrongcasting.com\/es\/wp-json\/wp\/v2\/product_brand?post=4118"},{"taxonomy":"product_cat","embeddable":true,"href":"https:\/\/www.fanrongcasting.com\/es\/wp-json\/wp\/v2\/product_cat?post=4118"},{"taxonomy":"product_tag","embeddable":true,"href":"https:\/\/www.fanrongcasting.com\/es\/wp-json\/wp\/v2\/product_tag?post=4118"}],"curies":[{"name":"wp","href":"https:\/\/api.w.org\/{rel}","templated":true}]}}