{"id":4068,"date":"2025-03-22T03:42:15","date_gmt":"2025-03-22T03:42:15","guid":{"rendered":"https:\/\/www.fanrongcasting.com\/?post_type=product&#038;p=4068"},"modified":"2025-04-07T01:24:19","modified_gmt":"2025-04-07T01:24:19","slug":"dismantling-joint-type-b","status":"publish","type":"product","link":"https:\/\/www.fanrongcasting.com\/es\/producto\/dismantling-joint-type-b\/","title":{"rendered":"Junta de desmontaje tipo B"},"content":{"rendered":"<p style=\"text-align: center;\"><strong>Junta de desmontaje tipo B<\/strong><\/p>\n<p><img fetchpriority=\"high\" decoding=\"async\" class=\"aligncenter wp-image-4069 size-full\" src=\"https:\/\/www.fanrongcasting.com\/wp-content\/uploads\/2025\/03\/\u7b80\u6613\u56feB.jpg\" alt=\"\" width=\"575\" height=\"567\" srcset=\"https:\/\/www.fanrongcasting.com\/wp-content\/uploads\/2025\/03\/\u7b80\u6613\u56feB.jpg 575w, https:\/\/www.fanrongcasting.com\/wp-content\/uploads\/2025\/03\/\u7b80\u6613\u56feB-300x296.jpg 300w, https:\/\/www.fanrongcasting.com\/wp-content\/uploads\/2025\/03\/\u7b80\u6613\u56feB-12x12.jpg 12w, https:\/\/www.fanrongcasting.com\/wp-content\/uploads\/2025\/03\/\u7b80\u6613\u56feB-100x100.jpg 100w\" sizes=\"(max-width: 575px) 100vw, 575px\" \/><\/p>\n<p><img decoding=\"async\" class=\"aligncenter wp-image-4070 size-large\" src=\"https:\/\/www.fanrongcasting.com\/wp-content\/uploads\/2025\/03\/\u6570\u636e\u8868B_00-1024x724.png\" alt=\"\" width=\"1024\" height=\"724\" srcset=\"https:\/\/www.fanrongcasting.com\/wp-content\/uploads\/2025\/03\/\u6570\u636e\u8868B_00-1024x724.png 1024w, https:\/\/www.fanrongcasting.com\/wp-content\/uploads\/2025\/03\/\u6570\u636e\u8868B_00-300x212.png 300w, https:\/\/www.fanrongcasting.com\/wp-content\/uploads\/2025\/03\/\u6570\u636e\u8868B_00-768x543.png 768w, https:\/\/www.fanrongcasting.com\/wp-content\/uploads\/2025\/03\/\u6570\u636e\u8868B_00-1536x1086.png 1536w, https:\/\/www.fanrongcasting.com\/wp-content\/uploads\/2025\/03\/\u6570\u636e\u8868B_00-2048x1448.png 2048w, https:\/\/www.fanrongcasting.com\/wp-content\/uploads\/2025\/03\/\u6570\u636e\u8868B_00-18x12.png 18w, https:\/\/www.fanrongcasting.com\/wp-content\/uploads\/2025\/03\/\u6570\u636e\u8868B_00-600x424.png 600w\" sizes=\"(max-width: 1024px) 100vw, 1024px\" \/><\/p>\n<p><strong><b>Sobre 50% Tirantes Doble Brida Desmontaje Junta Con Prensaestopas PN10 PN16:<\/b><\/strong><\/p>\n<p>Las juntas de desmontaje son accesorios de doble brida que admiten un ajuste longitudinal de hasta 100 mm (4\u2033) y pueden bloquearse a la longitud necesaria con las barras de uni\u00f3n suministradas. Este sistema no solo permite un mantenimiento r\u00e1pido y sencillo de v\u00e1lvulas, bombas o contadores, sino que simplifica las futuras modificaciones de las tuber\u00edas y reduce el tiempo de inactividad cuando es necesario realizar cambios.<\/p>\n<p><strong><b>CARACTER\u00cdSTICAS:<\/b><\/strong><strong><b><br \/>\n<\/b><\/strong>Construcci\u00f3n totalmente resistente a la corrosi\u00f3n<br \/>\nRevestimiento interior y exterior epoxi por fusi\u00f3n<br \/>\nConstrucci\u00f3n ligera de hierro d\u00factil<br \/>\nAmplia gama de articulaciones<br \/>\nSujetador de acero al carbono galvanizado en fr\u00edo<br \/>\nJuntas de EPDM con homologaci\u00f3n WRAS<br \/>\n<strong><b>ESPECIFICACIONES:<\/b><\/strong><br \/>\nEnsayo de tipo:EN14525\/BS8561<br \/>\nElastom\u00e9rico:EN681-2<br \/>\nFundici\u00f3n d\u00factil:EN1563 EN-GJS-450-10<br \/>\nRevestimiento:WIS4-52-01<\/p>\n<p>Especificaci\u00f3n de perforaci\u00f3n:EN1092-2<\/p>\n<p>Conexi\u00f3n para DI,Tuber\u00eda de acero ,<\/p>\n<p>Adecuado para aplicaciones con agua y l\u00edquidos neutros (aguas residuales)<br \/>\nTemperatura de trabajo hasta 70\u00b0C<\/p>","protected":false},"excerpt":{"rendered":"<p>Dismantling Joint Type B About\u00a0\u00a050% Tie Rods Double Flanged Dismantling Joint With Gland PN10 PN16: The Dismantling Joints are double flanged fittings that accommodate up to 100mm (4&#8243;) longitudinal adjustment and can be locked at the required length with the tie bars supplied. Not only does this system allow for fast, easy maintenance of valves, [&hellip;]<\/p>","protected":false},"featured_media":4071,"comment_status":"open","ping_status":"closed","template":"","meta":{"_uag_custom_page_level_css":"","site-sidebar-layout":"default","site-content-layout":"","ast-site-content-layout":"default","site-content-style":"default","site-sidebar-style":"default","ast-global-header-display":"","ast-banner-title-visibility":"","ast-main-header-display":"","ast-hfb-above-header-display":"","ast-hfb-below-header-display":"","ast-hfb-mobile-header-display":"","site-post-title":"","ast-breadcrumbs-content":"","ast-featured-img":"","footer-sml-layout":"","ast-disable-related-posts":"","theme-transparent-header-meta":"default","adv-header-id-meta":"","stick-header-meta":"","header-above-stick-meta":"","header-main-stick-meta":"","header-below-stick-meta":"","astra-migrate-meta-layouts":"set","ast-page-background-enabled":"default","ast-page-background-meta":{"desktop":{"background-color":"","background-image":"","background-repeat":"repeat","background-position":"center center","background-size":"auto","background-attachment":"scroll","background-type":"","background-media":"","overlay-type":"","overlay-color":"","overlay-opacity":"","overlay-gradient":""},"tablet":{"background-color":"","background-image":"","background-repeat":"repeat","background-position":"center center","background-size":"auto","background-attachment":"scroll","background-type":"","background-media":"","overlay-type":"","overlay-color":"","overlay-opacity":"","overlay-gradient":""},"mobile":{"background-color":"","background-image":"","background-repeat":"repeat","background-position":"center center","background-size":"auto","background-attachment":"scroll","background-type":"","background-media":"","overlay-type":"","overlay-color":"","overlay-opacity":"","overlay-gradient":""}},"ast-content-background-meta":{"desktop":{"background-color":"var(--ast-global-color-5)","background-image":"","background-repeat":"repeat","background-position":"center center","background-size":"auto","background-attachment":"scroll","background-type":"","background-media":"","overlay-type":"","overlay-color":"","overlay-opacity":"","overlay-gradient":""},"tablet":{"background-color":"var(--ast-global-color-5)","background-image":"","background-repeat":"repeat","background-position":"center center","background-size":"auto","background-attachment":"scroll","background-type":"","background-media":"","overlay-type":"","overlay-color":"","overlay-opacity":"","overlay-gradient":""},"mobile":{"background-color":"var(--ast-global-color-5)","background-image":"","background-repeat":"repeat","background-position":"center center","background-size":"auto","background-attachment":"scroll","background-type":"","background-media":"","overlay-type":"","overlay-color":"","overlay-opacity":"","overlay-gradient":""}}},"product_brand":[],"product_cat":[66,102],"product_tag":[],"class_list":{"0":"post-4068","1":"product","2":"type-product","3":"status-publish","4":"has-post-thumbnail","6":"product_cat-dismantling-joint","7":"product_cat-dismantling-joint-type-b","8":"desktop-align-left","9":"tablet-align-left","10":"mobile-align-left","12":"first","13":"instock","14":"shipping-taxable","15":"product-type-simple"},"uagb_featured_image_src":{"full":["https:\/\/www.fanrongcasting.com\/wp-content\/uploads\/2025\/03\/B-\u56fe\u7247-300x225-1.png",800,600,false],"thumbnail":["https:\/\/www.fanrongcasting.com\/wp-content\/uploads\/2025\/03\/B-\u56fe\u7247-300x225-1-150x150.png",150,150,true],"medium":["https:\/\/www.fanrongcasting.com\/wp-content\/uploads\/2025\/03\/B-\u56fe\u7247-300x225-1-300x225.png",300,225,true],"medium_large":["https:\/\/www.fanrongcasting.com\/wp-content\/uploads\/2025\/03\/B-\u56fe\u7247-300x225-1-768x576.png",768,576,true],"large":["https:\/\/www.fanrongcasting.com\/wp-content\/uploads\/2025\/03\/B-\u56fe\u7247-300x225-1.png",800,600,false],"1536x1536":["https:\/\/www.fanrongcasting.com\/wp-content\/uploads\/2025\/03\/B-\u56fe\u7247-300x225-1.png",800,600,false],"2048x2048":["https:\/\/www.fanrongcasting.com\/wp-content\/uploads\/2025\/03\/B-\u56fe\u7247-300x225-1.png",800,600,false],"trp-custom-language-flag":["https:\/\/www.fanrongcasting.com\/wp-content\/uploads\/2025\/03\/B-\u56fe\u7247-300x225-1-16x12.png",16,12,true],"woocommerce_thumbnail":["https:\/\/www.fanrongcasting.com\/wp-content\/uploads\/2025\/03\/B-\u56fe\u7247-300x225-1-300x300.png",300,300,true],"woocommerce_single":["https:\/\/www.fanrongcasting.com\/wp-content\/uploads\/2025\/03\/B-\u56fe\u7247-300x225-1-600x450.png",600,450,true],"woocommerce_gallery_thumbnail":["https:\/\/www.fanrongcasting.com\/wp-content\/uploads\/2025\/03\/B-\u56fe\u7247-300x225-1-100x100.png",100,100,true]},"uagb_author_info":{"display_name":"jinxing6611@gmail.com","author_link":"https:\/\/www.fanrongcasting.com\/es\/author\/"},"uagb_comment_info":0,"uagb_excerpt":"Dismantling Joint Type B About\u00a0\u00a050% Tie Rods Double Flanged Dismantling Joint With Gland PN10 PN16: The Dismantling Joints are double flanged fittings that accommodate up to 100mm (4&#8243;) longitudinal adjustment and can be locked at the required length with the tie bars supplied. Not only does this system allow for fast, easy maintenance of valves,&hellip;","_links":{"self":[{"href":"https:\/\/www.fanrongcasting.com\/es\/wp-json\/wp\/v2\/product\/4068","targetHints":{"allow":["GET"]}}],"collection":[{"href":"https:\/\/www.fanrongcasting.com\/es\/wp-json\/wp\/v2\/product"}],"about":[{"href":"https:\/\/www.fanrongcasting.com\/es\/wp-json\/wp\/v2\/types\/product"}],"replies":[{"embeddable":true,"href":"https:\/\/www.fanrongcasting.com\/es\/wp-json\/wp\/v2\/comments?post=4068"}],"wp:featuredmedia":[{"embeddable":true,"href":"https:\/\/www.fanrongcasting.com\/es\/wp-json\/wp\/v2\/media\/4071"}],"wp:attachment":[{"href":"https:\/\/www.fanrongcasting.com\/es\/wp-json\/wp\/v2\/media?parent=4068"}],"wp:term":[{"taxonomy":"product_brand","embeddable":true,"href":"https:\/\/www.fanrongcasting.com\/es\/wp-json\/wp\/v2\/product_brand?post=4068"},{"taxonomy":"product_cat","embeddable":true,"href":"https:\/\/www.fanrongcasting.com\/es\/wp-json\/wp\/v2\/product_cat?post=4068"},{"taxonomy":"product_tag","embeddable":true,"href":"https:\/\/www.fanrongcasting.com\/es\/wp-json\/wp\/v2\/product_tag?post=4068"}],"curies":[{"name":"wp","href":"https:\/\/api.w.org\/{rel}","templated":true}]}}