{"id":4061,"date":"2025-03-22T03:31:27","date_gmt":"2025-03-22T03:31:27","guid":{"rendered":"https:\/\/www.fanrongcasting.com\/?post_type=product&#038;p=4061"},"modified":"2025-05-19T03:19:31","modified_gmt":"2025-05-19T03:19:31","slug":"dismantling-joint-type-a","status":"publish","type":"product","link":"https:\/\/www.fanrongcasting.com\/es\/producto\/dismantling-joint-type-a\/","title":{"rendered":"Junta de desmontaje tipo A"},"content":{"rendered":"<p style=\"text-align: center;\"><strong>Junta de desmontaje tipo A<\/strong><\/p>\n<p><img fetchpriority=\"high\" decoding=\"async\" class=\"aligncenter wp-image-4062\" src=\"https:\/\/www.fanrongcasting.com\/wp-content\/uploads\/2025\/03\/\u7b80\u6613\u56feA.jpg\" alt=\"\" width=\"540\" height=\"461\" srcset=\"https:\/\/www.fanrongcasting.com\/wp-content\/uploads\/2025\/03\/\u7b80\u6613\u56feA.jpg 476w, https:\/\/www.fanrongcasting.com\/wp-content\/uploads\/2025\/03\/\u7b80\u6613\u56feA-300x256.jpg 300w, https:\/\/www.fanrongcasting.com\/wp-content\/uploads\/2025\/03\/\u7b80\u6613\u56feA-14x12.jpg 14w\" sizes=\"(max-width: 540px) 100vw, 540px\" \/><\/p>\n<p><img decoding=\"async\" class=\"aligncenter wp-image-4063 size-large\" src=\"https:\/\/www.fanrongcasting.com\/wp-content\/uploads\/2025\/03\/\u6570\u636e\u8868A_00-1024x724.png\" alt=\"\" width=\"1024\" height=\"724\" srcset=\"https:\/\/www.fanrongcasting.com\/wp-content\/uploads\/2025\/03\/\u6570\u636e\u8868A_00-1024x724.png 1024w, https:\/\/www.fanrongcasting.com\/wp-content\/uploads\/2025\/03\/\u6570\u636e\u8868A_00-300x212.png 300w, https:\/\/www.fanrongcasting.com\/wp-content\/uploads\/2025\/03\/\u6570\u636e\u8868A_00-768x543.png 768w, https:\/\/www.fanrongcasting.com\/wp-content\/uploads\/2025\/03\/\u6570\u636e\u8868A_00-1536x1086.png 1536w, https:\/\/www.fanrongcasting.com\/wp-content\/uploads\/2025\/03\/\u6570\u636e\u8868A_00-2048x1448.png 2048w, https:\/\/www.fanrongcasting.com\/wp-content\/uploads\/2025\/03\/\u6570\u636e\u8868A_00-18x12.png 18w, https:\/\/www.fanrongcasting.com\/wp-content\/uploads\/2025\/03\/\u6570\u636e\u8868A_00-600x424.png 600w\" sizes=\"(max-width: 1024px) 100vw, 1024px\" \/><\/p>\n<p><strong><b>Acerca de 100% Tie Rods Todo con bridas Desmontaje Junta PN10 PN16:<\/b><\/strong><br \/>\nLa simplicidad y versatilidad de los accesorios los hacen adecuados para muchas aplicaciones, incluyendo estaciones de bombeo, obras de tratamiento de agua, obras de tratamiento de aguas residuales, salas de instalaciones, c\u00e1maras de contadores, equipos de generaci\u00f3n de energ\u00eda, estaciones de distribuci\u00f3n de gas.china manufacturer.<\/p>\n<p><strong><b>CARACTER\u00cdSTICAS:<\/b><\/strong><br \/>\nConstrucci\u00f3n totalmente resistente a la corrosi\u00f3n<br \/>\nRevestimiento interior y exterior epoxi por fusi\u00f3n<br \/>\nConstrucci\u00f3n ligera de hierro d\u00factil<br \/>\nSujetador de acero al carbono galvanizado en fr\u00edo\/caliente<br \/>\nJuntas de EPDM con homologaci\u00f3n WRAS<br \/>\n<strong><b>ESPECIFICACIONES:<\/b><\/strong><br \/>\nEnsayo de tipo:EN14525\/BS8561<br \/>\nElastom\u00e9rico:EN681-2<br \/>\nFundici\u00f3n d\u00factil:EN1563 EN-GJS-450-10<br \/>\nRevestimiento:WIS4-52-01<\/p>\n<p>Especificaci\u00f3n de perforaci\u00f3n:EN1092-2<\/p>\n<p>Conexi\u00f3n para DI,Tuber\u00eda de acero ,<br \/>\nAdecuado para aplicaciones con agua y l\u00edquidos neutros (aguas residuales)<br \/>\nTemperatura de trabajo hasta 70\u00b0C<\/p>","protected":false},"excerpt":{"rendered":"<p>Dismantling Joint Type A About\u00a0100% Tie Rods All Flanged Dismantling Joint PN10 PN16: The simplicity and versatility of the fittings make them suitable for many applications including pumping stations, water treatment works, sewage treatment works, plant rooms, meter chambers, power generation equipment, gas distribution stations.china manufacturer. FEATURES: Fully corrosion resistant construction Inside and outside fusion [&hellip;]<\/p>","protected":false},"featured_media":4064,"comment_status":"open","ping_status":"closed","template":"","meta":{"_uag_custom_page_level_css":"","site-sidebar-layout":"default","site-content-layout":"","ast-site-content-layout":"default","site-content-style":"default","site-sidebar-style":"default","ast-global-header-display":"","ast-banner-title-visibility":"","ast-main-header-display":"","ast-hfb-above-header-display":"","ast-hfb-below-header-display":"","ast-hfb-mobile-header-display":"","site-post-title":"","ast-breadcrumbs-content":"","ast-featured-img":"","footer-sml-layout":"","ast-disable-related-posts":"","theme-transparent-header-meta":"default","adv-header-id-meta":"","stick-header-meta":"","header-above-stick-meta":"","header-main-stick-meta":"","header-below-stick-meta":"","astra-migrate-meta-layouts":"set","ast-page-background-enabled":"default","ast-page-background-meta":{"desktop":{"background-color":"","background-image":"","background-repeat":"repeat","background-position":"center center","background-size":"auto","background-attachment":"scroll","background-type":"","background-media":"","overlay-type":"","overlay-color":"","overlay-opacity":"","overlay-gradient":""},"tablet":{"background-color":"","background-image":"","background-repeat":"repeat","background-position":"center center","background-size":"auto","background-attachment":"scroll","background-type":"","background-media":"","overlay-type":"","overlay-color":"","overlay-opacity":"","overlay-gradient":""},"mobile":{"background-color":"","background-image":"","background-repeat":"repeat","background-position":"center center","background-size":"auto","background-attachment":"scroll","background-type":"","background-media":"","overlay-type":"","overlay-color":"","overlay-opacity":"","overlay-gradient":""}},"ast-content-background-meta":{"desktop":{"background-color":"var(--ast-global-color-5)","background-image":"","background-repeat":"repeat","background-position":"center center","background-size":"auto","background-attachment":"scroll","background-type":"","background-media":"","overlay-type":"","overlay-color":"","overlay-opacity":"","overlay-gradient":""},"tablet":{"background-color":"var(--ast-global-color-5)","background-image":"","background-repeat":"repeat","background-position":"center center","background-size":"auto","background-attachment":"scroll","background-type":"","background-media":"","overlay-type":"","overlay-color":"","overlay-opacity":"","overlay-gradient":""},"mobile":{"background-color":"var(--ast-global-color-5)","background-image":"","background-repeat":"repeat","background-position":"center center","background-size":"auto","background-attachment":"scroll","background-type":"","background-media":"","overlay-type":"","overlay-color":"","overlay-opacity":"","overlay-gradient":""}}},"product_brand":[],"product_cat":[66,101],"product_tag":[],"class_list":{"0":"post-4061","1":"product","2":"type-product","3":"status-publish","4":"has-post-thumbnail","6":"product_cat-dismantling-joint","7":"product_cat-dismantling-joint-type-a","8":"desktop-align-left","9":"tablet-align-left","10":"mobile-align-left","12":"first","13":"instock","14":"shipping-taxable","15":"product-type-simple"},"uagb_featured_image_src":{"full":["https:\/\/www.fanrongcasting.com\/wp-content\/uploads\/2025\/03\/Dismantling-Joint-Type-A-1-1-150x150-1.png",800,600,false],"thumbnail":["https:\/\/www.fanrongcasting.com\/wp-content\/uploads\/2025\/03\/Dismantling-Joint-Type-A-1-1-150x150-1-150x150.png",150,150,true],"medium":["https:\/\/www.fanrongcasting.com\/wp-content\/uploads\/2025\/03\/Dismantling-Joint-Type-A-1-1-150x150-1-300x225.png",300,225,true],"medium_large":["https:\/\/www.fanrongcasting.com\/wp-content\/uploads\/2025\/03\/Dismantling-Joint-Type-A-1-1-150x150-1-768x576.png",768,576,true],"large":["https:\/\/www.fanrongcasting.com\/wp-content\/uploads\/2025\/03\/Dismantling-Joint-Type-A-1-1-150x150-1.png",800,600,false],"1536x1536":["https:\/\/www.fanrongcasting.com\/wp-content\/uploads\/2025\/03\/Dismantling-Joint-Type-A-1-1-150x150-1.png",800,600,false],"2048x2048":["https:\/\/www.fanrongcasting.com\/wp-content\/uploads\/2025\/03\/Dismantling-Joint-Type-A-1-1-150x150-1.png",800,600,false],"trp-custom-language-flag":["https:\/\/www.fanrongcasting.com\/wp-content\/uploads\/2025\/03\/Dismantling-Joint-Type-A-1-1-150x150-1-16x12.png",16,12,true],"woocommerce_thumbnail":["https:\/\/www.fanrongcasting.com\/wp-content\/uploads\/2025\/03\/Dismantling-Joint-Type-A-1-1-150x150-1-300x300.png",300,300,true],"woocommerce_single":["https:\/\/www.fanrongcasting.com\/wp-content\/uploads\/2025\/03\/Dismantling-Joint-Type-A-1-1-150x150-1-600x450.png",600,450,true],"woocommerce_gallery_thumbnail":["https:\/\/www.fanrongcasting.com\/wp-content\/uploads\/2025\/03\/Dismantling-Joint-Type-A-1-1-150x150-1-100x100.png",100,100,true]},"uagb_author_info":{"display_name":"jinxing6611@gmail.com","author_link":"https:\/\/www.fanrongcasting.com\/es\/author\/"},"uagb_comment_info":0,"uagb_excerpt":"Dismantling Joint Type A About\u00a0100% Tie Rods All Flanged Dismantling Joint PN10 PN16: The simplicity and versatility of the fittings make them suitable for many applications including pumping stations, water treatment works, sewage treatment works, plant rooms, meter chambers, power generation equipment, gas distribution stations.china manufacturer. FEATURES: Fully corrosion resistant construction Inside and outside fusion&hellip;","_links":{"self":[{"href":"https:\/\/www.fanrongcasting.com\/es\/wp-json\/wp\/v2\/product\/4061","targetHints":{"allow":["GET"]}}],"collection":[{"href":"https:\/\/www.fanrongcasting.com\/es\/wp-json\/wp\/v2\/product"}],"about":[{"href":"https:\/\/www.fanrongcasting.com\/es\/wp-json\/wp\/v2\/types\/product"}],"replies":[{"embeddable":true,"href":"https:\/\/www.fanrongcasting.com\/es\/wp-json\/wp\/v2\/comments?post=4061"}],"wp:featuredmedia":[{"embeddable":true,"href":"https:\/\/www.fanrongcasting.com\/es\/wp-json\/wp\/v2\/media\/4064"}],"wp:attachment":[{"href":"https:\/\/www.fanrongcasting.com\/es\/wp-json\/wp\/v2\/media?parent=4061"}],"wp:term":[{"taxonomy":"product_brand","embeddable":true,"href":"https:\/\/www.fanrongcasting.com\/es\/wp-json\/wp\/v2\/product_brand?post=4061"},{"taxonomy":"product_cat","embeddable":true,"href":"https:\/\/www.fanrongcasting.com\/es\/wp-json\/wp\/v2\/product_cat?post=4061"},{"taxonomy":"product_tag","embeddable":true,"href":"https:\/\/www.fanrongcasting.com\/es\/wp-json\/wp\/v2\/product_tag?post=4061"}],"curies":[{"name":"wp","href":"https:\/\/api.w.org\/{rel}","templated":true}]}}