{"id":4045,"date":"2025-03-21T11:56:11","date_gmt":"2025-03-21T11:56:11","guid":{"rendered":"https:\/\/www.fanrongcasting.com\/?post_type=product&#038;p=4045"},"modified":"2025-04-07T01:25:39","modified_gmt":"2025-04-07T01:25:39","slug":"ss-split-tee","status":"publish","type":"product","link":"https:\/\/www.fanrongcasting.com\/es\/producto\/ss-split-tee\/","title":{"rendered":"Te SS dividida"},"content":{"rendered":"<p style=\"text-align: left;\"><strong>Te SS dividida<\/strong><\/p>\n<p>SS Split Tee sellar\u00e1 agujeros de corrosi\u00f3n, da\u00f1os por impacto y grietas longitudinales;<\/p>\n<p>Este tipo de abrazadera de reparaci\u00f3n es ligera y f\u00e1cil de instalar, por lo que resulta ideal para realizar conexiones embridadas sencillas en tuber\u00edas presurizadas;<\/p>\n<p>No se requiere equipo especializado, se puede utilizar un equipo est\u00e1ndar bajo presi\u00f3n con la abrazadera de reparaci\u00f3n SS.<\/p>\n<p>*Conexi\u00f3n para tuber\u00edas de acero, hierro fundido, cemento de amianto, pl\u00e1stico y otros tipos de tuber\u00edas;<\/p>\n<p>*Adecuado para agua potable, l\u00edquidos neutros y aguas residuales;<br \/>\n*Presi\u00f3n de trabajo PN10\/16;<br \/>\n*Tama\u00f1o normal:2-14 pulgadas<br \/>\n*Todo de acero inoxidable 304\/316 o bajo pedido<br \/>\n*la goma ha sido aprobada por WRAS (Reino Unido)<br \/>\n*Construcci\u00f3n resistente a la corrosi\u00f3n.<br \/>\n<strong><b>ESPECIFICACIONES:<\/b><\/strong><br \/>\nEnsayo de tipo:EN14525<br \/>\nElastom\u00e9rico:EN681-2<br \/>\nMaterial:Acero inoxidable 304 \/ 316<\/p>\n<p>&nbsp;<\/p>\n<p>&nbsp;<\/p>","protected":false},"excerpt":{"rendered":"<p>SS Split Tee SS Split Tee will seal corrosion holes, impact damage and longitudinal cracks; This kind of repair clamp\u00a0is lightweight &amp; easy to install so it is ideal for making simple flanged connections on pressurised pipes; No specialist equipment required, standard under-pressure equipment can be used with SS repair clamp. *Connection for steel, cast [&hellip;]<\/p>","protected":false},"featured_media":4047,"comment_status":"open","ping_status":"closed","template":"","meta":{"_uag_custom_page_level_css":"","site-sidebar-layout":"default","site-content-layout":"","ast-site-content-layout":"default","site-content-style":"default","site-sidebar-style":"default","ast-global-header-display":"","ast-banner-title-visibility":"","ast-main-header-display":"","ast-hfb-above-header-display":"","ast-hfb-below-header-display":"","ast-hfb-mobile-header-display":"","site-post-title":"","ast-breadcrumbs-content":"","ast-featured-img":"","footer-sml-layout":"","ast-disable-related-posts":"","theme-transparent-header-meta":"default","adv-header-id-meta":"","stick-header-meta":"","header-above-stick-meta":"","header-main-stick-meta":"","header-below-stick-meta":"","astra-migrate-meta-layouts":"set","ast-page-background-enabled":"default","ast-page-background-meta":{"desktop":{"background-color":"","background-image":"","background-repeat":"repeat","background-position":"center center","background-size":"auto","background-attachment":"scroll","background-type":"","background-media":"","overlay-type":"","overlay-color":"","overlay-opacity":"","overlay-gradient":""},"tablet":{"background-color":"","background-image":"","background-repeat":"repeat","background-position":"center center","background-size":"auto","background-attachment":"scroll","background-type":"","background-media":"","overlay-type":"","overlay-color":"","overlay-opacity":"","overlay-gradient":""},"mobile":{"background-color":"","background-image":"","background-repeat":"repeat","background-position":"center center","background-size":"auto","background-attachment":"scroll","background-type":"","background-media":"","overlay-type":"","overlay-color":"","overlay-opacity":"","overlay-gradient":""}},"ast-content-background-meta":{"desktop":{"background-color":"var(--ast-global-color-5)","background-image":"","background-repeat":"repeat","background-position":"center center","background-size":"auto","background-attachment":"scroll","background-type":"","background-media":"","overlay-type":"","overlay-color":"","overlay-opacity":"","overlay-gradient":""},"tablet":{"background-color":"var(--ast-global-color-5)","background-image":"","background-repeat":"repeat","background-position":"center center","background-size":"auto","background-attachment":"scroll","background-type":"","background-media":"","overlay-type":"","overlay-color":"","overlay-opacity":"","overlay-gradient":""},"mobile":{"background-color":"var(--ast-global-color-5)","background-image":"","background-repeat":"repeat","background-position":"center center","background-size":"auto","background-attachment":"scroll","background-type":"","background-media":"","overlay-type":"","overlay-color":"","overlay-opacity":"","overlay-gradient":""}}},"product_brand":[],"product_cat":[70,125],"product_tag":[],"class_list":{"0":"post-4045","1":"product","2":"type-product","3":"status-publish","4":"has-post-thumbnail","6":"product_cat-repair-clamp","7":"product_cat-ss-split-tee","8":"desktop-align-left","9":"tablet-align-left","10":"mobile-align-left","12":"first","13":"instock","14":"shipping-taxable","15":"product-type-simple"},"uagb_featured_image_src":{"full":["https:\/\/www.fanrongcasting.com\/wp-content\/uploads\/2025\/03\/SS-SPLIT-TEE-2-300x225-1.png",800,600,false],"thumbnail":["https:\/\/www.fanrongcasting.com\/wp-content\/uploads\/2025\/03\/SS-SPLIT-TEE-2-300x225-1-150x150.png",150,150,true],"medium":["https:\/\/www.fanrongcasting.com\/wp-content\/uploads\/2025\/03\/SS-SPLIT-TEE-2-300x225-1-300x225.png",300,225,true],"medium_large":["https:\/\/www.fanrongcasting.com\/wp-content\/uploads\/2025\/03\/SS-SPLIT-TEE-2-300x225-1-768x576.png",768,576,true],"large":["https:\/\/www.fanrongcasting.com\/wp-content\/uploads\/2025\/03\/SS-SPLIT-TEE-2-300x225-1.png",800,600,false],"1536x1536":["https:\/\/www.fanrongcasting.com\/wp-content\/uploads\/2025\/03\/SS-SPLIT-TEE-2-300x225-1.png",800,600,false],"2048x2048":["https:\/\/www.fanrongcasting.com\/wp-content\/uploads\/2025\/03\/SS-SPLIT-TEE-2-300x225-1.png",800,600,false],"trp-custom-language-flag":["https:\/\/www.fanrongcasting.com\/wp-content\/uploads\/2025\/03\/SS-SPLIT-TEE-2-300x225-1-16x12.png",16,12,true],"woocommerce_thumbnail":["https:\/\/www.fanrongcasting.com\/wp-content\/uploads\/2025\/03\/SS-SPLIT-TEE-2-300x225-1-300x300.png",300,300,true],"woocommerce_single":["https:\/\/www.fanrongcasting.com\/wp-content\/uploads\/2025\/03\/SS-SPLIT-TEE-2-300x225-1-600x450.png",600,450,true],"woocommerce_gallery_thumbnail":["https:\/\/www.fanrongcasting.com\/wp-content\/uploads\/2025\/03\/SS-SPLIT-TEE-2-300x225-1-100x100.png",100,100,true]},"uagb_author_info":{"display_name":"jinxing6611@gmail.com","author_link":"https:\/\/www.fanrongcasting.com\/es\/author\/"},"uagb_comment_info":0,"uagb_excerpt":"SS Split Tee SS Split Tee will seal corrosion holes, impact damage and longitudinal cracks; This kind of repair clamp\u00a0is lightweight &amp; easy to install so it is ideal for making simple flanged connections on pressurised pipes; No specialist equipment required, standard under-pressure equipment can be used with SS repair clamp. *Connection for steel, cast&hellip;","_links":{"self":[{"href":"https:\/\/www.fanrongcasting.com\/es\/wp-json\/wp\/v2\/product\/4045","targetHints":{"allow":["GET"]}}],"collection":[{"href":"https:\/\/www.fanrongcasting.com\/es\/wp-json\/wp\/v2\/product"}],"about":[{"href":"https:\/\/www.fanrongcasting.com\/es\/wp-json\/wp\/v2\/types\/product"}],"replies":[{"embeddable":true,"href":"https:\/\/www.fanrongcasting.com\/es\/wp-json\/wp\/v2\/comments?post=4045"}],"wp:featuredmedia":[{"embeddable":true,"href":"https:\/\/www.fanrongcasting.com\/es\/wp-json\/wp\/v2\/media\/4047"}],"wp:attachment":[{"href":"https:\/\/www.fanrongcasting.com\/es\/wp-json\/wp\/v2\/media?parent=4045"}],"wp:term":[{"taxonomy":"product_brand","embeddable":true,"href":"https:\/\/www.fanrongcasting.com\/es\/wp-json\/wp\/v2\/product_brand?post=4045"},{"taxonomy":"product_cat","embeddable":true,"href":"https:\/\/www.fanrongcasting.com\/es\/wp-json\/wp\/v2\/product_cat?post=4045"},{"taxonomy":"product_tag","embeddable":true,"href":"https:\/\/www.fanrongcasting.com\/es\/wp-json\/wp\/v2\/product_tag?post=4045"}],"curies":[{"name":"wp","href":"https:\/\/api.w.org\/{rel}","templated":true}]}}