{"id":4025,"date":"2025-03-21T02:40:46","date_gmt":"2025-03-21T02:40:46","guid":{"rendered":"https:\/\/www.fanrongcasting.com\/?post_type=product&#038;p=4025"},"modified":"2025-05-19T03:36:20","modified_gmt":"2025-05-19T03:36:20","slug":"universal-stepped-coupling","status":"publish","type":"product","link":"https:\/\/www.fanrongcasting.com\/es\/producto\/universal-stepped-coupling\/","title":{"rendered":"Acoplamiento escalonado universal"},"content":{"rendered":"<p style=\"text-align: center;\"><strong>Acoplamiento escalonado universal<\/strong><\/p>\n<p>\u00a0 \u00a0 \u00a0 \u00a0 \u00a0 \u00a0 \u00a0 \u00a0 \u00a0 \u00a0 \u00a0 \u00a0 \u00a0 \u00a0 \u00a0 \u00a0 \u00a0 \u00a0 \u00a0 \u00a0 \u00a0 \u00a0 \u00a0 \u00a0 \u00a0 \u00a0 \u00a0 \u00a0 \u00a0 \u00a0 \u00a0 \u00a0 \u00a0 \u00a0 \u00a0 \u00a0 \u00a0 \u00a0 \u00a0 \u00a0 \u00a0 \u00a0 \u00a0 \u00a0<img fetchpriority=\"high\" decoding=\"async\" class=\"size-medium wp-image-4292 aligncenter\" src=\"https:\/\/www.fanrongcasting.com\/wp-content\/uploads\/2025\/03\/11-2-234x300.png\" alt=\"\" width=\"234\" height=\"300\" srcset=\"https:\/\/www.fanrongcasting.com\/wp-content\/uploads\/2025\/03\/11-2-234x300.png 234w, https:\/\/www.fanrongcasting.com\/wp-content\/uploads\/2025\/03\/11-2-9x12.png 9w, https:\/\/www.fanrongcasting.com\/wp-content\/uploads\/2025\/03\/11-2.png 294w\" sizes=\"(max-width: 234px) 100vw, 234px\" \/><\/p>\n<p><img decoding=\"async\" class=\"size-medium wp-image-4293 aligncenter\" src=\"https:\/\/www.fanrongcasting.com\/wp-content\/uploads\/2025\/03\/22-3-300x259.png\" alt=\"\" width=\"300\" height=\"259\" srcset=\"https:\/\/www.fanrongcasting.com\/wp-content\/uploads\/2025\/03\/22-3-300x259.png 300w, https:\/\/www.fanrongcasting.com\/wp-content\/uploads\/2025\/03\/22-3-14x12.png 14w, https:\/\/www.fanrongcasting.com\/wp-content\/uploads\/2025\/03\/22-3.png 515w\" sizes=\"(max-width: 300px) 100vw, 300px\" \/><\/p>\n<p><strong><b>\u25c6<\/b><\/strong><strong><b>Material<\/b><\/strong><strong><b>\u00a0<\/b><\/strong><strong><b>Especificaci\u00f3n:<\/b><\/strong><\/p>\n<table>\n<tbody>\n<tr>\n<td width=\"42\">No.<\/td>\n<td width=\"113\">Nombre de la pieza<\/td>\n<td width=\"161\">Material<\/td>\n<td width=\"107\"><strong><b>Especificaci\u00f3n<\/b><\/strong><\/td>\n<\/tr>\n<tr>\n<td width=\"42\">1<\/td>\n<td width=\"113\">Manga central<\/td>\n<td width=\"161\">Acero al carbono<\/td>\n<td width=\"107\">S235JR<\/td>\n<\/tr>\n<tr>\n<td width=\"42\">2<\/td>\n<td width=\"113\">Anillo terminal<\/td>\n<td width=\"161\">Hierro d\u00factil<\/td>\n<td width=\"107\">GGG50<\/td>\n<\/tr>\n<tr>\n<td width=\"42\">3<\/td>\n<td width=\"113\">Junta de goma<\/td>\n<td width=\"161\">Goma<\/td>\n<td width=\"107\">EPDM<\/td>\n<\/tr>\n<tr>\n<td width=\"42\">4<\/td>\n<td width=\"113\">Perno<\/td>\n<td width=\"161\">Acero revestido de Dacromet<\/td>\n<td width=\"107\">ISO898-1:1999<\/td>\n<\/tr>\n<tr>\n<td width=\"42\">5<\/td>\n<td width=\"113\">Lavadora<\/td>\n<td width=\"161\">Acero revestido de Dacromet<\/td>\n<td width=\"107\"><\/td>\n<\/tr>\n<tr>\n<td width=\"42\">6<\/td>\n<td width=\"113\">Tuerca<\/td>\n<td width=\"161\">Acero revestido de Dacromet<\/td>\n<td width=\"107\">ISO898-2:1992<\/td>\n<\/tr>\n<tr>\n<td width=\"42\">7<\/td>\n<td width=\"113\">Gorra<\/td>\n<td width=\"161\">Pl\u00e1stico<\/td>\n<td width=\"107\"><\/td>\n<\/tr>\n<\/tbody>\n<\/table>\n<p><strong><b>\u25c6<\/b><\/strong>\u00a0<strong><b>Dimensiones (mm)<\/b><\/strong><\/p>\n<table>\n<tbody>\n<tr>\n<td colspan=\"4\" width=\"265\">Tama\u00f1os<\/td>\n<td colspan=\"2\" rowspan=\"2\" width=\"131\">&nbsp;<\/p>\n<p>Di\u00e1metro<\/td>\n<td colspan=\"2\" rowspan=\"2\" width=\"132\">&nbsp;<\/p>\n<p>Manga<\/td>\n<td rowspan=\"3\" width=\"65\">&nbsp;<\/p>\n<p><strong><b>Configuraci\u00f3n<\/b><\/strong><\/p>\n<p><strong><b>Brecha<\/b><\/strong><\/td>\n<td rowspan=\"3\" width=\"66\">&nbsp;<\/p>\n<p>Max<\/p>\n<p><strong><b>Brecha<\/b><\/strong><\/td>\n<td rowspan=\"3\" width=\"115\">&nbsp;<\/p>\n<p>&nbsp;<\/p>\n<p>MxL1<\/td>\n<\/tr>\n<tr>\n<td colspan=\"2\" width=\"132\">Extremo peque\u00f1o<\/td>\n<td colspan=\"2\" width=\"132\">Extremo grande<\/td>\n<\/tr>\n<tr>\n<td width=\"66\">Min<\/td>\n<td width=\"65\">Max<\/td>\n<td width=\"66\">Min<\/td>\n<td width=\"65\">Max<\/td>\n<td width=\"65\">A1<\/td>\n<td width=\"65\">A<\/td>\n<td width=\"67\">L1<\/td>\n<td width=\"65\">T<\/td>\n<\/tr>\n<tr>\n<td width=\"66\">59<\/td>\n<td width=\"65\">72<\/td>\n<td width=\"66\">68<\/td>\n<td width=\"65\">84<\/td>\n<td width=\"65\">165<\/td>\n<td width=\"65\">180<\/td>\n<td width=\"67\">115<\/td>\n<td width=\"65\">4.5<\/td>\n<td width=\"65\">25<\/td>\n<td width=\"66\">50<\/td>\n<td width=\"115\">4-M12x190<\/td>\n<\/tr>\n<tr>\n<td width=\"66\">59<\/td>\n<td width=\"65\">72<\/td>\n<td width=\"66\">88<\/td>\n<td width=\"65\">103<\/td>\n<td width=\"65\">165<\/td>\n<td width=\"65\">185<\/td>\n<td width=\"67\">115<\/td>\n<td width=\"65\">4.5<\/td>\n<td width=\"65\">25<\/td>\n<td width=\"66\">50<\/td>\n<td width=\"115\">4-M12x190<\/td>\n<\/tr>\n<tr>\n<td width=\"66\">68<\/td>\n<td width=\"65\">84<\/td>\n<td width=\"66\">88<\/td>\n<td width=\"65\">103<\/td>\n<td width=\"65\">180<\/td>\n<td width=\"65\">185<\/td>\n<td width=\"67\">115<\/td>\n<td width=\"65\">4.5<\/td>\n<td width=\"65\">25<\/td>\n<td width=\"66\">50<\/td>\n<td width=\"115\">4-M12x190<\/td>\n<\/tr>\n<tr>\n<td width=\"66\">88<\/td>\n<td width=\"65\">103<\/td>\n<td width=\"66\">109<\/td>\n<td width=\"65\">128<\/td>\n<td width=\"65\">185<\/td>\n<td width=\"65\">225<\/td>\n<td width=\"67\">115<\/td>\n<td width=\"65\">4.5<\/td>\n<td width=\"65\">25<\/td>\n<td width=\"66\">50<\/td>\n<td width=\"115\">4-M12x190<\/td>\n<\/tr>\n<tr>\n<td width=\"66\">109<\/td>\n<td width=\"65\">128<\/td>\n<td width=\"66\">132<\/td>\n<td width=\"65\">153<\/td>\n<td width=\"65\">225<\/td>\n<td width=\"65\">250<\/td>\n<td width=\"67\">115<\/td>\n<td width=\"65\">4.5<\/td>\n<td width=\"65\">25<\/td>\n<td width=\"66\">50<\/td>\n<td width=\"115\">4-M12x210<\/td>\n<\/tr>\n<tr>\n<td width=\"66\">132<\/td>\n<td width=\"65\">153<\/td>\n<td width=\"66\">159<\/td>\n<td width=\"65\">182<\/td>\n<td width=\"65\">250<\/td>\n<td width=\"65\">275<\/td>\n<td width=\"67\">125<\/td>\n<td width=\"65\">4.5<\/td>\n<td width=\"65\">25<\/td>\n<td width=\"66\">50<\/td>\n<td width=\"115\">4-M12x220<\/td>\n<\/tr>\n<tr>\n<td width=\"66\">159<\/td>\n<td width=\"65\">182<\/td>\n<td width=\"66\">192<\/td>\n<td width=\"65\">210<\/td>\n<td width=\"65\">272<\/td>\n<td width=\"65\">305<\/td>\n<td width=\"67\">125<\/td>\n<td width=\"65\">5<\/td>\n<td width=\"65\">25<\/td>\n<td width=\"66\">50<\/td>\n<td width=\"115\">4-M12x220<\/td>\n<\/tr>\n<tr>\n<td width=\"66\">192<\/td>\n<td width=\"65\">210<\/td>\n<td width=\"66\">218<\/td>\n<td width=\"65\">235<\/td>\n<td width=\"65\">305<\/td>\n<td width=\"65\">315<\/td>\n<td width=\"67\">135<\/td>\n<td width=\"65\">5<\/td>\n<td width=\"65\">25<\/td>\n<td width=\"66\">50<\/td>\n<td width=\"115\">4-M12x230<\/td>\n<\/tr>\n<tr>\n<td width=\"66\">218<\/td>\n<td width=\"65\">235<\/td>\n<td width=\"66\">242<\/td>\n<td width=\"65\">266<\/td>\n<td width=\"65\">315<\/td>\n<td width=\"65\">350<\/td>\n<td width=\"67\">135<\/td>\n<td width=\"65\">5<\/td>\n<td width=\"65\">25<\/td>\n<td width=\"66\">50<\/td>\n<td width=\"115\">4-M12x230<\/td>\n<\/tr>\n<tr>\n<td width=\"66\">242<\/td>\n<td width=\"65\">266<\/td>\n<td width=\"66\">272<\/td>\n<td width=\"65\">289<\/td>\n<td width=\"65\">350<\/td>\n<td width=\"65\">395<\/td>\n<td width=\"67\">135<\/td>\n<td width=\"65\">5<\/td>\n<td width=\"65\">25<\/td>\n<td width=\"66\">50<\/td>\n<td width=\"115\">6-M12x230<\/td>\n<\/tr>\n<tr>\n<td width=\"66\">272<\/td>\n<td width=\"65\">289<\/td>\n<td width=\"66\">315<\/td>\n<td width=\"65\">332<\/td>\n<td width=\"65\">395<\/td>\n<td width=\"65\">450<\/td>\n<td width=\"67\">135<\/td>\n<td width=\"65\">5<\/td>\n<td width=\"65\">25<\/td>\n<td width=\"66\">50<\/td>\n<td width=\"115\">6-M12x230<\/td>\n<\/tr>\n<\/tbody>\n<\/table>\n<p>\u25c6\u00a0<strong><b>Caracter\u00edsticas<\/b><\/strong><\/p>\n<ul>\n<li>Material de hierro d\u00factil GGG50 (acero dulce S235JR) con revestimiento FBE.<\/li>\n<li>Equipado con pernos y tuercas de acero recubierto de dacromet.<\/li>\n<li>Juntas de caucho EPDM.<\/li>\n<li>Accesorios de tuber\u00eda mec\u00e1nicos de alta tolerancia<\/li>\n<\/ul>\n<p>Permite la uni\u00f3n mec\u00e1nica de tubos de diferentes materiales y di\u00e1metros exteriores.<\/p>\n<p>Descripci\u00f3n<\/p>\n<ul>\n<li>Amplia gama de di\u00e1metros exteriores: una media de 21 mm por lado.<\/li>\n<li>N\u00famero reducido de modelos para un di\u00e1metro nominal.<\/li>\n<li>Fiabilidad:<\/li>\n<\/ul>\n<p>- Junta estanca permanente al comprimir la junta<\/p>\n<p>entre la brida final y el manguito sobre la superficie de la tuber\u00eda.<\/p>\n<p>- Protecci\u00f3n anticorrosi\u00f3n: revestimiento de polvo epoxi (150 \u03bcm) y<\/p>\n<p>Dacromet\u00ae 500 Gr.B para los pernos.<\/p>\n<ul>\n<li>Facilidad y rapidez de instalaci\u00f3n:<\/li>\n<\/ul>\n<p>- Desviaci\u00f3n angular \u00b16\u00b0.<\/p>\n<p>- Absorbe la dilataci\u00f3n y la contracci\u00f3n.<\/p>\n<p>- Se adapta a la desalineaci\u00f3n.<\/p>\n<p>- Brecha de ajuste importante.<\/p>\n<ul>\n<li>Conformidad con las normas:<\/li>\n<\/ul>\n<p>- NF A 48-830: Productos de fundici\u00f3n - Fundici\u00f3n de grafito esferoidal<\/p>\n<p>accesorios para tuber\u00edas de agua potable de PVC a presi\u00f3n.<\/p>\n<p>- NF EN 545: Tubos de fundici\u00f3n d\u00factil, accesorios y sus uniones para<\/p>\n<p>tuber\u00edas de agua - requisitos y m\u00e9todos de ensayo.<\/p>\n<p>- ISO 2531: Tubos de fundici\u00f3n d\u00factil, accesorios y sus uniones para<\/p>\n<p>aplicaciones acu\u00e1ticas.<\/p>\n<ul>\n<li>Aprobaci\u00f3n:<\/li>\n<\/ul>\n<p>- Agua potable autorizada.<\/p>\n<ul>\n<li>Nota:<\/li>\n<\/ul>\n<p>Este acoplamiento no resiste las fuerzas longitudinales y aseg\u00farese de que<\/p>\n<p>se proporcione una sujeci\u00f3n adecuada para evitar la dislocaci\u00f3n de las tuber\u00edas.<\/p>\n<p>Datos t\u00e9cnicos<\/p>\n<ul>\n<li>Gama: DN 40\/50 a 400.<\/li>\n<li>Presi\u00f3n m\u00e1xima de trabajo: PN 16.<\/li>\n<li>Temperaturas: De +0\u00b0C a +60\u00b0C.<\/li>\n<li>Par: de 60 a 70 Nm.<\/li>\n<\/ul>\n<p>Aplicaciones<\/p>\n<ul>\n<li>Redes de agua potable.<\/li>\n<li>Bombeo, tratamiento, almacenamiento de agua.<\/li>\n<li>Redes de protecci\u00f3n contra incendios.<\/li>\n<li>Redes de riego.<\/li>\n<li>Redes de alcantarillado y evacuaci\u00f3n de aguas pluviales<\/li>\n<\/ul>\n<p>(tipo WC - EN 681-1).<\/p>\n<p>Pruebas<\/p>\n<ul>\n<li>Prueba de estanquidad seg\u00fan la norma ISO 2531.<\/li>\n<\/ul>\n<p>&nbsp;<\/p>","protected":false},"excerpt":{"rendered":"<p>Universal Stepped Coupling \u00a0 \u00a0 \u00a0 \u00a0 \u00a0 \u00a0 \u00a0 \u00a0 \u00a0 \u00a0 \u00a0 \u00a0 \u00a0 \u00a0 \u00a0 \u00a0 \u00a0 \u00a0 \u00a0 \u00a0 \u00a0 \u00a0 \u00a0 \u00a0 \u00a0 \u00a0 \u00a0 \u00a0 \u00a0 \u00a0 \u00a0 \u00a0 \u00a0 \u00a0 \u00a0 \u00a0 \u00a0 \u00a0 \u00a0 \u00a0 \u00a0 \u00a0 \u00a0 \u00a0 \u25c6Material\u00a0Specification: No. Parts Name Material Specification 1 Center [&hellip;]<\/p>","protected":false},"featured_media":4027,"comment_status":"open","ping_status":"closed","template":"","meta":{"_uag_custom_page_level_css":"","site-sidebar-layout":"default","site-content-layout":"","ast-site-content-layout":"default","site-content-style":"default","site-sidebar-style":"default","ast-global-header-display":"","ast-banner-title-visibility":"","ast-main-header-display":"","ast-hfb-above-header-display":"","ast-hfb-below-header-display":"","ast-hfb-mobile-header-display":"","site-post-title":"","ast-breadcrumbs-content":"","ast-featured-img":"","footer-sml-layout":"","ast-disable-related-posts":"","theme-transparent-header-meta":"default","adv-header-id-meta":"","stick-header-meta":"","header-above-stick-meta":"","header-main-stick-meta":"","header-below-stick-meta":"","astra-migrate-meta-layouts":"set","ast-page-background-enabled":"default","ast-page-background-meta":{"desktop":{"background-color":"","background-image":"","background-repeat":"repeat","background-position":"center center","background-size":"auto","background-attachment":"scroll","background-type":"","background-media":"","overlay-type":"","overlay-color":"","overlay-opacity":"","overlay-gradient":""},"tablet":{"background-color":"","background-image":"","background-repeat":"repeat","background-position":"center center","background-size":"auto","background-attachment":"scroll","background-type":"","background-media":"","overlay-type":"","overlay-color":"","overlay-opacity":"","overlay-gradient":""},"mobile":{"background-color":"","background-image":"","background-repeat":"repeat","background-position":"center center","background-size":"auto","background-attachment":"scroll","background-type":"","background-media":"","overlay-type":"","overlay-color":"","overlay-opacity":"","overlay-gradient":""}},"ast-content-background-meta":{"desktop":{"background-color":"var(--ast-global-color-5)","background-image":"","background-repeat":"repeat","background-position":"center center","background-size":"auto","background-attachment":"scroll","background-type":"","background-media":"","overlay-type":"","overlay-color":"","overlay-opacity":"","overlay-gradient":""},"tablet":{"background-color":"var(--ast-global-color-5)","background-image":"","background-repeat":"repeat","background-position":"center center","background-size":"auto","background-attachment":"scroll","background-type":"","background-media":"","overlay-type":"","overlay-color":"","overlay-opacity":"","overlay-gradient":""},"mobile":{"background-color":"var(--ast-global-color-5)","background-image":"","background-repeat":"repeat","background-position":"center center","background-size":"auto","background-attachment":"scroll","background-type":"","background-media":"","overlay-type":"","overlay-color":"","overlay-opacity":"","overlay-gradient":""}}},"product_brand":[],"product_cat":[65,131],"product_tag":[],"class_list":{"0":"post-4025","1":"product","2":"type-product","3":"status-publish","4":"has-post-thumbnail","6":"product_cat-pipe-joint","7":"product_cat-universal-stepped-coupling","8":"desktop-align-left","9":"tablet-align-left","10":"mobile-align-left","12":"first","13":"instock","14":"shipping-taxable","15":"product-type-simple"},"uagb_featured_image_src":{"full":["https:\/\/www.fanrongcasting.com\/wp-content\/uploads\/2025\/03\/Universal-Step-Coupling1.png",800,600,false],"thumbnail":["https:\/\/www.fanrongcasting.com\/wp-content\/uploads\/2025\/03\/Universal-Step-Coupling1-150x150.png",150,150,true],"medium":["https:\/\/www.fanrongcasting.com\/wp-content\/uploads\/2025\/03\/Universal-Step-Coupling1-300x225.png",300,225,true],"medium_large":["https:\/\/www.fanrongcasting.com\/wp-content\/uploads\/2025\/03\/Universal-Step-Coupling1-768x576.png",768,576,true],"large":["https:\/\/www.fanrongcasting.com\/wp-content\/uploads\/2025\/03\/Universal-Step-Coupling1.png",800,600,false],"1536x1536":["https:\/\/www.fanrongcasting.com\/wp-content\/uploads\/2025\/03\/Universal-Step-Coupling1.png",800,600,false],"2048x2048":["https:\/\/www.fanrongcasting.com\/wp-content\/uploads\/2025\/03\/Universal-Step-Coupling1.png",800,600,false],"trp-custom-language-flag":["https:\/\/www.fanrongcasting.com\/wp-content\/uploads\/2025\/03\/Universal-Step-Coupling1-16x12.png",16,12,true],"woocommerce_thumbnail":["https:\/\/www.fanrongcasting.com\/wp-content\/uploads\/2025\/03\/Universal-Step-Coupling1-300x300.png",300,300,true],"woocommerce_single":["https:\/\/www.fanrongcasting.com\/wp-content\/uploads\/2025\/03\/Universal-Step-Coupling1-600x450.png",600,450,true],"woocommerce_gallery_thumbnail":["https:\/\/www.fanrongcasting.com\/wp-content\/uploads\/2025\/03\/Universal-Step-Coupling1-100x100.png",100,100,true]},"uagb_author_info":{"display_name":"jinxing6611@gmail.com","author_link":"https:\/\/www.fanrongcasting.com\/es\/author\/"},"uagb_comment_info":0,"uagb_excerpt":"Universal Stepped Coupling \u00a0 \u00a0 \u00a0 \u00a0 \u00a0 \u00a0 \u00a0 \u00a0 \u00a0 \u00a0 \u00a0 \u00a0 \u00a0 \u00a0 \u00a0 \u00a0 \u00a0 \u00a0 \u00a0 \u00a0 \u00a0 \u00a0 \u00a0 \u00a0 \u00a0 \u00a0 \u00a0 \u00a0 \u00a0 \u00a0 \u00a0 \u00a0 \u00a0 \u00a0 \u00a0 \u00a0 \u00a0 \u00a0 \u00a0 \u00a0 \u00a0 \u00a0 \u00a0 \u00a0 \u25c6Material\u00a0Specification: No. Parts Name Material Specification 1 Center&hellip;","_links":{"self":[{"href":"https:\/\/www.fanrongcasting.com\/es\/wp-json\/wp\/v2\/product\/4025","targetHints":{"allow":["GET"]}}],"collection":[{"href":"https:\/\/www.fanrongcasting.com\/es\/wp-json\/wp\/v2\/product"}],"about":[{"href":"https:\/\/www.fanrongcasting.com\/es\/wp-json\/wp\/v2\/types\/product"}],"replies":[{"embeddable":true,"href":"https:\/\/www.fanrongcasting.com\/es\/wp-json\/wp\/v2\/comments?post=4025"}],"wp:featuredmedia":[{"embeddable":true,"href":"https:\/\/www.fanrongcasting.com\/es\/wp-json\/wp\/v2\/media\/4027"}],"wp:attachment":[{"href":"https:\/\/www.fanrongcasting.com\/es\/wp-json\/wp\/v2\/media?parent=4025"}],"wp:term":[{"taxonomy":"product_brand","embeddable":true,"href":"https:\/\/www.fanrongcasting.com\/es\/wp-json\/wp\/v2\/product_brand?post=4025"},{"taxonomy":"product_cat","embeddable":true,"href":"https:\/\/www.fanrongcasting.com\/es\/wp-json\/wp\/v2\/product_cat?post=4025"},{"taxonomy":"product_tag","embeddable":true,"href":"https:\/\/www.fanrongcasting.com\/es\/wp-json\/wp\/v2\/product_tag?post=4025"}],"curies":[{"name":"wp","href":"https:\/\/api.w.org\/{rel}","templated":true}]}}