{"id":4008,"date":"2025-03-20T10:35:34","date_gmt":"2025-03-20T10:35:34","guid":{"rendered":"https:\/\/www.fanrongcasting.com\/?post_type=product&#038;p=4008"},"modified":"2025-04-01T08:08:41","modified_gmt":"2025-04-01T08:08:41","slug":"pe-restraint-coupling","status":"publish","type":"product","link":"https:\/\/www.fanrongcasting.com\/es\/producto\/pe-restraint-coupling\/","title":{"rendered":"Acoplamiento de retenci\u00f3n PE"},"content":{"rendered":"<p style=\"text-align: center;\"><strong>Acoplamiento de retenci\u00f3n PE<\/strong><\/p>\n<p>\u00a0 \u00a0 \u00a0 \u00a0 \u00a0 \u00a0 \u00a0 \u00a0 \u00a0 \u00a0 \u00a0 \u00a0 \u00a0 \u00a0 \u00a0 \u00a0 \u00a0 \u00a0 \u00a0 \u00a0 \u00a0 \u00a0 \u00a0 \u00a0 \u00a0 \u00a0 \u00a0 \u00a0 \u00a0 \u00a0 \u00a0 \u00a0 \u00a0 \u00a0 \u00a0 \u00a0 \u00a0 \u00a0 \u00a0 \u00a0 \u00a0 <img fetchpriority=\"high\" decoding=\"async\" class=\"size-medium wp-image-4281 aligncenter\" src=\"https:\/\/www.fanrongcasting.com\/wp-content\/uploads\/2025\/03\/11-300x223.png\" alt=\"\" width=\"300\" height=\"223\" srcset=\"https:\/\/www.fanrongcasting.com\/wp-content\/uploads\/2025\/03\/11-300x223.png 300w, https:\/\/www.fanrongcasting.com\/wp-content\/uploads\/2025\/03\/11-16x12.png 16w, https:\/\/www.fanrongcasting.com\/wp-content\/uploads\/2025\/03\/11.png 430w\" sizes=\"(max-width: 300px) 100vw, 300px\" \/><\/p>\n<p><img decoding=\"async\" class=\"size-medium wp-image-4282 aligncenter\" src=\"https:\/\/www.fanrongcasting.com\/wp-content\/uploads\/2025\/03\/22-267x300.png\" alt=\"\" width=\"267\" height=\"300\" srcset=\"https:\/\/www.fanrongcasting.com\/wp-content\/uploads\/2025\/03\/22-267x300.png 267w, https:\/\/www.fanrongcasting.com\/wp-content\/uploads\/2025\/03\/22-11x12.png 11w, https:\/\/www.fanrongcasting.com\/wp-content\/uploads\/2025\/03\/22.png 389w\" sizes=\"(max-width: 267px) 100vw, 267px\" \/><\/p>\n<p><strong><b>\u25c6<\/b><\/strong>\u00a0<strong><b>Especificaci\u00f3n del material:<\/b><\/strong><\/p>\n<table>\n<tbody>\n<tr>\n<td width=\"46\"><strong><b>No.<\/b><\/strong><\/td>\n<td width=\"102\">Nombre de la pieza<\/td>\n<td width=\"169\">Material<\/td>\n<td width=\"105\">Especificaci\u00f3n<\/td>\n<\/tr>\n<tr>\n<td width=\"46\">1<\/td>\n<td width=\"102\">Cuerpo<\/td>\n<td width=\"169\">Hierro d\u00factil<\/td>\n<td width=\"105\">GGG50<\/td>\n<\/tr>\n<tr>\n<td width=\"46\">2<\/td>\n<td width=\"102\">Junta de estanqueidad<\/td>\n<td width=\"169\">Caucho+Lat\u00f3n<\/td>\n<td width=\"105\">EPDM+Lat\u00f3n<\/td>\n<\/tr>\n<tr>\n<td width=\"46\">3<\/td>\n<td width=\"102\">Anillo terminal<\/td>\n<td width=\"169\">Hierro d\u00factil<\/td>\n<td width=\"105\">GGG50<\/td>\n<\/tr>\n<tr>\n<td width=\"46\">4<\/td>\n<td width=\"102\">Pernos<\/td>\n<td width=\"169\">Acero revestido de Dacromet<\/td>\n<td width=\"105\"><\/td>\n<\/tr>\n<tr>\n<td width=\"46\">5<\/td>\n<td width=\"102\">Lavadora<\/td>\n<td width=\"169\">Acero revestido de Dacromet<\/td>\n<td width=\"105\"><\/td>\n<\/tr>\n<tr>\n<td width=\"46\">6<\/td>\n<td width=\"102\">Tuerca<\/td>\n<td width=\"169\">Acero revestido de Dacromet<\/td>\n<td width=\"105\"><\/td>\n<\/tr>\n<tr>\n<td width=\"46\">7<\/td>\n<td width=\"102\">Gorra<\/td>\n<td width=\"169\">Pl\u00e1stico<\/td>\n<td width=\"105\"><\/td>\n<\/tr>\n<\/tbody>\n<\/table>\n<p>\u25c6\u00a0<strong><b>Caracter\u00edsticas<\/b><\/strong><\/p>\n<ul>\n<li>Material de fundici\u00f3n d\u00factil GGG50 con revestimiento de FBE.<\/li>\n<li>Presi\u00f3n de trabajo PN10.PN 16.<\/li>\n<li>Equipado con pernos y tuercas de acero recubierto de Dacromet.<\/li>\n<li>Juntas de caucho EPDM o NBR.<\/li>\n<li>Accesorios de tuber\u00eda mec\u00e1nicos de alta tolerancia<\/li>\n<\/ul>\n<p>\u25c6 <strong style=\"font-size: 16px;\"><b>Dimensiones (mm)<\/b><\/strong><\/p>\n<table>\n<tbody>\n<tr>\n<td width=\"135\">Tama\u00f1o del tubo<\/td>\n<td width=\"119\">C<\/td>\n<td width=\"111\">A<\/td>\n<td width=\"130\">L1<\/td>\n<td width=\"129\"><strong><b>Pernos<\/b><\/strong>\u00a0<strong><b>No.<\/b><\/strong><\/td>\n<td width=\"147\">MxL<\/td>\n<\/tr>\n<tr>\n<td width=\"135\">OD63<\/td>\n<td width=\"119\">66<\/td>\n<td width=\"111\">160<\/td>\n<td width=\"130\">95<\/td>\n<td width=\"129\">4<\/td>\n<td width=\"147\">M12x190<\/td>\n<\/tr>\n<tr>\n<td width=\"135\">OD75<\/td>\n<td width=\"119\">78<\/td>\n<td width=\"111\">165<\/td>\n<td width=\"130\">95<\/td>\n<td width=\"129\">2<\/td>\n<td width=\"147\">M12x190<\/td>\n<\/tr>\n<tr>\n<td width=\"135\">OD90<\/td>\n<td width=\"119\">93<\/td>\n<td width=\"111\">180<\/td>\n<td width=\"130\">95<\/td>\n<td width=\"129\">4<\/td>\n<td width=\"147\">M12x190<\/td>\n<\/tr>\n<tr>\n<td width=\"135\">OD110<\/td>\n<td width=\"119\">113<\/td>\n<td width=\"111\">205<\/td>\n<td width=\"130\">95<\/td>\n<td width=\"129\">4<\/td>\n<td width=\"147\">M12x190<\/td>\n<\/tr>\n<tr>\n<td width=\"135\">OD125<\/td>\n<td width=\"119\">128<\/td>\n<td width=\"111\">215<\/td>\n<td width=\"130\">95<\/td>\n<td width=\"129\">4<\/td>\n<td width=\"147\">M12x190<\/td>\n<\/tr>\n<tr>\n<td width=\"135\">OD140<\/td>\n<td width=\"119\">143<\/td>\n<td width=\"111\">240<\/td>\n<td width=\"130\">95<\/td>\n<td width=\"129\">4<\/td>\n<td width=\"147\">M12x190<\/td>\n<\/tr>\n<tr>\n<td width=\"135\">OD160<\/td>\n<td width=\"119\">163<\/td>\n<td width=\"111\">270<\/td>\n<td width=\"130\">95<\/td>\n<td width=\"129\">4<\/td>\n<td width=\"147\">M14x190<\/td>\n<\/tr>\n<tr>\n<td width=\"135\">OD180<\/td>\n<td width=\"119\">183<\/td>\n<td width=\"111\">275<\/td>\n<td width=\"130\">95<\/td>\n<td width=\"129\">4<\/td>\n<td width=\"147\">M14x190<\/td>\n<\/tr>\n<tr>\n<td width=\"135\">OD200<\/td>\n<td width=\"119\">204<\/td>\n<td width=\"111\">325<\/td>\n<td width=\"130\">105<\/td>\n<td width=\"129\">4<\/td>\n<td width=\"147\">M14x210<\/td>\n<\/tr>\n<tr>\n<td width=\"135\">OD225<\/td>\n<td width=\"119\">229<\/td>\n<td width=\"111\">330<\/td>\n<td width=\"130\">135<\/td>\n<td width=\"129\">4<\/td>\n<td width=\"147\">M16x300<\/td>\n<\/tr>\n<tr>\n<td width=\"135\">OD250<\/td>\n<td width=\"119\">254<\/td>\n<td width=\"111\">370<\/td>\n<td width=\"130\">135<\/td>\n<td width=\"129\">6<\/td>\n<td width=\"147\">M16x310<\/td>\n<\/tr>\n<tr>\n<td width=\"135\">OD280<\/td>\n<td width=\"119\">284<\/td>\n<td width=\"111\">380<\/td>\n<td width=\"130\">135<\/td>\n<td width=\"129\">6<\/td>\n<td width=\"147\">M16x310<\/td>\n<\/tr>\n<tr>\n<td width=\"135\">OD315<\/td>\n<td width=\"119\">319<\/td>\n<td width=\"111\">425<\/td>\n<td width=\"130\">180<\/td>\n<td width=\"129\">6<\/td>\n<td width=\"147\">M16x340<\/td>\n<\/tr>\n<\/tbody>\n<\/table>\n<p>&nbsp;<\/p>\n<p><strong>Acoplamientos de retenci\u00f3n de PE<\/strong><\/p>\n<p>Los acoplamientos de retenci\u00f3n de PE est\u00e1n dise\u00f1ados para proporcionar una conexi\u00f3n de retenci\u00f3n completa para tuber\u00edas de presi\u00f3n de polietileno y son adecuados para su uso en tuber\u00edas de agua potable, agua no potable y aguas residuales.<\/p>\n<p>Los acoplamientos tienen un anillo de agarre que, cuando est\u00e1 completamente apretado, asegura la uni\u00f3n de la tuber\u00eda para proporcionar una conexi\u00f3n de retenci\u00f3n total.<\/p>\n<p>Sistema de retenci\u00f3n completo para tuber\u00edas de presi\u00f3n de PE.<\/p>\n<p>Materiales resistentes a la corrosi\u00f3n adecuados para aplicaciones de agua potable y aguas residuales.<\/p>\n<p>Conexi\u00f3n a presi\u00f3n para facilitar la instalaci\u00f3n.<\/p>\n<p>Se puede instalar sin desmontar, lo que agiliza y facilita la instalaci\u00f3n.<\/p>\n<p>F\u00e1cil de desmontar.<\/p>\n<p>&nbsp;<\/p>\n<p>EN 12842<\/p>\n<p>DN 63 - DN 315<\/p>\n<p>PN16 (Agua)<\/p>\n<p>M\u00e1x. 60 grados C (agua)<\/p>\n<p>Sujeci\u00f3n mec\u00e1nica<\/p>\n<p>1,5 grados m\u00e1x.<\/p>\n<p>Dimensiones EN 1092-2<\/p>\n<p>AS 4087 Fig B5 patr\u00f3n de perforaci\u00f3n<\/p>\n<p>&nbsp;<\/p>","protected":false},"excerpt":{"rendered":"<p>PE Restraint Coupling \u00a0 \u00a0 \u00a0 \u00a0 \u00a0 \u00a0 \u00a0 \u00a0 \u00a0 \u00a0 \u00a0 \u00a0 \u00a0 \u00a0 \u00a0 \u00a0 \u00a0 \u00a0 \u00a0 \u00a0 \u00a0 \u00a0 \u00a0 \u00a0 \u00a0 \u00a0 \u00a0 \u00a0 \u00a0 \u00a0 \u00a0 \u00a0 \u00a0 \u00a0 \u00a0 \u00a0 \u00a0 \u00a0 \u00a0 \u00a0 \u00a0 \u25c6\u00a0Material \u00a0Specification: No. Parts Name Material Specification 1 Body Ductile\u00a0Iron GGG50 [&hellip;]<\/p>","protected":false},"featured_media":4010,"comment_status":"open","ping_status":"closed","template":"","meta":{"_uag_custom_page_level_css":"","site-sidebar-layout":"default","site-content-layout":"","ast-site-content-layout":"default","site-content-style":"default","site-sidebar-style":"default","ast-global-header-display":"","ast-banner-title-visibility":"","ast-main-header-display":"","ast-hfb-above-header-display":"","ast-hfb-below-header-display":"","ast-hfb-mobile-header-display":"","site-post-title":"","ast-breadcrumbs-content":"","ast-featured-img":"","footer-sml-layout":"","ast-disable-related-posts":"","theme-transparent-header-meta":"default","adv-header-id-meta":"","stick-header-meta":"","header-above-stick-meta":"","header-main-stick-meta":"","header-below-stick-meta":"","astra-migrate-meta-layouts":"set","ast-page-background-enabled":"default","ast-page-background-meta":{"desktop":{"background-color":"","background-image":"","background-repeat":"repeat","background-position":"center center","background-size":"auto","background-attachment":"scroll","background-type":"","background-media":"","overlay-type":"","overlay-color":"","overlay-opacity":"","overlay-gradient":""},"tablet":{"background-color":"","background-image":"","background-repeat":"repeat","background-position":"center center","background-size":"auto","background-attachment":"scroll","background-type":"","background-media":"","overlay-type":"","overlay-color":"","overlay-opacity":"","overlay-gradient":""},"mobile":{"background-color":"","background-image":"","background-repeat":"repeat","background-position":"center center","background-size":"auto","background-attachment":"scroll","background-type":"","background-media":"","overlay-type":"","overlay-color":"","overlay-opacity":"","overlay-gradient":""}},"ast-content-background-meta":{"desktop":{"background-color":"var(--ast-global-color-5)","background-image":"","background-repeat":"repeat","background-position":"center center","background-size":"auto","background-attachment":"scroll","background-type":"","background-media":"","overlay-type":"","overlay-color":"","overlay-opacity":"","overlay-gradient":""},"tablet":{"background-color":"var(--ast-global-color-5)","background-image":"","background-repeat":"repeat","background-position":"center center","background-size":"auto","background-attachment":"scroll","background-type":"","background-media":"","overlay-type":"","overlay-color":"","overlay-opacity":"","overlay-gradient":""},"mobile":{"background-color":"var(--ast-global-color-5)","background-image":"","background-repeat":"repeat","background-position":"center center","background-size":"auto","background-attachment":"scroll","background-type":"","background-media":"","overlay-type":"","overlay-color":"","overlay-opacity":"","overlay-gradient":""}}},"product_brand":[],"product_cat":[100,65],"product_tag":[],"class_list":{"0":"post-4008","1":"product","2":"type-product","3":"status-publish","4":"has-post-thumbnail","6":"product_cat-pe-flange-adaptor-and-coupling","7":"product_cat-pipe-joint","8":"desktop-align-left","9":"tablet-align-left","10":"mobile-align-left","12":"first","13":"instock","14":"shipping-taxable","15":"product-type-simple"},"uagb_featured_image_src":{"full":["https:\/\/www.fanrongcasting.com\/wp-content\/uploads\/2025\/03\/222-10.jpg",800,600,false],"thumbnail":["https:\/\/www.fanrongcasting.com\/wp-content\/uploads\/2025\/03\/222-10-150x150.jpg",150,150,true],"medium":["https:\/\/www.fanrongcasting.com\/wp-content\/uploads\/2025\/03\/222-10-300x225.jpg",300,225,true],"medium_large":["https:\/\/www.fanrongcasting.com\/wp-content\/uploads\/2025\/03\/222-10-768x576.jpg",768,576,true],"large":["https:\/\/www.fanrongcasting.com\/wp-content\/uploads\/2025\/03\/222-10.jpg",800,600,false],"1536x1536":["https:\/\/www.fanrongcasting.com\/wp-content\/uploads\/2025\/03\/222-10.jpg",800,600,false],"2048x2048":["https:\/\/www.fanrongcasting.com\/wp-content\/uploads\/2025\/03\/222-10.jpg",800,600,false],"trp-custom-language-flag":["https:\/\/www.fanrongcasting.com\/wp-content\/uploads\/2025\/03\/222-10-16x12.jpg",16,12,true],"woocommerce_thumbnail":["https:\/\/www.fanrongcasting.com\/wp-content\/uploads\/2025\/03\/222-10-300x300.jpg",300,300,true],"woocommerce_single":["https:\/\/www.fanrongcasting.com\/wp-content\/uploads\/2025\/03\/222-10-600x450.jpg",600,450,true],"woocommerce_gallery_thumbnail":["https:\/\/www.fanrongcasting.com\/wp-content\/uploads\/2025\/03\/222-10-100x100.jpg",100,100,true]},"uagb_author_info":{"display_name":"jinxing6611@gmail.com","author_link":"https:\/\/www.fanrongcasting.com\/es\/author\/"},"uagb_comment_info":0,"uagb_excerpt":"PE Restraint Coupling \u00a0 \u00a0 \u00a0 \u00a0 \u00a0 \u00a0 \u00a0 \u00a0 \u00a0 \u00a0 \u00a0 \u00a0 \u00a0 \u00a0 \u00a0 \u00a0 \u00a0 \u00a0 \u00a0 \u00a0 \u00a0 \u00a0 \u00a0 \u00a0 \u00a0 \u00a0 \u00a0 \u00a0 \u00a0 \u00a0 \u00a0 \u00a0 \u00a0 \u00a0 \u00a0 \u00a0 \u00a0 \u00a0 \u00a0 \u00a0 \u00a0 \u25c6\u00a0Material \u00a0Specification: No. Parts Name Material Specification 1 Body Ductile\u00a0Iron GGG50&hellip;","_links":{"self":[{"href":"https:\/\/www.fanrongcasting.com\/es\/wp-json\/wp\/v2\/product\/4008","targetHints":{"allow":["GET"]}}],"collection":[{"href":"https:\/\/www.fanrongcasting.com\/es\/wp-json\/wp\/v2\/product"}],"about":[{"href":"https:\/\/www.fanrongcasting.com\/es\/wp-json\/wp\/v2\/types\/product"}],"replies":[{"embeddable":true,"href":"https:\/\/www.fanrongcasting.com\/es\/wp-json\/wp\/v2\/comments?post=4008"}],"wp:featuredmedia":[{"embeddable":true,"href":"https:\/\/www.fanrongcasting.com\/es\/wp-json\/wp\/v2\/media\/4010"}],"wp:attachment":[{"href":"https:\/\/www.fanrongcasting.com\/es\/wp-json\/wp\/v2\/media?parent=4008"}],"wp:term":[{"taxonomy":"product_brand","embeddable":true,"href":"https:\/\/www.fanrongcasting.com\/es\/wp-json\/wp\/v2\/product_brand?post=4008"},{"taxonomy":"product_cat","embeddable":true,"href":"https:\/\/www.fanrongcasting.com\/es\/wp-json\/wp\/v2\/product_cat?post=4008"},{"taxonomy":"product_tag","embeddable":true,"href":"https:\/\/www.fanrongcasting.com\/es\/wp-json\/wp\/v2\/product_tag?post=4008"}],"curies":[{"name":"wp","href":"https:\/\/api.w.org\/{rel}","templated":true}]}}