{"id":3994,"date":"2025-03-20T03:40:22","date_gmt":"2025-03-20T03:40:22","guid":{"rendered":"https:\/\/www.fanrongcasting.com\/?post_type=product&#038;p=3994"},"modified":"2025-04-01T08:10:41","modified_gmt":"2025-04-01T08:10:41","slug":"dedicated-flange-adaptor-for-steel-pipe","status":"publish","type":"product","link":"https:\/\/www.fanrongcasting.com\/es\/producto\/dedicated-flange-adaptor-for-steel-pipe\/","title":{"rendered":"Adaptador de brida espec\u00edfico para tubos de ACERO"},"content":{"rendered":"<p style=\"text-align: center;\"><strong>Adaptador de brida espec\u00edfico para tubos de ACERO<\/strong><\/p>\n<p>\u00a0 \u00a0 \u00a0 \u00a0 \u00a0 \u00a0 \u00a0 \u00a0 \u00a0 \u00a0 \u00a0 \u00a0 \u00a0 \u00a0 \u00a0 \u00a0 \u00a0 \u00a0 \u00a0 \u00a0 \u00a0 \u00a0 \u00a0 \u00a0 \u00a0 \u00a0 \u00a0 \u00a0 \u00a0 \u00a0 \u00a0 \u00a0 \u00a0 \u00a0 \u00a0 \u00a0 \u00a0 \u00a0 \u00a0 \u00a0 \u00a0 \u00a0 \u00a0 \u00a0 \u00a0 \u00a0 \u00a0 <img fetchpriority=\"high\" decoding=\"async\" class=\"size-medium wp-image-4242 aligncenter\" src=\"https:\/\/www.fanrongcasting.com\/wp-content\/uploads\/2025\/03\/1-1-2-300x298.png\" alt=\"\" width=\"300\" height=\"298\" srcset=\"https:\/\/www.fanrongcasting.com\/wp-content\/uploads\/2025\/03\/1-1-2-300x298.png 300w, https:\/\/www.fanrongcasting.com\/wp-content\/uploads\/2025\/03\/1-1-2-150x150.png 150w, https:\/\/www.fanrongcasting.com\/wp-content\/uploads\/2025\/03\/1-1-2-12x12.png 12w, https:\/\/www.fanrongcasting.com\/wp-content\/uploads\/2025\/03\/1-1-2-100x100.png 100w, https:\/\/www.fanrongcasting.com\/wp-content\/uploads\/2025\/03\/1-1-2.png 320w\" sizes=\"(max-width: 300px) 100vw, 300px\" \/>\u00a0 \u00a0 \u00a0 \u00a0 \u00a0 \u00a0 \u00a0 \u00a0 \u00a0 \u00a0 \u00a0 \u00a0 \u00a0 \u00a0 \u00a0 \u00a0 \u00a0 <img decoding=\"async\" class=\"size-medium wp-image-4243 aligncenter\" src=\"https:\/\/www.fanrongcasting.com\/wp-content\/uploads\/2025\/03\/2-2-156x300.png\" alt=\"\" width=\"156\" height=\"300\" srcset=\"https:\/\/www.fanrongcasting.com\/wp-content\/uploads\/2025\/03\/2-2-156x300.png 156w, https:\/\/www.fanrongcasting.com\/wp-content\/uploads\/2025\/03\/2-2-6x12.png 6w, https:\/\/www.fanrongcasting.com\/wp-content\/uploads\/2025\/03\/2-2.png 249w\" sizes=\"(max-width: 156px) 100vw, 156px\" \/><\/p>\n<p><strong><b>\u25c6<\/b><\/strong><strong><b>Material Specificat<\/b><\/strong><strong><b>ion:<\/b><\/strong><\/p>\n<table>\n<tbody>\n<tr>\n<td width=\"44\">No.<\/td>\n<td width=\"100\">Nombre de la pieza<\/td>\n<td width=\"166\">Material<\/td>\n<td width=\"113\">Especificaci\u00f3n<\/td>\n<\/tr>\n<tr>\n<td width=\"44\">1<\/td>\n<td width=\"100\">Cuerpo<\/td>\n<td width=\"166\">Hierro d\u00factil<\/td>\n<td width=\"113\">GGG50<\/td>\n<\/tr>\n<tr>\n<td width=\"44\">2<\/td>\n<td width=\"100\">Anillo terminal<\/td>\n<td width=\"166\">Hierro d\u00factil<\/td>\n<td width=\"113\">GGG50<\/td>\n<\/tr>\n<tr>\n<td width=\"44\">3<\/td>\n<td width=\"100\">Junta de goma<\/td>\n<td width=\"166\">Goma<\/td>\n<td width=\"113\">EPDM<\/td>\n<\/tr>\n<tr>\n<td width=\"44\">4<\/td>\n<td width=\"100\">Perno<\/td>\n<td width=\"166\">Acero revestido de Dacromet<\/td>\n<td width=\"113\">ISO898-1:1999<\/td>\n<\/tr>\n<tr>\n<td width=\"44\">5<\/td>\n<td width=\"100\">Lavadora<\/td>\n<td width=\"166\">Acero revestido de Dacromet<\/td>\n<td width=\"113\"><\/td>\n<\/tr>\n<tr>\n<td width=\"44\">6<\/td>\n<td width=\"100\">Tuerca<\/td>\n<td width=\"166\">Acero revestido de Dacromet<\/td>\n<td width=\"113\">ISO898-2:1992<\/td>\n<\/tr>\n<tr>\n<td width=\"44\">7<\/td>\n<td width=\"100\">Gorra<\/td>\n<td width=\"166\">Pl\u00e1stico<\/td>\n<td width=\"113\"><\/td>\n<\/tr>\n<\/tbody>\n<\/table>\n<p><strong><b>\u25c6<\/b><\/strong>\u00a0<strong><b>Dimensiones (mm)<\/b><\/strong><\/p>\n<table>\n<tbody>\n<tr>\n<td rowspan=\"2\" width=\"60\">\n<p style=\"text-align: center;\">DN<\/p>\n<\/td>\n<td style=\"text-align: center;\" rowspan=\"2\" width=\"63\">Tuber\u00eda OD<\/td>\n<td style=\"text-align: center;\" rowspan=\"2\" width=\"51\">&nbsp;<\/p>\n<p>B<\/td>\n<td style=\"text-align: center;\" rowspan=\"2\" width=\"54\">&nbsp;<\/p>\n<p>C<\/td>\n<td style=\"text-align: center;\" rowspan=\"2\" width=\"56\">&nbsp;<\/p>\n<p>b<\/td>\n<td style=\"text-align: center;\" colspan=\"3\" width=\"167\"><strong><b>PN10<\/b><\/strong>\u00a0<strong><b>Brida<\/b><\/strong>\u00a0<strong><b>Perforaci\u00f3n<\/b><\/strong><\/td>\n<td style=\"text-align: center;\" colspan=\"3\" width=\"185\"><strong><b>PN16<\/b><\/strong>\u00a0<strong><b>Brida<\/b><\/strong>\u00a0<strong><b>Perforaci\u00f3n<\/b><\/strong><\/td>\n<td style=\"text-align: center;\" rowspan=\"2\" width=\"65\">Pernos No<\/td>\n<td style=\"text-align: center;\" rowspan=\"2\" width=\"71\">&nbsp;<\/p>\n<p>MxL<\/td>\n<\/tr>\n<tr>\n<td width=\"56\">D<\/td>\n<td width=\"54\">D1<\/td>\n<td width=\"56\">n-Od<\/td>\n<td width=\"63\">D<\/td>\n<td width=\"62\">D1<\/td>\n<td width=\"59\">n-Od<\/td>\n<\/tr>\n<tr>\n<td width=\"60\">DN50<\/td>\n<td width=\"63\">60.5<\/td>\n<td width=\"51\">73<\/td>\n<td width=\"54\">110<\/td>\n<td width=\"56\">19<\/td>\n<td width=\"56\">165<\/td>\n<td width=\"54\">125<\/td>\n<td width=\"56\">4-19<\/td>\n<td width=\"63\">165<\/td>\n<td width=\"62\">125<\/td>\n<td width=\"59\">4-19<\/td>\n<td width=\"65\">4<\/td>\n<td width=\"71\">M12x100<\/td>\n<\/tr>\n<tr>\n<td width=\"60\">DN65<\/td>\n<td width=\"63\">76.3<\/td>\n<td width=\"51\">73<\/td>\n<td width=\"54\">110<\/td>\n<td width=\"56\">19<\/td>\n<td width=\"56\">185<\/td>\n<td width=\"54\">145<\/td>\n<td width=\"56\">4-19<\/td>\n<td width=\"63\">185<\/td>\n<td width=\"62\">145<\/td>\n<td width=\"59\">4-19<\/td>\n<td width=\"65\">4<\/td>\n<td width=\"71\">M12x100<\/td>\n<\/tr>\n<tr>\n<td width=\"60\">DN80<\/td>\n<td width=\"63\">89.1<\/td>\n<td width=\"51\">73<\/td>\n<td width=\"54\">110<\/td>\n<td width=\"56\">19<\/td>\n<td width=\"56\">200<\/td>\n<td width=\"54\">160<\/td>\n<td width=\"56\">8-19<\/td>\n<td width=\"63\">200<\/td>\n<td width=\"62\">160<\/td>\n<td width=\"59\">8-19<\/td>\n<td width=\"65\">4<\/td>\n<td width=\"71\">M12x100<\/td>\n<\/tr>\n<tr>\n<td width=\"60\">DN100<\/td>\n<td width=\"63\">114.3<\/td>\n<td width=\"51\">73<\/td>\n<td width=\"54\">110<\/td>\n<td width=\"56\">19<\/td>\n<td width=\"56\">220<\/td>\n<td width=\"54\">180<\/td>\n<td width=\"56\">8-19<\/td>\n<td width=\"63\">220<\/td>\n<td width=\"62\">180<\/td>\n<td width=\"59\">8-19<\/td>\n<td width=\"65\">4<\/td>\n<td width=\"71\">M12x100<\/td>\n<\/tr>\n<tr>\n<td width=\"60\">DN125<\/td>\n<td width=\"63\">139.8<\/td>\n<td width=\"51\">76<\/td>\n<td width=\"54\">110<\/td>\n<td width=\"56\">19<\/td>\n<td width=\"56\">250<\/td>\n<td width=\"54\">210<\/td>\n<td width=\"56\">8-19<\/td>\n<td width=\"63\">250<\/td>\n<td width=\"62\">210<\/td>\n<td width=\"59\">8-19<\/td>\n<td width=\"65\">4<\/td>\n<td width=\"71\">M12x100<\/td>\n<\/tr>\n<tr>\n<td width=\"60\">DN150<\/td>\n<td width=\"63\">168.3<\/td>\n<td width=\"51\">76<\/td>\n<td width=\"54\">125<\/td>\n<td width=\"56\">19<\/td>\n<td width=\"56\">285<\/td>\n<td width=\"54\">240<\/td>\n<td width=\"56\">8-23<\/td>\n<td width=\"63\">285<\/td>\n<td width=\"62\">240<\/td>\n<td width=\"59\">8-23<\/td>\n<td width=\"65\">4<\/td>\n<td width=\"71\">M12x110<\/td>\n<\/tr>\n<tr>\n<td width=\"60\">DN200<\/td>\n<td width=\"63\">219.1<\/td>\n<td width=\"51\">76<\/td>\n<td width=\"54\">125<\/td>\n<td width=\"56\">20<\/td>\n<td width=\"56\">340<\/td>\n<td width=\"54\">295<\/td>\n<td width=\"56\">8-23<\/td>\n<td width=\"63\">340<\/td>\n<td width=\"62\">295<\/td>\n<td width=\"59\">12-23<\/td>\n<td width=\"65\">4<\/td>\n<td width=\"71\">M12x110<\/td>\n<\/tr>\n<tr>\n<td width=\"60\">DN250<\/td>\n<td width=\"63\">273.1<\/td>\n<td width=\"51\">90<\/td>\n<td width=\"54\">135<\/td>\n<td width=\"56\">22<\/td>\n<td width=\"56\">400<\/td>\n<td width=\"54\">350<\/td>\n<td width=\"56\">12-23<\/td>\n<td width=\"63\">400<\/td>\n<td width=\"62\">355<\/td>\n<td width=\"59\">12-28<\/td>\n<td width=\"65\">6<\/td>\n<td width=\"71\">M12x120<\/td>\n<\/tr>\n<tr>\n<td width=\"60\">DN300<\/td>\n<td width=\"63\">323.9<\/td>\n<td width=\"51\">90<\/td>\n<td width=\"54\">135<\/td>\n<td width=\"56\">24.5<\/td>\n<td width=\"56\">455<\/td>\n<td width=\"54\">400<\/td>\n<td width=\"56\">12-23<\/td>\n<td width=\"63\">455<\/td>\n<td width=\"62\">410<\/td>\n<td width=\"59\">12-28<\/td>\n<td width=\"65\">6<\/td>\n<td width=\"71\">M12x120<\/td>\n<\/tr>\n<tr>\n<td width=\"60\">DN350<\/td>\n<td width=\"63\">355.6<\/td>\n<td width=\"51\">110<\/td>\n<td width=\"54\">185<\/td>\n<td width=\"56\">24.5<\/td>\n<td width=\"56\">505<\/td>\n<td width=\"54\">460<\/td>\n<td width=\"56\">16-23<\/td>\n<td width=\"63\">520<\/td>\n<td width=\"62\">470<\/td>\n<td width=\"59\">16-28<\/td>\n<td width=\"65\">8<\/td>\n<td width=\"71\">M16x170<\/td>\n<\/tr>\n<tr>\n<td width=\"60\">DN400<\/td>\n<td width=\"63\">406.4<\/td>\n<td width=\"51\">110<\/td>\n<td width=\"54\">180<\/td>\n<td width=\"56\">24<\/td>\n<td width=\"56\">565<\/td>\n<td width=\"54\">515<\/td>\n<td width=\"56\">16-28<\/td>\n<td width=\"63\">580<\/td>\n<td width=\"62\">525<\/td>\n<td width=\"59\">16-31<\/td>\n<td width=\"65\">8<\/td>\n<td width=\"71\">M16x170<\/td>\n<\/tr>\n<tr>\n<td width=\"60\">DN450<\/td>\n<td width=\"63\">457.2<\/td>\n<td width=\"51\">110<\/td>\n<td width=\"54\">190<\/td>\n<td width=\"56\">25<\/td>\n<td width=\"56\">615<\/td>\n<td width=\"54\">565<\/td>\n<td width=\"56\">20-28<\/td>\n<td width=\"63\">640<\/td>\n<td width=\"62\">585<\/td>\n<td width=\"59\">20-31<\/td>\n<td width=\"65\">10<\/td>\n<td width=\"71\">M16x170<\/td>\n<\/tr>\n<tr>\n<td width=\"60\">DN500<\/td>\n<td width=\"63\">508<\/td>\n<td width=\"51\">115<\/td>\n<td width=\"54\">190<\/td>\n<td width=\"56\">26<\/td>\n<td width=\"56\">670<\/td>\n<td width=\"54\">620<\/td>\n<td width=\"56\">20-28<\/td>\n<td width=\"63\">715<\/td>\n<td width=\"62\">650<\/td>\n<td width=\"59\">20-34<\/td>\n<td width=\"65\">10<\/td>\n<td width=\"71\">M16x180<\/td>\n<\/tr>\n<tr>\n<td width=\"60\">DN600<\/td>\n<td width=\"63\">609.6<\/td>\n<td width=\"51\">115<\/td>\n<td width=\"54\">190<\/td>\n<td width=\"56\">30<\/td>\n<td width=\"56\">780<\/td>\n<td width=\"54\">725<\/td>\n<td width=\"56\">20-31<\/td>\n<td width=\"63\">840<\/td>\n<td width=\"62\">770<\/td>\n<td width=\"59\">20-37<\/td>\n<td width=\"65\">10<\/td>\n<td width=\"71\">M16x180<\/td>\n<\/tr>\n<tr>\n<td width=\"60\">DN700<\/td>\n<td width=\"63\">711.2<\/td>\n<td width=\"51\">115<\/td>\n<td width=\"54\">190<\/td>\n<td width=\"56\">32<\/td>\n<td width=\"56\">895<\/td>\n<td width=\"54\">840<\/td>\n<td width=\"56\">24-31<\/td>\n<td width=\"63\">910<\/td>\n<td width=\"62\">840<\/td>\n<td width=\"59\">24-37<\/td>\n<td width=\"65\">12<\/td>\n<td width=\"71\">M16x180<\/td>\n<\/tr>\n<tr>\n<td width=\"60\">DN800<\/td>\n<td width=\"63\">812.8<\/td>\n<td width=\"51\">115<\/td>\n<td width=\"54\">190<\/td>\n<td width=\"56\">35<\/td>\n<td width=\"56\">1015<\/td>\n<td width=\"54\">950<\/td>\n<td width=\"56\">24-34<\/td>\n<td width=\"63\">1025<\/td>\n<td width=\"62\">950<\/td>\n<td width=\"59\">24-40<\/td>\n<td width=\"65\">12<\/td>\n<td width=\"71\">M16x180<\/td>\n<\/tr>\n<tr>\n<td width=\"60\">DN900<\/td>\n<td width=\"63\">914.4<\/td>\n<td width=\"51\">115<\/td>\n<td width=\"54\">190<\/td>\n<td width=\"56\">37<\/td>\n<td width=\"56\">1115<\/td>\n<td width=\"54\">1050<\/td>\n<td width=\"56\">28-34<\/td>\n<td width=\"63\">1125<\/td>\n<td width=\"62\">1050<\/td>\n<td width=\"59\">28-40<\/td>\n<td width=\"65\">14<\/td>\n<td width=\"71\">M16x180<\/td>\n<\/tr>\n<tr>\n<td width=\"60\">DN1000<\/td>\n<td width=\"63\">1016<\/td>\n<td width=\"51\">115<\/td>\n<td width=\"54\">190<\/td>\n<td width=\"56\">40<\/td>\n<td width=\"56\">1230<\/td>\n<td width=\"54\">1160<\/td>\n<td width=\"56\">28-37<\/td>\n<td width=\"63\">1255<\/td>\n<td width=\"62\">1170<\/td>\n<td width=\"59\">28-43<\/td>\n<td width=\"65\">14<\/td>\n<td width=\"71\">M16x180<\/td>\n<\/tr>\n<tr>\n<td style=\"text-align: center;\" width=\"60\">DN1200<\/td>\n<td style=\"text-align: center;\" width=\"63\">1219.2<\/td>\n<td style=\"text-align: center;\" width=\"51\">130<\/td>\n<td style=\"text-align: center;\" width=\"54\">190<\/td>\n<td style=\"text-align: center;\" width=\"56\">45<\/td>\n<td style=\"text-align: center;\" width=\"56\">1455<\/td>\n<td style=\"text-align: center;\" width=\"54\">1380<\/td>\n<td style=\"text-align: center;\" width=\"56\">32-40<\/td>\n<td style=\"text-align: center;\" width=\"63\">1485<\/td>\n<td style=\"text-align: center;\" width=\"62\">1390<\/td>\n<td style=\"text-align: center;\" width=\"59\">32-49<\/td>\n<td style=\"text-align: center;\" width=\"65\">16<\/td>\n<td width=\"71\">\n<p style=\"text-align: center;\">M16x180<\/p>\n<\/td>\n<\/tr>\n<\/tbody>\n<\/table>\n<p>Los adaptadores de brida espec\u00edficos, que cubren una gama similar a la de los acoplamientos rectos, se fabrican para unir tuber\u00edas de extremos lisos a v\u00e1lvulas, accesorios, caudal\u00edmetros y tuber\u00edas con bridas. Los acoplamientos espec\u00edficos unen tuber\u00edas del mismo di\u00e1metro exterior y se pueden fabricar para adaptarse a dimensiones m\u00e9tricas e imperiales para tuber\u00edas de acero, hierro d\u00factil, etc.<\/p>\n<p>&nbsp;<\/p>\n<p><strong><b>Caracter\u00edsticas de dise\u00f1o<\/b><\/strong><\/p>\n<p>\u25c6 Sellado de larga duraci\u00f3n<\/p>\n<ul>\n<li>La junta de sellado elastom\u00e9tico puede proporcionar m\u00e1s de 25 a\u00f1os de vida \u00fatil.<\/li>\n<\/ul>\n<p>F\u00e1cil de adaptar<\/p>\n<ul>\n<li>Disponible para muchas condiciones de instalaci\u00f3n, como bajo el agua, tipos de zanjas en cualquier clima.<\/li>\n<\/ul>\n<p>\u25c6 Excelente protecci\u00f3n del revestimiento<\/p>\n<ul>\n<li>El cuadro normal para universal<\/li>\n<\/ul>\n<p>los accesorios son de fusi\u00f3n RAL5017<\/p>\n<p>polvo recubierto de epoxi que con<\/p>\n<p>buenas caracter\u00edsticas anticorrosi\u00f3n,<\/p>\n<p>y los tornillos y tuercas est\u00e1n recubiertos de Dacromet, que tiene buenas caracter\u00edsticas de anticorrosi\u00f3n y termoestabilidad.<\/p>\n<p>&nbsp;<\/p>\n<p><strong><b>Material y normas pertinentes:<\/b><\/strong><\/p>\n<p><strong><b>Acoplamiento<\/b><\/strong><\/p>\n<p>Manguito central y anillos finales<\/p>\n<ul>\n<li>Fundici\u00f3n d\u00factil seg\u00fan BS EN-GJS-500-7<\/li>\n<li>\u00a0Acero dulce seg\u00fan EN10025 S235JR.<\/li>\n<\/ul>\n<p>\u25c6 JuntasEst\u00e1ndar<\/p>\n<ul>\n<li>EPDM SEG\u00daN BS EN681-1<\/li>\n<li>NBR SEG\u00daN BS EN682<\/li>\n<\/ul>\n<p>\u25c6 Pernos en T\/Tornillos<\/p>\n<ul>\n<li>Norma:Acero seg\u00fan BS EN ISO898-1 Clase4.8<\/li>\n<li>Otro material disponible previa solicitud.<\/li>\n<\/ul>\n<p>\u25c6 Tuercas\/Arandelas<\/p>\n<ul>\n<li>Tuercas:Acero seg\u00fan BS EN ISO 898-2.<\/li>\n<li>Otro material disponible previa solicitud.<\/li>\n<\/ul>\n<p>\u25c6 Arandelas<\/p>\n<ul>\n<li>Acero recubierto de Decromet<\/li>\n<\/ul>\n<p>Revestimientos<\/p>\n<ul>\n<li>Azul FBE con recubrimiento RAL5017<\/li>\n<li>Opci\u00f3n:Rilsan Nylon 11.<\/li>\n<\/ul>\n<p><strong><b>Adaptador de brida<\/b><\/strong><\/p>\n<p>\u25c6 Cuerpo y anillo final<\/p>\n<ul>\n<li>Fundici\u00f3n d\u00factil seg\u00fan BS EN-GJS-500-7<\/li>\n<li>Acero dulce seg\u00fan EN10025 S235JR.<\/li>\n<\/ul>\n<p>Juntas est\u00e1ndar<\/p>\n<ul>\n<li>EPDM SEG\u00daN BS EN681-1<\/li>\n<li>NBR SEG\u00daN BS EN682<\/li>\n<\/ul>\n<p>\u25c6 Pernos en T\/Tornillos<\/p>\n<ul>\n<li>Norma:Acero seg\u00fan BS EN SO 898-1 Clase4.8<\/li>\n<li>Otro material disponible previa solicitud.<\/li>\n<\/ul>\n<p>\u25c6 Tuercas\/Arandelas<\/p>\n<ul>\n<li>Tuercas:Acero seg\u00fan BS EN ISO898-2.<\/li>\n<li>Otro material disponible previa solicitud.<\/li>\n<\/ul>\n<p>\u25c6 Arandelas<\/p>\n<ul>\n<li>Acero recubierto de Decromet<\/li>\n<\/ul>\n<p>Revestimientos<\/p>\n<ul>\n<li>Azul FBE con recubrimiento RAL5017<\/li>\n<li>Opci\u00f3n:Rilsan Nylon 11.<\/li>\n<\/ul>\n<p>&nbsp;<\/p>","protected":false},"excerpt":{"rendered":"<p>Dedicated Flange Adaptor for STEEL Pipe \u00a0 \u00a0 \u00a0 \u00a0 \u00a0 \u00a0 \u00a0 \u00a0 \u00a0 \u00a0 \u00a0 \u00a0 \u00a0 \u00a0 \u00a0 \u00a0 \u00a0 \u00a0 \u00a0 \u00a0 \u00a0 \u00a0 \u00a0 \u00a0 \u00a0 \u00a0 \u00a0 \u00a0 \u00a0 \u00a0 \u00a0 \u00a0 \u00a0 \u00a0 \u00a0 \u00a0 \u00a0 \u00a0 \u00a0 \u00a0 \u00a0 \u00a0 \u00a0 \u00a0 \u00a0 \u00a0 \u00a0 \u00a0 \u00a0 [&hellip;]<\/p>","protected":false},"featured_media":3996,"comment_status":"open","ping_status":"closed","template":"","meta":{"_uag_custom_page_level_css":"","site-sidebar-layout":"default","site-content-layout":"","ast-site-content-layout":"default","site-content-style":"default","site-sidebar-style":"default","ast-global-header-display":"","ast-banner-title-visibility":"","ast-main-header-display":"","ast-hfb-above-header-display":"","ast-hfb-below-header-display":"","ast-hfb-mobile-header-display":"","site-post-title":"","ast-breadcrumbs-content":"","ast-featured-img":"","footer-sml-layout":"","ast-disable-related-posts":"","theme-transparent-header-meta":"default","adv-header-id-meta":"","stick-header-meta":"","header-above-stick-meta":"","header-main-stick-meta":"","header-below-stick-meta":"","astra-migrate-meta-layouts":"set","ast-page-background-enabled":"default","ast-page-background-meta":{"desktop":{"background-color":"","background-image":"","background-repeat":"repeat","background-position":"center center","background-size":"auto","background-attachment":"scroll","background-type":"","background-media":"","overlay-type":"","overlay-color":"","overlay-opacity":"","overlay-gradient":""},"tablet":{"background-color":"","background-image":"","background-repeat":"repeat","background-position":"center center","background-size":"auto","background-attachment":"scroll","background-type":"","background-media":"","overlay-type":"","overlay-color":"","overlay-opacity":"","overlay-gradient":""},"mobile":{"background-color":"","background-image":"","background-repeat":"repeat","background-position":"center center","background-size":"auto","background-attachment":"scroll","background-type":"","background-media":"","overlay-type":"","overlay-color":"","overlay-opacity":"","overlay-gradient":""}},"ast-content-background-meta":{"desktop":{"background-color":"var(--ast-global-color-5)","background-image":"","background-repeat":"repeat","background-position":"center center","background-size":"auto","background-attachment":"scroll","background-type":"","background-media":"","overlay-type":"","overlay-color":"","overlay-opacity":"","overlay-gradient":""},"tablet":{"background-color":"var(--ast-global-color-5)","background-image":"","background-repeat":"repeat","background-position":"center center","background-size":"auto","background-attachment":"scroll","background-type":"","background-media":"","overlay-type":"","overlay-color":"","overlay-opacity":"","overlay-gradient":""},"mobile":{"background-color":"var(--ast-global-color-5)","background-image":"","background-repeat":"repeat","background-position":"center center","background-size":"auto","background-attachment":"scroll","background-type":"","background-media":"","overlay-type":"","overlay-color":"","overlay-opacity":"","overlay-gradient":""}}},"product_brand":[],"product_cat":[98,65],"product_tag":[],"class_list":{"0":"post-3994","1":"product","2":"type-product","3":"status-publish","4":"has-post-thumbnail","6":"product_cat-dedicated-flange-adaptor-and-coupling","7":"product_cat-pipe-joint","8":"desktop-align-left","9":"tablet-align-left","10":"mobile-align-left","12":"first","13":"instock","14":"shipping-taxable","15":"product-type-simple"},"uagb_featured_image_src":{"full":["https:\/\/www.fanrongcasting.com\/wp-content\/uploads\/2025\/03\/Dedicated-Flange-Adaptor2-.png",800,600,false],"thumbnail":["https:\/\/www.fanrongcasting.com\/wp-content\/uploads\/2025\/03\/Dedicated-Flange-Adaptor2--150x150.png",150,150,true],"medium":["https:\/\/www.fanrongcasting.com\/wp-content\/uploads\/2025\/03\/Dedicated-Flange-Adaptor2--300x225.png",300,225,true],"medium_large":["https:\/\/www.fanrongcasting.com\/wp-content\/uploads\/2025\/03\/Dedicated-Flange-Adaptor2--768x576.png",768,576,true],"large":["https:\/\/www.fanrongcasting.com\/wp-content\/uploads\/2025\/03\/Dedicated-Flange-Adaptor2-.png",800,600,false],"1536x1536":["https:\/\/www.fanrongcasting.com\/wp-content\/uploads\/2025\/03\/Dedicated-Flange-Adaptor2-.png",800,600,false],"2048x2048":["https:\/\/www.fanrongcasting.com\/wp-content\/uploads\/2025\/03\/Dedicated-Flange-Adaptor2-.png",800,600,false],"trp-custom-language-flag":["https:\/\/www.fanrongcasting.com\/wp-content\/uploads\/2025\/03\/Dedicated-Flange-Adaptor2--16x12.png",16,12,true],"woocommerce_thumbnail":["https:\/\/www.fanrongcasting.com\/wp-content\/uploads\/2025\/03\/Dedicated-Flange-Adaptor2--300x300.png",300,300,true],"woocommerce_single":["https:\/\/www.fanrongcasting.com\/wp-content\/uploads\/2025\/03\/Dedicated-Flange-Adaptor2--600x450.png",600,450,true],"woocommerce_gallery_thumbnail":["https:\/\/www.fanrongcasting.com\/wp-content\/uploads\/2025\/03\/Dedicated-Flange-Adaptor2--100x100.png",100,100,true]},"uagb_author_info":{"display_name":"jinxing6611@gmail.com","author_link":"https:\/\/www.fanrongcasting.com\/es\/author\/"},"uagb_comment_info":0,"uagb_excerpt":"Dedicated Flange Adaptor for STEEL Pipe \u00a0 \u00a0 \u00a0 \u00a0 \u00a0 \u00a0 \u00a0 \u00a0 \u00a0 \u00a0 \u00a0 \u00a0 \u00a0 \u00a0 \u00a0 \u00a0 \u00a0 \u00a0 \u00a0 \u00a0 \u00a0 \u00a0 \u00a0 \u00a0 \u00a0 \u00a0 \u00a0 \u00a0 \u00a0 \u00a0 \u00a0 \u00a0 \u00a0 \u00a0 \u00a0 \u00a0 \u00a0 \u00a0 \u00a0 \u00a0 \u00a0 \u00a0 \u00a0 \u00a0 \u00a0 \u00a0 \u00a0 \u00a0 \u00a0&hellip;","_links":{"self":[{"href":"https:\/\/www.fanrongcasting.com\/es\/wp-json\/wp\/v2\/product\/3994","targetHints":{"allow":["GET"]}}],"collection":[{"href":"https:\/\/www.fanrongcasting.com\/es\/wp-json\/wp\/v2\/product"}],"about":[{"href":"https:\/\/www.fanrongcasting.com\/es\/wp-json\/wp\/v2\/types\/product"}],"replies":[{"embeddable":true,"href":"https:\/\/www.fanrongcasting.com\/es\/wp-json\/wp\/v2\/comments?post=3994"}],"wp:featuredmedia":[{"embeddable":true,"href":"https:\/\/www.fanrongcasting.com\/es\/wp-json\/wp\/v2\/media\/3996"}],"wp:attachment":[{"href":"https:\/\/www.fanrongcasting.com\/es\/wp-json\/wp\/v2\/media?parent=3994"}],"wp:term":[{"taxonomy":"product_brand","embeddable":true,"href":"https:\/\/www.fanrongcasting.com\/es\/wp-json\/wp\/v2\/product_brand?post=3994"},{"taxonomy":"product_cat","embeddable":true,"href":"https:\/\/www.fanrongcasting.com\/es\/wp-json\/wp\/v2\/product_cat?post=3994"},{"taxonomy":"product_tag","embeddable":true,"href":"https:\/\/www.fanrongcasting.com\/es\/wp-json\/wp\/v2\/product_tag?post=3994"}],"curies":[{"name":"wp","href":"https:\/\/api.w.org\/{rel}","templated":true}]}}