{"id":3990,"date":"2025-03-20T03:30:02","date_gmt":"2025-03-20T03:30:02","guid":{"rendered":"https:\/\/www.fanrongcasting.com\/?post_type=product&#038;p=3990"},"modified":"2025-04-01T08:11:03","modified_gmt":"2025-04-01T08:11:03","slug":"dedicated-flange-adaptor-for-di-pipe","status":"publish","type":"product","link":"https:\/\/www.fanrongcasting.com\/es\/producto\/dedicated-flange-adaptor-for-di-pipe\/","title":{"rendered":"Adaptador de brida dedicado para tuber\u00eda DI"},"content":{"rendered":"<p style=\"text-align: center;\"><strong>Adaptador de brida dedicado para tuber\u00eda DI<\/strong><\/p>\n<p>\u00a0 \u00a0 \u00a0 \u00a0 \u00a0 \u00a0 \u00a0 \u00a0 \u00a0 \u00a0 \u00a0 \u00a0 \u00a0 \u00a0 \u00a0 \u00a0 \u00a0 \u00a0 \u00a0 \u00a0 \u00a0 \u00a0 \u00a0 \u00a0 \u00a0 \u00a0 \u00a0 \u00a0 \u00a0 \u00a0 \u00a0 \u00a0 \u00a0 \u00a0 \u00a0 \u00a0 \u00a0 \u00a0 \u00a0 \u00a0 \u00a0 \u00a0 \u00a0 \u00a0 <img fetchpriority=\"high\" decoding=\"async\" class=\"size-full wp-image-4238 aligncenter\" src=\"https:\/\/www.fanrongcasting.com\/wp-content\/uploads\/2025\/03\/1-1-1.png\" alt=\"\" width=\"298\" height=\"291\" srcset=\"https:\/\/www.fanrongcasting.com\/wp-content\/uploads\/2025\/03\/1-1-1.png 298w, https:\/\/www.fanrongcasting.com\/wp-content\/uploads\/2025\/03\/1-1-1-12x12.png 12w\" sizes=\"(max-width: 298px) 100vw, 298px\" \/>\u00a0 \u00a0 \u00a0 \u00a0 \u00a0 \u00a0 \u00a0 \u00a0 \u00a0 \u00a0 \u00a0 \u00a0 \u00a0 \u00a0 \u00a0 \u00a0 \u00a0 \u00a0 \u00a0 \u00a0 \u00a0 \u00a0 \u00a0 <img decoding=\"async\" class=\"size-medium wp-image-4239 aligncenter\" src=\"https:\/\/www.fanrongcasting.com\/wp-content\/uploads\/2025\/03\/1-2-159x300.png\" alt=\"\" width=\"159\" height=\"300\" srcset=\"https:\/\/www.fanrongcasting.com\/wp-content\/uploads\/2025\/03\/1-2-159x300.png 159w, https:\/\/www.fanrongcasting.com\/wp-content\/uploads\/2025\/03\/1-2-6x12.png 6w, https:\/\/www.fanrongcasting.com\/wp-content\/uploads\/2025\/03\/1-2.png 252w\" sizes=\"(max-width: 159px) 100vw, 159px\" \/><\/p>\n<p><strong><b>\u25c6<\/b><\/strong><strong><b>Material<\/b><\/strong><strong><b>\u00a0<\/b><\/strong><strong><b>Especificaci\u00f3n:<\/b><\/strong><\/p>\n<table>\n<tbody>\n<tr>\n<td width=\"44\"><strong><b>No.<\/b><\/strong><\/td>\n<td width=\"96\">Nombre de la pieza<\/td>\n<td width=\"168\">Material<\/td>\n<td width=\"114\">Especificaci\u00f3n<\/td>\n<\/tr>\n<tr>\n<td width=\"44\">1<\/td>\n<td width=\"96\">Cuerpo<\/td>\n<td width=\"168\">Hierro d\u00factil<\/td>\n<td width=\"114\">GGG50<\/td>\n<\/tr>\n<tr>\n<td width=\"44\">2<\/td>\n<td width=\"96\">Anillo terminal<\/td>\n<td width=\"168\">Hierro d\u00factil<\/td>\n<td width=\"114\">GGG50<\/td>\n<\/tr>\n<tr>\n<td width=\"44\">3<\/td>\n<td width=\"96\">Junta de goma<\/td>\n<td width=\"168\">Goma<\/td>\n<td width=\"114\">EPDM<\/td>\n<\/tr>\n<tr>\n<td width=\"44\">4<\/td>\n<td width=\"96\">Perno<\/td>\n<td width=\"168\">Acero revestido de Dacromet<\/td>\n<td width=\"114\">ISO898-1:1999<\/td>\n<\/tr>\n<tr>\n<td width=\"44\">5<\/td>\n<td width=\"96\">Lavadora<\/td>\n<td width=\"168\">Acero revestido de Dacromet<\/td>\n<td width=\"114\"><\/td>\n<\/tr>\n<tr>\n<td width=\"44\">6<\/td>\n<td width=\"96\">Tuerca<\/td>\n<td width=\"168\">Acero revestido de Dacromet<\/td>\n<td width=\"114\">ISO898-2:1992<\/td>\n<\/tr>\n<tr>\n<td width=\"44\">7<\/td>\n<td width=\"96\">Gorra<\/td>\n<td width=\"168\">Pl\u00e1stico<\/td>\n<td width=\"114\"><\/td>\n<\/tr>\n<\/tbody>\n<\/table>\n<p><img decoding=\"async\" class=\"wp-image-4241 size-full aligncenter\" src=\"https:\/\/www.fanrongcasting.com\/wp-content\/uploads\/2025\/03\/666.png\" alt=\"\" width=\"1035\" height=\"683\" srcset=\"https:\/\/www.fanrongcasting.com\/wp-content\/uploads\/2025\/03\/666.png 1035w, https:\/\/www.fanrongcasting.com\/wp-content\/uploads\/2025\/03\/666-300x198.png 300w, https:\/\/www.fanrongcasting.com\/wp-content\/uploads\/2025\/03\/666-1024x676.png 1024w, https:\/\/www.fanrongcasting.com\/wp-content\/uploads\/2025\/03\/666-768x507.png 768w, https:\/\/www.fanrongcasting.com\/wp-content\/uploads\/2025\/03\/666-18x12.png 18w, https:\/\/www.fanrongcasting.com\/wp-content\/uploads\/2025\/03\/666-600x396.png 600w\" sizes=\"(max-width: 1035px) 100vw, 1035px\" \/><\/p>\n<p>&nbsp;<\/p>\n<p>&nbsp;<\/p>\n<p>Los adaptadores de brida espec\u00edficos, que cubren una gama similar a la de los acoplamientos rectos, se fabrican para unir tuber\u00edas de extremos lisos a v\u00e1lvulas, accesorios, caudal\u00edmetros y tuber\u00edas con bridas. Los acoplamientos espec\u00edficos unen tuber\u00edas del mismo di\u00e1metro exterior y se pueden fabricar para adaptarse a dimensiones m\u00e9tricas e imperiales para tuber\u00edas de acero, hierro d\u00factil, etc.<\/p>\n<p>&nbsp;<\/p>\n<p><strong><b>Caracter\u00edsticas de dise\u00f1o<\/b><\/strong><\/p>\n<p>\u25c6 Sellado de larga duraci\u00f3n<\/p>\n<ul>\n<li>La junta de sellado elastom\u00e9tico puede proporcionar m\u00e1s de 25 a\u00f1os de vida \u00fatil.<\/li>\n<\/ul>\n<p>F\u00e1cil de adaptar<\/p>\n<ul>\n<li>Disponible para muchas condiciones de instalaci\u00f3n, como bajo el agua, tipos de zanjas en cualquier clima.<\/li>\n<\/ul>\n<p>\u25c6 Excelente protecci\u00f3n del revestimiento<\/p>\n<ul>\n<li>El cuadro normal para universal<\/li>\n<\/ul>\n<p>los accesorios son de fusi\u00f3n RAL5017<\/p>\n<p>polvo recubierto de epoxi que con<\/p>\n<p>buenas caracter\u00edsticas anticorrosi\u00f3n,<\/p>\n<p>y los tornillos y tuercas est\u00e1n recubiertos de Dacromet, que tiene buenas caracter\u00edsticas de anticorrosi\u00f3n y termoestabilidad.<\/p>\n<p>&nbsp;<\/p>\n<p><strong><b>Material y normas pertinentes:<\/b><\/strong><\/p>\n<p><strong><b>Acoplamiento<\/b><\/strong><\/p>\n<p>Manguito central y anillos finales<\/p>\n<ul>\n<li>Fundici\u00f3n d\u00factil seg\u00fan BS EN-GJS-500-7<\/li>\n<li>\u00a0Acero dulce seg\u00fan EN10025 S235JR.<\/li>\n<\/ul>\n<p>\u25c6 JuntasEst\u00e1ndar<\/p>\n<ul>\n<li>EPDM SEG\u00daN BS EN681-1<\/li>\n<li>NBR SEG\u00daN BS EN682<\/li>\n<\/ul>\n<p>\u25c6 Pernos en T\/Tornillos<\/p>\n<ul>\n<li>Norma:Acero seg\u00fan BS EN ISO898-1 Clase4.8<\/li>\n<li>Otro material disponible previa solicitud.<\/li>\n<\/ul>\n<p>\u25c6 Tuercas\/Arandelas<\/p>\n<ul>\n<li>Tuercas:Acero seg\u00fan BS EN ISO 898-2.<\/li>\n<li>Otro material disponible previa solicitud.<\/li>\n<\/ul>\n<p>\u25c6 Arandelas<\/p>\n<ul>\n<li>Acero recubierto de Decromet<\/li>\n<\/ul>\n<p>Revestimientos<\/p>\n<ul>\n<li>Azul FBE con recubrimiento RAL5017<\/li>\n<li>Opci\u00f3n:Rilsan Nylon 11.<\/li>\n<\/ul>\n<p><strong><b>Adaptador de brida<\/b><\/strong><\/p>\n<p>\u25c6 Cuerpo y anillo final<\/p>\n<ul>\n<li>Fundici\u00f3n d\u00factil seg\u00fan BS EN-GJS-500-7<\/li>\n<li>Acero dulce seg\u00fan EN10025 S235JR.<\/li>\n<\/ul>\n<p>Juntas est\u00e1ndar<\/p>\n<ul>\n<li>EPDM SEG\u00daN BS EN681-1<\/li>\n<li>NBR SEG\u00daN BS EN682<\/li>\n<\/ul>\n<p>\u25c6 Pernos en T\/Tornillos<\/p>\n<ul>\n<li>Norma:Acero seg\u00fan BS EN SO 898-1 Clase4.8<\/li>\n<li>Otro material disponible previa solicitud.<\/li>\n<\/ul>\n<p>\u25c6 Tuercas\/Arandelas<\/p>\n<ul>\n<li>Tuercas:Acero seg\u00fan BS EN ISO898-2.<\/li>\n<li>Otro material disponible previa solicitud.<\/li>\n<\/ul>\n<p>\u25c6 Arandelas<\/p>\n<ul>\n<li>Acero recubierto de Decromet<\/li>\n<\/ul>\n<p>Revestimientos<\/p>\n<ul>\n<li>Azul FBE con recubrimiento RAL5017<\/li>\n<li>Opci\u00f3n:Rilsan Nylon 11.<\/li>\n<\/ul>\n<p>&nbsp;<\/p>","protected":false},"excerpt":{"rendered":"<p>Dedicated Flange Adaptor for DI Pipe \u00a0 \u00a0 \u00a0 \u00a0 \u00a0 \u00a0 \u00a0 \u00a0 \u00a0 \u00a0 \u00a0 \u00a0 \u00a0 \u00a0 \u00a0 \u00a0 \u00a0 \u00a0 \u00a0 \u00a0 \u00a0 \u00a0 \u00a0 \u00a0 \u00a0 \u00a0 \u00a0 \u00a0 \u00a0 \u00a0 \u00a0 \u00a0 \u00a0 \u00a0 \u00a0 \u00a0 \u00a0 \u00a0 \u00a0 \u00a0 \u00a0 \u00a0 \u00a0 \u00a0 \u00a0 \u00a0 \u00a0 \u00a0 \u00a0 [&hellip;]<\/p>","protected":false},"featured_media":3993,"comment_status":"open","ping_status":"closed","template":"","meta":{"_uag_custom_page_level_css":"","site-sidebar-layout":"default","site-content-layout":"","ast-site-content-layout":"default","site-content-style":"default","site-sidebar-style":"default","ast-global-header-display":"","ast-banner-title-visibility":"","ast-main-header-display":"","ast-hfb-above-header-display":"","ast-hfb-below-header-display":"","ast-hfb-mobile-header-display":"","site-post-title":"","ast-breadcrumbs-content":"","ast-featured-img":"","footer-sml-layout":"","ast-disable-related-posts":"","theme-transparent-header-meta":"default","adv-header-id-meta":"","stick-header-meta":"","header-above-stick-meta":"","header-main-stick-meta":"","header-below-stick-meta":"","astra-migrate-meta-layouts":"set","ast-page-background-enabled":"default","ast-page-background-meta":{"desktop":{"background-color":"","background-image":"","background-repeat":"repeat","background-position":"center center","background-size":"auto","background-attachment":"scroll","background-type":"","background-media":"","overlay-type":"","overlay-color":"","overlay-opacity":"","overlay-gradient":""},"tablet":{"background-color":"","background-image":"","background-repeat":"repeat","background-position":"center center","background-size":"auto","background-attachment":"scroll","background-type":"","background-media":"","overlay-type":"","overlay-color":"","overlay-opacity":"","overlay-gradient":""},"mobile":{"background-color":"","background-image":"","background-repeat":"repeat","background-position":"center center","background-size":"auto","background-attachment":"scroll","background-type":"","background-media":"","overlay-type":"","overlay-color":"","overlay-opacity":"","overlay-gradient":""}},"ast-content-background-meta":{"desktop":{"background-color":"var(--ast-global-color-5)","background-image":"","background-repeat":"repeat","background-position":"center center","background-size":"auto","background-attachment":"scroll","background-type":"","background-media":"","overlay-type":"","overlay-color":"","overlay-opacity":"","overlay-gradient":""},"tablet":{"background-color":"var(--ast-global-color-5)","background-image":"","background-repeat":"repeat","background-position":"center center","background-size":"auto","background-attachment":"scroll","background-type":"","background-media":"","overlay-type":"","overlay-color":"","overlay-opacity":"","overlay-gradient":""},"mobile":{"background-color":"var(--ast-global-color-5)","background-image":"","background-repeat":"repeat","background-position":"center center","background-size":"auto","background-attachment":"scroll","background-type":"","background-media":"","overlay-type":"","overlay-color":"","overlay-opacity":"","overlay-gradient":""}}},"product_brand":[],"product_cat":[98,65],"product_tag":[],"class_list":{"0":"post-3990","1":"product","2":"type-product","3":"status-publish","4":"has-post-thumbnail","6":"product_cat-dedicated-flange-adaptor-and-coupling","7":"product_cat-pipe-joint","8":"desktop-align-left","9":"tablet-align-left","10":"mobile-align-left","12":"first","13":"instock","14":"shipping-taxable","15":"product-type-simple"},"uagb_featured_image_src":{"full":["https:\/\/www.fanrongcasting.com\/wp-content\/uploads\/2025\/03\/Dedicated-Flange-Adaptor.png",800,600,false],"thumbnail":["https:\/\/www.fanrongcasting.com\/wp-content\/uploads\/2025\/03\/Dedicated-Flange-Adaptor-150x150.png",150,150,true],"medium":["https:\/\/www.fanrongcasting.com\/wp-content\/uploads\/2025\/03\/Dedicated-Flange-Adaptor-300x225.png",300,225,true],"medium_large":["https:\/\/www.fanrongcasting.com\/wp-content\/uploads\/2025\/03\/Dedicated-Flange-Adaptor-768x576.png",768,576,true],"large":["https:\/\/www.fanrongcasting.com\/wp-content\/uploads\/2025\/03\/Dedicated-Flange-Adaptor.png",800,600,false],"1536x1536":["https:\/\/www.fanrongcasting.com\/wp-content\/uploads\/2025\/03\/Dedicated-Flange-Adaptor.png",800,600,false],"2048x2048":["https:\/\/www.fanrongcasting.com\/wp-content\/uploads\/2025\/03\/Dedicated-Flange-Adaptor.png",800,600,false],"trp-custom-language-flag":["https:\/\/www.fanrongcasting.com\/wp-content\/uploads\/2025\/03\/Dedicated-Flange-Adaptor-16x12.png",16,12,true],"woocommerce_thumbnail":["https:\/\/www.fanrongcasting.com\/wp-content\/uploads\/2025\/03\/Dedicated-Flange-Adaptor-300x300.png",300,300,true],"woocommerce_single":["https:\/\/www.fanrongcasting.com\/wp-content\/uploads\/2025\/03\/Dedicated-Flange-Adaptor-600x450.png",600,450,true],"woocommerce_gallery_thumbnail":["https:\/\/www.fanrongcasting.com\/wp-content\/uploads\/2025\/03\/Dedicated-Flange-Adaptor-100x100.png",100,100,true]},"uagb_author_info":{"display_name":"jinxing6611@gmail.com","author_link":"https:\/\/www.fanrongcasting.com\/es\/author\/"},"uagb_comment_info":0,"uagb_excerpt":"Dedicated Flange Adaptor for DI Pipe \u00a0 \u00a0 \u00a0 \u00a0 \u00a0 \u00a0 \u00a0 \u00a0 \u00a0 \u00a0 \u00a0 \u00a0 \u00a0 \u00a0 \u00a0 \u00a0 \u00a0 \u00a0 \u00a0 \u00a0 \u00a0 \u00a0 \u00a0 \u00a0 \u00a0 \u00a0 \u00a0 \u00a0 \u00a0 \u00a0 \u00a0 \u00a0 \u00a0 \u00a0 \u00a0 \u00a0 \u00a0 \u00a0 \u00a0 \u00a0 \u00a0 \u00a0 \u00a0 \u00a0 \u00a0 \u00a0 \u00a0 \u00a0 \u00a0&hellip;","_links":{"self":[{"href":"https:\/\/www.fanrongcasting.com\/es\/wp-json\/wp\/v2\/product\/3990","targetHints":{"allow":["GET"]}}],"collection":[{"href":"https:\/\/www.fanrongcasting.com\/es\/wp-json\/wp\/v2\/product"}],"about":[{"href":"https:\/\/www.fanrongcasting.com\/es\/wp-json\/wp\/v2\/types\/product"}],"replies":[{"embeddable":true,"href":"https:\/\/www.fanrongcasting.com\/es\/wp-json\/wp\/v2\/comments?post=3990"}],"wp:featuredmedia":[{"embeddable":true,"href":"https:\/\/www.fanrongcasting.com\/es\/wp-json\/wp\/v2\/media\/3993"}],"wp:attachment":[{"href":"https:\/\/www.fanrongcasting.com\/es\/wp-json\/wp\/v2\/media?parent=3990"}],"wp:term":[{"taxonomy":"product_brand","embeddable":true,"href":"https:\/\/www.fanrongcasting.com\/es\/wp-json\/wp\/v2\/product_brand?post=3990"},{"taxonomy":"product_cat","embeddable":true,"href":"https:\/\/www.fanrongcasting.com\/es\/wp-json\/wp\/v2\/product_cat?post=3990"},{"taxonomy":"product_tag","embeddable":true,"href":"https:\/\/www.fanrongcasting.com\/es\/wp-json\/wp\/v2\/product_tag?post=3990"}],"curies":[{"name":"wp","href":"https:\/\/api.w.org\/{rel}","templated":true}]}}