{"id":3962,"date":"2025-03-20T00:57:19","date_gmt":"2025-03-20T00:57:19","guid":{"rendered":"https:\/\/www.fanrongcasting.com\/?post_type=product&#038;p=3962"},"modified":"2025-04-07T02:30:19","modified_gmt":"2025-04-07T02:30:19","slug":"resilient-seated-gate-valve-bs5163","status":"publish","type":"product","link":"https:\/\/www.fanrongcasting.com\/es\/producto\/resilient-seated-gate-valve-bs5163\/","title":{"rendered":"V\u00e1lvula de compuerta de asiento el\u00e1stico BS5163"},"content":{"rendered":"<p style=\"text-align: center;\"><strong>V\u00e1lvula de compuerta de asiento el\u00e1stico BS5163<\/strong><\/p>\n<p><img fetchpriority=\"high\" decoding=\"async\" class=\"aligncenter wp-image-3964 size-full\" src=\"https:\/\/www.fanrongcasting.com\/wp-content\/uploads\/2025\/03\/222-7.jpg\" alt=\"\" width=\"652\" height=\"821\" srcset=\"https:\/\/www.fanrongcasting.com\/wp-content\/uploads\/2025\/03\/222-7.jpg 652w, https:\/\/www.fanrongcasting.com\/wp-content\/uploads\/2025\/03\/222-7-238x300.jpg 238w, https:\/\/www.fanrongcasting.com\/wp-content\/uploads\/2025\/03\/222-7-10x12.jpg 10w, https:\/\/www.fanrongcasting.com\/wp-content\/uploads\/2025\/03\/222-7-600x756.jpg 600w\" sizes=\"(max-width: 652px) 100vw, 652px\" \/><\/p>\n<h2 style=\"text-align: left;\"><strong><b>Descripci\u00f3n del producto<\/b><\/strong><\/h2>\n<p style=\"text-align: left;\"><strong><b>Acerca de BS5163 Non Rising Stem Resilient Seated\u00a0<\/b><\/strong><a href=\"http:\/\/www.sinopipesol.com\/gate-valve\/\"><strong><u><b>V\u00e1lvula de compuerta de cu\u00f1a<\/b><\/u><\/strong><\/a><strong><b>:<\/b><\/strong><\/p>\n<p style=\"text-align: left;\"><a href=\"http:\/\/www.sinopipesol.com\/\"><u>v\u00e1lvula de compuerta<\/u><\/a>\u00a0son ampliamente utilizados para todo tipo de aplicaciones y son adecuados tanto para instalaciones a\u00e9reas como subterr\u00e1neas.\u00a0<a href=\"http:\/\/www.sinopipesol.com\/valve\/\"><u>V\u00e1lvula<\/u><\/a>\u00a0para evitar elevados costes de sustituci\u00f3n.<\/p>\n<p style=\"text-align: left;\">Las v\u00e1lvulas de compuerta est\u00e1n dise\u00f1adas para funcionar totalmente abiertas o totalmente cerradas y se instalan en las tuber\u00edas como v\u00e1lvulas de aislamiento, por lo que no deben utilizarse como v\u00e1lvulas de control o regulaci\u00f3n.\u00a0<a href=\"http:\/\/www.sinopipesol.com\/gate-valve\/\"><u>V\u00e1lvula de compuerta<\/u><\/a>\u00a0se realiza mediante un movimiento giratorio del v\u00e1stago en el sentido de las agujas del reloj para cerrar (CTC) o en el sentido de las agujas del reloj para abrir (CTO).Al accionar el v\u00e1stago de la v\u00e1lvula,la compuerta se mueve hacia arriba o hacia abajo en la parte roscada del v\u00e1stago.<\/p>\n<p style=\"text-align: left;\">Las v\u00e1lvulas de compuerta se utilizan a menudo cuando se necesita una p\u00e9rdida de presi\u00f3n m\u00ednima y un paso libre.Cuando est\u00e1 totalmente abierta,una v\u00e1lvula de compuerta t\u00edpica no tiene ninguna obstrucci\u00f3n en el paso del caudal,lo que da como resultado una p\u00e9rdida de presi\u00f3n muy baja,y este dise\u00f1o permite utilizar un cerdo limpiador de tuber\u00edas.Una v\u00e1lvula de compuerta es una v\u00e1lvula multivuelta,lo que significa que el funcionamiento de la v\u00e1lvula se realiza mediante un v\u00e1stago roscado.Como la v\u00e1lvula tiene que girar varias veces para pasar de la posici\u00f3n abierta a la cerrada,el funcionamiento lento tambi\u00e9n evita los efectos del golpe de ariete.<\/p>\n<p style=\"text-align: left;\">Las v\u00e1lvulas de compuerta pueden utilizarse para un gran n\u00famero de fluidos y son adecuadas en las siguientes condiciones de trabajo: agua potable, aguas residuales y l\u00edquidos neutros: temperatura entre -20 y +80 \u2103, velocidad de flujo m\u00e1xima de 5 m\/s y presi\u00f3n diferencial de hasta 16 bares.<\/p>\n<p style=\"text-align: left;\"><strong><b>BS5163 V\u00e1lvula de compuerta de cu\u00f1a con asiento el\u00e1stico y v\u00e1stago no ascendente caracter\u00edstica:<\/b><\/strong><\/p>\n<p style=\"text-align: left;\">*Las v\u00e1lvulas de compuerta est\u00e1n fabricadas en hierro d\u00factil y cumplen los requisitos de la norma BS5163.<\/p>\n<p style=\"text-align: left;\">*V\u00e1stagos de acero inoxidable suministrados de serie para eliminar los v\u00e1stagos doblados o rotos.<\/p>\n<p style=\"text-align: left;\">*Cu\u00f1a de EPDM totalmente encapsulada para evitar el deterioro por los desinfectantes.<\/p>\n<p style=\"text-align: left;\">*Certificado seg\u00fan WRAS.<\/p>\n<p style=\"text-align: left;\">*Fabricado en China<\/p>\n<table class=\"alignleft\">\n<tbody>\n<tr>\n<td width=\"553\"><strong><b>ESPECIFICACIONES:<\/b><\/strong><\/td>\n<\/tr>\n<tr>\n<td width=\"553\">1.DN:DN50-DN600<\/td>\n<\/tr>\n<tr>\n<td width=\"553\">2.PN:PN10\/PN16<\/td>\n<\/tr>\n<tr>\n<td width=\"553\">3. Norma de dise\u00f1o: BS5163<\/td>\n<\/tr>\n<tr>\n<td width=\"553\">4.Longitud cara a cara: BS5163\/BS EN 558-1<\/td>\n<\/tr>\n<tr>\n<td width=\"553\">5.End Flange:BS4504\/BSEN1092-2\u00b7GB\/17241.6.ISO7005.2<\/td>\n<\/tr>\n<tr>\n<td width=\"553\">5.Test:BSEN1074-1-2\u00b7GB\/T13927<\/td>\n<\/tr>\n<tr>\n<td width=\"553\">6.Medio aplicable:Agua<\/td>\n<\/tr>\n<tr>\n<td width=\"553\">7.Rango de temperatura:\u226480\u00b0.<\/td>\n<\/tr>\n<\/tbody>\n<\/table>\n<p style=\"text-align: left;\">","protected":false},"excerpt":{"rendered":"<p>Resilient Seated Gate Valve BS5163 Product Description About\u00a0BS5163 Non Rising Stem Resilient Seated\u00a0Wedge Gate Valve: gate valve\u00a0are widely used for all types of applications and are suitable for both above ground and underground installation.Not least for underground installations it is paramount to choose the right type of\u00a0Valve\u00a0to avoid high replacement costs. Gate valves are designed [&hellip;]<\/p>","protected":false},"featured_media":4148,"comment_status":"open","ping_status":"closed","template":"","meta":{"_uag_custom_page_level_css":"","site-sidebar-layout":"default","site-content-layout":"","ast-site-content-layout":"default","site-content-style":"default","site-sidebar-style":"default","ast-global-header-display":"","ast-banner-title-visibility":"","ast-main-header-display":"","ast-hfb-above-header-display":"","ast-hfb-below-header-display":"","ast-hfb-mobile-header-display":"","site-post-title":"","ast-breadcrumbs-content":"","ast-featured-img":"","footer-sml-layout":"","ast-disable-related-posts":"","theme-transparent-header-meta":"default","adv-header-id-meta":"","stick-header-meta":"","header-above-stick-meta":"","header-main-stick-meta":"","header-below-stick-meta":"","astra-migrate-meta-layouts":"set","ast-page-background-enabled":"default","ast-page-background-meta":{"desktop":{"background-color":"","background-image":"","background-repeat":"repeat","background-position":"center center","background-size":"auto","background-attachment":"scroll","background-type":"","background-media":"","overlay-type":"","overlay-color":"","overlay-opacity":"","overlay-gradient":""},"tablet":{"background-color":"","background-image":"","background-repeat":"repeat","background-position":"center center","background-size":"auto","background-attachment":"scroll","background-type":"","background-media":"","overlay-type":"","overlay-color":"","overlay-opacity":"","overlay-gradient":""},"mobile":{"background-color":"","background-image":"","background-repeat":"repeat","background-position":"center center","background-size":"auto","background-attachment":"scroll","background-type":"","background-media":"","overlay-type":"","overlay-color":"","overlay-opacity":"","overlay-gradient":""}},"ast-content-background-meta":{"desktop":{"background-color":"var(--ast-global-color-5)","background-image":"","background-repeat":"repeat","background-position":"center center","background-size":"auto","background-attachment":"scroll","background-type":"","background-media":"","overlay-type":"","overlay-color":"","overlay-opacity":"","overlay-gradient":""},"tablet":{"background-color":"var(--ast-global-color-5)","background-image":"","background-repeat":"repeat","background-position":"center center","background-size":"auto","background-attachment":"scroll","background-type":"","background-media":"","overlay-type":"","overlay-color":"","overlay-opacity":"","overlay-gradient":""},"mobile":{"background-color":"var(--ast-global-color-5)","background-image":"","background-repeat":"repeat","background-position":"center center","background-size":"auto","background-attachment":"scroll","background-type":"","background-media":"","overlay-type":"","overlay-color":"","overlay-opacity":"","overlay-gradient":""}}},"product_brand":[],"product_cat":[107,67],"product_tag":[],"class_list":{"0":"post-3962","1":"product","2":"type-product","3":"status-publish","4":"has-post-thumbnail","6":"product_cat-resilient-seated-gate-valve-bs5163","7":"product_cat-valve","8":"desktop-align-left","9":"tablet-align-left","10":"mobile-align-left","12":"first","13":"instock","14":"shipping-taxable","15":"product-type-simple"},"uagb_featured_image_src":{"full":["https:\/\/www.fanrongcasting.com\/wp-content\/uploads\/2025\/03\/\u8f6f\u5bc6\u5c01\u95f8\u96001-1.jpg",300,300,false],"thumbnail":["https:\/\/www.fanrongcasting.com\/wp-content\/uploads\/2025\/03\/\u8f6f\u5bc6\u5c01\u95f8\u96001-1-150x150.jpg",150,150,true],"medium":["https:\/\/www.fanrongcasting.com\/wp-content\/uploads\/2025\/03\/\u8f6f\u5bc6\u5c01\u95f8\u96001-1.jpg",300,300,false],"medium_large":["https:\/\/www.fanrongcasting.com\/wp-content\/uploads\/2025\/03\/\u8f6f\u5bc6\u5c01\u95f8\u96001-1.jpg",300,300,false],"large":["https:\/\/www.fanrongcasting.com\/wp-content\/uploads\/2025\/03\/\u8f6f\u5bc6\u5c01\u95f8\u96001-1.jpg",300,300,false],"1536x1536":["https:\/\/www.fanrongcasting.com\/wp-content\/uploads\/2025\/03\/\u8f6f\u5bc6\u5c01\u95f8\u96001-1.jpg",300,300,false],"2048x2048":["https:\/\/www.fanrongcasting.com\/wp-content\/uploads\/2025\/03\/\u8f6f\u5bc6\u5c01\u95f8\u96001-1.jpg",300,300,false],"trp-custom-language-flag":["https:\/\/www.fanrongcasting.com\/wp-content\/uploads\/2025\/03\/\u8f6f\u5bc6\u5c01\u95f8\u96001-1-12x12.jpg",12,12,true],"woocommerce_thumbnail":["https:\/\/www.fanrongcasting.com\/wp-content\/uploads\/2025\/03\/\u8f6f\u5bc6\u5c01\u95f8\u96001-1.jpg",300,300,false],"woocommerce_single":["https:\/\/www.fanrongcasting.com\/wp-content\/uploads\/2025\/03\/\u8f6f\u5bc6\u5c01\u95f8\u96001-1.jpg",300,300,false],"woocommerce_gallery_thumbnail":["https:\/\/www.fanrongcasting.com\/wp-content\/uploads\/2025\/03\/\u8f6f\u5bc6\u5c01\u95f8\u96001-1-100x100.jpg",100,100,true]},"uagb_author_info":{"display_name":"jinxing6611@gmail.com","author_link":"https:\/\/www.fanrongcasting.com\/es\/author\/"},"uagb_comment_info":0,"uagb_excerpt":"Resilient Seated Gate Valve BS5163 Product Description About\u00a0BS5163 Non Rising Stem Resilient Seated\u00a0Wedge Gate Valve: gate valve\u00a0are widely used for all types of applications and are suitable for both above ground and underground installation.Not least for underground installations it is paramount to choose the right type of\u00a0Valve\u00a0to avoid high replacement costs. Gate valves are designed&hellip;","_links":{"self":[{"href":"https:\/\/www.fanrongcasting.com\/es\/wp-json\/wp\/v2\/product\/3962","targetHints":{"allow":["GET"]}}],"collection":[{"href":"https:\/\/www.fanrongcasting.com\/es\/wp-json\/wp\/v2\/product"}],"about":[{"href":"https:\/\/www.fanrongcasting.com\/es\/wp-json\/wp\/v2\/types\/product"}],"replies":[{"embeddable":true,"href":"https:\/\/www.fanrongcasting.com\/es\/wp-json\/wp\/v2\/comments?post=3962"}],"wp:featuredmedia":[{"embeddable":true,"href":"https:\/\/www.fanrongcasting.com\/es\/wp-json\/wp\/v2\/media\/4148"}],"wp:attachment":[{"href":"https:\/\/www.fanrongcasting.com\/es\/wp-json\/wp\/v2\/media?parent=3962"}],"wp:term":[{"taxonomy":"product_brand","embeddable":true,"href":"https:\/\/www.fanrongcasting.com\/es\/wp-json\/wp\/v2\/product_brand?post=3962"},{"taxonomy":"product_cat","embeddable":true,"href":"https:\/\/www.fanrongcasting.com\/es\/wp-json\/wp\/v2\/product_cat?post=3962"},{"taxonomy":"product_tag","embeddable":true,"href":"https:\/\/www.fanrongcasting.com\/es\/wp-json\/wp\/v2\/product_tag?post=3962"}],"curies":[{"name":"wp","href":"https:\/\/api.w.org\/{rel}","templated":true}]}}