{"id":3955,"date":"2025-03-19T07:59:49","date_gmt":"2025-03-19T07:59:49","guid":{"rendered":"https:\/\/www.fanrongcasting.com\/?post_type=product&#038;p=3955"},"modified":"2025-04-17T02:51:42","modified_gmt":"2025-04-17T02:51:42","slug":"double-orifice-air-release-valve","status":"publish","type":"product","link":"https:\/\/www.fanrongcasting.com\/es\/producto\/double-orifice-air-release-valve\/","title":{"rendered":"V\u00e1lvula de purga de aire de doble orificio"},"content":{"rendered":"<p style=\"text-align: center;\"><strong>V\u00e1lvula de purga de aire de doble orificio<\/strong><\/p>\n<p><img fetchpriority=\"high\" decoding=\"async\" class=\"wp-image-3960 size-full aligncenter\" src=\"https:\/\/www.fanrongcasting.com\/wp-content\/uploads\/2025\/03\/111-5.jpg\" alt=\"\" width=\"594\" height=\"791\" srcset=\"https:\/\/www.fanrongcasting.com\/wp-content\/uploads\/2025\/03\/111-5.jpg 594w, https:\/\/www.fanrongcasting.com\/wp-content\/uploads\/2025\/03\/111-5-225x300.jpg 225w, https:\/\/www.fanrongcasting.com\/wp-content\/uploads\/2025\/03\/111-5-9x12.jpg 9w\" sizes=\"(max-width: 594px) 100vw, 594px\" \/><\/p>\n<p style=\"text-align: center;\"><strong><u>Materiales\uff1a<\/u><\/strong><\/p>\n<p><img data-dominant-color=\"dbdbdb\" data-has-transparency=\"false\" style=\"--dominant-color: #dbdbdb;\" decoding=\"async\" class=\"aligncenter wp-image-4435 size-full not-transparent\" src=\"https:\/\/www.fanrongcasting.com\/wp-content\/uploads\/2025\/03\/666-1.png\" alt=\"\" width=\"622\" height=\"368\" srcset=\"https:\/\/www.fanrongcasting.com\/wp-content\/uploads\/2025\/03\/666-1.png 622w, https:\/\/www.fanrongcasting.com\/wp-content\/uploads\/2025\/03\/666-1-300x177.webp 300w, https:\/\/www.fanrongcasting.com\/wp-content\/uploads\/2025\/03\/666-1-18x12.webp 18w, https:\/\/www.fanrongcasting.com\/wp-content\/uploads\/2025\/03\/666-1-600x355.webp 600w\" sizes=\"(max-width: 622px) 100vw, 622px\" \/><\/p>\n<p>&nbsp;<\/p>\n<p>&nbsp;<\/p>\n<p style=\"text-align: center;\"><strong>ESPECIFICACI\u00d3N<\/strong><\/p>\n<p>\u00a0 V\u00e1lvula de doble orificio Hivent que combina las funciones de orificio grande y orificio peque\u00f1o en una sola unidad, el orificio grande permite que el aire sea expulsado del sistema durante el llenado de una tuber\u00eda y admite aire de nuevo en el sistema cuando se produce presi\u00f3n sub-atmosf\u00e9rica.<\/p>\n<p>En caso de presi\u00f3n subatmosf\u00e9rica en el sistema, el nivel de agua desciende, lo que hace que el flotador caiga de su asiento y permita la entrada de aire.<\/p>\n<p>Durante el funcionamiento normal de la tuber\u00eda principal, el peque\u00f1o orificio libera el aire que se acumula bajo presi\u00f3n. Con la tuber\u00eda principal en funcionamiento, el flotador est\u00e1 normalmente contra su asiento. A medida que el aire entra en el cuerpo de la c\u00e1mara, el nivel del agua desciende hasta que se alcanza un nivel en el que el flotador desciende de su asiento, lo que permite la salida del aire. La consiguiente subida del nivel del agua devuelve el flotador a su asiento.<\/p>\n<p>&nbsp;<\/p>\n<p>Flotador y gu\u00eda del flotador en ABS, pernos A4, revestimiento 300 \u00b5, DN50-200<\/p>\n<p>&nbsp;<\/p>\n<p>V\u00e1lvula de alivio de aire para agua potable (no aguas residuales) y l\u00edquidos neutros m\u00e1x. 70\u00b0 C<\/p>\n<p>&nbsp;<\/p>\n<p>Las v\u00e1lvulas de aire de doble orificio y triple efecto est\u00e1n dise\u00f1adas para el llenado y vaciado r\u00e1pidos y autom\u00e1ticos de tuber\u00edas, as\u00ed como para la descarga autom\u00e1tica del aire acumulado en condiciones normales de trabajo. El exclusivo dise\u00f1o \"aerocin\u00e9tico\", en el que el aire que sale a toda prisa del sistema no puede forzar el flotador hacia arriba y cerrarlo prematuramente, garantiza que la v\u00e1lvula se cierre s\u00f3lo despu\u00e9s de que todo el aire haya salido del sistema y el agua haya entrado en la c\u00e1mara. Todos los componentes de hierro d\u00factil est\u00e1n recubiertos con epoxi de uni\u00f3n por fusi\u00f3n aprobado por GSK para garantizar una alta durabilidad. Todos los dem\u00e1s componentes est\u00e1n fabricados con un material polim\u00e9rico aprobado por WRAS o con acero inoxidable para minimizar el riesgo de corrosi\u00f3n. Todas las juntas est\u00e1n fabricadas con caucho EPDM aprobado por WRAS que ofrece una excelente compresi\u00f3n y capacidad para recuperar su forma original.<\/p>\n<p>&nbsp;<\/p>\n<p>Caracter\u00edsticas<\/p>\n<p>Un dise\u00f1o inteligente del flotador evita que el aire que sale del sistema cierre prematuramente la v\u00e1lvula.<\/p>\n<p>Gran capacidad de flujo de aire<\/p>\n<p>Todas las piezas de hierro en contacto con el agua est\u00e1n revestidas con epoxi de fusi\u00f3n aprobado para agua potable.<\/p>\n<p>Las juntas el\u00e1sticas son de caucho EPDM y el asiento es de ABS, todo ello homologado para agua potable.<\/p>\n<p>Todas las dem\u00e1s piezas internas son de acero inoxidable AISI 316 altamente resistente a la corrosi\u00f3n o de ABS<\/p>\n<p>Ninguna pieza m\u00f3vil toca el revestimiento interno<\/p>\n<p>El producto completo est\u00e1 homologado para el agua potable<\/p>","protected":false},"excerpt":{"rendered":"<p>Double Orifice Air Release Valve Materials\uff1a &nbsp; &nbsp; SPECIFICATION \u00a0 Hivent double orifice air Release&amp;Vacuum valve that combines both large orifice&amp;small orifice functions within one unit,the large orifice allows air to be expelled from the system during filling of a pipeline and admit air back into the system wheneversub-atmospheric pressure occurs.Air is vented from \u00a0the [&hellip;]<\/p>","protected":false},"featured_media":3959,"comment_status":"open","ping_status":"closed","template":"","meta":{"_uag_custom_page_level_css":"","site-sidebar-layout":"default","site-content-layout":"","ast-site-content-layout":"default","site-content-style":"default","site-sidebar-style":"default","ast-global-header-display":"","ast-banner-title-visibility":"","ast-main-header-display":"","ast-hfb-above-header-display":"","ast-hfb-below-header-display":"","ast-hfb-mobile-header-display":"","site-post-title":"","ast-breadcrumbs-content":"","ast-featured-img":"","footer-sml-layout":"","ast-disable-related-posts":"","theme-transparent-header-meta":"default","adv-header-id-meta":"","stick-header-meta":"","header-above-stick-meta":"","header-main-stick-meta":"","header-below-stick-meta":"","astra-migrate-meta-layouts":"set","ast-page-background-enabled":"default","ast-page-background-meta":{"desktop":{"background-color":"","background-image":"","background-repeat":"repeat","background-position":"center center","background-size":"auto","background-attachment":"scroll","background-type":"","background-media":"","overlay-type":"","overlay-color":"","overlay-opacity":"","overlay-gradient":""},"tablet":{"background-color":"","background-image":"","background-repeat":"repeat","background-position":"center center","background-size":"auto","background-attachment":"scroll","background-type":"","background-media":"","overlay-type":"","overlay-color":"","overlay-opacity":"","overlay-gradient":""},"mobile":{"background-color":"","background-image":"","background-repeat":"repeat","background-position":"center center","background-size":"auto","background-attachment":"scroll","background-type":"","background-media":"","overlay-type":"","overlay-color":"","overlay-opacity":"","overlay-gradient":""}},"ast-content-background-meta":{"desktop":{"background-color":"var(--ast-global-color-5)","background-image":"","background-repeat":"repeat","background-position":"center center","background-size":"auto","background-attachment":"scroll","background-type":"","background-media":"","overlay-type":"","overlay-color":"","overlay-opacity":"","overlay-gradient":""},"tablet":{"background-color":"var(--ast-global-color-5)","background-image":"","background-repeat":"repeat","background-position":"center center","background-size":"auto","background-attachment":"scroll","background-type":"","background-media":"","overlay-type":"","overlay-color":"","overlay-opacity":"","overlay-gradient":""},"mobile":{"background-color":"var(--ast-global-color-5)","background-image":"","background-repeat":"repeat","background-position":"center center","background-size":"auto","background-attachment":"scroll","background-type":"","background-media":"","overlay-type":"","overlay-color":"","overlay-opacity":"","overlay-gradient":""}}},"product_brand":[],"product_cat":[105,67],"product_tag":[],"class_list":{"0":"post-3955","1":"product","2":"type-product","3":"status-publish","4":"has-post-thumbnail","6":"product_cat-double-orifice-air-release-valve","7":"product_cat-valve","8":"desktop-align-left","9":"tablet-align-left","10":"mobile-align-left","12":"first","13":"instock","14":"shipping-taxable","15":"product-type-simple"},"uagb_featured_image_src":{"full":["https:\/\/www.fanrongcasting.com\/wp-content\/uploads\/2025\/03\/Double-Orifice-Air-Release-Valve.png",800,600,false],"thumbnail":["https:\/\/www.fanrongcasting.com\/wp-content\/uploads\/2025\/03\/Double-Orifice-Air-Release-Valve-150x150.png",150,150,true],"medium":["https:\/\/www.fanrongcasting.com\/wp-content\/uploads\/2025\/03\/Double-Orifice-Air-Release-Valve-300x225.png",300,225,true],"medium_large":["https:\/\/www.fanrongcasting.com\/wp-content\/uploads\/2025\/03\/Double-Orifice-Air-Release-Valve-768x576.png",768,576,true],"large":["https:\/\/www.fanrongcasting.com\/wp-content\/uploads\/2025\/03\/Double-Orifice-Air-Release-Valve.png",800,600,false],"1536x1536":["https:\/\/www.fanrongcasting.com\/wp-content\/uploads\/2025\/03\/Double-Orifice-Air-Release-Valve.png",800,600,false],"2048x2048":["https:\/\/www.fanrongcasting.com\/wp-content\/uploads\/2025\/03\/Double-Orifice-Air-Release-Valve.png",800,600,false],"trp-custom-language-flag":["https:\/\/www.fanrongcasting.com\/wp-content\/uploads\/2025\/03\/Double-Orifice-Air-Release-Valve-16x12.png",16,12,true],"woocommerce_thumbnail":["https:\/\/www.fanrongcasting.com\/wp-content\/uploads\/2025\/03\/Double-Orifice-Air-Release-Valve-300x300.png",300,300,true],"woocommerce_single":["https:\/\/www.fanrongcasting.com\/wp-content\/uploads\/2025\/03\/Double-Orifice-Air-Release-Valve-600x450.png",600,450,true],"woocommerce_gallery_thumbnail":["https:\/\/www.fanrongcasting.com\/wp-content\/uploads\/2025\/03\/Double-Orifice-Air-Release-Valve-100x100.png",100,100,true]},"uagb_author_info":{"display_name":"jinxing6611@gmail.com","author_link":"https:\/\/www.fanrongcasting.com\/es\/author\/"},"uagb_comment_info":0,"uagb_excerpt":"Double Orifice Air Release Valve Materials\uff1a &nbsp; &nbsp; SPECIFICATION \u00a0 Hivent double orifice air Release&amp;Vacuum valve that combines both large orifice&amp;small orifice functions within one unit,the large orifice allows air to be expelled from the system during filling of a pipeline and admit air back into the system wheneversub-atmospheric pressure occurs.Air is vented from \u00a0the&hellip;","_links":{"self":[{"href":"https:\/\/www.fanrongcasting.com\/es\/wp-json\/wp\/v2\/product\/3955","targetHints":{"allow":["GET"]}}],"collection":[{"href":"https:\/\/www.fanrongcasting.com\/es\/wp-json\/wp\/v2\/product"}],"about":[{"href":"https:\/\/www.fanrongcasting.com\/es\/wp-json\/wp\/v2\/types\/product"}],"replies":[{"embeddable":true,"href":"https:\/\/www.fanrongcasting.com\/es\/wp-json\/wp\/v2\/comments?post=3955"}],"wp:featuredmedia":[{"embeddable":true,"href":"https:\/\/www.fanrongcasting.com\/es\/wp-json\/wp\/v2\/media\/3959"}],"wp:attachment":[{"href":"https:\/\/www.fanrongcasting.com\/es\/wp-json\/wp\/v2\/media?parent=3955"}],"wp:term":[{"taxonomy":"product_brand","embeddable":true,"href":"https:\/\/www.fanrongcasting.com\/es\/wp-json\/wp\/v2\/product_brand?post=3955"},{"taxonomy":"product_cat","embeddable":true,"href":"https:\/\/www.fanrongcasting.com\/es\/wp-json\/wp\/v2\/product_cat?post=3955"},{"taxonomy":"product_tag","embeddable":true,"href":"https:\/\/www.fanrongcasting.com\/es\/wp-json\/wp\/v2\/product_tag?post=3955"}],"curies":[{"name":"wp","href":"https:\/\/api.w.org\/{rel}","templated":true}]}}