{"id":3882,"date":"2025-03-18T02:42:56","date_gmt":"2025-03-18T02:42:56","guid":{"rendered":"https:\/\/www.fanrongcasting.com\/?post_type=product&#038;p=3882"},"modified":"2025-03-26T03:23:21","modified_gmt":"2025-03-26T03:23:21","slug":"upvc-double-socket-bend","status":"publish","type":"product","link":"https:\/\/www.fanrongcasting.com\/es\/producto\/upvc-double-socket-bend\/","title":{"rendered":"Upvc Doble Enchufe Curva"},"content":{"rendered":"<p style=\"text-align: center;\"><strong>Upvc Doble Enchufe Curva<\/strong><\/p>\n<p><img fetchpriority=\"high\" decoding=\"async\" class=\"aligncenter wp-image-3884 size-full\" src=\"https:\/\/www.fanrongcasting.com\/wp-content\/uploads\/2025\/03\/11.jpg\" alt=\"\" width=\"774\" height=\"528\" srcset=\"https:\/\/www.fanrongcasting.com\/wp-content\/uploads\/2025\/03\/11.jpg 774w, https:\/\/www.fanrongcasting.com\/wp-content\/uploads\/2025\/03\/11-300x205.jpg 300w, https:\/\/www.fanrongcasting.com\/wp-content\/uploads\/2025\/03\/11-768x524.jpg 768w, https:\/\/www.fanrongcasting.com\/wp-content\/uploads\/2025\/03\/11-18x12.jpg 18w, https:\/\/www.fanrongcasting.com\/wp-content\/uploads\/2025\/03\/11-600x409.jpg 600w\" sizes=\"(max-width: 774px) 100vw, 774px\" \/><\/p>\n<p><img decoding=\"async\" class=\"wp-image-3885 aligncenter\" src=\"https:\/\/www.fanrongcasting.com\/wp-content\/uploads\/2025\/03\/22.jpg\" alt=\"\" width=\"823\" height=\"459\" srcset=\"https:\/\/www.fanrongcasting.com\/wp-content\/uploads\/2025\/03\/22.jpg 1286w, https:\/\/www.fanrongcasting.com\/wp-content\/uploads\/2025\/03\/22-300x167.jpg 300w, https:\/\/www.fanrongcasting.com\/wp-content\/uploads\/2025\/03\/22-1024x572.jpg 1024w, https:\/\/www.fanrongcasting.com\/wp-content\/uploads\/2025\/03\/22-768x429.jpg 768w, https:\/\/www.fanrongcasting.com\/wp-content\/uploads\/2025\/03\/22-18x10.jpg 18w, https:\/\/www.fanrongcasting.com\/wp-content\/uploads\/2025\/03\/22-600x335.jpg 600w\" sizes=\"(max-width: 823px) 100vw, 823px\" \/><\/p>\n<p><strong><b>Acerca de UPVC Double Socket Bend:<\/b><\/strong><\/p>\n<p>fabricaci\u00f3n y suministro de diversos accesorios de tuber\u00eda de PVC, el extremo es el extremo del z\u00f3calo con junta de goma EPDM utilizado para la uni\u00f3n y sellado. Hacemos accesorios de tuber\u00eda de UPVC de alta calidad, porque elegimos hierro d\u00factil de buena calidad y caucho EPDM, y el caucho pasado WRAS certificate.We rociar la fundici\u00f3n de polvo epoxi, que tambi\u00e9n pas\u00f3 el certificado WRAS, el rendimiento anticorrosi\u00f3n es muy good.Our UPVC doble curva socket es la aplicaci\u00f3n profesional en accesorios de tuber\u00eda de UPVC.It tiene ventajas de f\u00e1cil instalaci\u00f3n y estructura simple.<\/p>\n<p>*Disponibles PN10 y PN16<\/p>\n<p>*Disponible para tuber\u00eda de UPVC;<\/p>\n<p>*Disponible a partir de DN50-355<\/p>\n<p>*Angle:11.25\u00b0,22.5\u00b0,45\u00b0,90\u00b0<\/p>\n<p>*Presi\u00f3n de trabajo PN10\/16;<\/p>\n<p>*Temperatura m\u00e1xima -10 +70;<\/p>\n<p>*WRAS aprobado.<\/p>\n<p>*Construcci\u00f3n resistente a la corrosi\u00f3n.<\/p>\n<p><strong><b>ESPECIFICACIONES:<\/b><\/strong><\/p>\n<p>Ensayo de tipo:EN14525\/BS8561<\/p>\n<p>Elastom\u00e9rico:EN681-2<\/p>\n<p>Fundici\u00f3n d\u00factil:EN1563 EN-GJS-450-10<\/p>\n<p>Revestimiento:WIS4-52-01<\/p>\n<p>Norma:EN12842<\/p>\n<p>&nbsp;<\/p>","protected":false},"excerpt":{"rendered":"<p>Upvc Double Socket Bend About UPVC Double Socket Bend: manufacture and supply various of UPVC pipe fittings,the end is socket end with EPDM rubber gasket used for joint and sealing. We do high quality UPVC pipe fittings,becasuse we choose good quality ductile iron and EPDM rubber,and the rubber passed WRAS certificate.We spray the casting by [&hellip;]<\/p>","protected":false},"featured_media":3883,"comment_status":"open","ping_status":"closed","template":"","meta":{"_uag_custom_page_level_css":"","site-sidebar-layout":"default","site-content-layout":"","ast-site-content-layout":"default","site-content-style":"default","site-sidebar-style":"default","ast-global-header-display":"","ast-banner-title-visibility":"","ast-main-header-display":"","ast-hfb-above-header-display":"","ast-hfb-below-header-display":"","ast-hfb-mobile-header-display":"","site-post-title":"","ast-breadcrumbs-content":"","ast-featured-img":"","footer-sml-layout":"","ast-disable-related-posts":"","theme-transparent-header-meta":"default","adv-header-id-meta":"","stick-header-meta":"","header-above-stick-meta":"","header-main-stick-meta":"","header-below-stick-meta":"","astra-migrate-meta-layouts":"set","ast-page-background-enabled":"default","ast-page-background-meta":{"desktop":{"background-color":"","background-image":"","background-repeat":"repeat","background-position":"center center","background-size":"auto","background-attachment":"scroll","background-type":"","background-media":"","overlay-type":"","overlay-color":"","overlay-opacity":"","overlay-gradient":""},"tablet":{"background-color":"","background-image":"","background-repeat":"repeat","background-position":"center center","background-size":"auto","background-attachment":"scroll","background-type":"","background-media":"","overlay-type":"","overlay-color":"","overlay-opacity":"","overlay-gradient":""},"mobile":{"background-color":"","background-image":"","background-repeat":"repeat","background-position":"center center","background-size":"auto","background-attachment":"scroll","background-type":"","background-media":"","overlay-type":"","overlay-color":"","overlay-opacity":"","overlay-gradient":""}},"ast-content-background-meta":{"desktop":{"background-color":"var(--ast-global-color-5)","background-image":"","background-repeat":"repeat","background-position":"center center","background-size":"auto","background-attachment":"scroll","background-type":"","background-media":"","overlay-type":"","overlay-color":"","overlay-opacity":"","overlay-gradient":""},"tablet":{"background-color":"var(--ast-global-color-5)","background-image":"","background-repeat":"repeat","background-position":"center center","background-size":"auto","background-attachment":"scroll","background-type":"","background-media":"","overlay-type":"","overlay-color":"","overlay-opacity":"","overlay-gradient":""},"mobile":{"background-color":"var(--ast-global-color-5)","background-image":"","background-repeat":"repeat","background-position":"center center","background-size":"auto","background-attachment":"scroll","background-type":"","background-media":"","overlay-type":"","overlay-color":"","overlay-opacity":"","overlay-gradient":""}}},"product_brand":[],"product_cat":[114,69],"product_tag":[],"class_list":{"0":"post-3882","1":"product","2":"type-product","3":"status-publish","4":"has-post-thumbnail","6":"product_cat-upvc-double-socket-bend","7":"product_cat-upvc-pipe-fitting","8":"desktop-align-left","9":"tablet-align-left","10":"mobile-align-left","12":"first","13":"instock","14":"shipping-taxable","15":"product-type-simple"},"uagb_featured_image_src":{"full":["https:\/\/www.fanrongcasting.com\/wp-content\/uploads\/2025\/03\/90\u00b0MOPVC.png",800,600,false],"thumbnail":["https:\/\/www.fanrongcasting.com\/wp-content\/uploads\/2025\/03\/90\u00b0MOPVC-150x150.png",150,150,true],"medium":["https:\/\/www.fanrongcasting.com\/wp-content\/uploads\/2025\/03\/90\u00b0MOPVC-300x225.png",300,225,true],"medium_large":["https:\/\/www.fanrongcasting.com\/wp-content\/uploads\/2025\/03\/90\u00b0MOPVC-768x576.png",768,576,true],"large":["https:\/\/www.fanrongcasting.com\/wp-content\/uploads\/2025\/03\/90\u00b0MOPVC.png",800,600,false],"1536x1536":["https:\/\/www.fanrongcasting.com\/wp-content\/uploads\/2025\/03\/90\u00b0MOPVC.png",800,600,false],"2048x2048":["https:\/\/www.fanrongcasting.com\/wp-content\/uploads\/2025\/03\/90\u00b0MOPVC.png",800,600,false],"trp-custom-language-flag":["https:\/\/www.fanrongcasting.com\/wp-content\/uploads\/2025\/03\/90\u00b0MOPVC-16x12.png",16,12,true],"woocommerce_thumbnail":["https:\/\/www.fanrongcasting.com\/wp-content\/uploads\/2025\/03\/90\u00b0MOPVC-300x300.png",300,300,true],"woocommerce_single":["https:\/\/www.fanrongcasting.com\/wp-content\/uploads\/2025\/03\/90\u00b0MOPVC-600x450.png",600,450,true],"woocommerce_gallery_thumbnail":["https:\/\/www.fanrongcasting.com\/wp-content\/uploads\/2025\/03\/90\u00b0MOPVC-100x100.png",100,100,true]},"uagb_author_info":{"display_name":"jinxing6611@gmail.com","author_link":"https:\/\/www.fanrongcasting.com\/es\/author\/"},"uagb_comment_info":0,"uagb_excerpt":"Upvc Double Socket Bend About UPVC Double Socket Bend: manufacture and supply various of UPVC pipe fittings,the end is socket end with EPDM rubber gasket used for joint and sealing. We do high quality UPVC pipe fittings,becasuse we choose good quality ductile iron and EPDM rubber,and the rubber passed WRAS certificate.We spray the casting by&hellip;","_links":{"self":[{"href":"https:\/\/www.fanrongcasting.com\/es\/wp-json\/wp\/v2\/product\/3882","targetHints":{"allow":["GET"]}}],"collection":[{"href":"https:\/\/www.fanrongcasting.com\/es\/wp-json\/wp\/v2\/product"}],"about":[{"href":"https:\/\/www.fanrongcasting.com\/es\/wp-json\/wp\/v2\/types\/product"}],"replies":[{"embeddable":true,"href":"https:\/\/www.fanrongcasting.com\/es\/wp-json\/wp\/v2\/comments?post=3882"}],"wp:featuredmedia":[{"embeddable":true,"href":"https:\/\/www.fanrongcasting.com\/es\/wp-json\/wp\/v2\/media\/3883"}],"wp:attachment":[{"href":"https:\/\/www.fanrongcasting.com\/es\/wp-json\/wp\/v2\/media?parent=3882"}],"wp:term":[{"taxonomy":"product_brand","embeddable":true,"href":"https:\/\/www.fanrongcasting.com\/es\/wp-json\/wp\/v2\/product_brand?post=3882"},{"taxonomy":"product_cat","embeddable":true,"href":"https:\/\/www.fanrongcasting.com\/es\/wp-json\/wp\/v2\/product_cat?post=3882"},{"taxonomy":"product_tag","embeddable":true,"href":"https:\/\/www.fanrongcasting.com\/es\/wp-json\/wp\/v2\/product_tag?post=3882"}],"curies":[{"name":"wp","href":"https:\/\/api.w.org\/{rel}","templated":true}]}}