{"id":3876,"date":"2025-03-18T01:50:34","date_gmt":"2025-03-18T01:50:34","guid":{"rendered":"https:\/\/www.fanrongcasting.com\/?post_type=product&#038;p=3876"},"modified":"2025-04-08T01:50:32","modified_gmt":"2025-04-08T01:50:32","slug":"ductile-iron-thread-flange","status":"publish","type":"product","link":"https:\/\/www.fanrongcasting.com\/es\/producto\/ductile-iron-thread-flange\/","title":{"rendered":"Brida roscada de fundici\u00f3n d\u00factil"},"content":{"rendered":"<p>&nbsp;<\/p>\n<p style=\"text-align: center;\"><strong>Brida roscada de fundici\u00f3n d\u00factil<\/strong><\/p>\n<p><img fetchpriority=\"high\" decoding=\"async\" class=\"aligncenter wp-image-3881 size-full\" src=\"https:\/\/www.fanrongcasting.com\/wp-content\/uploads\/2025\/03\/\u4e1d\u6263\u6cd5\u5170\u76d8\u6570\u636e.png\" alt=\"\" width=\"700\" height=\"700\" srcset=\"https:\/\/www.fanrongcasting.com\/wp-content\/uploads\/2025\/03\/\u4e1d\u6263\u6cd5\u5170\u76d8\u6570\u636e.png 700w, https:\/\/www.fanrongcasting.com\/wp-content\/uploads\/2025\/03\/\u4e1d\u6263\u6cd5\u5170\u76d8\u6570\u636e-300x300.png 300w, https:\/\/www.fanrongcasting.com\/wp-content\/uploads\/2025\/03\/\u4e1d\u6263\u6cd5\u5170\u76d8\u6570\u636e-150x150.png 150w, https:\/\/www.fanrongcasting.com\/wp-content\/uploads\/2025\/03\/\u4e1d\u6263\u6cd5\u5170\u76d8\u6570\u636e-12x12.png 12w, https:\/\/www.fanrongcasting.com\/wp-content\/uploads\/2025\/03\/\u4e1d\u6263\u6cd5\u5170\u76d8\u6570\u636e-600x600.png 600w, https:\/\/www.fanrongcasting.com\/wp-content\/uploads\/2025\/03\/\u4e1d\u6263\u6cd5\u5170\u76d8\u6570\u636e-100x100.png 100w\" sizes=\"(max-width: 700px) 100vw, 700px\" \/><\/p>\n<p><strong><b>Acerca de la brida roscada RF de hierro d\u00factil PN10 PN16 PN25:<\/b><\/strong><\/p>\n<p>La gama de brida roscada RF de hierro d\u00factil es de DN50 a DN800,con presi\u00f3n de trabajo es PN10,PN16 y PN25.La temperatura m\u00e1xima es de -10 a +70.<\/p>\n<p><strong><b>ESPECIFICACIONES:<\/b><\/strong><\/p>\n<p>Ensayo de tipo:EN14525\/BS8561<\/p>\n<p>Elastom\u00e9rico:EN681-2<\/p>\n<p>Fundici\u00f3n d\u00factil:EN1563 EN-GJS-450-10<\/p>\n<p>Revestimiento:WIS4-52-01<\/p>\n<p>Standard:EN545\/ISO2531<\/p>\n<p>Especificaci\u00f3n de perforaci\u00f3n:EN1092-2<\/p>\n<p>&nbsp;<\/p>","protected":false},"excerpt":{"rendered":"<p>&nbsp; Ductile Iron Thread Flange About\u00a0Ductile Iron RF Threaded Flange PN10 PN16 PN25: The range of ductile iron RF threaded flange is from DN50 to DN800,with working pressure is\u00a0PN10,PN16 and PN25.The maximum temperature is from -10 to +70. SPECIFICATION: Type Test:EN14525\/BS8561 Elastomeric:EN681-2 Ductile Iron:EN1563 EN-GJS-450-10 Coating:WIS4-52-01 Standard:EN545\/ISO2531 Drilling Spec:EN1092-2 &nbsp;<\/p>","protected":false},"featured_media":3880,"comment_status":"open","ping_status":"closed","template":"","meta":{"_uag_custom_page_level_css":"","site-sidebar-layout":"default","site-content-layout":"","ast-site-content-layout":"default","site-content-style":"default","site-sidebar-style":"default","ast-global-header-display":"","ast-banner-title-visibility":"","ast-main-header-display":"","ast-hfb-above-header-display":"","ast-hfb-below-header-display":"","ast-hfb-mobile-header-display":"","site-post-title":"","ast-breadcrumbs-content":"","ast-featured-img":"","footer-sml-layout":"","ast-disable-related-posts":"","theme-transparent-header-meta":"default","adv-header-id-meta":"","stick-header-meta":"","header-above-stick-meta":"","header-main-stick-meta":"","header-below-stick-meta":"","astra-migrate-meta-layouts":"set","ast-page-background-enabled":"default","ast-page-background-meta":{"desktop":{"background-color":"","background-image":"","background-repeat":"repeat","background-position":"center center","background-size":"auto","background-attachment":"scroll","background-type":"","background-media":"","overlay-type":"","overlay-color":"","overlay-opacity":"","overlay-gradient":""},"tablet":{"background-color":"","background-image":"","background-repeat":"repeat","background-position":"center center","background-size":"auto","background-attachment":"scroll","background-type":"","background-media":"","overlay-type":"","overlay-color":"","overlay-opacity":"","overlay-gradient":""},"mobile":{"background-color":"","background-image":"","background-repeat":"repeat","background-position":"center center","background-size":"auto","background-attachment":"scroll","background-type":"","background-media":"","overlay-type":"","overlay-color":"","overlay-opacity":"","overlay-gradient":""}},"ast-content-background-meta":{"desktop":{"background-color":"var(--ast-global-color-5)","background-image":"","background-repeat":"repeat","background-position":"center center","background-size":"auto","background-attachment":"scroll","background-type":"","background-media":"","overlay-type":"","overlay-color":"","overlay-opacity":"","overlay-gradient":""},"tablet":{"background-color":"var(--ast-global-color-5)","background-image":"","background-repeat":"repeat","background-position":"center center","background-size":"auto","background-attachment":"scroll","background-type":"","background-media":"","overlay-type":"","overlay-color":"","overlay-opacity":"","overlay-gradient":""},"mobile":{"background-color":"var(--ast-global-color-5)","background-image":"","background-repeat":"repeat","background-position":"center center","background-size":"auto","background-attachment":"scroll","background-type":"","background-media":"","overlay-type":"","overlay-color":"","overlay-opacity":"","overlay-gradient":""}}},"product_brand":[],"product_cat":[109,68],"product_tag":[],"class_list":{"0":"post-3876","1":"product","2":"type-product","3":"status-publish","4":"has-post-thumbnail","6":"product_cat-ductile-iron-thread-flange","7":"product_cat-flange","8":"desktop-align-left","9":"tablet-align-left","10":"mobile-align-left","12":"first","13":"instock","14":"shipping-taxable","15":"product-type-simple"},"uagb_featured_image_src":{"full":["https:\/\/www.fanrongcasting.com\/wp-content\/uploads\/2025\/03\/\u4e1d\u6263\u6cd5\u517011.png",800,600,false],"thumbnail":["https:\/\/www.fanrongcasting.com\/wp-content\/uploads\/2025\/03\/\u4e1d\u6263\u6cd5\u517011-150x150.png",150,150,true],"medium":["https:\/\/www.fanrongcasting.com\/wp-content\/uploads\/2025\/03\/\u4e1d\u6263\u6cd5\u517011-300x225.png",300,225,true],"medium_large":["https:\/\/www.fanrongcasting.com\/wp-content\/uploads\/2025\/03\/\u4e1d\u6263\u6cd5\u517011-768x576.png",768,576,true],"large":["https:\/\/www.fanrongcasting.com\/wp-content\/uploads\/2025\/03\/\u4e1d\u6263\u6cd5\u517011.png",800,600,false],"1536x1536":["https:\/\/www.fanrongcasting.com\/wp-content\/uploads\/2025\/03\/\u4e1d\u6263\u6cd5\u517011.png",800,600,false],"2048x2048":["https:\/\/www.fanrongcasting.com\/wp-content\/uploads\/2025\/03\/\u4e1d\u6263\u6cd5\u517011.png",800,600,false],"trp-custom-language-flag":["https:\/\/www.fanrongcasting.com\/wp-content\/uploads\/2025\/03\/\u4e1d\u6263\u6cd5\u517011-16x12.png",16,12,true],"woocommerce_thumbnail":["https:\/\/www.fanrongcasting.com\/wp-content\/uploads\/2025\/03\/\u4e1d\u6263\u6cd5\u517011-300x300.png",300,300,true],"woocommerce_single":["https:\/\/www.fanrongcasting.com\/wp-content\/uploads\/2025\/03\/\u4e1d\u6263\u6cd5\u517011-600x450.png",600,450,true],"woocommerce_gallery_thumbnail":["https:\/\/www.fanrongcasting.com\/wp-content\/uploads\/2025\/03\/\u4e1d\u6263\u6cd5\u517011-100x100.png",100,100,true]},"uagb_author_info":{"display_name":"jinxing6611@gmail.com","author_link":"https:\/\/www.fanrongcasting.com\/es\/author\/"},"uagb_comment_info":0,"uagb_excerpt":"&nbsp; Ductile Iron Thread Flange About\u00a0Ductile Iron RF Threaded Flange PN10 PN16 PN25: The range of ductile iron RF threaded flange is from DN50 to DN800,with working pressure is\u00a0PN10,PN16 and PN25.The maximum temperature is from -10 to +70. SPECIFICATION: Type Test:EN14525\/BS8561 Elastomeric:EN681-2 Ductile Iron:EN1563 EN-GJS-450-10 Coating:WIS4-52-01 Standard:EN545\/ISO2531 Drilling Spec:EN1092-2 &nbsp;","_links":{"self":[{"href":"https:\/\/www.fanrongcasting.com\/es\/wp-json\/wp\/v2\/product\/3876","targetHints":{"allow":["GET"]}}],"collection":[{"href":"https:\/\/www.fanrongcasting.com\/es\/wp-json\/wp\/v2\/product"}],"about":[{"href":"https:\/\/www.fanrongcasting.com\/es\/wp-json\/wp\/v2\/types\/product"}],"replies":[{"embeddable":true,"href":"https:\/\/www.fanrongcasting.com\/es\/wp-json\/wp\/v2\/comments?post=3876"}],"wp:featuredmedia":[{"embeddable":true,"href":"https:\/\/www.fanrongcasting.com\/es\/wp-json\/wp\/v2\/media\/3880"}],"wp:attachment":[{"href":"https:\/\/www.fanrongcasting.com\/es\/wp-json\/wp\/v2\/media?parent=3876"}],"wp:term":[{"taxonomy":"product_brand","embeddable":true,"href":"https:\/\/www.fanrongcasting.com\/es\/wp-json\/wp\/v2\/product_brand?post=3876"},{"taxonomy":"product_cat","embeddable":true,"href":"https:\/\/www.fanrongcasting.com\/es\/wp-json\/wp\/v2\/product_cat?post=3876"},{"taxonomy":"product_tag","embeddable":true,"href":"https:\/\/www.fanrongcasting.com\/es\/wp-json\/wp\/v2\/product_tag?post=3876"}],"curies":[{"name":"wp","href":"https:\/\/api.w.org\/{rel}","templated":true}]}}