{"id":4376,"date":"2025-04-11T03:38:17","date_gmt":"2025-04-11T03:38:17","guid":{"rendered":"https:\/\/www.fanrongcasting.com\/?post_type=product&#038;p=4376"},"modified":"2025-04-11T03:38:17","modified_gmt":"2025-04-11T03:38:17","slug":"bolted-gland-change-collar-class-k-12","status":"publish","type":"product","link":"https:\/\/www.fanrongcasting.com\/el\/product\/bolted-gland-change-collar-class-k-12\/","title":{"rendered":"\u0392\u03b9\u03b4\u03c9\u03c4\u03cc \u03ba\u03bf\u03bb\u03ac\u03c1\u03bf \u03b1\u03bb\u03bb\u03b1\u03b3\u03ae\u03c2 \u03c3\u03c4\u03c5\u03c0\u03b9\u03bf\u03b8\u03bb\u03af\u03c0\u03c4\u03b7 \u03ba\u03bb\u03ac\u03c3\u03b7\u03c2 K 12"},"content":{"rendered":"<p style=\"text-align: center;\">\u0392\u03b9\u03b4\u03c9\u03c4\u03cc \u03ba\u03bf\u03bb\u03ac\u03c1\u03bf \u03b1\u03bb\u03bb\u03b1\u03b3\u03ae\u03c2 \u03c3\u03c4\u03c5\u03c0\u03b9\u03bf\u03b8\u03bb\u03af\u03c0\u03c4\u03b7 \u03ba\u03bb\u03ac\u03c3\u03b7\u03c2 K 12<\/p>\n<p><img data-dominant-color=\"edeeee\" data-has-transparency=\"false\" style=\"--dominant-color: #edeeee;\" fetchpriority=\"high\" decoding=\"async\" class=\"size-medium wp-image-4378 aligncenter not-transparent\" src=\"https:\/\/www.fanrongcasting.com\/wp-content\/uploads\/2025\/04\/11-3-300x280.webp\" alt=\"\" width=\"300\" height=\"280\" srcset=\"https:\/\/www.fanrongcasting.com\/wp-content\/uploads\/2025\/04\/11-3-300x280.webp 300w, https:\/\/www.fanrongcasting.com\/wp-content\/uploads\/2025\/04\/11-3-13x12.webp 13w, https:\/\/www.fanrongcasting.com\/wp-content\/uploads\/2025\/04\/11-3-png.webp 523w\" sizes=\"(max-width: 300px) 100vw, 300px\" \/><\/p>\n<table>\n<tbody>\n<tr>\n<td width=\"124\">\n<p style=\"text-align: center;\">\u039f\u03bd\u03bf\u03bc\u03b1\u03c3\u03c4\u03b9\u03ba\u03ae \u03b4\u03b9\u03ac\u03bc\u03b5\u03c4\u03c1\u03bf\u03c2<\/p>\n<p style=\"text-align: center;\">DN (mm \u00d7 Ins)<\/p>\n<\/td>\n<td style=\"text-align: center;\" width=\"86\">e1<\/td>\n<td style=\"text-align: center;\" width=\"86\">e<\/td>\n<td style=\"text-align: center;\" width=\"86\">L<\/td>\n<td style=\"text-align: center;\" width=\"86\">\u039c\u03ac\u03b6\u03b1<\/p>\n<p>(kg)<\/td>\n<\/tr>\n<tr>\n<td width=\"124\">\n<p style=\"text-align: center;\">100\u00d73\u2033<\/p>\n<\/td>\n<td style=\"text-align: center;\" width=\"86\">7.2<\/td>\n<td style=\"text-align: center;\" width=\"86\">7.0<\/td>\n<td style=\"text-align: center;\" width=\"86\">250<\/td>\n<td style=\"text-align: center;\" width=\"86\">12.0<\/td>\n<\/tr>\n<tr>\n<td style=\"text-align: center;\" width=\"124\">100\u00d74\u2033<\/td>\n<td style=\"text-align: center;\" width=\"86\">7.2<\/td>\n<td style=\"text-align: center;\" width=\"86\">7.2<\/td>\n<td style=\"text-align: center;\" width=\"86\">250<\/td>\n<td width=\"86\">\n<p style=\"text-align: center;\">13.0<\/p>\n<\/td>\n<\/tr>\n<tr>\n<td style=\"text-align: center;\" width=\"124\">150\u00d75\u2033<\/td>\n<td style=\"text-align: center;\" width=\"86\">7.8<\/td>\n<td style=\"text-align: center;\" width=\"86\">7.8<\/td>\n<td style=\"text-align: center;\" width=\"86\">250<\/td>\n<td width=\"86\">\n<p style=\"text-align: center;\">20.0<\/p>\n<\/td>\n<\/tr>\n<tr>\n<td width=\"124\">\n<p style=\"text-align: center;\">150\u00d76\u2033<\/p>\n<\/td>\n<td style=\"text-align: center;\" width=\"86\">7.8<\/td>\n<td style=\"text-align: center;\" width=\"86\">7.8<\/td>\n<td style=\"text-align: center;\" width=\"86\">250<\/td>\n<td style=\"text-align: center;\" width=\"86\">18.0<\/td>\n<\/tr>\n<tr>\n<td width=\"124\">\n<p style=\"text-align: center;\">200\u00d78\u2033<\/p>\n<\/td>\n<td style=\"text-align: center;\" width=\"86\">8.4<\/td>\n<td style=\"text-align: center;\" width=\"86\">8.4<\/td>\n<td style=\"text-align: center;\" width=\"86\">290<\/td>\n<td style=\"text-align: center;\" width=\"86\">27.0<\/td>\n<\/tr>\n<tr>\n<td style=\"text-align: center;\" width=\"124\">200\u00d79\u2033<\/td>\n<td style=\"text-align: center;\" width=\"86\">8.4<\/td>\n<td style=\"text-align: center;\" width=\"86\">8.4<\/td>\n<td style=\"text-align: center;\" width=\"86\">310<\/td>\n<td width=\"86\">\n<p style=\"text-align: center;\">28.0<\/p>\n<\/td>\n<\/tr>\n<tr>\n<td style=\"text-align: center;\" width=\"124\">300\u00d712\u2033<\/td>\n<td style=\"text-align: center;\" width=\"86\">9.6<\/td>\n<td style=\"text-align: center;\" width=\"86\">9.6<\/td>\n<td style=\"text-align: center;\" width=\"86\">360<\/td>\n<td width=\"86\">\n<p style=\"text-align: center;\">46.0<\/p>\n<\/td>\n<\/tr>\n<\/tbody>\n<\/table>","protected":false},"excerpt":{"rendered":"<p>Bolted Gland Change Collar Class\u00a0K\u00a012 Nominal Diameter DN(mm\u00d7Ins) e1 e L Mass (kg) 100\u00d73&#8243; 7.2 7.0 250 12.0 100\u00d74&#8243; 7.2 7.2 250 13.0 150\u00d75&#8243; 7.8 7.8 250 20.0 150\u00d76&#8243; 7.8 7.8 250 18.0 200\u00d78&#8243; 8.4 8.4 290 27.0 200\u00d79&#8243; 8.4 8.4 310 28.0 300\u00d712&#8243; 9.6 9.6 360 46.0<\/p>","protected":false},"featured_media":4377,"comment_status":"open","ping_status":"closed","template":"","meta":{"_uag_custom_page_level_css":"","site-sidebar-layout":"default","site-content-layout":"","ast-site-content-layout":"default","site-content-style":"default","site-sidebar-style":"default","ast-global-header-display":"","ast-banner-title-visibility":"","ast-main-header-display":"","ast-hfb-above-header-display":"","ast-hfb-below-header-display":"","ast-hfb-mobile-header-display":"","site-post-title":"","ast-breadcrumbs-content":"","ast-featured-img":"","footer-sml-layout":"","ast-disable-related-posts":"","theme-transparent-header-meta":"default","adv-header-id-meta":"","stick-header-meta":"","header-above-stick-meta":"","header-main-stick-meta":"","header-below-stick-meta":"","astra-migrate-meta-layouts":"set","ast-page-background-enabled":"default","ast-page-background-meta":{"desktop":{"background-color":"","background-image":"","background-repeat":"repeat","background-position":"center center","background-size":"auto","background-attachment":"scroll","background-type":"","background-media":"","overlay-type":"","overlay-color":"","overlay-opacity":"","overlay-gradient":""},"tablet":{"background-color":"","background-image":"","background-repeat":"repeat","background-position":"center center","background-size":"auto","background-attachment":"scroll","background-type":"","background-media":"","overlay-type":"","overlay-color":"","overlay-opacity":"","overlay-gradient":""},"mobile":{"background-color":"","background-image":"","background-repeat":"repeat","background-position":"center center","background-size":"auto","background-attachment":"scroll","background-type":"","background-media":"","overlay-type":"","overlay-color":"","overlay-opacity":"","overlay-gradient":""}},"ast-content-background-meta":{"desktop":{"background-color":"var(--ast-global-color-5)","background-image":"","background-repeat":"repeat","background-position":"center center","background-size":"auto","background-attachment":"scroll","background-type":"","background-media":"","overlay-type":"","overlay-color":"","overlay-opacity":"","overlay-gradient":""},"tablet":{"background-color":"var(--ast-global-color-5)","background-image":"","background-repeat":"repeat","background-position":"center center","background-size":"auto","background-attachment":"scroll","background-type":"","background-media":"","overlay-type":"","overlay-color":"","overlay-opacity":"","overlay-gradient":""},"mobile":{"background-color":"var(--ast-global-color-5)","background-image":"","background-repeat":"repeat","background-position":"center center","background-size":"auto","background-attachment":"scroll","background-type":"","background-media":"","overlay-type":"","overlay-color":"","overlay-opacity":"","overlay-gradient":""}}},"product_brand":[],"product_cat":[90,64],"product_tag":[],"class_list":{"0":"post-4376","1":"product","2":"type-product","3":"status-publish","4":"has-post-thumbnail","6":"product_cat-bolted-gland-pipe-fittings","7":"product_cat-ductile-iron-pipe-fitting","8":"desktop-align-left","9":"tablet-align-left","10":"mobile-align-left","12":"first","13":"instock","14":"shipping-taxable","15":"product-type-simple"},"uagb_featured_image_src":{"full":["https:\/\/www.fanrongcasting.com\/wp-content\/uploads\/2025\/04\/11-2-png.webp",523,489,false],"thumbnail":["https:\/\/www.fanrongcasting.com\/wp-content\/uploads\/2025\/04\/11-2-300x280.webp",300,280,true],"medium":["https:\/\/www.fanrongcasting.com\/wp-content\/uploads\/2025\/04\/11-2-300x280.webp",300,280,true],"medium_large":["https:\/\/www.fanrongcasting.com\/wp-content\/uploads\/2025\/04\/11-2-png.webp",523,489,false],"large":["https:\/\/www.fanrongcasting.com\/wp-content\/uploads\/2025\/04\/11-2-png.webp",523,489,false],"1536x1536":["https:\/\/www.fanrongcasting.com\/wp-content\/uploads\/2025\/04\/11-2-png.webp",523,489,false],"2048x2048":["https:\/\/www.fanrongcasting.com\/wp-content\/uploads\/2025\/04\/11-2-png.webp",523,489,false],"trp-custom-language-flag":["https:\/\/www.fanrongcasting.com\/wp-content\/uploads\/2025\/04\/11-2-13x12.webp",13,12,true],"woocommerce_thumbnail":["https:\/\/www.fanrongcasting.com\/wp-content\/uploads\/2025\/04\/11-2-300x300.webp",300,300,true],"woocommerce_single":["https:\/\/www.fanrongcasting.com\/wp-content\/uploads\/2025\/04\/11-2-png.webp",523,489,false],"woocommerce_gallery_thumbnail":["https:\/\/www.fanrongcasting.com\/wp-content\/uploads\/2025\/04\/11-2-100x100.webp",100,100,true]},"uagb_author_info":{"display_name":"jinxing6611@gmail.com","author_link":"https:\/\/www.fanrongcasting.com\/el\/author\/"},"uagb_comment_info":0,"uagb_excerpt":"Bolted Gland Change Collar Class\u00a0K\u00a012 Nominal Diameter DN(mm\u00d7Ins) e1 e L Mass (kg) 100\u00d73&#8243; 7.2 7.0 250 12.0 100\u00d74&#8243; 7.2 7.2 250 13.0 150\u00d75&#8243; 7.8 7.8 250 20.0 150\u00d76&#8243; 7.8 7.8 250 18.0 200\u00d78&#8243; 8.4 8.4 290 27.0 200\u00d79&#8243; 8.4 8.4 310 28.0 300\u00d712&#8243; 9.6 9.6 360 46.0","_links":{"self":[{"href":"https:\/\/www.fanrongcasting.com\/el\/wp-json\/wp\/v2\/product\/4376","targetHints":{"allow":["GET"]}}],"collection":[{"href":"https:\/\/www.fanrongcasting.com\/el\/wp-json\/wp\/v2\/product"}],"about":[{"href":"https:\/\/www.fanrongcasting.com\/el\/wp-json\/wp\/v2\/types\/product"}],"replies":[{"embeddable":true,"href":"https:\/\/www.fanrongcasting.com\/el\/wp-json\/wp\/v2\/comments?post=4376"}],"wp:featuredmedia":[{"embeddable":true,"href":"https:\/\/www.fanrongcasting.com\/el\/wp-json\/wp\/v2\/media\/4377"}],"wp:attachment":[{"href":"https:\/\/www.fanrongcasting.com\/el\/wp-json\/wp\/v2\/media?parent=4376"}],"wp:term":[{"taxonomy":"product_brand","embeddable":true,"href":"https:\/\/www.fanrongcasting.com\/el\/wp-json\/wp\/v2\/product_brand?post=4376"},{"taxonomy":"product_cat","embeddable":true,"href":"https:\/\/www.fanrongcasting.com\/el\/wp-json\/wp\/v2\/product_cat?post=4376"},{"taxonomy":"product_tag","embeddable":true,"href":"https:\/\/www.fanrongcasting.com\/el\/wp-json\/wp\/v2\/product_tag?post=4376"}],"curies":[{"name":"wp","href":"https:\/\/api.w.org\/{rel}","templated":true}]}}